{"id":16284,"date":"2019-11-13T10:02:22","date_gmt":"2019-11-13T09:02:22","guid":{"rendered":"https:\/\/www.trecieffe.it\/?page_id=16284"},"modified":"2021-09-08T10:29:36","modified_gmt":"2021-09-08T08:29:36","slug":"references","status":"publish","type":"page","link":"https:\/\/www.trecieffe.it\/en\/references\/","title":{"rendered":"References"},"content":{"rendered":"<div class=\"wpb-content-wrapper\"><p>[vc_row css_animation=&#8221;&#8221; row_type=&#8221;row&#8221; use_row_as_full_screen_section=&#8221;no&#8221; type=&#8221;full_width&#8221; angled_section=&#8221;no&#8221; text_align=&#8221;left&#8221; background_image_as_pattern=&#8221;without_pattern&#8221; z_index=&#8221;&#8221; padding_top=&#8221;30&#8243; padding_bottom=&#8221;30&#8243;][vc_column width=&#8221;1\/2&#8243;][vc_row_inner row_type=&#8221;row&#8221; type=&#8221;full_width&#8221; text_align=&#8221;left&#8221; css_animation=&#8221;&#8221;][vc_column_inner][vc_single_image image=&#8221;15826&#8243; img_size=&#8221;250 x 100&#8243; qode_css_animation=&#8221;&#8221;][vc_separator type=&#8221;transparent&#8221;][vc_column_text]<\/p>\n<p style=\"text-align: left;\"><em>\u201cAbbiamo acquistato dei serbatoi Trecieffe qualche anno fa, e da allora l\u2019azienda si \u00e8 sempre dimostrata pronta a rispondere a qualsiasi nostra esigenza, anche quando abbiamo danneggiato un componente di un serbatoio in produzione e in poche ore sono intervenuti per ripristinarlo.\u201d<\/em><\/p>\n<p>[\/vc_column_text][vc_separator type=&#8221;transparent&#8221;][vc_column_text]<\/p>\n<p class=\"p1\" style=\"text-align: left;\"><span class=\"s1\"><em><strong>Yves<\/strong><\/em> &#8211; responsabile produzione <\/span><\/p>\n<p>[\/vc_column_text][\/vc_column_inner][\/vc_row_inner][\/vc_column][vc_column width=&#8221;1\/2&#8243;][vc_row_inner row_type=&#8221;row&#8221; type=&#8221;full_width&#8221; text_align=&#8221;left&#8221; css_animation=&#8221;&#8221;][vc_column_inner][vc_single_image image=&#8221;15828&#8243; img_size=&#8221;80 x 100&#8243; qode_css_animation=&#8221;&#8221;][vc_separator type=&#8221;transparent&#8221;][vc_column_text]<\/p>\n<p style=\"text-align: left;\"><em>\u201cDa pi\u00f9 di 30 anni collaboriamo professionalmente con Trecieffe, siamo stati uno dei loro primi clienti e da allora il rapporto che ci lega \u00e8 cresciuto sempre di pi\u00f9, sino a diventare un forte e stretto legame di amicizia. La qualit\u00e0 e la professionilit\u00e0 dei loro lavori, oggi come allora, non fanno altro che fortificare la nostra fiducia e la nostra stima reciproca.\u201d<\/em><\/p>\n<p>[\/vc_column_text][vc_separator type=&#8221;transparent&#8221;][vc_column_text]<\/p>\n<p class=\"p1\" style=\"text-align: left;\"><span class=\"s1\"><em><strong>Ettore Ceschin<\/strong><\/em> &#8211; titolare <\/span><\/p>\n<p>[\/vc_column_text][\/vc_column_inner][\/vc_row_inner][\/vc_column][\/vc_row][vc_row css_animation=&#8221;&#8221; row_type=&#8221;row&#8221; use_row_as_full_screen_section=&#8221;no&#8221; type=&#8221;full_width&#8221; angled_section=&#8221;no&#8221; text_align=&#8221;left&#8221; background_image_as_pattern=&#8221;without_pattern&#8221;][vc_column][vc_separator type=&#8221;transparent&#8221; up=&#8221;30&#8243; down=&#8221;30&#8243;][\/vc_column][\/vc_row][vc_row css_animation=&#8221;&#8221; row_type=&#8221;row&#8221; use_row_as_full_screen_section=&#8221;no&#8221; type=&#8221;full_width&#8221; angled_section=&#8221;no&#8221; text_align=&#8221;left&#8221; background_image_as_pattern=&#8221;without_pattern&#8221; z_index=&#8221;&#8221; padding_top=&#8221;30&#8243; padding_bottom=&#8221;30&#8243;][vc_column width=&#8221;1\/2&#8243;][vc_row_inner row_type=&#8221;row&#8221; type=&#8221;full_width&#8221; text_align=&#8221;left&#8221; css_animation=&#8221;&#8221;][vc_column_inner][vc_single_image image=&#8221;15830&#8243; img_size=&#8221;154&#215;100&#8243; qode_css_animation=&#8221;&#8221;][vc_separator type=&#8221;transparent&#8221;][vc_column_text]<\/p>\n<p style=\"text-align: left;\"><em>\u201cTrecieffe \u00e8 uno dei nostri partner storici, con loro nei molti anni che ci legano, abbiamo realizzato vasche parallelepipede e vinificatori di diverse misure e capacit\u00e0. Rimangono tutt&#8217;ora dei collaboratori disponibili e affidabili.\u201d<\/em><\/p>\n<p>[\/vc_column_text][vc_separator type=&#8221;transparent&#8221;][vc_column_text]<\/p>\n<p class=\"p1\" style=\"text-align: left;\"><span class=\"s1\"><em><strong>Andrea Affili<\/strong><\/em> &#8211; Enologo cantina<\/span><\/p>\n<p>[\/vc_column_text][\/vc_column_inner][\/vc_row_inner][\/vc_column][vc_column width=&#8221;1\/2&#8243;][vc_row_inner row_type=&#8221;row&#8221; type=&#8221;full_width&#8221; text_align=&#8221;left&#8221; css_animation=&#8221;&#8221;][vc_column_inner][vc_single_image image=&#8221;15833&#8243; img_size=&#8221;155&#215;100&#8243; qode_css_animation=&#8221;&#8221;][vc_separator type=&#8221;transparent&#8221;][vc_column_text]<\/p>\n<p style=\"text-align: left;\"><em>\u201c Facciamo affidamento a Trecieffe da quando \u00e8 stata fondata, da oltre 30 anni. Oggi come allora possiamo sempre contare su di loro, sono sempre reperibili e le loro idee sono sempre innovative e su misura per noi. Uno dei lavori pi\u00f9 particolari da loro realizzati \u00e8 stata sicuramente una vasca parallelepipeda da 1200HL, la quale nonostante la portata, non ha subito deformazioni grazie ad un&#8217;attenta progettazione e realizzazione.\u201d<\/em><\/p>\n<p>[\/vc_column_text][vc_separator type=&#8221;transparent&#8221;][vc_column_text]<\/p>\n<p class=\"p1\" style=\"text-align: left;\"><span class=\"s1\"><em><strong>Giancarlo Tommasi<\/strong><\/em> &#8211; Enologo<\/span><\/p>\n<p>[\/vc_column_text][\/vc_column_inner][\/vc_row_inner][\/vc_column][\/vc_row][vc_row css_animation=&#8221;&#8221; row_type=&#8221;row&#8221; use_row_as_full_screen_section=&#8221;no&#8221; type=&#8221;full_width&#8221; angled_section=&#8221;no&#8221; text_align=&#8221;left&#8221; background_image_as_pattern=&#8221;without_pattern&#8221;][vc_column][vc_separator type=&#8221;transparent&#8221; up=&#8221;30&#8243; down=&#8221;30&#8243;][\/vc_column][\/vc_row][vc_row css_animation=&#8221;&#8221; row_type=&#8221;row&#8221; use_row_as_full_screen_section=&#8221;no&#8221; type=&#8221;full_width&#8221; angled_section=&#8221;no&#8221; text_align=&#8221;left&#8221; background_image_as_pattern=&#8221;without_pattern&#8221; z_index=&#8221;&#8221; padding_top=&#8221;30&#8243; padding_bottom=&#8221;30&#8243;][vc_column width=&#8221;1\/2&#8243;][vc_row_inner row_type=&#8221;row&#8221; type=&#8221;full_width&#8221; text_align=&#8221;left&#8221; css_animation=&#8221;&#8221;][vc_column_inner][vc_single_image image=&#8221;15837&#8243; img_size=&#8221;187 x 100&#8243; qode_css_animation=&#8221;&#8221;][vc_separator type=&#8221;transparent&#8221;][vc_column_text]<\/p>\n<p style=\"text-align: left;\"><em>\u201cSiamo rimasti colpiti dall&#8217;innovazione di Trecieffe, i loro prodotti brevettati ci hanno permesso di avviare una nuova tecnica di vinificazione senza l&#8217;uso di parti meccaniche che esalta il sapore e il colore del vino. Il nostro non \u00e8 solo un rapporto di fornitura ma di grande collaborazione, infatti, attualmente stiamo testando un nuovo sistema di fermentazione, ancora non presente nel mercato.\u201d<\/em><\/p>\n<p>[\/vc_column_text][vc_separator type=&#8221;transparent&#8221;][vc_column_text]<\/p>\n<p class=\"p1\" style=\"text-align: left;\"><span class=\"s1\"><em><strong>Claudio Farina<\/strong><\/em> &#8211; titolare<\/span><\/p>\n<p>[\/vc_column_text][\/vc_column_inner][\/vc_row_inner][\/vc_column][vc_column width=&#8221;1\/2&#8243;][vc_row_inner row_type=&#8221;row&#8221; type=&#8221;full_width&#8221; text_align=&#8221;left&#8221; css_animation=&#8221;&#8221;][vc_column_inner][vc_single_image image=&#8221;15839&#8243; img_size=&#8221;156 x 100&#8243; qode_css_animation=&#8221;&#8221;][vc_separator type=&#8221;transparent&#8221;][vc_column_text]<\/p>\n<p style=\"text-align: left;\"><em>\u201cLa collaborazione con Trecieffe \u00e8 nata dall&#8217;esigenza di ammodernare la nostra cantina realizzando un innovativo impianto per lo stoccaggio dei vini finiti da imbottigliare. Il risultato finale ha soddisfatto le nostre esigenze, Trecieffe \u00e8 riuscita a progettare tutto un sistema all&#8217;avanguardia che ha facilitato e velocizzato i processi all&#8217;interno dello stabile.\u201d<\/em><\/p>\n<p>[\/vc_column_text][vc_separator type=&#8221;transparent&#8221;][vc_column_text]<\/p>\n<p class=\"p1\" style=\"text-align: left;\"><span class=\"s1\"><em><strong>Matteo Giustignani<\/strong><\/em> &#8211; Responsabile cantina<\/span><\/p>\n<p>[\/vc_column_text][\/vc_column_inner][\/vc_row_inner][\/vc_column][\/vc_row]<\/p>\n<\/div>","protected":false},"excerpt":{"rendered":"<p>[vc_row css_animation=&#8221;&#8221; row_type=&#8221;row&#8221; use_row_as_full_screen_section=&#8221;no&#8221; type=&#8221;full_width&#8221; angled_section=&#8221;no&#8221; text_align=&#8221;left&#8221; background_image_as_pattern=&#8221;without_pattern&#8221; z_index=&#8221;&#8221; padding_top=&#8221;30&#8243; padding_bottom=&#8221;30&#8243;][vc_column width=&#8221;1\/2&#8243;][vc_row_inner row_type=&#8221;row&#8221; type=&#8221;full_width&#8221; text_align=&#8221;left&#8221; css_animation=&#8221;&#8221;][vc_column_inner][vc_single_image image=&#8221;15826&#8243; img_size=&#8221;250 x 100&#8243; qode_css_animation=&#8221;&#8221;][vc_separator type=&#8221;transparent&#8221;][vc_column_text] \u201cAbbiamo acquistato dei serbatoi Trecieffe qualche anno fa, e da allora l\u2019azienda si \u00e8 sempre dimostrata pronta a rispondere a qualsiasi nostra esigenza,&#8230;<\/p>\n","protected":false},"author":1,"featured_media":0,"parent":0,"menu_order":0,"comment_status":"closed","ping_status":"closed","template":"","meta":{"_acf_changed":false,"footnotes":""},"class_list":["post-16284","page","type-page","status-publish","hentry"],"acf":[],"yoast_head":"<!-- This site is optimized with the Yoast SEO plugin v26.0 - https:\/\/yoast.com\/wordpress\/plugins\/seo\/ -->\n<title>References - Trecieffe - Stainless steel tanks for each sector<\/title>\n<meta name=\"description\" content=\"For over 35 years, we have been designing, manufacturing and installing custom stainless steel tanks and vats for the wine, oil, food &amp; beverage, chemical and tobacco industries.\" \/>\n<meta name=\"robots\" content=\"index, follow, max-snippet:-1, max-image-preview:large, max-video-preview:-1\" \/>\n<link rel=\"canonical\" href=\"https:\/\/www.trecieffe.it\/en\/references\/\" \/>\n<meta property=\"og:locale\" content=\"en_US\" \/>\n<meta property=\"og:type\" content=\"article\" \/>\n<meta property=\"og:title\" content=\"References - Trecieffe - Stainless steel tanks for each sector\" \/>\n<meta property=\"og:description\" content=\"For over 35 years, we have been designing, manufacturing and installing custom stainless steel tanks and vats for the wine, oil, food &amp; beverage, chemical and tobacco industries.\" \/>\n<meta property=\"og:url\" content=\"https:\/\/www.trecieffe.it\/en\/references\/\" \/>\n<meta property=\"og:site_name\" content=\"Trecieffe\" \/>\n<meta property=\"article:modified_time\" content=\"2021-09-08T08:29:36+00:00\" \/>\n<meta name=\"twitter:card\" content=\"summary_large_image\" \/>\n<meta name=\"twitter:label1\" content=\"Est. reading time\" \/>\n\t<meta name=\"twitter:data1\" content=\"4 minutes\" \/>\n<script type=\"application\/ld+json\" class=\"yoast-schema-graph\">{\"@context\":\"https:\/\/schema.org\",\"@graph\":[{\"@type\":\"WebPage\",\"@id\":\"https:\/\/www.trecieffe.it\/en\/references\/\",\"url\":\"https:\/\/www.trecieffe.it\/en\/references\/\",\"name\":\"References - Trecieffe - Stainless steel tanks for each sector\",\"isPartOf\":{\"@id\":\"https:\/\/www.trecieffe.it\/en\/#website\"},\"datePublished\":\"2019-11-13T09:02:22+00:00\",\"dateModified\":\"2021-09-08T08:29:36+00:00\",\"description\":\"For over 35 years, we have been designing, manufacturing and installing custom stainless steel tanks and vats for the wine, oil, food & beverage, chemical and tobacco industries.\",\"breadcrumb\":{\"@id\":\"https:\/\/www.trecieffe.it\/en\/references\/#breadcrumb\"},\"inLanguage\":\"en-US\",\"potentialAction\":[{\"@type\":\"ReadAction\",\"target\":[\"https:\/\/www.trecieffe.it\/en\/references\/\"]}]},{\"@type\":\"BreadcrumbList\",\"@id\":\"https:\/\/www.trecieffe.it\/en\/references\/#breadcrumb\",\"itemListElement\":[{\"@type\":\"ListItem\",\"position\":1,\"name\":\"Home\",\"item\":\"https:\/\/www.trecieffe.it\/en\/\"},{\"@type\":\"ListItem\",\"position\":2,\"name\":\"References\"}]},{\"@type\":\"WebSite\",\"@id\":\"https:\/\/www.trecieffe.it\/en\/#website\",\"url\":\"https:\/\/www.trecieffe.it\/en\/\",\"name\":\"Trecieffe\",\"description\":\"Stainless steel tanks for each sector\",\"potentialAction\":[{\"@type\":\"SearchAction\",\"target\":{\"@type\":\"EntryPoint\",\"urlTemplate\":\"https:\/\/www.trecieffe.it\/en\/?s={search_term_string}\"},\"query-input\":{\"@type\":\"PropertyValueSpecification\",\"valueRequired\":true,\"valueName\":\"search_term_string\"}}],\"inLanguage\":\"en-US\"}]}<\/script>\n<!-- \/ Yoast SEO plugin. -->","yoast_head_json":{"title":"References - Trecieffe - Stainless steel tanks for each sector","description":"For over 35 years, we have been designing, manufacturing and installing custom stainless steel tanks and vats for the wine, oil, food & beverage, chemical and tobacco industries.","robots":{"index":"index","follow":"follow","max-snippet":"max-snippet:-1","max-image-preview":"max-image-preview:large","max-video-preview":"max-video-preview:-1"},"canonical":"https:\/\/www.trecieffe.it\/en\/references\/","og_locale":"en_US","og_type":"article","og_title":"References - Trecieffe - Stainless steel tanks for each sector","og_description":"For over 35 years, we have been designing, manufacturing and installing custom stainless steel tanks and vats for the wine, oil, food & beverage, chemical and tobacco industries.","og_url":"https:\/\/www.trecieffe.it\/en\/references\/","og_site_name":"Trecieffe","article_modified_time":"2021-09-08T08:29:36+00:00","twitter_card":"summary_large_image","twitter_misc":{"Est. reading time":"4 minutes"},"schema":{"@context":"https:\/\/schema.org","@graph":[{"@type":"WebPage","@id":"https:\/\/www.trecieffe.it\/en\/references\/","url":"https:\/\/www.trecieffe.it\/en\/references\/","name":"References - Trecieffe - Stainless steel tanks for each sector","isPartOf":{"@id":"https:\/\/www.trecieffe.it\/en\/#website"},"datePublished":"2019-11-13T09:02:22+00:00","dateModified":"2021-09-08T08:29:36+00:00","description":"For over 35 years, we have been designing, manufacturing and installing custom stainless steel tanks and vats for the wine, oil, food & beverage, chemical and tobacco industries.","breadcrumb":{"@id":"https:\/\/www.trecieffe.it\/en\/references\/#breadcrumb"},"inLanguage":"en-US","potentialAction":[{"@type":"ReadAction","target":["https:\/\/www.trecieffe.it\/en\/references\/"]}]},{"@type":"BreadcrumbList","@id":"https:\/\/www.trecieffe.it\/en\/references\/#breadcrumb","itemListElement":[{"@type":"ListItem","position":1,"name":"Home","item":"https:\/\/www.trecieffe.it\/en\/"},{"@type":"ListItem","position":2,"name":"References"}]},{"@type":"WebSite","@id":"https:\/\/www.trecieffe.it\/en\/#website","url":"https:\/\/www.trecieffe.it\/en\/","name":"Trecieffe","description":"Stainless steel tanks for each sector","potentialAction":[{"@type":"SearchAction","target":{"@type":"EntryPoint","urlTemplate":"https:\/\/www.trecieffe.it\/en\/?s={search_term_string}"},"query-input":{"@type":"PropertyValueSpecification","valueRequired":true,"valueName":"search_term_string"}}],"inLanguage":"en-US"}]}},"_links":{"self":[{"href":"https:\/\/www.trecieffe.it\/en\/wp-json\/wp\/v2\/pages\/16284","targetHints":{"allow":["GET"]}}],"collection":[{"href":"https:\/\/www.trecieffe.it\/en\/wp-json\/wp\/v2\/pages"}],"about":[{"href":"https:\/\/www.trecieffe.it\/en\/wp-json\/wp\/v2\/types\/page"}],"author":[{"embeddable":true,"href":"https:\/\/www.trecieffe.it\/en\/wp-json\/wp\/v2\/users\/1"}],"replies":[{"embeddable":true,"href":"https:\/\/www.trecieffe.it\/en\/wp-json\/wp\/v2\/comments?post=16284"}],"version-history":[{"count":0,"href":"https:\/\/www.trecieffe.it\/en\/wp-json\/wp\/v2\/pages\/16284\/revisions"}],"wp:attachment":[{"href":"https:\/\/www.trecieffe.it\/en\/wp-json\/wp\/v2\/media?parent=16284"}],"curies":[{"name":"wp","href":"https:\/\/api.w.org\/{rel}","templated":true}]}}