{"id":16307,"date":"2019-11-13T10:09:42","date_gmt":"2019-11-13T09:09:42","guid":{"rendered":"https:\/\/www.trecieffe.it\/?page_id=16307"},"modified":"2021-09-08T10:30:12","modified_gmt":"2021-09-08T08:30:12","slug":"references","status":"publish","type":"page","link":"https:\/\/www.trecieffe.it\/fr\/references\/","title":{"rendered":"R\u00e9f\u00e9rences"},"content":{"rendered":"<div class=\"wpb-content-wrapper\"><p>[vc_row css_animation=&#8221;&#8221; row_type=&#8221;row&#8221; use_row_as_full_screen_section=&#8221;no&#8221; type=&#8221;full_width&#8221; angled_section=&#8221;no&#8221; text_align=&#8221;left&#8221; background_image_as_pattern=&#8221;without_pattern&#8221; z_index=&#8221;&#8221; padding_top=&#8221;30&#8243; padding_bottom=&#8221;30&#8243;][vc_column width=&#8221;1\/2&#8243;][vc_row_inner row_type=&#8221;row&#8221; type=&#8221;full_width&#8221; text_align=&#8221;left&#8221; css_animation=&#8221;&#8221;][vc_column_inner][vc_single_image image=&#8221;16292&#8243; img_size=&#8221;250 x 100&#8243; qode_css_animation=&#8221;&#8221;][vc_separator type=&#8221;transparent&#8221;][vc_column_text]<\/p>\n<p style=\"text-align: left;\"><em>\u00ab\u00a0Nous avons achet\u00e9 des cuves chez Trecieffe il y a quelques ans, et depuis l&#8217;entreprise s&#8217;est toujours montr\u00e9e disponible \u00e0 r\u00e9pondre \u00e0 tous nos besoins. M\u00eame quand nous avons cass\u00e9 le composant d&#8217;une cuve en production, malgr\u00e9 la distance, dans quelques heures ils sont intervenus pour le r\u00e9parer.\u00a0\u00bb<\/em><\/p>\n<p>[\/vc_column_text][vc_separator type=&#8221;transparent&#8221;][vc_column_text]<\/p>\n<p class=\"p1\" style=\"text-align: left;\"><span class=\"s1\"><em><strong>Yves<\/strong><\/em> &#8211; Responsable de production<\/span><\/p>\n<p>[\/vc_column_text][\/vc_column_inner][\/vc_row_inner][\/vc_column][vc_column width=&#8221;1\/2&#8243;][vc_row_inner row_type=&#8221;row&#8221; type=&#8221;full_width&#8221; text_align=&#8221;left&#8221; css_animation=&#8221;&#8221;][vc_column_inner][vc_single_image image=&#8221;16294&#8243; img_size=&#8221;80 x 100&#8243; qode_css_animation=&#8221;&#8221;][vc_separator type=&#8221;transparent&#8221;][vc_column_text]<\/p>\n<p style=\"text-align: left;\"><em>\u00ab\u00a0Depuis plus de 30 ans nous travaillons avec Trecieffe, nous avons \u00e9t\u00e9 l\u2019un de leurs premiers clients. D\u00e8s lors, notre rapport est devenu de plus en plus \u00e9troit, jusqu\u2019\u00e0 devenir une v\u00e9ritable amiti\u00e9. La qualit\u00e9 et le professionnalisme de leurs travaux, aujourd\u2019hui comme \u00e0 l\u2019\u00e9poque, ne font que renforcer notre confiance et appr\u00e9ciation mutuelles.\u00a0\u00bb<\/em><\/p>\n<p>[\/vc_column_text][vc_separator type=&#8221;transparent&#8221;][vc_column_text]<\/p>\n<p class=\"p1\" style=\"text-align: left;\"><span class=\"s1\"><em><strong>Ettore Ceschin<\/strong><\/em> &#8211; G\u00e9rant<\/span><\/p>\n<p>[\/vc_column_text][\/vc_column_inner][\/vc_row_inner][\/vc_column][\/vc_row][vc_row css_animation=&#8221;&#8221; row_type=&#8221;row&#8221; use_row_as_full_screen_section=&#8221;no&#8221; type=&#8221;full_width&#8221; angled_section=&#8221;no&#8221; text_align=&#8221;left&#8221; background_image_as_pattern=&#8221;without_pattern&#8221;][vc_column][vc_separator type=&#8221;transparent&#8221; up=&#8221;30&#8243; down=&#8221;30&#8243;][\/vc_column][\/vc_row][vc_row css_animation=&#8221;&#8221; row_type=&#8221;row&#8221; use_row_as_full_screen_section=&#8221;no&#8221; type=&#8221;full_width&#8221; angled_section=&#8221;no&#8221; text_align=&#8221;left&#8221; background_image_as_pattern=&#8221;without_pattern&#8221; z_index=&#8221;&#8221; padding_top=&#8221;30&#8243; padding_bottom=&#8221;30&#8243;][vc_column width=&#8221;1\/2&#8243;][vc_row_inner row_type=&#8221;row&#8221; type=&#8221;full_width&#8221; text_align=&#8221;left&#8221; css_animation=&#8221;&#8221;][vc_column_inner][vc_single_image image=&#8221;16296&#8243; img_size=&#8221;154&#215;100&#8243; qode_css_animation=&#8221;&#8221;][vc_separator type=&#8221;transparent&#8221;][vc_column_text]<\/p>\n<p style=\"text-align: left;\"><em>\u00ab\u00a0Trecieffe est l\u2019un de nos partenaires historiques, avec lequel dans le temps nous avons r\u00e9alis\u00e9 des cuves parall\u00e9l\u00e9pip\u00e9diques et des vinificateurs de dimensions et capacit\u00e9s diff\u00e9rentes. Ils sont toujours des partenaires disponibles et fiables.\u00a0\u00bb<\/em><\/p>\n<p>[\/vc_column_text][vc_separator type=&#8221;transparent&#8221;][vc_column_text]<\/p>\n<p class=\"p1\" style=\"text-align: left;\"><span class=\"s1\"><em><strong>Andrea Affili<\/strong><\/em> &#8211; Enologue<\/span><\/p>\n<p>[\/vc_column_text][\/vc_column_inner][\/vc_row_inner][\/vc_column][vc_column width=&#8221;1\/2&#8243;][vc_row_inner row_type=&#8221;row&#8221; type=&#8221;full_width&#8221; text_align=&#8221;left&#8221; css_animation=&#8221;&#8221;][vc_column_inner][vc_single_image image=&#8221;16298&#8243; img_size=&#8221;155&#215;100&#8243; qode_css_animation=&#8221;&#8221;][vc_separator type=&#8221;transparent&#8221;][vc_column_text]<\/p>\n<p style=\"text-align: left;\"><em>\u00ab Nous faisons confiance en Trecieffe depuis sa fondation, c\u2019est-\u00e0-dire plus de 30 ans. Aujourd\u2019hui comme dans le pass\u00e9, nous pouvons toujours compter sur eux, ils sont toujours joignables et leurs id\u00e9es sont toujours innovantes et sur mesure pour nous. L\u2019un des projets sp\u00e9ciaux qu\u2019ils ont r\u00e9alis\u00e9s pour nous, c\u2019est une cuve parall\u00e9l\u00e9pip\u00e9dique de 1200HL qui, malgr\u00e9 ses dimensions, n\u2019a pas subi de d\u00e9formations gr\u00e2ce au soin apport\u00e9 en phase de conception et r\u00e9alisation. \u00bb<\/em><\/p>\n<p>[\/vc_column_text][vc_separator type=&#8221;transparent&#8221;][vc_column_text]<\/p>\n<p class=\"p1\" style=\"text-align: left;\"><span class=\"s1\"><em><strong>Giancarlo Tommasi<\/strong><\/em> &#8211; Enologue<\/span><\/p>\n<p>[\/vc_column_text][\/vc_column_inner][\/vc_row_inner][\/vc_column][\/vc_row][vc_row css_animation=&#8221;&#8221; row_type=&#8221;row&#8221; use_row_as_full_screen_section=&#8221;no&#8221; type=&#8221;full_width&#8221; angled_section=&#8221;no&#8221; text_align=&#8221;left&#8221; background_image_as_pattern=&#8221;without_pattern&#8221;][vc_column][vc_separator type=&#8221;transparent&#8221; up=&#8221;30&#8243; down=&#8221;30&#8243;][\/vc_column][\/vc_row][vc_row css_animation=&#8221;&#8221; row_type=&#8221;row&#8221; use_row_as_full_screen_section=&#8221;no&#8221; type=&#8221;full_width&#8221; angled_section=&#8221;no&#8221; text_align=&#8221;left&#8221; background_image_as_pattern=&#8221;without_pattern&#8221; z_index=&#8221;&#8221; padding_top=&#8221;30&#8243; padding_bottom=&#8221;30&#8243;][vc_column width=&#8221;1\/2&#8243;][vc_row_inner row_type=&#8221;row&#8221; type=&#8221;full_width&#8221; text_align=&#8221;left&#8221; css_animation=&#8221;&#8221;][vc_column_inner][vc_single_image image=&#8221;16300&#8243; img_size=&#8221;187 x 100&#8243; qode_css_animation=&#8221;&#8221;][vc_separator type=&#8221;transparent&#8221;][vc_column_text]<\/p>\n<p style=\"text-align: left;\"><em>\u00ab Nous avons \u00e9t\u00e9 impressionn\u00e9s par l\u2019esprit novateur de Trecieffe, leurs produits brevet\u00e9s nous ont permis d\u2019adopter une nouvelle technique de vinification qui permet d\u2019accentuer la saveur et la couler du vin sans utiliser aucun \u00e9l\u00e9ment m\u00e9canique. Le notre n\u2019est pas qu\u2019un rapport fournisseur-client, mais c\u2019est un v\u00e9ritable partenariat. C\u2019est pour cette raison que nous sommes en train de tester un nouveau syst\u00e8me de fermentation qui n\u2019est pas encore pr\u00e9sent sur le march\u00e9. \u00bb<\/em><\/p>\n<p>[\/vc_column_text][vc_separator type=&#8221;transparent&#8221;][vc_column_text]<\/p>\n<p class=\"p1\" style=\"text-align: left;\"><span class=\"s1\"><em><strong>Claudio Farina<\/strong><\/em> &#8211; G\u00e9rant<\/span><\/p>\n<p>[\/vc_column_text][\/vc_column_inner][\/vc_row_inner][\/vc_column][vc_column width=&#8221;1\/2&#8243;][vc_row_inner row_type=&#8221;row&#8221; type=&#8221;full_width&#8221; text_align=&#8221;left&#8221; css_animation=&#8221;&#8221;][vc_column_inner][vc_single_image image=&#8221;16302&#8243; img_size=&#8221;156 x 100&#8243; qode_css_animation=&#8221;&#8221;][vc_separator type=&#8221;transparent&#8221;][vc_column_text]<\/p>\n<p style=\"text-align: left;\"><em>\u00ab\u00a0La collaboration avec Trecieffe est issue de l\u2019exigence de moderniser notre chai en r\u00e9alisant une installation innovante pour le stockage des vins finis, pr\u00eats pour l\u2019embouteillage. Le r\u00e9sultat final a satisfait nos besoins, Trecieffe a pu concevoir un syst\u00e8me \u00e0 l\u2019avant-garde, qui nous a permis de faciliter et acc\u00e9l\u00e9rer les processus dans nos locaux.\u00a0\u00bb<\/em><\/p>\n<p>[\/vc_column_text][vc_separator type=&#8221;transparent&#8221;][vc_column_text]<\/p>\n<p class=\"p1\" style=\"text-align: left;\"><span class=\"s1\"><em><strong>Matteo Giustignani<\/strong><\/em> &#8211; Responsable chai<\/span><\/p>\n<p>[\/vc_column_text][\/vc_column_inner][\/vc_row_inner][\/vc_column][\/vc_row]<\/p>\n<\/div>","protected":false},"excerpt":{"rendered":"<p>[vc_row css_animation=&#8221;&#8221; row_type=&#8221;row&#8221; use_row_as_full_screen_section=&#8221;no&#8221; type=&#8221;full_width&#8221; angled_section=&#8221;no&#8221; text_align=&#8221;left&#8221; background_image_as_pattern=&#8221;without_pattern&#8221; z_index=&#8221;&#8221; padding_top=&#8221;30&#8243; padding_bottom=&#8221;30&#8243;][vc_column width=&#8221;1\/2&#8243;][vc_row_inner row_type=&#8221;row&#8221; type=&#8221;full_width&#8221; text_align=&#8221;left&#8221; css_animation=&#8221;&#8221;][vc_column_inner][vc_single_image image=&#8221;16292&#8243; img_size=&#8221;250 x 100&#8243; qode_css_animation=&#8221;&#8221;][vc_separator type=&#8221;transparent&#8221;][vc_column_text] \u00ab\u00a0Nous avons achet\u00e9 des cuves chez Trecieffe il y a quelques ans, et depuis l&#8217;entreprise s&#8217;est toujours montr\u00e9e disponible \u00e0 r\u00e9pondre \u00e0 tous&#8230;<\/p>\n","protected":false},"author":1,"featured_media":0,"parent":0,"menu_order":0,"comment_status":"closed","ping_status":"closed","template":"","meta":{"_acf_changed":false,"footnotes":""},"class_list":["post-16307","page","type-page","status-publish","hentry"],"acf":[],"yoast_head":"<!-- This site is optimized with the Yoast SEO plugin v26.0 - https:\/\/yoast.com\/wordpress\/plugins\/seo\/ -->\n<title>R\u00e9f\u00e9rences - Trecieffe - Cuves en acier inoxydable pour tous les secteurs<\/title>\n<meta name=\"description\" content=\"Depuis 35 ans, nous concevons, fabriquons et installons des cuves en acier inoxydable sur mesure pour l&#039;industrie vitivinicole, huili\u00e8re, alimentaire, chimique et du tabac.\" \/>\n<meta name=\"robots\" content=\"index, follow, max-snippet:-1, max-image-preview:large, max-video-preview:-1\" \/>\n<link rel=\"canonical\" href=\"https:\/\/www.trecieffe.it\/fr\/references\/\" \/>\n<meta property=\"og:locale\" content=\"fr_FR\" \/>\n<meta property=\"og:type\" content=\"article\" \/>\n<meta property=\"og:title\" content=\"R\u00e9f\u00e9rences - Trecieffe - Cuves en acier inoxydable pour tous les secteurs\" \/>\n<meta property=\"og:description\" content=\"Depuis 35 ans, nous concevons, fabriquons et installons des cuves en acier inoxydable sur mesure pour l&#039;industrie vitivinicole, huili\u00e8re, alimentaire, chimique et du tabac.\" \/>\n<meta property=\"og:url\" content=\"https:\/\/www.trecieffe.it\/fr\/references\/\" \/>\n<meta property=\"og:site_name\" content=\"Trecieffe\" \/>\n<meta property=\"article:modified_time\" content=\"2021-09-08T08:30:12+00:00\" \/>\n<meta name=\"twitter:card\" content=\"summary_large_image\" \/>\n<meta name=\"twitter:label1\" content=\"Dur\u00e9e de lecture estim\u00e9e\" \/>\n\t<meta name=\"twitter:data1\" content=\"5 minutes\" \/>\n<script type=\"application\/ld+json\" class=\"yoast-schema-graph\">{\"@context\":\"https:\/\/schema.org\",\"@graph\":[{\"@type\":\"WebPage\",\"@id\":\"https:\/\/www.trecieffe.it\/fr\/references\/\",\"url\":\"https:\/\/www.trecieffe.it\/fr\/references\/\",\"name\":\"R\u00e9f\u00e9rences - Trecieffe - Cuves en acier inoxydable pour tous les secteurs\",\"isPartOf\":{\"@id\":\"https:\/\/www.trecieffe.it\/fr\/#website\"},\"datePublished\":\"2019-11-13T09:09:42+00:00\",\"dateModified\":\"2021-09-08T08:30:12+00:00\",\"description\":\"Depuis 35 ans, nous concevons, fabriquons et installons des cuves en acier inoxydable sur mesure pour l'industrie vitivinicole, huili\u00e8re, alimentaire, chimique et du tabac.\",\"breadcrumb\":{\"@id\":\"https:\/\/www.trecieffe.it\/fr\/references\/#breadcrumb\"},\"inLanguage\":\"fr-FR\",\"potentialAction\":[{\"@type\":\"ReadAction\",\"target\":[\"https:\/\/www.trecieffe.it\/fr\/references\/\"]}]},{\"@type\":\"BreadcrumbList\",\"@id\":\"https:\/\/www.trecieffe.it\/fr\/references\/#breadcrumb\",\"itemListElement\":[{\"@type\":\"ListItem\",\"position\":1,\"name\":\"Home\",\"item\":\"https:\/\/www.trecieffe.it\/fr\/\"},{\"@type\":\"ListItem\",\"position\":2,\"name\":\"R\u00e9f\u00e9rences\"}]},{\"@type\":\"WebSite\",\"@id\":\"https:\/\/www.trecieffe.it\/fr\/#website\",\"url\":\"https:\/\/www.trecieffe.it\/fr\/\",\"name\":\"Trecieffe\",\"description\":\"Cuves en acier inoxydable pour tous les secteurs\",\"potentialAction\":[{\"@type\":\"SearchAction\",\"target\":{\"@type\":\"EntryPoint\",\"urlTemplate\":\"https:\/\/www.trecieffe.it\/fr\/?s={search_term_string}\"},\"query-input\":{\"@type\":\"PropertyValueSpecification\",\"valueRequired\":true,\"valueName\":\"search_term_string\"}}],\"inLanguage\":\"fr-FR\"}]}<\/script>\n<!-- \/ Yoast SEO plugin. -->","yoast_head_json":{"title":"R\u00e9f\u00e9rences - Trecieffe - Cuves en acier inoxydable pour tous les secteurs","description":"Depuis 35 ans, nous concevons, fabriquons et installons des cuves en acier inoxydable sur mesure pour l'industrie vitivinicole, huili\u00e8re, alimentaire, chimique et du tabac.","robots":{"index":"index","follow":"follow","max-snippet":"max-snippet:-1","max-image-preview":"max-image-preview:large","max-video-preview":"max-video-preview:-1"},"canonical":"https:\/\/www.trecieffe.it\/fr\/references\/","og_locale":"fr_FR","og_type":"article","og_title":"R\u00e9f\u00e9rences - Trecieffe - Cuves en acier inoxydable pour tous les secteurs","og_description":"Depuis 35 ans, nous concevons, fabriquons et installons des cuves en acier inoxydable sur mesure pour l'industrie vitivinicole, huili\u00e8re, alimentaire, chimique et du tabac.","og_url":"https:\/\/www.trecieffe.it\/fr\/references\/","og_site_name":"Trecieffe","article_modified_time":"2021-09-08T08:30:12+00:00","twitter_card":"summary_large_image","twitter_misc":{"Dur\u00e9e de lecture estim\u00e9e":"5 minutes"},"schema":{"@context":"https:\/\/schema.org","@graph":[{"@type":"WebPage","@id":"https:\/\/www.trecieffe.it\/fr\/references\/","url":"https:\/\/www.trecieffe.it\/fr\/references\/","name":"R\u00e9f\u00e9rences - Trecieffe - Cuves en acier inoxydable pour tous les secteurs","isPartOf":{"@id":"https:\/\/www.trecieffe.it\/fr\/#website"},"datePublished":"2019-11-13T09:09:42+00:00","dateModified":"2021-09-08T08:30:12+00:00","description":"Depuis 35 ans, nous concevons, fabriquons et installons des cuves en acier inoxydable sur mesure pour l'industrie vitivinicole, huili\u00e8re, alimentaire, chimique et du tabac.","breadcrumb":{"@id":"https:\/\/www.trecieffe.it\/fr\/references\/#breadcrumb"},"inLanguage":"fr-FR","potentialAction":[{"@type":"ReadAction","target":["https:\/\/www.trecieffe.it\/fr\/references\/"]}]},{"@type":"BreadcrumbList","@id":"https:\/\/www.trecieffe.it\/fr\/references\/#breadcrumb","itemListElement":[{"@type":"ListItem","position":1,"name":"Home","item":"https:\/\/www.trecieffe.it\/fr\/"},{"@type":"ListItem","position":2,"name":"R\u00e9f\u00e9rences"}]},{"@type":"WebSite","@id":"https:\/\/www.trecieffe.it\/fr\/#website","url":"https:\/\/www.trecieffe.it\/fr\/","name":"Trecieffe","description":"Cuves en acier inoxydable pour tous les secteurs","potentialAction":[{"@type":"SearchAction","target":{"@type":"EntryPoint","urlTemplate":"https:\/\/www.trecieffe.it\/fr\/?s={search_term_string}"},"query-input":{"@type":"PropertyValueSpecification","valueRequired":true,"valueName":"search_term_string"}}],"inLanguage":"fr-FR"}]}},"_links":{"self":[{"href":"https:\/\/www.trecieffe.it\/fr\/wp-json\/wp\/v2\/pages\/16307","targetHints":{"allow":["GET"]}}],"collection":[{"href":"https:\/\/www.trecieffe.it\/fr\/wp-json\/wp\/v2\/pages"}],"about":[{"href":"https:\/\/www.trecieffe.it\/fr\/wp-json\/wp\/v2\/types\/page"}],"author":[{"embeddable":true,"href":"https:\/\/www.trecieffe.it\/fr\/wp-json\/wp\/v2\/users\/1"}],"replies":[{"embeddable":true,"href":"https:\/\/www.trecieffe.it\/fr\/wp-json\/wp\/v2\/comments?post=16307"}],"version-history":[{"count":0,"href":"https:\/\/www.trecieffe.it\/fr\/wp-json\/wp\/v2\/pages\/16307\/revisions"}],"wp:attachment":[{"href":"https:\/\/www.trecieffe.it\/fr\/wp-json\/wp\/v2\/media?parent=16307"}],"curies":[{"name":"wp","href":"https:\/\/api.w.org\/{rel}","templated":true}]}}