{"id":16347,"date":"2019-11-13T11:12:44","date_gmt":"2019-11-13T10:12:44","guid":{"rendered":"https:\/\/www.trecieffe.it\/?page_id=16347"},"modified":"2019-11-20T09:59:40","modified_gmt":"2019-11-20T08:59:40","slug":"nectar","status":"publish","type":"page","link":"https:\/\/www.trecieffe.it\/fr\/nectar\/","title":{"rendered":"Nectar"},"content":{"rendered":"<div class=\"wpb-content-wrapper\"><p>[vc_row css_animation=&#8221;&#8221; row_type=&#8221;row&#8221; use_row_as_full_screen_section=&#8221;no&#8221; type=&#8221;grid&#8221; angled_section=&#8221;no&#8221; text_align=&#8221;left&#8221; background_image_as_pattern=&#8221;without_pattern&#8221; z_index=&#8221;&#8221; padding_top=&#8221;60&#8243; padding_bottom=&#8221;60&#8243; el_class=&#8221;demande-section&#8221; css=&#8221;.vc_custom_1572273020375{margin-top: 30px !important;}&#8221;][vc_column][vc_row_inner row_type=&#8221;row&#8221; type=&#8221;full_width&#8221; text_align=&#8221;left&#8221; css_animation=&#8221;&#8221;][vc_column_inner width=&#8221;1\/2&#8243; css=&#8221;.vc_custom_1571321643561{padding-top: 20px !important;padding-bottom: 20px !important;}&#8221;][vc_column_text]<\/p>\n<h3>Avantages<\/h3>\n<p>[\/vc_column_text][\/vc_column_inner][vc_column_inner width=&#8221;1\/2&#8243; css=&#8221;.vc_custom_1571321651843{padding-top: 20px !important;padding-bottom: 20px !important;}&#8221;][\/vc_column_inner][\/vc_row_inner][vc_row_inner row_type=&#8221;row&#8221; type=&#8221;full_width&#8221; text_align=&#8221;left&#8221; css_animation=&#8221;&#8221;][vc_column_inner width=&#8221;1\/2&#8243; css=&#8221;.vc_custom_1572272769579{padding: 40px !important;}&#8221;][vc_column_text]<\/p>\n<h5 class=\"icon_title\">COMPOSANTS NON M\u00c9CANIS\u00c9S<\/h5>\n<p>[\/vc_column_text][vc_separator type=&#8221;small&#8221; position=&#8221;left&#8221; color=&#8221;#363636&#8243;][vc_column_text]<span class=\"s2\">Syst\u00e8me d\u2019arrosage par inertie <b>sans aucun type d\u2019\u00e9l\u00e9ment m\u00e9canis\u00e9<\/b> pour un proc\u00e9d\u00e9 de production moins agressif et une r\u00e9duction du risque de rupture.<\/span>[\/vc_column_text][\/vc_column_inner][vc_column_inner width=&#8221;1\/2&#8243; css=&#8221;.vc_custom_1572272782045{padding: 40px !important;}&#8221;][vc_column_text]<\/p>\n<h5><span class=\"s2\">R\u00e9duction de la formation de la bourbe<\/span><\/h5>\n<p>[\/vc_column_text][vc_separator type=&#8221;small&#8221; position=&#8221;left&#8221; color=&#8221;#363636&#8243;][vc_column_text]<span class=\"s2\"><b>R\u00e9duction de la formation de la bourbe <\/b>gr\u00e2ce au syst\u00e8me de a\u00e9ro-foulage. En utilisant le CO2 issu de la fermentation, la rupture et le m\u00e9lange du marc se font naturellement \u00e0 travers des processus qui n\u2019utilisent pas de syst\u00e8mes m\u00e9canis\u00e9s.<\/span>[\/vc_column_text][\/vc_column_inner][\/vc_row_inner][vc_row_inner row_type=&#8221;row&#8221; type=&#8221;grid&#8221; text_align=&#8221;left&#8221; css_animation=&#8221;&#8221;][vc_column_inner width=&#8221;1\/2&#8243; css=&#8221;.vc_custom_1572272789704{padding: 40px !important;}&#8221;][vc_column_text]<\/p>\n<h5><span class=\"s2\">Optimisation de l\u2019extraction<\/span><\/h5>\n<p>[\/vc_column_text][vc_separator type=&#8221;small&#8221; position=&#8221;left&#8221; color=&#8221;#363636&#8243;][vc_column_text]<span class=\"s2\"><b>Optimisation de l\u2019extraction<\/b> <b>des substances organoleptiques des pellicules du raisin<\/b> en maintenant le marc toujours immerg\u00e9.<\/span>[\/vc_column_text][\/vc_column_inner][vc_column_inner width=&#8221;1\/2&#8243; css=&#8221;.vc_custom_1572272797318{padding: 40px !important;}&#8221;][vc_column_text]<\/p>\n<h5 class=\"icon_title\"><span class=\"s2\"><b>Fonctionnement automatique<\/b><\/span><\/h5>\n<p>[\/vc_column_text][vc_separator type=&#8221;small&#8221; position=&#8221;left&#8221; color=&#8221;#363636&#8243;][vc_column_text]<span class=\"s2\"><b>Fonctionnement automatique<\/b> <b>et programmable<\/b> \u00e0 partir d\u2019un syst\u00e8me API.<\/span>[\/vc_column_text][\/vc_column_inner][\/vc_row_inner][\/vc_column][\/vc_row][vc_row css_animation=&#8221;&#8221; row_type=&#8221;row&#8221; use_row_as_full_screen_section=&#8221;no&#8221; type=&#8221;grid&#8221; angled_section=&#8221;no&#8221; text_align=&#8221;left&#8221; background_image_as_pattern=&#8221;without_pattern&#8221; row_negative_margin=&#8221;disable_negative_margin&#8221; z_index=&#8221;&#8221; padding_top=&#8221;40&#8243; padding_bottom=&#8221;40&#8243;][vc_column][vc_row_inner row_type=&#8221;row&#8221; type=&#8221;full_width&#8221; text_align=&#8221;left&#8221; css_animation=&#8221;&#8221; padding_top=&#8221;20px&#8221;][vc_column_inner width=&#8221;5\/12&#8243;][vc_single_image image=&#8221;16335&#8243; img_size=&#8221;full&#8221; alignment=&#8221;center&#8221; qode_css_animation=&#8221;&#8221;][\/vc_column_inner][vc_column_inner width=&#8221;7\/12&#8243; css=&#8221;.vc_custom_1571133274879{padding-top: 20px !important;padding-bottom: 20px !important;}&#8221;][vc_column_text]<\/p>\n<h4>Caracteristiques<\/h4>\n<p>[\/vc_column_text][vc_separator type=&#8221;transparent&#8221; up=&#8221;30&#8243;][vc_column_text]<\/p>\n<p class=\"p1\"><span class=\"s1\">Ce syst\u00e8me de vinification r\u00e9volutionnaire <b>peut \u00eatre personnalis\u00e9<\/b> dans toutes ces caract\u00e9ristiques, des surfaces d\u2019\u00e9change thermique jusqu\u2019au fond, aux dimensions et aux accessoires.<\/span><\/p>\n<p>[\/vc_column_text][vc_separator type=&#8221;normal&#8221; color=&#8221;#363636&#8243; up=&#8221;60&#8243; down=&#8221;60&#8243;][vc_column_text]<\/p>\n<h4>Fonctionnement<\/h4>\n<p>[\/vc_column_text][vc_separator type=&#8221;transparent&#8221; up=&#8221;30&#8243;][vc_column_text]<\/p>\n<p class=\"p1\"><span class=\"s1\"><b>Nectar est un syst\u00e8me de vinification brevet\u00e9 n\u2019utilisant pas d\u2019\u00e9l\u00e9ments m\u00e9caniques pendant son cycle de travail.<\/b><\/span><\/p>\n<p>&nbsp;<\/p>\n<p class=\"p1\"><span class=\"s1\">Environ 10% du mo\u00fbt passe de la cuve de vinification inf\u00e9rieur, \u00e0 travers le tube de remontage jusqu\u2019au r\u00e9servoir sup\u00e9rieur gr\u00e2ce \u00e0 la pression exerc\u00e9e par les gaz naturels de la fermentation.<\/span><\/p>\n<p>&nbsp;<\/p>\n<p class=\"p1\"><span class=\"s1\">Les deux compartiments, inf\u00e9rieur et sup\u00e9rieur, sont communicants \u00e0 travers une vanne de r\u00e9tention qui permet l\u2019arrosage dans des conditions isobariques, en mouillant le chapeau de marc pour en faciliter l\u2019immersion.<\/span><\/p>\n<p>&nbsp;<\/p>\n<p class=\"p1\"><span class=\"s1\">Une fois l\u2019arrosage termin\u00e9, la vanne d\u2019\u00e9chappement s\u2019ouvre pour faire sortir le CO2 contenu dans le mo\u00fbt \u00e0 l\u2019int\u00e9rieur de la cuve de vinification. Le CO2 revient vers le haut en m\u00e9langeant le jus avec le chapeau pr\u00e9alablement mouill\u00e9.<\/span><\/p>\n<p>[\/vc_column_text][\/vc_column_inner][\/vc_row_inner][\/vc_column][\/vc_row][vc_row css_animation=&#8221;&#8221; row_type=&#8221;row&#8221; use_row_as_full_screen_section=&#8221;no&#8221; type=&#8221;full_width&#8221; angled_section=&#8221;no&#8221; text_align=&#8221;center&#8221; background_image_as_pattern=&#8221;without_pattern&#8221; z_index=&#8221;&#8221; padding_top=&#8221;80&#8243; padding_bottom=&#8221;80&#8243; el_class=&#8221;demande-section&#8221;][vc_column][vc_column_text el_class=&#8221;demande-text&#8221;]<\/p>\n<h3>Recherche, conception et technologies tourn\u00e9es vers l\u2019avenir.<\/h3>\n<p>&nbsp;<\/p>\n<p>Contattaci subito per avere informazioni o per essere ricontattati da un nostro commerciale dedicato.[\/vc_column_text][vc_separator type=&#8221;transparent&#8221; up=&#8221;7&#8243; down=&#8221;34&#8243;]<a  itemprop=\"url\" href=\"\/fr\/votre-devis\" target=\"_self\"  class=\"qbutton  big_large center default demande-btn trecieffe-btn-wrap\" style=\"background-color: #23ccf0;\">Nous contacter<\/a>[\/vc_column][\/vc_row]<\/p>\n<\/div>","protected":false},"excerpt":{"rendered":"<p>[vc_row css_animation=&#8221;&#8221; row_type=&#8221;row&#8221; use_row_as_full_screen_section=&#8221;no&#8221; type=&#8221;grid&#8221; angled_section=&#8221;no&#8221; text_align=&#8221;left&#8221; background_image_as_pattern=&#8221;without_pattern&#8221; z_index=&#8221;&#8221; padding_top=&#8221;60&#8243; padding_bottom=&#8221;60&#8243; el_class=&#8221;demande-section&#8221; css=&#8221;.vc_custom_1572273020375{margin-top: 30px !important;}&#8221;][vc_column][vc_row_inner row_type=&#8221;row&#8221; type=&#8221;full_width&#8221; text_align=&#8221;left&#8221; css_animation=&#8221;&#8221;][vc_column_inner width=&#8221;1\/2&#8243; css=&#8221;.vc_custom_1571321643561{padding-top: 20px !important;padding-bottom: 20px !important;}&#8221;][vc_column_text] Avantages [\/vc_column_text][\/vc_column_inner][vc_column_inner width=&#8221;1\/2&#8243; css=&#8221;.vc_custom_1571321651843{padding-top: 20px !important;padding-bottom: 20px !important;}&#8221;][\/vc_column_inner][\/vc_row_inner][vc_row_inner row_type=&#8221;row&#8221; type=&#8221;full_width&#8221; text_align=&#8221;left&#8221; css_animation=&#8221;&#8221;][vc_column_inner width=&#8221;1\/2&#8243; css=&#8221;.vc_custom_1572272769579{padding: 40px !important;}&#8221;][vc_column_text] COMPOSANTS NON M\u00c9CANIS\u00c9S [\/vc_column_text][vc_separator&#8230;<\/p>\n","protected":false},"author":1,"featured_media":0,"parent":0,"menu_order":0,"comment_status":"closed","ping_status":"closed","template":"full_width.php","meta":{"_acf_changed":false,"footnotes":""},"class_list":["post-16347","page","type-page","status-publish","hentry"],"acf":[],"yoast_head":"<!-- This site is optimized with the Yoast SEO plugin v26.0 - https:\/\/yoast.com\/wordpress\/plugins\/seo\/ -->\n<title>Nectar - Trecieffe - Cuves en acier inoxydable pour tous les secteurs<\/title>\n<meta name=\"description\" content=\"Ce produit brevet\u00e9 a \u00e9t\u00e9 con\u00e7u pour r\u00e9pondre aux besoins des clients en termes de production et d\u2019efficience, gr\u00e2ce \u00e0 l\u2019utilisation de techniques naturelles, non automatis\u00e9es et donc moins agressives.\" \/>\n<meta name=\"robots\" content=\"index, follow, max-snippet:-1, max-image-preview:large, max-video-preview:-1\" \/>\n<link rel=\"canonical\" href=\"https:\/\/www.trecieffe.it\/fr\/nectar\/\" \/>\n<meta property=\"og:locale\" content=\"fr_FR\" \/>\n<meta property=\"og:type\" content=\"article\" \/>\n<meta property=\"og:title\" content=\"Nectar - Trecieffe - Cuves en acier inoxydable pour tous les secteurs\" \/>\n<meta property=\"og:description\" content=\"Ce produit brevet\u00e9 a \u00e9t\u00e9 con\u00e7u pour r\u00e9pondre aux besoins des clients en termes de production et d\u2019efficience, gr\u00e2ce \u00e0 l\u2019utilisation de techniques naturelles, non automatis\u00e9es et donc moins agressives.\" \/>\n<meta property=\"og:url\" content=\"https:\/\/www.trecieffe.it\/fr\/nectar\/\" \/>\n<meta property=\"og:site_name\" content=\"Trecieffe\" \/>\n<meta property=\"article:modified_time\" content=\"2019-11-20T08:59:40+00:00\" \/>\n<meta name=\"twitter:card\" content=\"summary_large_image\" \/>\n<meta name=\"twitter:label1\" content=\"Dur\u00e9e de lecture estim\u00e9e\" \/>\n\t<meta name=\"twitter:data1\" content=\"4 minutes\" \/>\n<script type=\"application\/ld+json\" class=\"yoast-schema-graph\">{\"@context\":\"https:\/\/schema.org\",\"@graph\":[{\"@type\":\"WebPage\",\"@id\":\"https:\/\/www.trecieffe.it\/fr\/nectar\/\",\"url\":\"https:\/\/www.trecieffe.it\/fr\/nectar\/\",\"name\":\"Nectar - Trecieffe - Cuves en acier inoxydable pour tous les secteurs\",\"isPartOf\":{\"@id\":\"https:\/\/www.trecieffe.it\/fr\/#website\"},\"datePublished\":\"2019-11-13T10:12:44+00:00\",\"dateModified\":\"2019-11-20T08:59:40+00:00\",\"description\":\"Ce produit brevet\u00e9 a \u00e9t\u00e9 con\u00e7u pour r\u00e9pondre aux besoins des clients en termes de production et d\u2019efficience, gr\u00e2ce \u00e0 l\u2019utilisation de techniques naturelles, non automatis\u00e9es et donc moins agressives.\",\"breadcrumb\":{\"@id\":\"https:\/\/www.trecieffe.it\/fr\/nectar\/#breadcrumb\"},\"inLanguage\":\"fr-FR\",\"potentialAction\":[{\"@type\":\"ReadAction\",\"target\":[\"https:\/\/www.trecieffe.it\/fr\/nectar\/\"]}]},{\"@type\":\"BreadcrumbList\",\"@id\":\"https:\/\/www.trecieffe.it\/fr\/nectar\/#breadcrumb\",\"itemListElement\":[{\"@type\":\"ListItem\",\"position\":1,\"name\":\"Home\",\"item\":\"https:\/\/www.trecieffe.it\/fr\/\"},{\"@type\":\"ListItem\",\"position\":2,\"name\":\"Nectar\"}]},{\"@type\":\"WebSite\",\"@id\":\"https:\/\/www.trecieffe.it\/fr\/#website\",\"url\":\"https:\/\/www.trecieffe.it\/fr\/\",\"name\":\"Trecieffe\",\"description\":\"Cuves en acier inoxydable pour tous les secteurs\",\"potentialAction\":[{\"@type\":\"SearchAction\",\"target\":{\"@type\":\"EntryPoint\",\"urlTemplate\":\"https:\/\/www.trecieffe.it\/fr\/?s={search_term_string}\"},\"query-input\":{\"@type\":\"PropertyValueSpecification\",\"valueRequired\":true,\"valueName\":\"search_term_string\"}}],\"inLanguage\":\"fr-FR\"}]}<\/script>\n<!-- \/ Yoast SEO plugin. -->","yoast_head_json":{"title":"Nectar - Trecieffe - Cuves en acier inoxydable pour tous les secteurs","description":"Ce produit brevet\u00e9 a \u00e9t\u00e9 con\u00e7u pour r\u00e9pondre aux besoins des clients en termes de production et d\u2019efficience, gr\u00e2ce \u00e0 l\u2019utilisation de techniques naturelles, non automatis\u00e9es et donc moins agressives.","robots":{"index":"index","follow":"follow","max-snippet":"max-snippet:-1","max-image-preview":"max-image-preview:large","max-video-preview":"max-video-preview:-1"},"canonical":"https:\/\/www.trecieffe.it\/fr\/nectar\/","og_locale":"fr_FR","og_type":"article","og_title":"Nectar - Trecieffe - Cuves en acier inoxydable pour tous les secteurs","og_description":"Ce produit brevet\u00e9 a \u00e9t\u00e9 con\u00e7u pour r\u00e9pondre aux besoins des clients en termes de production et d\u2019efficience, gr\u00e2ce \u00e0 l\u2019utilisation de techniques naturelles, non automatis\u00e9es et donc moins agressives.","og_url":"https:\/\/www.trecieffe.it\/fr\/nectar\/","og_site_name":"Trecieffe","article_modified_time":"2019-11-20T08:59:40+00:00","twitter_card":"summary_large_image","twitter_misc":{"Dur\u00e9e de lecture estim\u00e9e":"4 minutes"},"schema":{"@context":"https:\/\/schema.org","@graph":[{"@type":"WebPage","@id":"https:\/\/www.trecieffe.it\/fr\/nectar\/","url":"https:\/\/www.trecieffe.it\/fr\/nectar\/","name":"Nectar - Trecieffe - Cuves en acier inoxydable pour tous les secteurs","isPartOf":{"@id":"https:\/\/www.trecieffe.it\/fr\/#website"},"datePublished":"2019-11-13T10:12:44+00:00","dateModified":"2019-11-20T08:59:40+00:00","description":"Ce produit brevet\u00e9 a \u00e9t\u00e9 con\u00e7u pour r\u00e9pondre aux besoins des clients en termes de production et d\u2019efficience, gr\u00e2ce \u00e0 l\u2019utilisation de techniques naturelles, non automatis\u00e9es et donc moins agressives.","breadcrumb":{"@id":"https:\/\/www.trecieffe.it\/fr\/nectar\/#breadcrumb"},"inLanguage":"fr-FR","potentialAction":[{"@type":"ReadAction","target":["https:\/\/www.trecieffe.it\/fr\/nectar\/"]}]},{"@type":"BreadcrumbList","@id":"https:\/\/www.trecieffe.it\/fr\/nectar\/#breadcrumb","itemListElement":[{"@type":"ListItem","position":1,"name":"Home","item":"https:\/\/www.trecieffe.it\/fr\/"},{"@type":"ListItem","position":2,"name":"Nectar"}]},{"@type":"WebSite","@id":"https:\/\/www.trecieffe.it\/fr\/#website","url":"https:\/\/www.trecieffe.it\/fr\/","name":"Trecieffe","description":"Cuves en acier inoxydable pour tous les secteurs","potentialAction":[{"@type":"SearchAction","target":{"@type":"EntryPoint","urlTemplate":"https:\/\/www.trecieffe.it\/fr\/?s={search_term_string}"},"query-input":{"@type":"PropertyValueSpecification","valueRequired":true,"valueName":"search_term_string"}}],"inLanguage":"fr-FR"}]}},"_links":{"self":[{"href":"https:\/\/www.trecieffe.it\/fr\/wp-json\/wp\/v2\/pages\/16347","targetHints":{"allow":["GET"]}}],"collection":[{"href":"https:\/\/www.trecieffe.it\/fr\/wp-json\/wp\/v2\/pages"}],"about":[{"href":"https:\/\/www.trecieffe.it\/fr\/wp-json\/wp\/v2\/types\/page"}],"author":[{"embeddable":true,"href":"https:\/\/www.trecieffe.it\/fr\/wp-json\/wp\/v2\/users\/1"}],"replies":[{"embeddable":true,"href":"https:\/\/www.trecieffe.it\/fr\/wp-json\/wp\/v2\/comments?post=16347"}],"version-history":[{"count":0,"href":"https:\/\/www.trecieffe.it\/fr\/wp-json\/wp\/v2\/pages\/16347\/revisions"}],"wp:attachment":[{"href":"https:\/\/www.trecieffe.it\/fr\/wp-json\/wp\/v2\/media?parent=16347"}],"curies":[{"name":"wp","href":"https:\/\/api.w.org\/{rel}","templated":true}]}}