{"id":16383,"date":"2019-11-13T12:26:18","date_gmt":"2019-11-13T11:26:18","guid":{"rendered":"https:\/\/www.trecieffe.it\/?page_id=16383"},"modified":"2021-09-06T11:53:22","modified_gmt":"2021-09-06T09:53:22","slug":"aromy","status":"publish","type":"page","link":"https:\/\/www.trecieffe.it\/fr\/aromy\/","title":{"rendered":"Aromy"},"content":{"rendered":"<div class=\"wpb-content-wrapper\"><p>[vc_row css_animation=&#8221;&#8221; row_type=&#8221;row&#8221; use_row_as_full_screen_section=&#8221;no&#8221; type=&#8221;grid&#8221; angled_section=&#8221;no&#8221; text_align=&#8221;left&#8221; background_image_as_pattern=&#8221;without_pattern&#8221; z_index=&#8221;&#8221; padding_top=&#8221;60&#8243; padding_bottom=&#8221;60&#8243; el_class=&#8221;demande-section&#8221; css=&#8221;.vc_custom_1572273020375{margin-top: 30px !important;}&#8221;][vc_column][vc_row_inner row_type=&#8221;row&#8221; type=&#8221;full_width&#8221; text_align=&#8221;left&#8221; css_animation=&#8221;&#8221;][vc_column_inner width=&#8221;1\/2&#8243; css=&#8221;.vc_custom_1571321643561{padding-top: 20px !important;padding-bottom: 20px !important;}&#8221;][vc_column_text]<\/p>\n<h3 class=\"p1\"><span class=\"s1\">La v\u00e9ritable innovation dans l\u2019univers de la fermentation<\/span><\/h3>\n<p>[\/vc_column_text][\/vc_column_inner][vc_column_inner width=&#8221;1\/2&#8243; css=&#8221;.vc_custom_1571321651843{padding-top: 20px !important;padding-bottom: 20px !important;}&#8221;][\/vc_column_inner][\/vc_row_inner][vc_row_inner row_type=&#8221;row&#8221; type=&#8221;full_width&#8221; text_align=&#8221;left&#8221; css_animation=&#8221;&#8221;][vc_column_inner width=&#8221;1\/2&#8243; css=&#8221;.vc_custom_1573642145107{padding-top: 40px !important;padding-bottom: 40px !important;}&#8221;][vc_column_text]<\/p>\n<p class=\"p1\"><span class=\"s1\">Dans les cuves de fermentation traditionnelles, de grandes quantit\u00e9s de CO2 sont rapidement \u00e9mises et s\u2019\u00e9chappent de la cuve pendant la fermentation, emportant avec elles certains des compos\u00e9s responsables de l&#8217;ar\u00f4me du produit, comme l&#8217;eau, l&#8217;\u00e9thanol, les esters, les alcools sup\u00e9rieurs, etc. \u00c0 ce processus, appel\u00e9<i> stripping<\/i>, il faut ajouter la perte par \u00e9vaporation. AROMY a \u00e9t\u00e9 cr\u00e9\u00e9 pour am\u00e9liorer la fermentation de tout liquide, y compris les compos\u00e9s organiques volatils qui constituent les ar\u00f4mes du produit ferment\u00e9 et que l&#8217;on veut conserver dans des boissons alcoolis\u00e9es, comme le vin ou la bi\u00e8re, mais aussi dans toute autre boisson obtenue par fermentation, comme le sak\u00e9, le cidre, l&#8217;hydromel, etc. <\/span><\/p>\n<p>[\/vc_column_text][vc_separator type=&#8221;transparent&#8221;][vc_separator type=&#8221;transparent&#8221;]<a  itemprop=\"url\" href=\"https:\/\/www.trecieffe.it\/wp-content\/uploads\/2019\/11\/Brochure_Aromy_2019_FR.pdf\" target=\"_self\"  class=\"qbutton  center white default\" style=\"\">T\u00c9L\u00c9CHARGER LA BROCHURE<\/a>[\/vc_column_inner][vc_column_inner width=&#8221;1\/2&#8243;][vc_single_image image=&#8221;18351&#8243; img_size=&#8221;full&#8221; alignment=&#8221;center&#8221; qode_css_animation=&#8221;&#8221;][\/vc_column_inner][\/vc_row_inner][\/vc_column][\/vc_row][vc_row css_animation=&#8221;&#8221; row_type=&#8221;row&#8221; use_row_as_full_screen_section=&#8221;no&#8221; type=&#8221;full_width&#8221; angled_section=&#8221;no&#8221; text_align=&#8221;center&#8221; background_image_as_pattern=&#8221;without_pattern&#8221; z_index=&#8221;&#8221;][vc_column][vc_raw_html]JTNDZGl2JTIwY2xhc3MlM0QlMjJ2aWRlby1jb250YWluZXIlMjIlM0UlM0NpZnJhbWUlMjBzcmMlM0QlMjJodHRwcyUzQSUyRiUyRnBsYXllci52aW1lby5jb20lMkZ2aWRlbyUyRjM3OTc0OTU5OSUzRmF1dG9wbGF5JTNEMSUyNmxvb3AlM0QxJTI2YXV0b3BhdXNlJTNEMCUyNm11dGVkJTNEMSUyMiUyMHdpZHRoJTNEJTIyNjQwJTIyJTIwaGVpZ2h0JTNEJTIyMzYwJTIyJTIwZnJhbWVib3JkZXIlM0QlMjIwJTIyJTIwd2Via2l0YWxsb3dmdWxsc2NyZWVuJTIwbW96YWxsb3dmdWxsc2NyZWVuJTIwYWxsb3dmdWxsc2NyZWVuJTNFJTNDJTJGaWZyYW1lJTNFJTNDJTJGZGl2JTNF[\/vc_raw_html][\/vc_column][\/vc_row][vc_row css_animation=&#8221;&#8221; row_type=&#8221;row&#8221; use_row_as_full_screen_section=&#8221;no&#8221; type=&#8221;grid&#8221; angled_section=&#8221;no&#8221; text_align=&#8221;left&#8221; background_image_as_pattern=&#8221;without_pattern&#8221; row_negative_margin=&#8221;disable_negative_margin&#8221; z_index=&#8221;&#8221; padding_top=&#8221;40&#8243; padding_bottom=&#8221;40&#8243;][vc_column][vc_row_inner row_type=&#8221;row&#8221; type=&#8221;full_width&#8221; text_align=&#8221;left&#8221; css_animation=&#8221;&#8221; padding_top=&#8221;20px&#8221;][vc_column_inner width=&#8221;5\/12&#8243;][vc_single_image image=&#8221;16771&#8243; img_size=&#8221;full&#8221; qode_css_animation=&#8221;&#8221;][\/vc_column_inner][vc_column_inner width=&#8221;7\/12&#8243; css=&#8221;.vc_custom_1571133274879{padding-top: 20px !important;padding-bottom: 20px !important;}&#8221;]<div class='q_icon_with_title tiny normal_icon '><div class=\"icon_holder q_icon_animation\" style=\" transition-delay: 100ms; -webkit-transition-delay: 100ms; -moz-transition-delay: 100ms; -o-transition-delay: 100ms;\"><span data-icon-type=\"normal\"   style=\"\" class=\"qode_iwt_icon_holder q_font_awsome_icon fa-lg  \"><i class=\"qode_icon_font_awesome fa fa-angle-right qode_iwt_icon_element\" style=\"color: #2d75b6;\" ><\/i><\/span><\/div><div class=\"icon_text_holder\" style=\"\"><div class=\"icon_text_inner\" style=\"\"><h5 class=\"icon_title\" style=\"\">R\u00e9duction de la perte d\u2019ar\u00f4mes pendant la fermentation et r\u00e9cup\u00e9ration des ar\u00f4mes condens\u00e9s.<\/h5><p style=''><\/p><\/div><\/div><\/div>[vc_separator type=&#8221;transparent&#8221; up=&#8221;7&#8243; down=&#8221;34&#8243;]<div class='q_icon_with_title tiny normal_icon '><div class=\"icon_holder q_icon_animation\" style=\" transition-delay: 200ms; -webkit-transition-delay: 200ms; -moz-transition-delay: 200ms; -o-transition-delay: 200ms;\"><span data-icon-type=\"normal\"   style=\"\" class=\"qode_iwt_icon_holder q_font_awsome_icon fa-lg  \"><i class=\"qode_icon_font_awesome fa fa-angle-right qode_iwt_icon_element\" style=\"color: #2d75b6;\" ><\/i><\/span><\/div><div class=\"icon_text_holder\" style=\"\"><div class=\"icon_text_inner\" style=\"\"><h5 class=\"icon_title\" style=\"\">Contr\u00f4le thermique de l\u2019espace de t\u00eate<\/h5><p style=''><\/p><\/div><\/div><\/div>[vc_separator type=&#8221;transparent&#8221; up=&#8221;7&#8243; down=&#8221;34&#8243;]<div class='q_icon_with_title tiny normal_icon '><div class=\"icon_holder q_icon_animation\" style=\" transition-delay: 300ms; -webkit-transition-delay: 300ms; -moz-transition-delay: 300ms; -o-transition-delay: 300ms;\"><span data-icon-type=\"normal\"   style=\"\" class=\"qode_iwt_icon_holder q_font_awsome_icon fa-lg  \"><i class=\"qode_icon_font_awesome fa fa-angle-right qode_iwt_icon_element\" style=\"color: #2d75b6;\" ><\/i><\/span><\/div><div class=\"icon_text_holder\" style=\"\"><div class=\"icon_text_inner\" style=\"\"><h5 class=\"icon_title\" style=\"\">Possibilit\u00e9 de moduler le profil aromatique du produit.<\/h5><p style=''><\/p><\/div><\/div><\/div>[vc_separator type=&#8221;transparent&#8221; up=&#8221;7&#8243; down=&#8221;34&#8243;]<div class='q_icon_with_title tiny normal_icon '><div class=\"icon_holder q_icon_animation\" style=\" transition-delay: 400ms; -webkit-transition-delay: 400ms; -moz-transition-delay: 400ms; -o-transition-delay: 400ms;\"><span data-icon-type=\"normal\"   style=\"\" class=\"qode_iwt_icon_holder q_font_awsome_icon fa-lg  \"><i class=\"qode_icon_font_awesome fa fa-angle-right qode_iwt_icon_element\" style=\"color: #2d75b6;\" ><\/i><\/span><\/div><div class=\"icon_text_holder\" style=\"\"><div class=\"icon_text_inner\" style=\"\"><h5 class=\"icon_title\" style=\"\">Possibilit\u00e9 de d\u00e9gustation et de contr\u00f4le des condensats pendant la fermentation.<\/h5><p style=''><\/p><\/div><\/div><\/div>[vc_separator type=&#8221;transparent&#8221; up=&#8221;7&#8243; down=&#8221;34&#8243;]<div class='q_icon_with_title tiny normal_icon '><div class=\"icon_holder q_icon_animation\" style=\" transition-delay: 500ms; -webkit-transition-delay: 500ms; -moz-transition-delay: 500ms; -o-transition-delay: 500ms;\"><span data-icon-type=\"normal\"   style=\"\" class=\"qode_iwt_icon_holder q_font_awsome_icon fa-lg  \"><i class=\"qode_icon_font_awesome fa fa-angle-right qode_iwt_icon_element\" style=\"color: #2d75b6;\" ><\/i><\/span><\/div><div class=\"icon_text_holder\" style=\"\"><div class=\"icon_text_inner\" style=\"\"><h5 class=\"icon_title\" style=\"\">Obtention de produits plus intenses et de complexit\u00e9 aromatique diff\u00e9rente par la formation de compos\u00e9s \u00ab fruit\u00e9s \u00bb.<\/h5><p style=''><\/p><\/div><\/div><\/div>[\/vc_column_inner][\/vc_row_inner][\/vc_column][\/vc_row][vc_row css_animation=&#8221;&#8221; row_type=&#8221;row&#8221; use_row_as_full_screen_section=&#8221;no&#8221; type=&#8221;full_width&#8221; angled_section=&#8221;no&#8221; text_align=&#8221;center&#8221; background_image_as_pattern=&#8221;without_pattern&#8221; z_index=&#8221;&#8221; padding_top=&#8221;80&#8243; padding_bottom=&#8221;80&#8243; el_class=&#8221;demande-section&#8221;][vc_column][vc_column_text el_class=&#8221;demande-text&#8221;]<\/p>\n<h3>Recherche, design et technologies qui regardent l&#8217;avenir .<\/h3>\n<p>&nbsp;<\/p>\n<p><strong>Contactez-moi\u00a0<\/strong>pour analyser vos exigences et identifier la meilleure solution pour vous.[\/vc_column_text][vc_separator type=&#8221;transparent&#8221; up=&#8221;7&#8243; down=&#8221;34&#8243;]<a  itemprop=\"url\" href=\"\/it\/il-tuo-preventivo\" target=\"_self\"  class=\"qbutton  big_large center default demande-btn trecieffe-btn-wrap\" style=\"background-color: #23ccf0;\">contactez-nous<\/a>[\/vc_column][\/vc_row]<\/p>\n<\/div>","protected":false},"excerpt":{"rendered":"<p>[vc_row css_animation=&#8221;&#8221; row_type=&#8221;row&#8221; use_row_as_full_screen_section=&#8221;no&#8221; type=&#8221;grid&#8221; angled_section=&#8221;no&#8221; text_align=&#8221;left&#8221; background_image_as_pattern=&#8221;without_pattern&#8221; z_index=&#8221;&#8221; padding_top=&#8221;60&#8243; padding_bottom=&#8221;60&#8243; el_class=&#8221;demande-section&#8221; css=&#8221;.vc_custom_1572273020375{margin-top: 30px !important;}&#8221;][vc_column][vc_row_inner row_type=&#8221;row&#8221; type=&#8221;full_width&#8221; text_align=&#8221;left&#8221; css_animation=&#8221;&#8221;][vc_column_inner width=&#8221;1\/2&#8243; css=&#8221;.vc_custom_1571321643561{padding-top: 20px !important;padding-bottom: 20px !important;}&#8221;][vc_column_text] La v\u00e9ritable innovation dans l\u2019univers de la fermentation [\/vc_column_text][\/vc_column_inner][vc_column_inner width=&#8221;1\/2&#8243; css=&#8221;.vc_custom_1571321651843{padding-top: 20px !important;padding-bottom: 20px !important;}&#8221;][\/vc_column_inner][\/vc_row_inner][vc_row_inner row_type=&#8221;row&#8221; type=&#8221;full_width&#8221; text_align=&#8221;left&#8221; css_animation=&#8221;&#8221;][vc_column_inner width=&#8221;1\/2&#8243;&#8230;<\/p>\n","protected":false},"author":1,"featured_media":0,"parent":0,"menu_order":0,"comment_status":"closed","ping_status":"closed","template":"full_width.php","meta":{"_acf_changed":false,"footnotes":""},"class_list":["post-16383","page","type-page","status-publish","hentry"],"acf":[],"yoast_head":"<!-- This site is optimized with the Yoast SEO plugin v26.0 - https:\/\/yoast.com\/wordpress\/plugins\/seo\/ -->\n<title>Aromy - Trecieffe - Cuves en acier inoxydable pour tous les secteurs<\/title>\n<meta name=\"description\" content=\"La v\u00e9ritable innovation dans l\u2019univers de la fermentation.\" \/>\n<meta name=\"robots\" content=\"index, follow, max-snippet:-1, max-image-preview:large, max-video-preview:-1\" \/>\n<link rel=\"canonical\" href=\"https:\/\/www.trecieffe.it\/fr\/aromy\/\" \/>\n<meta property=\"og:locale\" content=\"fr_FR\" \/>\n<meta property=\"og:type\" content=\"article\" \/>\n<meta property=\"og:title\" content=\"Aromy - Trecieffe - Cuves en acier inoxydable pour tous les secteurs\" \/>\n<meta property=\"og:description\" content=\"La v\u00e9ritable innovation dans l\u2019univers de la fermentation.\" \/>\n<meta property=\"og:url\" content=\"https:\/\/www.trecieffe.it\/fr\/aromy\/\" \/>\n<meta property=\"og:site_name\" content=\"Trecieffe\" \/>\n<meta property=\"article:modified_time\" content=\"2021-09-06T09:53:22+00:00\" \/>\n<meta name=\"twitter:card\" content=\"summary_large_image\" \/>\n<meta name=\"twitter:label1\" content=\"Dur\u00e9e de lecture estim\u00e9e\" \/>\n\t<meta name=\"twitter:data1\" content=\"5 minutes\" \/>\n<script type=\"application\/ld+json\" class=\"yoast-schema-graph\">{\"@context\":\"https:\/\/schema.org\",\"@graph\":[{\"@type\":\"WebPage\",\"@id\":\"https:\/\/www.trecieffe.it\/fr\/aromy\/\",\"url\":\"https:\/\/www.trecieffe.it\/fr\/aromy\/\",\"name\":\"Aromy - Trecieffe - Cuves en acier inoxydable pour tous les secteurs\",\"isPartOf\":{\"@id\":\"https:\/\/www.trecieffe.it\/fr\/#website\"},\"datePublished\":\"2019-11-13T11:26:18+00:00\",\"dateModified\":\"2021-09-06T09:53:22+00:00\",\"description\":\"La v\u00e9ritable innovation dans l\u2019univers de la fermentation.\",\"breadcrumb\":{\"@id\":\"https:\/\/www.trecieffe.it\/fr\/aromy\/#breadcrumb\"},\"inLanguage\":\"fr-FR\",\"potentialAction\":[{\"@type\":\"ReadAction\",\"target\":[\"https:\/\/www.trecieffe.it\/fr\/aromy\/\"]}]},{\"@type\":\"BreadcrumbList\",\"@id\":\"https:\/\/www.trecieffe.it\/fr\/aromy\/#breadcrumb\",\"itemListElement\":[{\"@type\":\"ListItem\",\"position\":1,\"name\":\"Home\",\"item\":\"https:\/\/www.trecieffe.it\/fr\/\"},{\"@type\":\"ListItem\",\"position\":2,\"name\":\"Aromy\"}]},{\"@type\":\"WebSite\",\"@id\":\"https:\/\/www.trecieffe.it\/fr\/#website\",\"url\":\"https:\/\/www.trecieffe.it\/fr\/\",\"name\":\"Trecieffe\",\"description\":\"Cuves en acier inoxydable pour tous les secteurs\",\"potentialAction\":[{\"@type\":\"SearchAction\",\"target\":{\"@type\":\"EntryPoint\",\"urlTemplate\":\"https:\/\/www.trecieffe.it\/fr\/?s={search_term_string}\"},\"query-input\":{\"@type\":\"PropertyValueSpecification\",\"valueRequired\":true,\"valueName\":\"search_term_string\"}}],\"inLanguage\":\"fr-FR\"}]}<\/script>\n<!-- \/ Yoast SEO plugin. -->","yoast_head_json":{"title":"Aromy - Trecieffe - Cuves en acier inoxydable pour tous les secteurs","description":"La v\u00e9ritable innovation dans l\u2019univers de la fermentation.","robots":{"index":"index","follow":"follow","max-snippet":"max-snippet:-1","max-image-preview":"max-image-preview:large","max-video-preview":"max-video-preview:-1"},"canonical":"https:\/\/www.trecieffe.it\/fr\/aromy\/","og_locale":"fr_FR","og_type":"article","og_title":"Aromy - Trecieffe - Cuves en acier inoxydable pour tous les secteurs","og_description":"La v\u00e9ritable innovation dans l\u2019univers de la fermentation.","og_url":"https:\/\/www.trecieffe.it\/fr\/aromy\/","og_site_name":"Trecieffe","article_modified_time":"2021-09-06T09:53:22+00:00","twitter_card":"summary_large_image","twitter_misc":{"Dur\u00e9e de lecture estim\u00e9e":"5 minutes"},"schema":{"@context":"https:\/\/schema.org","@graph":[{"@type":"WebPage","@id":"https:\/\/www.trecieffe.it\/fr\/aromy\/","url":"https:\/\/www.trecieffe.it\/fr\/aromy\/","name":"Aromy - Trecieffe - Cuves en acier inoxydable pour tous les secteurs","isPartOf":{"@id":"https:\/\/www.trecieffe.it\/fr\/#website"},"datePublished":"2019-11-13T11:26:18+00:00","dateModified":"2021-09-06T09:53:22+00:00","description":"La v\u00e9ritable innovation dans l\u2019univers de la fermentation.","breadcrumb":{"@id":"https:\/\/www.trecieffe.it\/fr\/aromy\/#breadcrumb"},"inLanguage":"fr-FR","potentialAction":[{"@type":"ReadAction","target":["https:\/\/www.trecieffe.it\/fr\/aromy\/"]}]},{"@type":"BreadcrumbList","@id":"https:\/\/www.trecieffe.it\/fr\/aromy\/#breadcrumb","itemListElement":[{"@type":"ListItem","position":1,"name":"Home","item":"https:\/\/www.trecieffe.it\/fr\/"},{"@type":"ListItem","position":2,"name":"Aromy"}]},{"@type":"WebSite","@id":"https:\/\/www.trecieffe.it\/fr\/#website","url":"https:\/\/www.trecieffe.it\/fr\/","name":"Trecieffe","description":"Cuves en acier inoxydable pour tous les secteurs","potentialAction":[{"@type":"SearchAction","target":{"@type":"EntryPoint","urlTemplate":"https:\/\/www.trecieffe.it\/fr\/?s={search_term_string}"},"query-input":{"@type":"PropertyValueSpecification","valueRequired":true,"valueName":"search_term_string"}}],"inLanguage":"fr-FR"}]}},"_links":{"self":[{"href":"https:\/\/www.trecieffe.it\/fr\/wp-json\/wp\/v2\/pages\/16383","targetHints":{"allow":["GET"]}}],"collection":[{"href":"https:\/\/www.trecieffe.it\/fr\/wp-json\/wp\/v2\/pages"}],"about":[{"href":"https:\/\/www.trecieffe.it\/fr\/wp-json\/wp\/v2\/types\/page"}],"author":[{"embeddable":true,"href":"https:\/\/www.trecieffe.it\/fr\/wp-json\/wp\/v2\/users\/1"}],"replies":[{"embeddable":true,"href":"https:\/\/www.trecieffe.it\/fr\/wp-json\/wp\/v2\/comments?post=16383"}],"version-history":[{"count":0,"href":"https:\/\/www.trecieffe.it\/fr\/wp-json\/wp\/v2\/pages\/16383\/revisions"}],"wp:attachment":[{"href":"https:\/\/www.trecieffe.it\/fr\/wp-json\/wp\/v2\/media?parent=16383"}],"curies":[{"name":"wp","href":"https:\/\/api.w.org\/{rel}","templated":true}]}}