{"id":16388,"date":"2019-11-13T12:15:36","date_gmt":"2019-11-13T11:15:36","guid":{"rendered":"https:\/\/www.trecieffe.it\/?page_id=16388"},"modified":"2025-12-19T16:27:25","modified_gmt":"2025-12-19T15:27:25","slug":"chi-siamo","status":"publish","type":"page","link":"https:\/\/www.trecieffe.it\/fr\/chi-siamo\/","title":{"rendered":"Qui sommes nous"},"content":{"rendered":"<div class=\"wpb-content-wrapper\"><p>[vc_row css_animation=&#8221;&#8221; row_type=&#8221;row&#8221; use_row_as_full_screen_section=&#8221;no&#8221; type=&#8221;full_width&#8221; angled_section=&#8221;no&#8221; text_align=&#8221;left&#8221; background_image_as_pattern=&#8221;without_pattern&#8221; z_index=&#8221;&#8221; padding_top=&#8221;0&#8243; padding_bottom=&#8221;30&#8243;][vc_column][vc_row_inner row_type=&#8221;row&#8221; type=&#8221;full_width&#8221; text_align=&#8221;left&#8221; css_animation=&#8221;&#8221;][vc_column_inner width=&#8221;1\/2&#8243;][vc_column_text]<\/p>\n<h3>Histoire<\/h3>\n<p>[\/vc_column_text][vc_separator type=&#8221;transparent&#8221;][vc_column_text css=&#8221;&#8221;]<\/p>\n<p class=\"p1\"><span class=\"s1\">Depuis 1984, Trecieffe se tourne vers l&#8217;avenir. Nous concevons, fabriquons et installons des cuves en acier inoxydable sur mesure pour les secteurs vitivinicole, ol\u00e9icole, alimentaire, chimique et du tabac. Notre attention m\u00e9ticuleuse au d\u00e9tail, alli\u00e9e \u00e0 un haut niveau de technologie et \u00e0 une exigence de qualit\u00e9, fait des produits Trecieffe des pi\u00e8ces uniques et exclusives.<\/span><\/p>\n<p>[\/vc_column_text][vc_separator type=&#8221;transparent&#8221;]<a  itemprop=\"url\" href=\"\/fr\/histoire\/\" target=\"_self\"  class=\"qbutton  medium default\" style=\"\">D\u00c9COUVREZ<\/a>[\/vc_column_inner][vc_column_inner width=&#8221;1\/2&#8243;][vc_raw_html css=&#8221;&#8221;]JTNDaWZyYW1lJTIwc3JjJTNEJTIyaHR0cHMlM0ElMkYlMkZwbGF5ZXIudmltZW8uY29tJTJGdmlkZW8lMkYzMjg4MTExNDQlM0ZhdXRvcGxheSUzRDElMjZsb29wJTNEMSUyNmF1dG9wYXVzZSUzRDAlMjIlMjB3aWR0aCUzRCUyMjEwMCUyNSUyMiUyMGhlaWdodCUzRCUyMjM1MCUyMiUyMGZyYW1lYm9yZGVyJTNEJTIyMCUyMiUyMGFsbG93JTNEJTIyZnVsbHNjcmVlbiUyMiUyMGFsbG93ZnVsbHNjcmVlbiUzRSUzQyUyRmlmcmFtZSUzRQ==[\/vc_raw_html][\/vc_column_inner][\/vc_row_inner][\/vc_column][\/vc_row][vc_row css_animation=&#8221;&#8221; row_type=&#8221;row&#8221; use_row_as_full_screen_section=&#8221;no&#8221; type=&#8221;full_width&#8221; angled_section=&#8221;no&#8221; text_align=&#8221;left&#8221; background_image_as_pattern=&#8221;without_pattern&#8221; z_index=&#8221;&#8221; padding_top=&#8221;30&#8243; padding_bottom=&#8221;30&#8243;][vc_column][vc_row_inner row_type=&#8221;row&#8221; type=&#8221;full_width&#8221; text_align=&#8221;left&#8221; css_animation=&#8221;&#8221;][vc_column_inner width=&#8221;1\/2&#8243;][vc_single_image image=&#8221;16276&#8243; img_size=&#8221;full&#8221; qode_css_animation=&#8221;element_from_fade&#8221; transition_delay=&#8221;0.6&#8243;][\/vc_column_inner][vc_column_inner width=&#8221;1\/2&#8243;][vc_column_text css=&#8221;&#8221;]<\/p>\n<h3><span class=\"section_title_custom\">Mission<\/span><\/h3>\n<p>[\/vc_column_text][vc_separator type=&#8221;transparent&#8221;][vc_column_text]<\/p>\n<p class=\"p1\"><span class=\"s1\">La politique de Trecieffe vise non seulement \u00e0 trouver <strong>les meilleures solutions pour ses clients<\/strong>, mais aussi \u00e0 fournir des produits de haute conception, finis dans les moindres d\u00e9tails et cr\u00e9\u00e9s avec l\u2019acier de la meilleure qualit\u00e9 et d&#8217;origine certifi\u00e9e. <\/span><\/p>\n<p>&nbsp;<\/p>\n<p class=\"p1\"><span class=\"s1\">De plus, tous les processus sont certifi\u00e9s <strong>ISO 9001<\/strong> et les contr\u00f4les sont effectu\u00e9s par la firme <strong>T\u00dcV S\u00fcd<\/strong>, synonyme d&#8217;excellence. <\/span><\/p>\n<p>[\/vc_column_text][vc_separator type=&#8221;transparent&#8221;]<a  itemprop=\"url\" href=\"\/fr\/mission\" target=\"_self\"  class=\"qbutton  medium default\" style=\"\">D\u00c9COUVREZ<\/a>[\/vc_column_inner][\/vc_row_inner][\/vc_column][\/vc_row][vc_row css_animation=&#8221;&#8221; row_type=&#8221;row&#8221; use_row_as_full_screen_section=&#8221;no&#8221; type=&#8221;full_width&#8221; angled_section=&#8221;no&#8221; text_align=&#8221;left&#8221; background_image_as_pattern=&#8221;without_pattern&#8221; z_index=&#8221;&#8221; padding_top=&#8221;30&#8243; padding_bottom=&#8221;30&#8243;][vc_column][vc_row_inner row_type=&#8221;row&#8221; type=&#8221;full_width&#8221; text_align=&#8221;left&#8221; css_animation=&#8221;&#8221; el_class=&#8221;colonna-txt-ciclismo&#8221;][vc_column_inner width=&#8221;1\/2&#8243;][vc_column_text css=&#8221;&#8221; el_class=&#8221;titolo-ciclismo&#8221;]<\/p>\n<h3><span class=\"section_title_custom\">L\u2019engagement de Trecieffe en faveur du social<\/span><\/h3>\n<p>[\/vc_column_text][vc_separator type=&#8221;transparent&#8221;][vc_column_text css=&#8221;&#8221;]<strong>Trecieffe soutient le monde du cyclisme<\/strong> car elle en partage les valeurs d\u2019engagement, de pers\u00e9v\u00e9rance et d\u2019esprit d\u2019\u00e9quipe. \u00c0 travers ses activit\u00e9s de sponsoring, l\u2019entreprise choisit d\u2019accompagner un sport qui promeut un mode de vie sain et une culture positive, <strong>en contribuant de mani\u00e8re concr\u00e8te au tissu social<\/strong>. Un engagement qui refl\u00e8te l\u2019attention que Trecieffe porte aux personnes et au territoire.[\/vc_column_text][vc_separator type=&#8221;transparent&#8221;][\/vc_column_inner][vc_column_inner width=&#8221;1\/2&#8243;][vc_single_image image=&#8221;19456&#8243; img_size=&#8221;full&#8221; css=&#8221;&#8221; qode_css_animation=&#8221;element_from_fade&#8221; transition_delay=&#8221;0.6&#8243; el_class=&#8221;img-ciclismo&#8221;][\/vc_column_inner][\/vc_row_inner][\/vc_column][\/vc_row][vc_row css_animation=&#8221;&#8221; row_type=&#8221;row&#8221; use_row_as_full_screen_section=&#8221;no&#8221; type=&#8221;grid&#8221; angled_section=&#8221;no&#8221; text_align=&#8221;left&#8221; background_image_as_pattern=&#8221;without_pattern&#8221; el_class=&#8221;grantiamo-head&#8221; z_index=&#8221;&#8221; padding_top=&#8221;60&#8243; padding_bottom=&#8221;65&#8243;][vc_column][vc_column_text]<\/p>\n<h3>Nous vous garantissons<\/h3>\n<p>[\/vc_column_text][\/vc_column][\/vc_row][vc_row css_animation=&#8221;&#8221; row_type=&#8221;row&#8221; use_row_as_full_screen_section=&#8221;no&#8221; type=&#8221;grid&#8221; angled_section=&#8221;no&#8221; text_align=&#8221;left&#8221; background_image_as_pattern=&#8221;without_pattern&#8221; padding_bottom=&#8221;34&#8243; z_index=&#8221;&#8221;][vc_column][vc_row_inner row_type=&#8221;row&#8221; type=&#8221;full_width&#8221; text_align=&#8221;left&#8221; css_animation=&#8221;&#8221; el_class=&#8221;trecieffe-service-wrap&#8221;][vc_column_inner width=&#8221;1\/4&#8243;]<div class='q_icon_with_title medium custom_icon_image center qode-iwt-content-alignment-left '><div class=\"icon_holder q_icon_animation\" style=\" transition-delay: 100ms; -webkit-transition-delay: 100ms; -moz-transition-delay: 100ms; -o-transition-delay: 100ms;\"><img decoding=\"async\" itemprop=\"image\" style=\"\" src=\"https:\/\/www.trecieffe.it\/wp-content\/uploads\/2019\/10\/Icon_Consegna.png\" alt=\"\"><\/div><div class=\"icon_text_holder\" style=\"\"><div class=\"icon_text_inner\" style=\"\"><h5 class=\"icon_title\" style=\"font-weight: 800;\">Livraison dans les d\u00e9lais<\/h5><p style=''>Afin de ne pas vous faire planter dans le chai pendant les op\u00e9rations de vinification, nous respectons toujours les d\u00e9lais de livraison.<\/p><\/div><\/div><\/div>[\/vc_column_inner][vc_column_inner width=&#8221;1\/4&#8243;]<div class='q_icon_with_title medium custom_icon_image center qode-iwt-content-alignment-left '><div class=\"icon_holder q_icon_animation\" style=\" transition-delay: 300ms; -webkit-transition-delay: 300ms; -moz-transition-delay: 300ms; -o-transition-delay: 300ms;\"><img decoding=\"async\" itemprop=\"image\" style=\"\" src=\"https:\/\/www.trecieffe.it\/wp-content\/uploads\/2019\/10\/Icon_Assistenza.png\" alt=\"\"><\/div><div class=\"icon_text_holder\" style=\"\"><div class=\"icon_text_inner\" style=\"\"><h5 class=\"icon_title\" style=\"font-weight: 800;\">ASSISTANCE D\u00c9DI\u00c9E TOUJOURS<\/h5><p style=''>Un commercial d\u00e9di\u00e9 vous accompagnera pendant toute la d\u00e9marche, de la conception \u00e0 la r\u00e9alisation de l\u2019installation.<\/p><\/div><\/div><\/div>[\/vc_column_inner][vc_column_inner width=&#8221;1\/4&#8243;]<div class='q_icon_with_title small custom_icon_image center qode-iwt-content-alignment-left '><div class=\"icon_holder q_icon_animation\" style=\" transition-delay: 200ms; -webkit-transition-delay: 200ms; -moz-transition-delay: 200ms; -o-transition-delay: 200ms;\"><img decoding=\"async\" itemprop=\"image\" style=\"\" src=\"https:\/\/www.trecieffe.it\/wp-content\/uploads\/2019\/10\/Icon_Qualit\u00e0-1.png\" alt=\"\"><\/div><div class=\"icon_text_holder\" style=\"\"><div class=\"icon_text_inner\" style=\"\"><h5 class=\"icon_title\" style=\"font-weight: 800;\">QUALIT\u00c9 TECHNOLOGIE ET LES MEILLEURS MAT\u00c9RIAUX<\/h5><p style=''>Nous combinons la recherche technologie en continu avec les meilleurs aciers de qualit\u00e9 et origine qualifi\u00e9es.<\/p><\/div><\/div><\/div>[\/vc_column_inner][vc_column_inner width=&#8221;1\/4&#8243;]<div class='q_icon_with_title small custom_icon_image center qode-iwt-content-alignment-left '><div class=\"icon_holder q_icon_animation\" style=\" transition-delay: 400ms; -webkit-transition-delay: 400ms; -moz-transition-delay: 400ms; -o-transition-delay: 400ms;\"><img decoding=\"async\" itemprop=\"image\" style=\"\" src=\"https:\/\/www.trecieffe.it\/wp-content\/uploads\/2019\/10\/Icon_Design.png\" alt=\"\"><\/div><div class=\"icon_text_holder\" style=\"\"><div class=\"icon_text_inner\" style=\"\"><h5 class=\"icon_title\" style=\"font-weight: 800;\">ESTH\u00c9TIQUEMENT DE CLASSE<\/h5><p style=''>Produits de haut design, soign\u00e9s jusqu\u2019au moindre d\u00e9tail et cr\u00e9\u00e9s avec les meilleurs aciers.<\/p><\/div><\/div><\/div>[\/vc_column_inner][\/vc_row_inner][\/vc_column][\/vc_row][vc_column][\/vc_column]<\/p>\n<\/div>","protected":false},"excerpt":{"rendered":"<p>[vc_row css_animation=&#8221;&#8221; row_type=&#8221;row&#8221; use_row_as_full_screen_section=&#8221;no&#8221; type=&#8221;full_width&#8221; angled_section=&#8221;no&#8221; text_align=&#8221;left&#8221; background_image_as_pattern=&#8221;without_pattern&#8221; z_index=&#8221;&#8221; padding_top=&#8221;0&#8243; padding_bottom=&#8221;30&#8243;][vc_column][vc_row_inner row_type=&#8221;row&#8221; type=&#8221;full_width&#8221; text_align=&#8221;left&#8221; css_animation=&#8221;&#8221;][vc_column_inner width=&#8221;1\/2&#8243;][vc_column_text] Histoire [\/vc_column_text][vc_separator type=&#8221;transparent&#8221;][vc_column_text css=&#8221;&#8221;] Depuis 1984, Trecieffe se tourne vers l&#8217;avenir. Nous concevons, fabriquons et installons des cuves en acier inoxydable sur mesure pour les secteurs vitivinicole, ol\u00e9icole, alimentaire,&#8230;<\/p>\n","protected":false},"author":1,"featured_media":0,"parent":0,"menu_order":0,"comment_status":"closed","ping_status":"closed","template":"","meta":{"_acf_changed":false,"footnotes":""},"class_list":["post-16388","page","type-page","status-publish","hentry"],"acf":[],"yoast_head":"<!-- This site is optimized with the Yoast SEO plugin v26.0 - https:\/\/yoast.com\/wordpress\/plugins\/seo\/ -->\n<title>Qui sommes nous - Trecieffe - Cuves en acier inoxydable pour tous les secteurs<\/title>\n<meta name=\"description\" content=\"Depuis 35 ans, nous concevons, fabriquons et installons des cuves en acier inoxydable sur mesure pour l&#039;industrie vitivinicole, huili\u00e8re, alimentaire, chimique et du tabac.\" \/>\n<meta name=\"robots\" content=\"index, follow, max-snippet:-1, max-image-preview:large, max-video-preview:-1\" \/>\n<link rel=\"canonical\" href=\"https:\/\/www.trecieffe.it\/fr\/chi-siamo\/\" \/>\n<meta property=\"og:locale\" content=\"fr_FR\" \/>\n<meta property=\"og:type\" content=\"article\" \/>\n<meta property=\"og:title\" content=\"Qui sommes nous - Trecieffe - Cuves en acier inoxydable pour tous les secteurs\" \/>\n<meta property=\"og:description\" content=\"Depuis 35 ans, nous concevons, fabriquons et installons des cuves en acier inoxydable sur mesure pour l&#039;industrie vitivinicole, huili\u00e8re, alimentaire, chimique et du tabac.\" \/>\n<meta property=\"og:url\" content=\"https:\/\/www.trecieffe.it\/fr\/chi-siamo\/\" \/>\n<meta property=\"og:site_name\" content=\"Trecieffe\" \/>\n<meta property=\"article:modified_time\" content=\"2025-12-19T15:27:25+00:00\" \/>\n<meta name=\"twitter:card\" content=\"summary_large_image\" \/>\n<meta name=\"twitter:label1\" content=\"Dur\u00e9e de lecture estim\u00e9e\" \/>\n\t<meta name=\"twitter:data1\" content=\"4 minutes\" \/>\n<script type=\"application\/ld+json\" class=\"yoast-schema-graph\">{\"@context\":\"https:\/\/schema.org\",\"@graph\":[{\"@type\":\"WebPage\",\"@id\":\"https:\/\/www.trecieffe.it\/fr\/chi-siamo\/\",\"url\":\"https:\/\/www.trecieffe.it\/fr\/chi-siamo\/\",\"name\":\"Qui sommes nous - Trecieffe - Cuves en acier inoxydable pour tous les secteurs\",\"isPartOf\":{\"@id\":\"https:\/\/www.trecieffe.it\/fr\/#website\"},\"datePublished\":\"2019-11-13T11:15:36+00:00\",\"dateModified\":\"2025-12-19T15:27:25+00:00\",\"description\":\"Depuis 35 ans, nous concevons, fabriquons et installons des cuves en acier inoxydable sur mesure pour l'industrie vitivinicole, huili\u00e8re, alimentaire, chimique et du tabac.\",\"breadcrumb\":{\"@id\":\"https:\/\/www.trecieffe.it\/fr\/chi-siamo\/#breadcrumb\"},\"inLanguage\":\"fr-FR\",\"potentialAction\":[{\"@type\":\"ReadAction\",\"target\":[\"https:\/\/www.trecieffe.it\/fr\/chi-siamo\/\"]}]},{\"@type\":\"BreadcrumbList\",\"@id\":\"https:\/\/www.trecieffe.it\/fr\/chi-siamo\/#breadcrumb\",\"itemListElement\":[{\"@type\":\"ListItem\",\"position\":1,\"name\":\"Home\",\"item\":\"https:\/\/www.trecieffe.it\/fr\/\"},{\"@type\":\"ListItem\",\"position\":2,\"name\":\"Qui sommes nous\"}]},{\"@type\":\"WebSite\",\"@id\":\"https:\/\/www.trecieffe.it\/fr\/#website\",\"url\":\"https:\/\/www.trecieffe.it\/fr\/\",\"name\":\"Trecieffe\",\"description\":\"Cuves en acier inoxydable pour tous les secteurs\",\"potentialAction\":[{\"@type\":\"SearchAction\",\"target\":{\"@type\":\"EntryPoint\",\"urlTemplate\":\"https:\/\/www.trecieffe.it\/fr\/?s={search_term_string}\"},\"query-input\":{\"@type\":\"PropertyValueSpecification\",\"valueRequired\":true,\"valueName\":\"search_term_string\"}}],\"inLanguage\":\"fr-FR\"}]}<\/script>\n<!-- \/ Yoast SEO plugin. -->","yoast_head_json":{"title":"Qui sommes nous - Trecieffe - Cuves en acier inoxydable pour tous les secteurs","description":"Depuis 35 ans, nous concevons, fabriquons et installons des cuves en acier inoxydable sur mesure pour l'industrie vitivinicole, huili\u00e8re, alimentaire, chimique et du tabac.","robots":{"index":"index","follow":"follow","max-snippet":"max-snippet:-1","max-image-preview":"max-image-preview:large","max-video-preview":"max-video-preview:-1"},"canonical":"https:\/\/www.trecieffe.it\/fr\/chi-siamo\/","og_locale":"fr_FR","og_type":"article","og_title":"Qui sommes nous - Trecieffe - Cuves en acier inoxydable pour tous les secteurs","og_description":"Depuis 35 ans, nous concevons, fabriquons et installons des cuves en acier inoxydable sur mesure pour l'industrie vitivinicole, huili\u00e8re, alimentaire, chimique et du tabac.","og_url":"https:\/\/www.trecieffe.it\/fr\/chi-siamo\/","og_site_name":"Trecieffe","article_modified_time":"2025-12-19T15:27:25+00:00","twitter_card":"summary_large_image","twitter_misc":{"Dur\u00e9e de lecture estim\u00e9e":"4 minutes"},"schema":{"@context":"https:\/\/schema.org","@graph":[{"@type":"WebPage","@id":"https:\/\/www.trecieffe.it\/fr\/chi-siamo\/","url":"https:\/\/www.trecieffe.it\/fr\/chi-siamo\/","name":"Qui sommes nous - Trecieffe - Cuves en acier inoxydable pour tous les secteurs","isPartOf":{"@id":"https:\/\/www.trecieffe.it\/fr\/#website"},"datePublished":"2019-11-13T11:15:36+00:00","dateModified":"2025-12-19T15:27:25+00:00","description":"Depuis 35 ans, nous concevons, fabriquons et installons des cuves en acier inoxydable sur mesure pour l'industrie vitivinicole, huili\u00e8re, alimentaire, chimique et du tabac.","breadcrumb":{"@id":"https:\/\/www.trecieffe.it\/fr\/chi-siamo\/#breadcrumb"},"inLanguage":"fr-FR","potentialAction":[{"@type":"ReadAction","target":["https:\/\/www.trecieffe.it\/fr\/chi-siamo\/"]}]},{"@type":"BreadcrumbList","@id":"https:\/\/www.trecieffe.it\/fr\/chi-siamo\/#breadcrumb","itemListElement":[{"@type":"ListItem","position":1,"name":"Home","item":"https:\/\/www.trecieffe.it\/fr\/"},{"@type":"ListItem","position":2,"name":"Qui sommes nous"}]},{"@type":"WebSite","@id":"https:\/\/www.trecieffe.it\/fr\/#website","url":"https:\/\/www.trecieffe.it\/fr\/","name":"Trecieffe","description":"Cuves en acier inoxydable pour tous les secteurs","potentialAction":[{"@type":"SearchAction","target":{"@type":"EntryPoint","urlTemplate":"https:\/\/www.trecieffe.it\/fr\/?s={search_term_string}"},"query-input":{"@type":"PropertyValueSpecification","valueRequired":true,"valueName":"search_term_string"}}],"inLanguage":"fr-FR"}]}},"_links":{"self":[{"href":"https:\/\/www.trecieffe.it\/fr\/wp-json\/wp\/v2\/pages\/16388","targetHints":{"allow":["GET"]}}],"collection":[{"href":"https:\/\/www.trecieffe.it\/fr\/wp-json\/wp\/v2\/pages"}],"about":[{"href":"https:\/\/www.trecieffe.it\/fr\/wp-json\/wp\/v2\/types\/page"}],"author":[{"embeddable":true,"href":"https:\/\/www.trecieffe.it\/fr\/wp-json\/wp\/v2\/users\/1"}],"replies":[{"embeddable":true,"href":"https:\/\/www.trecieffe.it\/fr\/wp-json\/wp\/v2\/comments?post=16388"}],"version-history":[{"count":7,"href":"https:\/\/www.trecieffe.it\/fr\/wp-json\/wp\/v2\/pages\/16388\/revisions"}],"predecessor-version":[{"id":19468,"href":"https:\/\/www.trecieffe.it\/fr\/wp-json\/wp\/v2\/pages\/16388\/revisions\/19468"}],"wp:attachment":[{"href":"https:\/\/www.trecieffe.it\/fr\/wp-json\/wp\/v2\/media?parent=16388"}],"curies":[{"name":"wp","href":"https:\/\/api.w.org\/{rel}","templated":true}]}}