{"id":16393,"date":"2019-11-13T12:25:28","date_gmt":"2019-11-13T11:25:28","guid":{"rendered":"https:\/\/www.trecieffe.it\/?page_id=16393"},"modified":"2019-11-13T12:25:29","modified_gmt":"2019-11-13T11:25:29","slug":"histoire","status":"publish","type":"page","link":"https:\/\/www.trecieffe.it\/fr\/histoire\/","title":{"rendered":"Histoire"},"content":{"rendered":"<div class=\"wpb-content-wrapper\"><p>[vc_row css_animation=&#8221;&#8221; row_type=&#8221;row&#8221; use_row_as_full_screen_section=&#8221;no&#8221; type=&#8221;full_width&#8221; angled_section=&#8221;no&#8221; text_align=&#8221;left&#8221; background_image_as_pattern=&#8221;without_pattern&#8221; css=&#8221;.vc_custom_1571145876585{padding-top: 40px !important;padding-bottom: 40px !important;}&#8221; z_index=&#8221;&#8221;][vc_column][vc_row_inner row_type=&#8221;row&#8221; type=&#8221;full_width&#8221; text_align=&#8221;left&#8221; css_animation=&#8221;&#8221;][vc_column_inner width=&#8221;2\/3&#8243;][vc_column_text]<\/p>\n<p class=\"p1\"><span class=\"s1\">L&#8217;histoire de la soci\u00e9t\u00e9 Trecieffe commence en <strong>1984<\/strong>, quand les fondateurs Crosato Antonio, Crosato Ivo, Crosato Zeno et Frau Vincenzo d\u00e9cident de constituer leur propre entreprise, ayant pour but de cr\u00e9er des objets uniques avec une grande attention aux d\u00e9tails pour r\u00e9pondre aux besoins des clients.<\/span><\/p>\n<p>&nbsp;<\/p>\n<p class=\"p1\"><span class=\"s1\">En effet, Trecieffe repr\u00e9sente le projet commun de quatre cousins qui ont d\u00e9cid\u00e9 de partager leurs exp\u00e9riences et comp\u00e9tences acquises pendant de longues ann\u00e9es de travail, d\u2019abord dans les campagnes de la V\u00e9n\u00e9tie, \u00e0 contact direct avec la terre et ses produits, et ensuite dans le secteur de l\u2019acier.<\/span><\/p>\n<p>&nbsp;<\/p>\n<p class=\"p1\"><span class=\"s1\">Celle qui, au d\u00e9part, n\u2019\u00e9tait qu\u2019une petite activit\u00e9 artisanale dans la cour de la maison de famille, s\u2019est ensuite d\u00e9velopp\u00e9 jusqu\u2019\u00e0 s\u2019imposer comme l\u2019un des fabricants de r\u00e9servoirs en acier les plus renomm\u00e9s en Italie et \u00e0 l\u2019\u00e9tranger.<\/span><\/p>\n<p>&nbsp;<\/p>\n<p class=\"p1\"><span class=\"s1\">Bien que nouvelle sur le march\u00e9, d\u00e8s le d\u00e9but la soci\u00e9t\u00e9 a \u00e9t\u00e9 \u00e0 m\u00eame d\u2019attirer l&#8217;attention des clients, ce qui lui a permis de se d\u00e9velopper rapidement, d\u2019acheter de nouveaux \u00e9quipements et d\u2019int\u00e9grer de nouveaux employ\u00e9s. L\u2019espace \u00e0 Silea, o\u00f9 se trouvait le premier si\u00e8ge de la soci\u00e9t\u00e9, n\u2019\u00e9tait plus suffisant. C\u2019est pourquoi les membres d\u00e9cident de d\u00e9placer l\u2019activit\u00e9 \u00e0 San Biagio di Callalta, dans un nouveau b\u00e2timent plus moderne et plus grand, o\u00f9 la production peut \u00eatre d\u00e9velopp\u00e9e de fa\u00e7on plus technologique mais sans pour autant perdre le c\u00f4t\u00e9 traditionnel et artisanal qui repr\u00e9sente toujours l\u2019\u00e2me de Trecieffe.<\/span><\/p>\n<p>&nbsp;<\/p>\n<p class=\"p1\"><span class=\"s1\">Aujourd&#8217;hui la soci\u00e9t\u00e9 compte environ 30 personnes, non pas de simples ouvriers et employ\u00e9s, mais plut\u00f4t des professionnels tellement impliqu\u00e9s dans la vie quotidienne de la soci\u00e9t\u00e9 qu\u2019ils s\u2019en sentent partie int\u00e9grante et qui, gr\u00e2ce \u00e0 leur expertise artisanale dans le travail de l\u2019acier, peuvent \u00eatre d\u00e9finis de v\u00e9ritables ma\u00eetres. Cela fait plus de 30 ans que la soci\u00e9t\u00e9 a \u00e9t\u00e9 fond\u00e9e et aujourd&#8217;hui, comme alors, l&#8217;entreprise offre des produits de qualit\u00e9 in\u00e9gal\u00e9e et se distingue des concurrents par le savoir-faire et la disponibilit\u00e9 du personnel, permettant de <strong>r\u00e9pondre aux besoins des clients les plus exigeants<\/strong>, et par une attention particuli\u00e8re pr\u00eat\u00e9e au c\u00f4t\u00e9 esth\u00e9tique de ses r\u00e9alisations, soign\u00e9es dans les moindres d\u00e9tails.<\/span><\/p>\n<p>[\/vc_column_text][\/vc_column_inner][vc_column_inner width=&#8221;1\/3&#8243;][\/vc_column_inner][\/vc_row_inner][\/vc_column][\/vc_row]<\/p>\n<\/div>","protected":false},"excerpt":{"rendered":"<p>[vc_row css_animation=&#8221;&#8221; row_type=&#8221;row&#8221; use_row_as_full_screen_section=&#8221;no&#8221; type=&#8221;full_width&#8221; angled_section=&#8221;no&#8221; text_align=&#8221;left&#8221; background_image_as_pattern=&#8221;without_pattern&#8221; css=&#8221;.vc_custom_1571145876585{padding-top: 40px !important;padding-bottom: 40px !important;}&#8221; z_index=&#8221;&#8221;][vc_column][vc_row_inner row_type=&#8221;row&#8221; type=&#8221;full_width&#8221; text_align=&#8221;left&#8221; css_animation=&#8221;&#8221;][vc_column_inner width=&#8221;2\/3&#8243;][vc_column_text] L&#8217;histoire de la soci\u00e9t\u00e9 Trecieffe commence en 1984, quand les fondateurs Crosato Antonio, Crosato Ivo, Crosato Zeno et Frau Vincenzo d\u00e9cident de constituer leur propre entreprise,&#8230;<\/p>\n","protected":false},"author":1,"featured_media":0,"parent":0,"menu_order":0,"comment_status":"closed","ping_status":"closed","template":"","meta":{"_acf_changed":false,"footnotes":""},"class_list":["post-16393","page","type-page","status-publish","hentry"],"acf":[],"yoast_head":"<!-- This site is optimized with the Yoast SEO plugin v26.0 - https:\/\/yoast.com\/wordpress\/plugins\/seo\/ -->\n<title>Histoire - Trecieffe - Cuves en acier inoxydable pour tous les secteurs<\/title>\n<meta name=\"description\" content=\"Trecieffe repr\u00e9sente le projet commun de quatre cousins qui ont d\u00e9cid\u00e9 de partager leurs exp\u00e9riences et comp\u00e9tences acquises pendant de longues ann\u00e9es de travail, d\u2019abord dans les campagnes de la V\u00e9n\u00e9tie, \u00e0 contact direct avec la terre et ses produits, et ensuite dans le secteur de l\u2019acier.\" \/>\n<meta name=\"robots\" content=\"index, follow, max-snippet:-1, max-image-preview:large, max-video-preview:-1\" \/>\n<link rel=\"canonical\" href=\"https:\/\/www.trecieffe.it\/fr\/histoire\/\" \/>\n<meta property=\"og:locale\" content=\"fr_FR\" \/>\n<meta property=\"og:type\" content=\"article\" \/>\n<meta property=\"og:title\" content=\"Histoire - Trecieffe - Cuves en acier inoxydable pour tous les secteurs\" \/>\n<meta property=\"og:description\" content=\"Trecieffe repr\u00e9sente le projet commun de quatre cousins qui ont d\u00e9cid\u00e9 de partager leurs exp\u00e9riences et comp\u00e9tences acquises pendant de longues ann\u00e9es de travail, d\u2019abord dans les campagnes de la V\u00e9n\u00e9tie, \u00e0 contact direct avec la terre et ses produits, et ensuite dans le secteur de l\u2019acier.\" \/>\n<meta property=\"og:url\" content=\"https:\/\/www.trecieffe.it\/fr\/histoire\/\" \/>\n<meta property=\"og:site_name\" content=\"Trecieffe\" \/>\n<meta property=\"article:modified_time\" content=\"2019-11-13T11:25:29+00:00\" \/>\n<meta name=\"twitter:card\" content=\"summary_large_image\" \/>\n<meta name=\"twitter:label1\" content=\"Dur\u00e9e de lecture estim\u00e9e\" \/>\n\t<meta name=\"twitter:data1\" content=\"2 minutes\" \/>\n<script type=\"application\/ld+json\" class=\"yoast-schema-graph\">{\"@context\":\"https:\/\/schema.org\",\"@graph\":[{\"@type\":\"WebPage\",\"@id\":\"https:\/\/www.trecieffe.it\/fr\/histoire\/\",\"url\":\"https:\/\/www.trecieffe.it\/fr\/histoire\/\",\"name\":\"Histoire - Trecieffe - Cuves en acier inoxydable pour tous les secteurs\",\"isPartOf\":{\"@id\":\"https:\/\/www.trecieffe.it\/fr\/#website\"},\"datePublished\":\"2019-11-13T11:25:28+00:00\",\"dateModified\":\"2019-11-13T11:25:29+00:00\",\"description\":\"Trecieffe repr\u00e9sente le projet commun de quatre cousins qui ont d\u00e9cid\u00e9 de partager leurs exp\u00e9riences et comp\u00e9tences acquises pendant de longues ann\u00e9es de travail, d\u2019abord dans les campagnes de la V\u00e9n\u00e9tie, \u00e0 contact direct avec la terre et ses produits, et ensuite dans le secteur de l\u2019acier.\",\"breadcrumb\":{\"@id\":\"https:\/\/www.trecieffe.it\/fr\/histoire\/#breadcrumb\"},\"inLanguage\":\"fr-FR\",\"potentialAction\":[{\"@type\":\"ReadAction\",\"target\":[\"https:\/\/www.trecieffe.it\/fr\/histoire\/\"]}]},{\"@type\":\"BreadcrumbList\",\"@id\":\"https:\/\/www.trecieffe.it\/fr\/histoire\/#breadcrumb\",\"itemListElement\":[{\"@type\":\"ListItem\",\"position\":1,\"name\":\"Home\",\"item\":\"https:\/\/www.trecieffe.it\/fr\/\"},{\"@type\":\"ListItem\",\"position\":2,\"name\":\"Histoire\"}]},{\"@type\":\"WebSite\",\"@id\":\"https:\/\/www.trecieffe.it\/fr\/#website\",\"url\":\"https:\/\/www.trecieffe.it\/fr\/\",\"name\":\"Trecieffe\",\"description\":\"Cuves en acier inoxydable pour tous les secteurs\",\"potentialAction\":[{\"@type\":\"SearchAction\",\"target\":{\"@type\":\"EntryPoint\",\"urlTemplate\":\"https:\/\/www.trecieffe.it\/fr\/?s={search_term_string}\"},\"query-input\":{\"@type\":\"PropertyValueSpecification\",\"valueRequired\":true,\"valueName\":\"search_term_string\"}}],\"inLanguage\":\"fr-FR\"}]}<\/script>\n<!-- \/ Yoast SEO plugin. -->","yoast_head_json":{"title":"Histoire - Trecieffe - Cuves en acier inoxydable pour tous les secteurs","description":"Trecieffe repr\u00e9sente le projet commun de quatre cousins qui ont d\u00e9cid\u00e9 de partager leurs exp\u00e9riences et comp\u00e9tences acquises pendant de longues ann\u00e9es de travail, d\u2019abord dans les campagnes de la V\u00e9n\u00e9tie, \u00e0 contact direct avec la terre et ses produits, et ensuite dans le secteur de l\u2019acier.","robots":{"index":"index","follow":"follow","max-snippet":"max-snippet:-1","max-image-preview":"max-image-preview:large","max-video-preview":"max-video-preview:-1"},"canonical":"https:\/\/www.trecieffe.it\/fr\/histoire\/","og_locale":"fr_FR","og_type":"article","og_title":"Histoire - Trecieffe - Cuves en acier inoxydable pour tous les secteurs","og_description":"Trecieffe repr\u00e9sente le projet commun de quatre cousins qui ont d\u00e9cid\u00e9 de partager leurs exp\u00e9riences et comp\u00e9tences acquises pendant de longues ann\u00e9es de travail, d\u2019abord dans les campagnes de la V\u00e9n\u00e9tie, \u00e0 contact direct avec la terre et ses produits, et ensuite dans le secteur de l\u2019acier.","og_url":"https:\/\/www.trecieffe.it\/fr\/histoire\/","og_site_name":"Trecieffe","article_modified_time":"2019-11-13T11:25:29+00:00","twitter_card":"summary_large_image","twitter_misc":{"Dur\u00e9e de lecture estim\u00e9e":"2 minutes"},"schema":{"@context":"https:\/\/schema.org","@graph":[{"@type":"WebPage","@id":"https:\/\/www.trecieffe.it\/fr\/histoire\/","url":"https:\/\/www.trecieffe.it\/fr\/histoire\/","name":"Histoire - Trecieffe - Cuves en acier inoxydable pour tous les secteurs","isPartOf":{"@id":"https:\/\/www.trecieffe.it\/fr\/#website"},"datePublished":"2019-11-13T11:25:28+00:00","dateModified":"2019-11-13T11:25:29+00:00","description":"Trecieffe repr\u00e9sente le projet commun de quatre cousins qui ont d\u00e9cid\u00e9 de partager leurs exp\u00e9riences et comp\u00e9tences acquises pendant de longues ann\u00e9es de travail, d\u2019abord dans les campagnes de la V\u00e9n\u00e9tie, \u00e0 contact direct avec la terre et ses produits, et ensuite dans le secteur de l\u2019acier.","breadcrumb":{"@id":"https:\/\/www.trecieffe.it\/fr\/histoire\/#breadcrumb"},"inLanguage":"fr-FR","potentialAction":[{"@type":"ReadAction","target":["https:\/\/www.trecieffe.it\/fr\/histoire\/"]}]},{"@type":"BreadcrumbList","@id":"https:\/\/www.trecieffe.it\/fr\/histoire\/#breadcrumb","itemListElement":[{"@type":"ListItem","position":1,"name":"Home","item":"https:\/\/www.trecieffe.it\/fr\/"},{"@type":"ListItem","position":2,"name":"Histoire"}]},{"@type":"WebSite","@id":"https:\/\/www.trecieffe.it\/fr\/#website","url":"https:\/\/www.trecieffe.it\/fr\/","name":"Trecieffe","description":"Cuves en acier inoxydable pour tous les secteurs","potentialAction":[{"@type":"SearchAction","target":{"@type":"EntryPoint","urlTemplate":"https:\/\/www.trecieffe.it\/fr\/?s={search_term_string}"},"query-input":{"@type":"PropertyValueSpecification","valueRequired":true,"valueName":"search_term_string"}}],"inLanguage":"fr-FR"}]}},"_links":{"self":[{"href":"https:\/\/www.trecieffe.it\/fr\/wp-json\/wp\/v2\/pages\/16393","targetHints":{"allow":["GET"]}}],"collection":[{"href":"https:\/\/www.trecieffe.it\/fr\/wp-json\/wp\/v2\/pages"}],"about":[{"href":"https:\/\/www.trecieffe.it\/fr\/wp-json\/wp\/v2\/types\/page"}],"author":[{"embeddable":true,"href":"https:\/\/www.trecieffe.it\/fr\/wp-json\/wp\/v2\/users\/1"}],"replies":[{"embeddable":true,"href":"https:\/\/www.trecieffe.it\/fr\/wp-json\/wp\/v2\/comments?post=16393"}],"version-history":[{"count":0,"href":"https:\/\/www.trecieffe.it\/fr\/wp-json\/wp\/v2\/pages\/16393\/revisions"}],"wp:attachment":[{"href":"https:\/\/www.trecieffe.it\/fr\/wp-json\/wp\/v2\/media?parent=16393"}],"curies":[{"name":"wp","href":"https:\/\/api.w.org\/{rel}","templated":true}]}}