{"id":16397,"date":"2019-11-13T12:28:59","date_gmt":"2019-11-13T11:28:59","guid":{"rendered":"https:\/\/www.trecieffe.it\/?page_id=16397"},"modified":"2019-11-13T12:29:00","modified_gmt":"2019-11-13T11:29:00","slug":"mission","status":"publish","type":"page","link":"https:\/\/www.trecieffe.it\/fr\/mission\/","title":{"rendered":"Mission"},"content":{"rendered":"<div class=\"wpb-content-wrapper\"><p>[vc_row css_animation=&#8221;&#8221; row_type=&#8221;row&#8221; use_row_as_full_screen_section=&#8221;no&#8221; type=&#8221;full_width&#8221; angled_section=&#8221;no&#8221; text_align=&#8221;left&#8221; background_image_as_pattern=&#8221;without_pattern&#8221; css=&#8221;.vc_custom_1571145876585{padding-top: 40px !important;padding-bottom: 40px !important;}&#8221; z_index=&#8221;&#8221;][vc_column][vc_row_inner row_type=&#8221;row&#8221; type=&#8221;full_width&#8221; text_align=&#8221;left&#8221; css_animation=&#8221;&#8221;][vc_column_inner width=&#8221;2\/3&#8243;][vc_column_text]<\/p>\n<p class=\"p1\"><span class=\"s1\">La politique de Trecieffe vise non seulement \u00e0 trouver <strong>les meilleures solutions pour ses clients<\/strong>, mais aussi \u00e0 fournir des produits de haute conception, finis dans les moindres d\u00e9tails et cr\u00e9\u00e9s avec l\u2019acier de la meilleure qualit\u00e9 et d&#8217;origine certifi\u00e9e. De plus, tous les processus sont certifi\u00e9s <strong>ISO 9001<\/strong> et les contr\u00f4les sont effectu\u00e9s par la firme <strong>T\u00dcV S\u00fcd<\/strong>, synonyme d&#8217;excellence.<\/span><\/p>\n<p>&nbsp;<\/p>\n<p class=\"p1\"><span class=\"s1\">Trecieffe fait maintenant face \u00e0 un nouveau d\u00e9fi : une nouvelle opportunit\u00e9 qui peut rendre la soci\u00e9t\u00e9 encore plus innovante et dynamique gr\u00e2ce \u00e0 l\u2019entr\u00e9e des fils des fondateurs, des jeunes qui ont grandi bien conscients de ce que leurs p\u00e8res ont cr\u00e9\u00e9 et avec la volont\u00e9 de donner une continuit\u00e9 aux r\u00eaves des fondateurs.<\/span><\/p>\n<p>&nbsp;<\/p>\n<p class=\"p1\"><span class=\"s1\">Trecieffe compte maintenant plus de 30 ans d\u2019histoire, et cette \u00e9tape est le m\u00e9rite non seulement de ceux qui l\u2019ont fond\u00e9e et mise en place, mais aussi de tous les clients qui ont plac\u00e9 leur confiance en les gens qui la composent.<\/span><\/p>\n<p>&nbsp;<\/p>\n<p class=\"p1\"><strong><span class=\"s1\">Nous souhaitons continuer \u00e0 \u00e9crire notre histoire avec vous.<\/span><\/strong><\/p>\n<p>[\/vc_column_text][\/vc_column_inner][vc_column_inner width=&#8221;1\/3&#8243;][\/vc_column_inner][\/vc_row_inner][\/vc_column][\/vc_row]<\/p>\n<\/div>","protected":false},"excerpt":{"rendered":"<p>[vc_row css_animation=&#8221;&#8221; row_type=&#8221;row&#8221; use_row_as_full_screen_section=&#8221;no&#8221; type=&#8221;full_width&#8221; angled_section=&#8221;no&#8221; text_align=&#8221;left&#8221; background_image_as_pattern=&#8221;without_pattern&#8221; css=&#8221;.vc_custom_1571145876585{padding-top: 40px !important;padding-bottom: 40px !important;}&#8221; z_index=&#8221;&#8221;][vc_column][vc_row_inner row_type=&#8221;row&#8221; type=&#8221;full_width&#8221; text_align=&#8221;left&#8221; css_animation=&#8221;&#8221;][vc_column_inner width=&#8221;2\/3&#8243;][vc_column_text] La politique de Trecieffe vise non seulement \u00e0 trouver les meilleures solutions pour ses clients, mais aussi \u00e0 fournir des produits de haute conception, finis dans&#8230;<\/p>\n","protected":false},"author":1,"featured_media":0,"parent":0,"menu_order":0,"comment_status":"closed","ping_status":"closed","template":"","meta":{"_acf_changed":false,"footnotes":""},"class_list":["post-16397","page","type-page","status-publish","hentry"],"acf":[],"yoast_head":"<!-- This site is optimized with the Yoast SEO plugin v26.0 - https:\/\/yoast.com\/wordpress\/plugins\/seo\/ -->\n<title>Mission - Trecieffe - Cuves en acier inoxydable pour tous les secteurs<\/title>\n<meta name=\"description\" content=\"La politique de Trecieffe vise non seulement \u00e0 trouver les meilleures solutions pour ses clients, mais aussi \u00e0 fournir des produits de haute conception, finis dans les moindres d\u00e9tails et cr\u00e9\u00e9s avec l\u2019acier de la meilleure qualit\u00e9 et d&#039;origine certifi\u00e9e.\" \/>\n<meta name=\"robots\" content=\"index, follow, max-snippet:-1, max-image-preview:large, max-video-preview:-1\" \/>\n<link rel=\"canonical\" href=\"https:\/\/www.trecieffe.it\/fr\/mission\/\" \/>\n<meta property=\"og:locale\" content=\"fr_FR\" \/>\n<meta property=\"og:type\" content=\"article\" \/>\n<meta property=\"og:title\" content=\"Mission - Trecieffe - Cuves en acier inoxydable pour tous les secteurs\" \/>\n<meta property=\"og:description\" content=\"La politique de Trecieffe vise non seulement \u00e0 trouver les meilleures solutions pour ses clients, mais aussi \u00e0 fournir des produits de haute conception, finis dans les moindres d\u00e9tails et cr\u00e9\u00e9s avec l\u2019acier de la meilleure qualit\u00e9 et d&#039;origine certifi\u00e9e.\" \/>\n<meta property=\"og:url\" content=\"https:\/\/www.trecieffe.it\/fr\/mission\/\" \/>\n<meta property=\"og:site_name\" content=\"Trecieffe\" \/>\n<meta property=\"article:modified_time\" content=\"2019-11-13T11:29:00+00:00\" \/>\n<meta name=\"twitter:card\" content=\"summary_large_image\" \/>\n<meta name=\"twitter:label1\" content=\"Dur\u00e9e de lecture estim\u00e9e\" \/>\n\t<meta name=\"twitter:data1\" content=\"1 minute\" \/>\n<script type=\"application\/ld+json\" class=\"yoast-schema-graph\">{\"@context\":\"https:\/\/schema.org\",\"@graph\":[{\"@type\":\"WebPage\",\"@id\":\"https:\/\/www.trecieffe.it\/fr\/mission\/\",\"url\":\"https:\/\/www.trecieffe.it\/fr\/mission\/\",\"name\":\"Mission - Trecieffe - Cuves en acier inoxydable pour tous les secteurs\",\"isPartOf\":{\"@id\":\"https:\/\/www.trecieffe.it\/fr\/#website\"},\"datePublished\":\"2019-11-13T11:28:59+00:00\",\"dateModified\":\"2019-11-13T11:29:00+00:00\",\"description\":\"La politique de Trecieffe vise non seulement \u00e0 trouver les meilleures solutions pour ses clients, mais aussi \u00e0 fournir des produits de haute conception, finis dans les moindres d\u00e9tails et cr\u00e9\u00e9s avec l\u2019acier de la meilleure qualit\u00e9 et d'origine certifi\u00e9e.\",\"breadcrumb\":{\"@id\":\"https:\/\/www.trecieffe.it\/fr\/mission\/#breadcrumb\"},\"inLanguage\":\"fr-FR\",\"potentialAction\":[{\"@type\":\"ReadAction\",\"target\":[\"https:\/\/www.trecieffe.it\/fr\/mission\/\"]}]},{\"@type\":\"BreadcrumbList\",\"@id\":\"https:\/\/www.trecieffe.it\/fr\/mission\/#breadcrumb\",\"itemListElement\":[{\"@type\":\"ListItem\",\"position\":1,\"name\":\"Home\",\"item\":\"https:\/\/www.trecieffe.it\/fr\/\"},{\"@type\":\"ListItem\",\"position\":2,\"name\":\"Mission\"}]},{\"@type\":\"WebSite\",\"@id\":\"https:\/\/www.trecieffe.it\/fr\/#website\",\"url\":\"https:\/\/www.trecieffe.it\/fr\/\",\"name\":\"Trecieffe\",\"description\":\"Cuves en acier inoxydable pour tous les secteurs\",\"potentialAction\":[{\"@type\":\"SearchAction\",\"target\":{\"@type\":\"EntryPoint\",\"urlTemplate\":\"https:\/\/www.trecieffe.it\/fr\/?s={search_term_string}\"},\"query-input\":{\"@type\":\"PropertyValueSpecification\",\"valueRequired\":true,\"valueName\":\"search_term_string\"}}],\"inLanguage\":\"fr-FR\"}]}<\/script>\n<!-- \/ Yoast SEO plugin. -->","yoast_head_json":{"title":"Mission - Trecieffe - Cuves en acier inoxydable pour tous les secteurs","description":"La politique de Trecieffe vise non seulement \u00e0 trouver les meilleures solutions pour ses clients, mais aussi \u00e0 fournir des produits de haute conception, finis dans les moindres d\u00e9tails et cr\u00e9\u00e9s avec l\u2019acier de la meilleure qualit\u00e9 et d'origine certifi\u00e9e.","robots":{"index":"index","follow":"follow","max-snippet":"max-snippet:-1","max-image-preview":"max-image-preview:large","max-video-preview":"max-video-preview:-1"},"canonical":"https:\/\/www.trecieffe.it\/fr\/mission\/","og_locale":"fr_FR","og_type":"article","og_title":"Mission - Trecieffe - Cuves en acier inoxydable pour tous les secteurs","og_description":"La politique de Trecieffe vise non seulement \u00e0 trouver les meilleures solutions pour ses clients, mais aussi \u00e0 fournir des produits de haute conception, finis dans les moindres d\u00e9tails et cr\u00e9\u00e9s avec l\u2019acier de la meilleure qualit\u00e9 et d'origine certifi\u00e9e.","og_url":"https:\/\/www.trecieffe.it\/fr\/mission\/","og_site_name":"Trecieffe","article_modified_time":"2019-11-13T11:29:00+00:00","twitter_card":"summary_large_image","twitter_misc":{"Dur\u00e9e de lecture estim\u00e9e":"1 minute"},"schema":{"@context":"https:\/\/schema.org","@graph":[{"@type":"WebPage","@id":"https:\/\/www.trecieffe.it\/fr\/mission\/","url":"https:\/\/www.trecieffe.it\/fr\/mission\/","name":"Mission - Trecieffe - Cuves en acier inoxydable pour tous les secteurs","isPartOf":{"@id":"https:\/\/www.trecieffe.it\/fr\/#website"},"datePublished":"2019-11-13T11:28:59+00:00","dateModified":"2019-11-13T11:29:00+00:00","description":"La politique de Trecieffe vise non seulement \u00e0 trouver les meilleures solutions pour ses clients, mais aussi \u00e0 fournir des produits de haute conception, finis dans les moindres d\u00e9tails et cr\u00e9\u00e9s avec l\u2019acier de la meilleure qualit\u00e9 et d'origine certifi\u00e9e.","breadcrumb":{"@id":"https:\/\/www.trecieffe.it\/fr\/mission\/#breadcrumb"},"inLanguage":"fr-FR","potentialAction":[{"@type":"ReadAction","target":["https:\/\/www.trecieffe.it\/fr\/mission\/"]}]},{"@type":"BreadcrumbList","@id":"https:\/\/www.trecieffe.it\/fr\/mission\/#breadcrumb","itemListElement":[{"@type":"ListItem","position":1,"name":"Home","item":"https:\/\/www.trecieffe.it\/fr\/"},{"@type":"ListItem","position":2,"name":"Mission"}]},{"@type":"WebSite","@id":"https:\/\/www.trecieffe.it\/fr\/#website","url":"https:\/\/www.trecieffe.it\/fr\/","name":"Trecieffe","description":"Cuves en acier inoxydable pour tous les secteurs","potentialAction":[{"@type":"SearchAction","target":{"@type":"EntryPoint","urlTemplate":"https:\/\/www.trecieffe.it\/fr\/?s={search_term_string}"},"query-input":{"@type":"PropertyValueSpecification","valueRequired":true,"valueName":"search_term_string"}}],"inLanguage":"fr-FR"}]}},"_links":{"self":[{"href":"https:\/\/www.trecieffe.it\/fr\/wp-json\/wp\/v2\/pages\/16397","targetHints":{"allow":["GET"]}}],"collection":[{"href":"https:\/\/www.trecieffe.it\/fr\/wp-json\/wp\/v2\/pages"}],"about":[{"href":"https:\/\/www.trecieffe.it\/fr\/wp-json\/wp\/v2\/types\/page"}],"author":[{"embeddable":true,"href":"https:\/\/www.trecieffe.it\/fr\/wp-json\/wp\/v2\/users\/1"}],"replies":[{"embeddable":true,"href":"https:\/\/www.trecieffe.it\/fr\/wp-json\/wp\/v2\/comments?post=16397"}],"version-history":[{"count":0,"href":"https:\/\/www.trecieffe.it\/fr\/wp-json\/wp\/v2\/pages\/16397\/revisions"}],"wp:attachment":[{"href":"https:\/\/www.trecieffe.it\/fr\/wp-json\/wp\/v2\/media?parent=16397"}],"curies":[{"name":"wp","href":"https:\/\/api.w.org\/{rel}","templated":true}]}}