{"id":16409,"date":"2019-11-13T13:02:24","date_gmt":"2019-11-13T12:02:24","guid":{"rendered":"https:\/\/www.trecieffe.it\/?page_id=16409"},"modified":"2020-10-14T17:27:13","modified_gmt":"2020-10-14T15:27:13","slug":"secteur","status":"publish","type":"page","link":"https:\/\/www.trecieffe.it\/fr\/secteur\/","title":{"rendered":"Secteur"},"content":{"rendered":"<div class=\"wpb-content-wrapper\"><p>[vc_row css_animation=&#8221;&#8221; row_type=&#8221;row&#8221; use_row_as_full_screen_section=&#8221;no&#8221; type=&#8221;grid&#8221; angled_section=&#8221;no&#8221; text_align=&#8221;left&#8221; background_image_as_pattern=&#8221;without_pattern&#8221; css=&#8221;.vc_custom_1571642353329{padding-bottom: 30px !important;}&#8221; z_index=&#8221;&#8221; padding_top=&#8221;50&#8243;][vc_column offset=&#8221;vc_col-lg-8 vc_col-md-12 vc_col-xs-12&#8243;][vc_column_text]<\/p>\n<h4 class=\"p1\">Nous concevons, fabriquons et installons des cuves en acier inoxydable sur mesure pour l&#8217;industrie vitivinicole, huili\u00e8re, alimentaire, chimique et du tabac.<\/h4>\n<p>[\/vc_column_text][\/vc_column][\/vc_row][vc_row css_animation=&#8221;&#8221; row_type=&#8221;row&#8221; use_row_as_full_screen_section=&#8221;no&#8221; type=&#8221;grid&#8221; angled_section=&#8221;no&#8221; text_align=&#8221;left&#8221; background_image_as_pattern=&#8221;without_pattern&#8221; z_index=&#8221;&#8221;][vc_column][vc_separator css_animation=&#8221;none&#8221; type=&#8221;normal&#8221; color=&#8221;#363636&#8243; up=&#8221;30&#8243; down=&#8221;60&#8243;][\/vc_column][\/vc_row][vc_row css_animation=&#8221;&#8221; row_type=&#8221;row&#8221; use_row_as_full_screen_section=&#8221;no&#8221; type=&#8221;grid&#8221; angled_section=&#8221;no&#8221; text_align=&#8221;left&#8221; background_image_as_pattern=&#8221;without_pattern&#8221; z_index=&#8221;&#8221; el_class=&#8221;categories-row&#8221;][vc_column width=&#8221;1\/5&#8243; el_class=&#8221;mob-col-2&#8243; css=&#8221;.vc_custom_1601295079402{background-image: url(https:\/\/www.trecieffe.it\/wp-content\/uploads\/2020\/09\/enologico-icon-bg.png?id=17460) !important;}&#8221;][vc_column_text]<span class=\"custom-icon-fa fa-stack fa-2x center\" ><a class=\"anchor\" href=\"\/fr\/categorie-produit\/enologique\/\" target=\"_self\"><i class=\"first-icon fas fa-circle fa-stack-2x\"><\/i><i class=\"second-icon fal fa-wine-glass-alt fa-stack-1x\"><\/i><\/a><\/span><\/p>\n<h6 style=\"text-align: center;\"><a href=\"\/fr\/categorie-produit\/enologique\/\">\u0152nologique<\/a><\/h6>\n<p>[\/vc_column_text][\/vc_column][vc_column width=&#8221;1\/5&#8243; el_class=&#8221;mob-col-2&#8243; css=&#8221;.vc_custom_1601284421191{background-image: url(https:\/\/www.trecieffe.it\/wp-content\/uploads\/2020\/09\/oleario-icon-bg.png?id=17464) !important;}&#8221;][vc_column_text]<span class=\"custom-icon-fa fa-stack fa-2x center\" ><a class=\"anchor\" href=\"\/fr\/categorie-produit\/huilerie\/\" target=\"_self\"><i class=\"first-icon fas fa-circle fa-stack-2x\"><\/i><i class=\"second-icon fal fa-jug fa-stack-1x\"><\/i><\/a><\/span><\/p>\n<h6 style=\"text-align: center;\"><a href=\"\/fr\/categorie-produit\/huilerie\/\">Huilerie<\/a><\/h6>\n<p>[\/vc_column_text][\/vc_column][vc_column width=&#8221;1\/5&#8243; el_class=&#8221;mob-col-2&#8243; css=&#8221;.vc_custom_1601284476226{background-image: url(https:\/\/www.trecieffe.it\/wp-content\/uploads\/2020\/09\/food-e-beverage-icon-bg.png?id=17468) !important;}&#8221;][vc_column_text]<span class=\"custom-icon-fa fa-stack fa-2x center\" ><a class=\"anchor\" href=\"\/fr\/categorie-produit\/food-beverage\/\" target=\"_self\"><i class=\"first-icon fas fa-circle fa-stack-2x\"><\/i><i class=\"second-icon fal fa-utensils fa-stack-1x\"><\/i><\/a><\/span><\/p>\n<h6 style=\"text-align: center;\"><a href=\"\/fr\/categorie-produit\/food-beverage\/\">Food &amp; Beverage<\/a><\/h6>\n<p>[\/vc_column_text][\/vc_column][vc_column width=&#8221;1\/5&#8243; el_class=&#8221;mob-col-2&#8243; css=&#8221;.vc_custom_1601284489547{background-image: url(https:\/\/www.trecieffe.it\/wp-content\/uploads\/2020\/09\/chimico-icon-bg.png?id=17472) !important;}&#8221;][vc_column_text]<span class=\"custom-icon-fa fa-stack fa-2x center\" ><a class=\"anchor\" href=\"\/fr\/categorie-produit\/chimique\/\" target=\"_self\"><i class=\"first-icon fas fa-circle fa-stack-2x\"><\/i><i class=\"second-icon fal fa-flask fa-stack-1x\"><\/i><\/a><\/span><\/p>\n<h6 style=\"text-align: center;\"><a href=\"\/fr\/categorie-produit\/chimique\/\">Chimique<\/a><\/h6>\n<p>[\/vc_column_text][\/vc_column][vc_column width=&#8221;1\/5&#8243; el_class=&#8221;mob-col-2&#8243; css=&#8221;.vc_custom_1601284519997{background-image: url(https:\/\/www.trecieffe.it\/wp-content\/uploads\/2020\/09\/tabacco-icon-bg.png?id=17476) !important;}&#8221;][vc_column_text]<span class=\"custom-icon-fa fa-stack fa-2x center\" ><a class=\"anchor\" href=\"\/fr\/categorie-produit\/tabac\/\" target=\"_self\"><i class=\"first-icon fas fa-circle fa-stack-2x\"><\/i><i class=\"second-icon fal fa-leaf fa-stack-1x\"><\/i><\/a><\/span><\/p>\n<h6 style=\"text-align: center;\"><a href=\"\/fr\/categorie-produit\/tabac\/\">Tabac<\/a><\/h6>\n<p>[\/vc_column_text][\/vc_column][\/vc_row][vc_row css_animation=&#8221;&#8221; row_type=&#8221;row&#8221; use_row_as_full_screen_section=&#8221;no&#8221; type=&#8221;grid&#8221; angled_section=&#8221;no&#8221; text_align=&#8221;left&#8221; background_image_as_pattern=&#8221;without_pattern&#8221; z_index=&#8221;&#8221;][vc_column][vc_separator css_animation=&#8221;none&#8221; type=&#8221;normal&#8221; color=&#8221;#363636&#8243; up=&#8221;60&#8243; down=&#8221;40&#8243;][\/vc_column][\/vc_row][vc_row css_animation=&#8221;&#8221; row_type=&#8221;row&#8221; use_row_as_full_screen_section=&#8221;yes&#8221; type=&#8221;full_width&#8221; angled_section=&#8221;no&#8221; text_align=&#8221;left&#8221; background_image_as_pattern=&#8221;without_pattern&#8221; z_index=&#8221;&#8221; css=&#8221;.vc_custom_1572276089170{margin: 0px !important;padding: 0px !important;}&#8221;][vc_column css_animation=&#8221;fadeIn&#8221; css=&#8221;.vc_custom_1572275986403{padding-top: 60px !important;padding-right: 60px !important;padding-bottom: 60px !important;padding-left: 60px !important;background-color: #363636 !important;}&#8221;][vc_row_inner row_type=&#8221;row&#8221; type=&#8221;grid&#8221; text_align=&#8221;left&#8221; css_animation=&#8221;&#8221;][vc_column_inner width=&#8221;1\/6&#8243;][\/vc_column_inner][vc_column_inner width=&#8221;2\/3&#8243;][vc_column_text]<\/p>\n<h4 style=\"text-align: center;\">Toutes nos cuves ont \u00e9t\u00e9 con\u00e7ues et d\u00e9velopp\u00e9es pour r\u00e9pondre \u00e0 vos besoins.<\/h4>\n<p>&nbsp;<\/p>\n<p style=\"text-align: center;\">Les produits Trecieffe sont le r\u00e9sultat de la fusion entre recherche technologique continue, expertise artisanale dans le traitement de diff\u00e9rents types d\u2019acier inox, flexibilit\u00e9 \u00e9lev\u00e9e et soin m\u00e9ticuleux des d\u00e9tails. Chaque article peut \u00eatre personnalis\u00e9 sur la base de besoins sp\u00e9cifiques.<\/p>\n<p>[\/vc_column_text][vc_separator type=&#8221;transparent&#8221; up=&#8221;30&#8243; down=&#8221;30&#8243;][\/vc_column_inner][vc_column_inner width=&#8221;1\/6&#8243;][\/vc_column_inner][\/vc_row_inner][vc_row_inner row_type=&#8221;row&#8221; type=&#8221;grid&#8221; text_align=&#8221;center&#8221; css_animation=&#8221;&#8221;][vc_column_inner]<a  itemprop=\"url\" href=\"\/it\/tutti-i-prodotti\/\" target=\"_self\"  class=\"qbutton  big_large center default demande-btn trecieffe-btn-wrap\" style=\"\">D\u00e9couvrez tous nos produits<\/a><a  itemprop=\"url\" href=\"\/it\/il-tuo-preventivo\/\" target=\"_self\"  class=\"qbutton  big_large center default demande-btn trecieffe-btn-wrap\" style=\"\">Demandez un devis<\/a>[\/vc_column_inner][\/vc_row_inner][\/vc_column][\/vc_row]<\/p>\n<\/div>","protected":false},"excerpt":{"rendered":"<p>[vc_row css_animation=&#8221;&#8221; row_type=&#8221;row&#8221; use_row_as_full_screen_section=&#8221;no&#8221; type=&#8221;grid&#8221; angled_section=&#8221;no&#8221; text_align=&#8221;left&#8221; background_image_as_pattern=&#8221;without_pattern&#8221; css=&#8221;.vc_custom_1571642353329{padding-bottom: 30px !important;}&#8221; z_index=&#8221;&#8221; padding_top=&#8221;50&#8243;][vc_column offset=&#8221;vc_col-lg-8 vc_col-md-12 vc_col-xs-12&#8243;][vc_column_text] Nous concevons, fabriquons et installons des cuves en acier inoxydable sur mesure pour l&#8217;industrie vitivinicole, huili\u00e8re, alimentaire, chimique et du tabac. [\/vc_column_text][\/vc_column][\/vc_row][vc_row css_animation=&#8221;&#8221; row_type=&#8221;row&#8221; use_row_as_full_screen_section=&#8221;no&#8221; type=&#8221;grid&#8221; angled_section=&#8221;no&#8221; text_align=&#8221;left&#8221; background_image_as_pattern=&#8221;without_pattern&#8221;&#8230;<\/p>\n","protected":false},"author":1,"featured_media":0,"parent":0,"menu_order":0,"comment_status":"closed","ping_status":"closed","template":"full_width.php","meta":{"_acf_changed":false,"footnotes":""},"class_list":["post-16409","page","type-page","status-publish","hentry"],"acf":[],"yoast_head":"<!-- This site is optimized with the Yoast SEO plugin v26.0 - https:\/\/yoast.com\/wordpress\/plugins\/seo\/ -->\n<title>Secteur - Trecieffe - Cuves en acier inoxydable pour tous les secteurs<\/title>\n<meta name=\"description\" content=\"R\u00e9servoirs en acier inoxydable pour tous les secteurs : \u0152nologie, Huilerie, Food &amp; beverage, Chimie, Tabac.\" \/>\n<meta name=\"robots\" content=\"index, follow, max-snippet:-1, max-image-preview:large, max-video-preview:-1\" \/>\n<link rel=\"canonical\" href=\"https:\/\/www.trecieffe.it\/fr\/secteur\/\" \/>\n<meta property=\"og:locale\" content=\"fr_FR\" \/>\n<meta property=\"og:type\" content=\"article\" \/>\n<meta property=\"og:title\" content=\"Secteur - Trecieffe - Cuves en acier inoxydable pour tous les secteurs\" \/>\n<meta property=\"og:description\" content=\"R\u00e9servoirs en acier inoxydable pour tous les secteurs : \u0152nologie, Huilerie, Food &amp; beverage, Chimie, Tabac.\" \/>\n<meta property=\"og:url\" content=\"https:\/\/www.trecieffe.it\/fr\/secteur\/\" \/>\n<meta property=\"og:site_name\" content=\"Trecieffe\" \/>\n<meta property=\"article:modified_time\" content=\"2020-10-14T15:27:13+00:00\" \/>\n<meta name=\"twitter:card\" content=\"summary_large_image\" \/>\n<meta name=\"twitter:label1\" content=\"Dur\u00e9e de lecture estim\u00e9e\" \/>\n\t<meta name=\"twitter:data1\" content=\"3 minutes\" \/>\n<script type=\"application\/ld+json\" class=\"yoast-schema-graph\">{\"@context\":\"https:\/\/schema.org\",\"@graph\":[{\"@type\":\"WebPage\",\"@id\":\"https:\/\/www.trecieffe.it\/fr\/secteur\/\",\"url\":\"https:\/\/www.trecieffe.it\/fr\/secteur\/\",\"name\":\"Secteur - Trecieffe - Cuves en acier inoxydable pour tous les secteurs\",\"isPartOf\":{\"@id\":\"https:\/\/www.trecieffe.it\/fr\/#website\"},\"datePublished\":\"2019-11-13T12:02:24+00:00\",\"dateModified\":\"2020-10-14T15:27:13+00:00\",\"description\":\"R\u00e9servoirs en acier inoxydable pour tous les secteurs : \u0152nologie, Huilerie, Food & beverage, Chimie, Tabac.\",\"breadcrumb\":{\"@id\":\"https:\/\/www.trecieffe.it\/fr\/secteur\/#breadcrumb\"},\"inLanguage\":\"fr-FR\",\"potentialAction\":[{\"@type\":\"ReadAction\",\"target\":[\"https:\/\/www.trecieffe.it\/fr\/secteur\/\"]}]},{\"@type\":\"BreadcrumbList\",\"@id\":\"https:\/\/www.trecieffe.it\/fr\/secteur\/#breadcrumb\",\"itemListElement\":[{\"@type\":\"ListItem\",\"position\":1,\"name\":\"Home\",\"item\":\"https:\/\/www.trecieffe.it\/fr\/\"},{\"@type\":\"ListItem\",\"position\":2,\"name\":\"Secteur\"}]},{\"@type\":\"WebSite\",\"@id\":\"https:\/\/www.trecieffe.it\/fr\/#website\",\"url\":\"https:\/\/www.trecieffe.it\/fr\/\",\"name\":\"Trecieffe\",\"description\":\"Cuves en acier inoxydable pour tous les secteurs\",\"potentialAction\":[{\"@type\":\"SearchAction\",\"target\":{\"@type\":\"EntryPoint\",\"urlTemplate\":\"https:\/\/www.trecieffe.it\/fr\/?s={search_term_string}\"},\"query-input\":{\"@type\":\"PropertyValueSpecification\",\"valueRequired\":true,\"valueName\":\"search_term_string\"}}],\"inLanguage\":\"fr-FR\"}]}<\/script>\n<!-- \/ Yoast SEO plugin. -->","yoast_head_json":{"title":"Secteur - Trecieffe - Cuves en acier inoxydable pour tous les secteurs","description":"R\u00e9servoirs en acier inoxydable pour tous les secteurs : \u0152nologie, Huilerie, Food & beverage, Chimie, Tabac.","robots":{"index":"index","follow":"follow","max-snippet":"max-snippet:-1","max-image-preview":"max-image-preview:large","max-video-preview":"max-video-preview:-1"},"canonical":"https:\/\/www.trecieffe.it\/fr\/secteur\/","og_locale":"fr_FR","og_type":"article","og_title":"Secteur - Trecieffe - Cuves en acier inoxydable pour tous les secteurs","og_description":"R\u00e9servoirs en acier inoxydable pour tous les secteurs : \u0152nologie, Huilerie, Food & beverage, Chimie, Tabac.","og_url":"https:\/\/www.trecieffe.it\/fr\/secteur\/","og_site_name":"Trecieffe","article_modified_time":"2020-10-14T15:27:13+00:00","twitter_card":"summary_large_image","twitter_misc":{"Dur\u00e9e de lecture estim\u00e9e":"3 minutes"},"schema":{"@context":"https:\/\/schema.org","@graph":[{"@type":"WebPage","@id":"https:\/\/www.trecieffe.it\/fr\/secteur\/","url":"https:\/\/www.trecieffe.it\/fr\/secteur\/","name":"Secteur - Trecieffe - Cuves en acier inoxydable pour tous les secteurs","isPartOf":{"@id":"https:\/\/www.trecieffe.it\/fr\/#website"},"datePublished":"2019-11-13T12:02:24+00:00","dateModified":"2020-10-14T15:27:13+00:00","description":"R\u00e9servoirs en acier inoxydable pour tous les secteurs : \u0152nologie, Huilerie, Food & beverage, Chimie, Tabac.","breadcrumb":{"@id":"https:\/\/www.trecieffe.it\/fr\/secteur\/#breadcrumb"},"inLanguage":"fr-FR","potentialAction":[{"@type":"ReadAction","target":["https:\/\/www.trecieffe.it\/fr\/secteur\/"]}]},{"@type":"BreadcrumbList","@id":"https:\/\/www.trecieffe.it\/fr\/secteur\/#breadcrumb","itemListElement":[{"@type":"ListItem","position":1,"name":"Home","item":"https:\/\/www.trecieffe.it\/fr\/"},{"@type":"ListItem","position":2,"name":"Secteur"}]},{"@type":"WebSite","@id":"https:\/\/www.trecieffe.it\/fr\/#website","url":"https:\/\/www.trecieffe.it\/fr\/","name":"Trecieffe","description":"Cuves en acier inoxydable pour tous les secteurs","potentialAction":[{"@type":"SearchAction","target":{"@type":"EntryPoint","urlTemplate":"https:\/\/www.trecieffe.it\/fr\/?s={search_term_string}"},"query-input":{"@type":"PropertyValueSpecification","valueRequired":true,"valueName":"search_term_string"}}],"inLanguage":"fr-FR"}]}},"_links":{"self":[{"href":"https:\/\/www.trecieffe.it\/fr\/wp-json\/wp\/v2\/pages\/16409","targetHints":{"allow":["GET"]}}],"collection":[{"href":"https:\/\/www.trecieffe.it\/fr\/wp-json\/wp\/v2\/pages"}],"about":[{"href":"https:\/\/www.trecieffe.it\/fr\/wp-json\/wp\/v2\/types\/page"}],"author":[{"embeddable":true,"href":"https:\/\/www.trecieffe.it\/fr\/wp-json\/wp\/v2\/users\/1"}],"replies":[{"embeddable":true,"href":"https:\/\/www.trecieffe.it\/fr\/wp-json\/wp\/v2\/comments?post=16409"}],"version-history":[{"count":0,"href":"https:\/\/www.trecieffe.it\/fr\/wp-json\/wp\/v2\/pages\/16409\/revisions"}],"wp:attachment":[{"href":"https:\/\/www.trecieffe.it\/fr\/wp-json\/wp\/v2\/media?parent=16409"}],"curies":[{"name":"wp","href":"https:\/\/api.w.org\/{rel}","templated":true}]}}