{"id":16427,"date":"2019-11-13T15:32:41","date_gmt":"2019-11-13T14:32:41","guid":{"rendered":"https:\/\/www.trecieffe.it\/?page_id=16427"},"modified":"2023-06-21T16:49:26","modified_gmt":"2023-06-21T14:49:26","slug":"tous-les-produits","status":"publish","type":"page","link":"https:\/\/www.trecieffe.it\/fr\/tous-les-produits\/","title":{"rendered":"Tous les produits"},"content":{"rendered":"<div class=\"wpb-content-wrapper\"><p>[vc_row css_animation=&#8221;&#8221; row_type=&#8221;row&#8221; use_row_as_full_screen_section=&#8221;no&#8221; type=&#8221;grid&#8221; angled_section=&#8221;no&#8221; text_align=&#8221;left&#8221; background_image_as_pattern=&#8221;without_pattern&#8221; z_index=&#8221;&#8221;][vc_column][vc_separator type=&#8221;transparent&#8221; up=&#8221;30&#8243; down=&#8221;30&#8243;][vc_column_text]<\/p>\n<h2>Personnalisation<\/h2>\n<p>[\/vc_column_text][vc_separator type=&#8221;transparent&#8221; up=&#8221;30&#8243; down=&#8221;30&#8243;][vc_column_text]Nous produisons des cuves en acier inoxydable de renomm\u00e9e mondiale.<br \/>\nLes produits Trecieffe <strong>sont uniques, construits gr\u00e2ce<\/strong> \u00e0 notre attention m\u00e9ticuleuse aux <strong>d\u00e9tails<\/strong>, notre utilisation de la <strong>technologie<\/strong> et notre souci de la <strong>qualit\u00e9<\/strong>.[\/vc_column_text][vc_single_image image=&#8221;18220&#8243; img_size=&#8221;full&#8221; qode_css_animation=&#8221;&#8221;][\/vc_column][\/vc_row][vc_row css_animation=&#8221;&#8221; row_type=&#8221;row&#8221; use_row_as_full_screen_section=&#8221;no&#8221; type=&#8221;grid&#8221; angled_section=&#8221;no&#8221; text_align=&#8221;left&#8221; background_image_as_pattern=&#8221;without_pattern&#8221; z_index=&#8221;&#8221;][vc_column][vc_separator type=&#8221;transparent&#8221; up=&#8221;30&#8243; down=&#8221;30&#8243;][\/vc_column][\/vc_row][vc_row css_animation=&#8221;&#8221; row_type=&#8221;row&#8221; use_row_as_full_screen_section=&#8221;no&#8221; type=&#8221;grid&#8221; angled_section=&#8221;no&#8221; text_align=&#8221;left&#8221; background_image_as_pattern=&#8221;without_pattern&#8221; css=&#8221;.vc_custom_1601470385026{margin-top: 40px !important;margin-bottom: 40px !important;}&#8221; z_index=&#8221;&#8221; el_class=&#8221;tutti-settori-row&#8221;][vc_column][vc_column_text]<\/p>\n<h2>D\u00e9couvrez <span class=\"section_title_custom\">nos produits<\/span><\/h2>\n<p>[\/vc_column_text][vc_separator type=&#8221;transparent&#8221; up=&#8221;30&#8243; down=&#8221;30&#8243;][vc_row_inner row_type=&#8221;row&#8221; type=&#8221;full_width&#8221; text_align=&#8221;left&#8221; css_animation=&#8221;&#8221;][vc_column_inner el_class=&#8221;mob-col-2&#8243; width=&#8221;1\/6&#8243;][vc_single_image image=&#8221;17255&#8243; alignment=&#8221;center&#8221; qode_css_animation=&#8221;&#8221;][vc_column_text]<\/p>\n<h5 style=\"text-align: center;\"><a class=\"linkone\" href=\"\/fr\/cuve-cylindrique\">Cylindrique<\/a><\/h5>\n<p>[\/vc_column_text][\/vc_column_inner][vc_column_inner el_class=&#8221;mob-col-2&#8243; width=&#8221;1\/6&#8243;][vc_single_image image=&#8221;17275&#8243; alignment=&#8221;center&#8221; qode_css_animation=&#8221;&#8221;][vc_column_text]<\/p>\n<h5 style=\"text-align: center;\"><a class=\"linkone\" href=\"\/fr\/cuve-parallelepipedique\">Parall\u00e9l\u00e9pip\u00e9dique<\/a><\/h5>\n<p>[\/vc_column_text][\/vc_column_inner][vc_column_inner el_class=&#8221;mob-col-2&#8243; width=&#8221;1\/6&#8243;][vc_single_image image=&#8221;17259&#8243; alignment=&#8221;center&#8221; qode_css_animation=&#8221;&#8221;][vc_column_text]<\/p>\n<h5 style=\"text-align: center;\"><a class=\"linkone\" href=\"\/fr\/cuve-tronconique\">Tronconique<\/a><\/h5>\n<p>[\/vc_column_text][\/vc_column_inner][vc_column_inner el_class=&#8221;mob-col-2&#8243; width=&#8221;1\/6&#8243;][vc_single_image image=&#8221;17279&#8243; alignment=&#8221;center&#8221; qode_css_animation=&#8221;&#8221;][vc_column_text]<\/p>\n<h5 style=\"text-align: center;\"><a class=\"linkone\" href=\"\/fr\/autoclave\">Autoclave<\/a><\/h5>\n<p>[\/vc_column_text][\/vc_column_inner][vc_column_inner el_class=&#8221;mob-col-2&#8243; width=&#8221;1\/6&#8243;][vc_single_image image=&#8221;17267&#8243; alignment=&#8221;center&#8221; qode_css_animation=&#8221;&#8221;][vc_column_text]<\/p>\n<h5 style=\"text-align: center;\"><a class=\"linkone\" href=\"\/fr\/autres-formes\">Autres formes<\/a><\/h5>\n<p>[\/vc_column_text][\/vc_column_inner][vc_column_inner el_class=&#8221;mob-col-2&#8243; width=&#8221;1\/6&#8243;][vc_single_image image=&#8221;17295&#8243; alignment=&#8221;center&#8221; qode_css_animation=&#8221;&#8221;][vc_column_text]<\/p>\n<h5 style=\"text-align: center;\"><a class=\"linkone\" style=\"font-size: 14px;\" href=\"\/fr\/escaliers-passerelles-et-paliers\">Escaliers,<br \/>\npasserelles et paliers<\/a><\/h5>\n<p>[\/vc_column_text][\/vc_column_inner][\/vc_row_inner][\/vc_column][\/vc_row][vc_row css_animation=&#8221;&#8221; row_type=&#8221;row&#8221; use_row_as_full_screen_section=&#8221;no&#8221; type=&#8221;grid&#8221; angled_section=&#8221;no&#8221; text_align=&#8221;left&#8221; background_image_as_pattern=&#8221;without_pattern&#8221; z_index=&#8221;&#8221;][vc_column][vc_separator type=&#8221;transparent&#8221; up=&#8221;60&#8243; down=&#8221;60&#8243;][\/vc_column][\/vc_row][vc_row css_animation=&#8221;&#8221; row_type=&#8221;row&#8221; use_row_as_full_screen_section=&#8221;no&#8221; type=&#8221;grid&#8221; angled_section=&#8221;no&#8221; text_align=&#8221;left&#8221; background_image_as_pattern=&#8221;without_pattern&#8221; z_index=&#8221;&#8221;][vc_column][vc_row_inner row_type=&#8221;row&#8221; type=&#8221;full_width&#8221; text_align=&#8221;left&#8221; css_animation=&#8221;&#8221;][vc_column_inner width=&#8221;1\/2&#8243;][vc_column_text]<\/p>\n<h2>Produits <span class=\"section_title_custom\">sur mesure<\/span><\/h2>\n<p>[\/vc_column_text][vc_separator type=&#8221;transparent&#8221;][vc_column_text]<\/p>\n<p class=\"p1\"><span class=\"s1\">Trecieffe doit son succ\u00e8s \u00e0 sa capacit\u00e9 de <\/span><span class=\"s2\"><b>r\u00e9pondre aux besoins des clients en leur fournissant des solutions uniques et sur mesure<\/b><\/span><span class=\"s1\">. Les r\u00eaves des clients Trecieffe ont \u00e9t\u00e9 r\u00e9alis\u00e9s gr\u00e2ce \u00e0 l\u2019exp\u00e9rience et au savoir-faire acquis par l\u2019entreprise. <\/span><\/p>\n<p class=\"p1\"><span class=\"s1\">Les solutions techniquement avanc\u00e9es de Trecieffe offrent un soin esth\u00e9tique du design qui repr\u00e9sente une valeur ajout\u00e9e pour les entreprises qui veulent exploiter leurs installations \u00e9galement pour des buts touristiques ou \u0153notouristiques, en permettant ainsi d\u2019avoir un retour sur l\u2019investissement plus rapide.<\/span><\/p>\n<p>[\/vc_column_text][\/vc_column_inner][vc_column_inner width=&#8221;1\/2&#8243;][vc_single_image image=&#8221;18280&#8243; img_size=&#8221;full&#8221; qode_css_animation=&#8221;&#8221;][\/vc_column_inner][\/vc_row_inner][\/vc_column][\/vc_row][vc_row css_animation=&#8221;&#8221; row_type=&#8221;row&#8221; use_row_as_full_screen_section=&#8221;no&#8221; type=&#8221;grid&#8221; angled_section=&#8221;no&#8221; text_align=&#8221;left&#8221; background_image_as_pattern=&#8221;without_pattern&#8221; z_index=&#8221;&#8221;][vc_column][vc_separator type=&#8221;transparent&#8221; up=&#8221;60&#8243; down=&#8221;60&#8243;][vc_column_text]<\/p>\n<h2>Libre de choisir <span class=\"section_title_custom\">votre style<\/span><\/h2>\n<p>[\/vc_column_text][vc_separator type=&#8221;transparent&#8221; up=&#8221;60&#8243; down=&#8221;60&#8243;][vc_row_inner row_type=&#8221;row&#8221; type=&#8221;full_width&#8221; text_align=&#8221;left&#8221; css_animation=&#8221;&#8221;][vc_column_inner width=&#8221;1\/4&#8243;][vc_single_image image=&#8221;18248&#8243; img_size=&#8221;full&#8221; qode_css_animation=&#8221;&#8221;][vc_separator type=&#8221;normal&#8221; up=&#8221;7&#8243; down=&#8221;34&#8243;][\/vc_column_inner][vc_column_inner width=&#8221;1\/4&#8243;][vc_single_image image=&#8221;18245&#8243; img_size=&#8221;full&#8221; qode_css_animation=&#8221;&#8221;][vc_separator type=&#8221;normal&#8221; up=&#8221;7&#8243; down=&#8221;34&#8243;][\/vc_column_inner][vc_column_inner width=&#8221;1\/4&#8243;][vc_single_image image=&#8221;18242&#8243; img_size=&#8221;full&#8221; qode_css_animation=&#8221;&#8221;][vc_separator type=&#8221;normal&#8221; up=&#8221;7&#8243; down=&#8221;34&#8243;][\/vc_column_inner][vc_column_inner width=&#8221;1\/4&#8243;][vc_single_image image=&#8221;18239&#8243; img_size=&#8221;full&#8221; qode_css_animation=&#8221;&#8221;][vc_separator type=&#8221;normal&#8221; up=&#8221;7&#8243; down=&#8221;34&#8243;][\/vc_column_inner][\/vc_row_inner][vc_separator type=&#8221;transparent&#8221; up=&#8221;60&#8243; down=&#8221;60&#8243;][\/vc_column][\/vc_row][vc_row css_animation=&#8221;&#8221; row_type=&#8221;row&#8221; use_row_as_full_screen_section=&#8221;no&#8221; type=&#8221;full_width&#8221; angled_section=&#8221;no&#8221; text_align=&#8221;left&#8221; background_image_as_pattern=&#8221;without_pattern&#8221; z_index=&#8221;&#8221; el_class=&#8221;crosato_wrap&#8221; css=&#8221;.vc_custom_1570103216629{background-image: url(https:\/\/www.trecieffe.it\/wp-content\/uploads\/2019\/10\/BG.png?id=15054) !important;background-position: center !important;background-repeat: no-repeat !important;background-size: cover !important;}&#8221;][vc_column][vc_row_inner row_type=&#8221;row&#8221; type=&#8221;grid&#8221; text_align=&#8221;left&#8221; css_animation=&#8221;&#8221; el_class=&#8221;crosato_inner_wrap&#8221;][vc_column_inner el_class=&#8221;crosato_img_wrap&#8221; width=&#8221;1\/2&#8243;]<div class=\"qode-advanced-image-gallery rotate-image-wrap crosato_img_cls qode-aig-grid-type qode-no-space   \">\n\t<div class=\"qode-aig-inner qode-outer-space qode-aig-grid qode-aig-two-columns\">\n\t\t\t\t\t<div class=\"qode-aig-image qode-item-space\">\n\t\t\t\t<div class=\"qode-aig-image-inner\">\n\t\t\t\t\t\t\t\t\t\t\t<img loading=\"lazy\" decoding=\"async\" width=\"404\" height=\"520\" src=\"https:\/\/www.trecieffe.it\/wp-content\/uploads\/2023\/06\/Andrea-Rigon-1.png\" class=\"attachment-full size-full\" alt=\"Andrea Rigon\" srcset=\"https:\/\/www.trecieffe.it\/wp-content\/uploads\/2023\/06\/Andrea-Rigon-1.png 404w, https:\/\/www.trecieffe.it\/wp-content\/uploads\/2023\/06\/Andrea-Rigon-1-233x300.png 233w\" sizes=\"auto, (max-width: 404px) 100vw, 404px\" \/>\t\t\t\t\t\t<span class=\"aig-gallery-hover\">\n\t\t\t\t\t\t\t\t\t\t\t\t\t<\/span>\n\t\t\t\t\t\t\t\t\t<\/div>\n\t\t\t<\/div>\n\t\t\t\t\t<div class=\"qode-aig-image qode-item-space\">\n\t\t\t\t<div class=\"qode-aig-image-inner\">\n\t\t\t\t\t\t\t\t\t\t\t<img loading=\"lazy\" decoding=\"async\" width=\"404\" height=\"520\" src=\"https:\/\/www.trecieffe.it\/wp-content\/uploads\/2022\/10\/trecieffe_team_marco.png\" class=\"attachment-full size-full\" alt=\"Marco Crosato\" srcset=\"https:\/\/www.trecieffe.it\/wp-content\/uploads\/2022\/10\/trecieffe_team_marco.png 404w, https:\/\/www.trecieffe.it\/wp-content\/uploads\/2022\/10\/trecieffe_team_marco-233x300.png 233w\" sizes=\"auto, (max-width: 404px) 100vw, 404px\" \/>\t\t\t\t\t\t<span class=\"aig-gallery-hover\">\n\t\t\t\t\t\t\t\t\t\t\t\t\t<\/span>\n\t\t\t\t\t\t\t\t\t<\/div>\n\t\t\t<\/div>\n\t\t\t\t\t<div class=\"qode-aig-image qode-item-space\">\n\t\t\t\t<div class=\"qode-aig-image-inner\">\n\t\t\t\t\t\t\t\t\t\t\t<img loading=\"lazy\" decoding=\"async\" width=\"404\" height=\"520\" src=\"https:\/\/www.trecieffe.it\/wp-content\/uploads\/2022\/10\/trecieffe_team_ivo.png\" class=\"attachment-full size-full\" alt=\"Ivo Crosato\" srcset=\"https:\/\/www.trecieffe.it\/wp-content\/uploads\/2022\/10\/trecieffe_team_ivo.png 404w, https:\/\/www.trecieffe.it\/wp-content\/uploads\/2022\/10\/trecieffe_team_ivo-233x300.png 233w\" sizes=\"auto, (max-width: 404px) 100vw, 404px\" \/>\t\t\t\t\t\t<span class=\"aig-gallery-hover\">\n\t\t\t\t\t\t\t\t\t\t\t\t\t<\/span>\n\t\t\t\t\t\t\t\t\t<\/div>\n\t\t\t<\/div>\n\t\t\t\t\t<div class=\"qode-aig-image qode-item-space\">\n\t\t\t\t<div class=\"qode-aig-image-inner\">\n\t\t\t\t\t\t\t\t\t\t\t<img loading=\"lazy\" decoding=\"async\" width=\"404\" height=\"520\" src=\"https:\/\/www.trecieffe.it\/wp-content\/uploads\/2022\/10\/trecieffe_team_giovanni.png\" class=\"attachment-full size-full\" alt=\"Giovanni Dassie\" srcset=\"https:\/\/www.trecieffe.it\/wp-content\/uploads\/2022\/10\/trecieffe_team_giovanni.png 404w, https:\/\/www.trecieffe.it\/wp-content\/uploads\/2022\/10\/trecieffe_team_giovanni-233x300.png 233w\" sizes=\"auto, (max-width: 404px) 100vw, 404px\" \/>\t\t\t\t\t\t<span class=\"aig-gallery-hover\">\n\t\t\t\t\t\t\t\t\t\t\t\t\t<\/span>\n\t\t\t\t\t\t\t\t\t<\/div>\n\t\t\t<\/div>\n\t\t\t<\/div>\n<\/div>[\/vc_column_inner][vc_column_inner el_class=&#8221;crosato_content_wrap&#8221; width=&#8221;1\/2&#8243;][vc_column_text el_class=&#8221;crosato_head_wrap rotate-image-alt&#8221;]<\/p>\n<h2>Je suis<br \/>\n<span class=\"section_title_custom\">Andrea Rigon<\/span><\/h2>\n<p>[\/vc_column_text][vc_separator type=&#8221;transparent&#8221; up=&#8221;35&#8243; down=&#8221;0&#8243;][vc_column_text el_class=&#8221;crosato_desc_wrap&#8221;]<\/p>\n<p class=\"tw-data-text tw-text-large tw-ta\" dir=\"ltr\" data-placeholder=\"Traduzione\"><span lang=\"fr\" tabindex=\"0\">Votre commercial d\u00e9di\u00e9 Trecieffe.<br \/>\n<\/span>[vc_separator type=&#8221;transparent&#8221; position=&#8221;center&#8221; up=&#8221;7&#8243; down=&#8221;7&#8243;]<strong>Contactez-moi <\/strong>pour analyser vos exigences et identifier la meilleure solution pour vous.<\/p>\n<p>[\/vc_column_text][vc_separator type=&#8221;transparent&#8221; up=&#8221;40&#8243; down=&#8221;0&#8243;]<a  itemprop=\"url\" href=\"\/fr\/votre-devis\/\" target=\"_self\"  class=\"qbutton  big_large default crosato_btn_wrap trecieffe-btn-wrap\" style=\"color: #ffffff; background-color: #23ccf0;\">Contactez-nous<\/a>[\/vc_column_inner][\/vc_row_inner][\/vc_column][\/vc_row]<\/p>\n<\/div>","protected":false},"excerpt":{"rendered":"<p>[vc_row css_animation=&#8221;&#8221; row_type=&#8221;row&#8221; use_row_as_full_screen_section=&#8221;no&#8221; type=&#8221;grid&#8221; angled_section=&#8221;no&#8221; text_align=&#8221;left&#8221; background_image_as_pattern=&#8221;without_pattern&#8221; z_index=&#8221;&#8221;][vc_column][vc_separator type=&#8221;transparent&#8221; up=&#8221;30&#8243; down=&#8221;30&#8243;][vc_column_text] Personnalisation [\/vc_column_text][vc_separator type=&#8221;transparent&#8221; up=&#8221;30&#8243; down=&#8221;30&#8243;][vc_column_text]Nous produisons des cuves en acier inoxydable de renomm\u00e9e mondiale. Les produits Trecieffe sont uniques, construits gr\u00e2ce \u00e0 notre attention m\u00e9ticuleuse aux d\u00e9tails, notre utilisation de la technologie et&#8230;<\/p>\n","protected":false},"author":1,"featured_media":0,"parent":0,"menu_order":0,"comment_status":"closed","ping_status":"closed","template":"full_width.php","meta":{"_acf_changed":false,"footnotes":""},"class_list":["post-16427","page","type-page","status-publish","hentry"],"acf":[],"yoast_head":"<!-- This site is optimized with the Yoast SEO plugin v26.0 - https:\/\/yoast.com\/wordpress\/plugins\/seo\/ -->\n<title>Tous les produits - Trecieffe - Cuves en acier inoxydable pour tous les secteurs<\/title>\n<meta name=\"description\" content=\"Les produits Trecieffe sont uniques, construits gr\u00e2ce \u00e0 notre attention m\u00e9ticuleuse aux d\u00e9tails, notre utilisation de la technologie et notre souci de la qualit\u00e9.\" \/>\n<meta name=\"robots\" content=\"index, follow, max-snippet:-1, max-image-preview:large, max-video-preview:-1\" \/>\n<link rel=\"canonical\" href=\"https:\/\/www.trecieffe.it\/fr\/tous-les-produits\/\" \/>\n<meta property=\"og:locale\" content=\"fr_FR\" \/>\n<meta property=\"og:type\" content=\"article\" \/>\n<meta property=\"og:title\" content=\"Tous les produits - Trecieffe - Cuves en acier inoxydable pour tous les secteurs\" \/>\n<meta property=\"og:description\" content=\"Les produits Trecieffe sont uniques, construits gr\u00e2ce \u00e0 notre attention m\u00e9ticuleuse aux d\u00e9tails, notre utilisation de la technologie et notre souci de la qualit\u00e9.\" \/>\n<meta property=\"og:url\" content=\"https:\/\/www.trecieffe.it\/fr\/tous-les-produits\/\" \/>\n<meta property=\"og:site_name\" content=\"Trecieffe\" \/>\n<meta property=\"article:modified_time\" content=\"2023-06-21T14:49:26+00:00\" \/>\n<meta name=\"twitter:card\" content=\"summary_large_image\" \/>\n<meta name=\"twitter:label1\" content=\"Dur\u00e9e de lecture estim\u00e9e\" \/>\n\t<meta name=\"twitter:data1\" content=\"3 minutes\" \/>\n<script type=\"application\/ld+json\" class=\"yoast-schema-graph\">{\"@context\":\"https:\/\/schema.org\",\"@graph\":[{\"@type\":\"WebPage\",\"@id\":\"https:\/\/www.trecieffe.it\/fr\/tous-les-produits\/\",\"url\":\"https:\/\/www.trecieffe.it\/fr\/tous-les-produits\/\",\"name\":\"Tous les produits - Trecieffe - Cuves en acier inoxydable pour tous les secteurs\",\"isPartOf\":{\"@id\":\"https:\/\/www.trecieffe.it\/fr\/#website\"},\"datePublished\":\"2019-11-13T14:32:41+00:00\",\"dateModified\":\"2023-06-21T14:49:26+00:00\",\"description\":\"Les produits Trecieffe sont uniques, construits gr\u00e2ce \u00e0 notre attention m\u00e9ticuleuse aux d\u00e9tails, notre utilisation de la technologie et notre souci de la qualit\u00e9.\",\"breadcrumb\":{\"@id\":\"https:\/\/www.trecieffe.it\/fr\/tous-les-produits\/#breadcrumb\"},\"inLanguage\":\"fr-FR\",\"potentialAction\":[{\"@type\":\"ReadAction\",\"target\":[\"https:\/\/www.trecieffe.it\/fr\/tous-les-produits\/\"]}]},{\"@type\":\"BreadcrumbList\",\"@id\":\"https:\/\/www.trecieffe.it\/fr\/tous-les-produits\/#breadcrumb\",\"itemListElement\":[{\"@type\":\"ListItem\",\"position\":1,\"name\":\"Home\",\"item\":\"https:\/\/www.trecieffe.it\/fr\/\"},{\"@type\":\"ListItem\",\"position\":2,\"name\":\"Tous les produits\"}]},{\"@type\":\"WebSite\",\"@id\":\"https:\/\/www.trecieffe.it\/fr\/#website\",\"url\":\"https:\/\/www.trecieffe.it\/fr\/\",\"name\":\"Trecieffe\",\"description\":\"Cuves en acier inoxydable pour tous les secteurs\",\"potentialAction\":[{\"@type\":\"SearchAction\",\"target\":{\"@type\":\"EntryPoint\",\"urlTemplate\":\"https:\/\/www.trecieffe.it\/fr\/?s={search_term_string}\"},\"query-input\":{\"@type\":\"PropertyValueSpecification\",\"valueRequired\":true,\"valueName\":\"search_term_string\"}}],\"inLanguage\":\"fr-FR\"}]}<\/script>\n<!-- \/ Yoast SEO plugin. -->","yoast_head_json":{"title":"Tous les produits - Trecieffe - Cuves en acier inoxydable pour tous les secteurs","description":"Les produits Trecieffe sont uniques, construits gr\u00e2ce \u00e0 notre attention m\u00e9ticuleuse aux d\u00e9tails, notre utilisation de la technologie et notre souci de la qualit\u00e9.","robots":{"index":"index","follow":"follow","max-snippet":"max-snippet:-1","max-image-preview":"max-image-preview:large","max-video-preview":"max-video-preview:-1"},"canonical":"https:\/\/www.trecieffe.it\/fr\/tous-les-produits\/","og_locale":"fr_FR","og_type":"article","og_title":"Tous les produits - Trecieffe - Cuves en acier inoxydable pour tous les secteurs","og_description":"Les produits Trecieffe sont uniques, construits gr\u00e2ce \u00e0 notre attention m\u00e9ticuleuse aux d\u00e9tails, notre utilisation de la technologie et notre souci de la qualit\u00e9.","og_url":"https:\/\/www.trecieffe.it\/fr\/tous-les-produits\/","og_site_name":"Trecieffe","article_modified_time":"2023-06-21T14:49:26+00:00","twitter_card":"summary_large_image","twitter_misc":{"Dur\u00e9e de lecture estim\u00e9e":"3 minutes"},"schema":{"@context":"https:\/\/schema.org","@graph":[{"@type":"WebPage","@id":"https:\/\/www.trecieffe.it\/fr\/tous-les-produits\/","url":"https:\/\/www.trecieffe.it\/fr\/tous-les-produits\/","name":"Tous les produits - Trecieffe - Cuves en acier inoxydable pour tous les secteurs","isPartOf":{"@id":"https:\/\/www.trecieffe.it\/fr\/#website"},"datePublished":"2019-11-13T14:32:41+00:00","dateModified":"2023-06-21T14:49:26+00:00","description":"Les produits Trecieffe sont uniques, construits gr\u00e2ce \u00e0 notre attention m\u00e9ticuleuse aux d\u00e9tails, notre utilisation de la technologie et notre souci de la qualit\u00e9.","breadcrumb":{"@id":"https:\/\/www.trecieffe.it\/fr\/tous-les-produits\/#breadcrumb"},"inLanguage":"fr-FR","potentialAction":[{"@type":"ReadAction","target":["https:\/\/www.trecieffe.it\/fr\/tous-les-produits\/"]}]},{"@type":"BreadcrumbList","@id":"https:\/\/www.trecieffe.it\/fr\/tous-les-produits\/#breadcrumb","itemListElement":[{"@type":"ListItem","position":1,"name":"Home","item":"https:\/\/www.trecieffe.it\/fr\/"},{"@type":"ListItem","position":2,"name":"Tous les produits"}]},{"@type":"WebSite","@id":"https:\/\/www.trecieffe.it\/fr\/#website","url":"https:\/\/www.trecieffe.it\/fr\/","name":"Trecieffe","description":"Cuves en acier inoxydable pour tous les secteurs","potentialAction":[{"@type":"SearchAction","target":{"@type":"EntryPoint","urlTemplate":"https:\/\/www.trecieffe.it\/fr\/?s={search_term_string}"},"query-input":{"@type":"PropertyValueSpecification","valueRequired":true,"valueName":"search_term_string"}}],"inLanguage":"fr-FR"}]}},"_links":{"self":[{"href":"https:\/\/www.trecieffe.it\/fr\/wp-json\/wp\/v2\/pages\/16427","targetHints":{"allow":["GET"]}}],"collection":[{"href":"https:\/\/www.trecieffe.it\/fr\/wp-json\/wp\/v2\/pages"}],"about":[{"href":"https:\/\/www.trecieffe.it\/fr\/wp-json\/wp\/v2\/types\/page"}],"author":[{"embeddable":true,"href":"https:\/\/www.trecieffe.it\/fr\/wp-json\/wp\/v2\/users\/1"}],"replies":[{"embeddable":true,"href":"https:\/\/www.trecieffe.it\/fr\/wp-json\/wp\/v2\/comments?post=16427"}],"version-history":[{"count":11,"href":"https:\/\/www.trecieffe.it\/fr\/wp-json\/wp\/v2\/pages\/16427\/revisions"}],"predecessor-version":[{"id":18921,"href":"https:\/\/www.trecieffe.it\/fr\/wp-json\/wp\/v2\/pages\/16427\/revisions\/18921"}],"wp:attachment":[{"href":"https:\/\/www.trecieffe.it\/fr\/wp-json\/wp\/v2\/media?parent=16427"}],"curies":[{"name":"wp","href":"https:\/\/api.w.org\/{rel}","templated":true}]}}