{"id":18846,"date":"2023-06-08T14:13:00","date_gmt":"2023-06-08T12:13:00","guid":{"rendered":"https:\/\/www.trecieffe.it\/?page_id=18846"},"modified":"2024-04-19T15:30:52","modified_gmt":"2024-04-19T13:30:52","slug":"ils-parlent-de-nous","status":"publish","type":"page","link":"https:\/\/www.trecieffe.it\/fr\/ils-parlent-de-nous\/","title":{"rendered":"Ils parlent de nous"},"content":{"rendered":"<div class=\"wpb-content-wrapper\"><p>[vc_row css_animation=&#8221;&#8221; row_type=&#8221;row&#8221; use_row_as_full_screen_section=&#8221;no&#8221; type=&#8221;full_width&#8221; angled_section=&#8221;no&#8221; text_align=&#8221;center&#8221; background_image_as_pattern=&#8221;without_pattern&#8221; z_index=&#8221;&#8221;][vc_column][vc_separator type=&#8221;normal&#8221; transparency=&#8221;0&#8243;][vc_row_inner row_type=&#8221;row&#8221; type=&#8221;full_width&#8221; text_align=&#8221;center&#8221; css_animation=&#8221;&#8221; anchor=&#8221;i-grandi-vini&#8221;][vc_column_inner][vc_single_image image=&#8221;18830&#8243; img_size=&#8221;full&#8221; qode_css_animation=&#8221;&#8221;][\/vc_column_inner][\/vc_row_inner][\/vc_column][\/vc_row][vc_row css_animation=&#8221;&#8221; row_type=&#8221;row&#8221; use_row_as_full_screen_section=&#8221;no&#8221; type=&#8221;full_width&#8221; angled_section=&#8221;no&#8221; text_align=&#8221;left&#8221; background_image_as_pattern=&#8221;without_pattern&#8221; z_index=&#8221;&#8221; css=&#8221;.vc_custom_1686221349997{margin-bottom: 50px !important;}&#8221;][vc_column width=&#8221;1\/2&#8243;][vc_separator type=&#8221;normal&#8221; transparency=&#8221;0&#8243;][vc_column_text]<\/p>\n<h4 style=\"text-align: left;\"><strong>&#8220;DES SOLUTIONS DE POINTE POUR LE MONDE DU VIN&#8221;<\/strong><\/h4>\n<p>[\/vc_column_text][vc_column_text]<\/p>\n<p style=\"text-align: left;\">Trecieffe, active depuis 1984, propose des solutions innovantes et personnalis\u00e9es pour le secteur du vin et autres, en utilisant de l&#8217;acier inoxydable certifi\u00e9. L&#8217;entreprise g\u00e8re l&#8217;ensemble du processus de production, du concept au produit fini, avec des brevets technologiquement avanc\u00e9s et en conformit\u00e9 avec la norme ISO 9001.<\/p>\n<p>[\/vc_column_text][vc_separator type=&#8221;normal&#8221; transparency=&#8221;0&#8243;]<a  itemprop=\"url\" href=\"https:\/\/www.trecieffe.it\/wp-content\/uploads\/2023\/06\/I-Grandi-Vini-2022.pdf\" target=\"_blank\"  class=\"qbutton  large center default\" style=\"text-transform: uppercase; \">LISEZ ENTI\u00c8REMENT L'ARTICLE<\/a>[vc_separator type=&#8221;transparent&#8221;][\/vc_column][vc_column width=&#8221;1\/2&#8243;][vc_separator type=&#8221;normal&#8221; transparency=&#8221;0&#8243;][vc_column_text]<\/p>\n<h4 style=\"text-align: left;\"><strong>&#8220;TRECIEFFE : R\u00c9ALIT\u00c9 \u00c0 360\u00b0&#8221;<\/strong><\/h4>\n<p>[\/vc_column_text][vc_column_text]<\/p>\n<p style=\"text-align: left;\">Fort de 40 ans d&#8217;exp\u00e9rience, Trecieffe con\u00e7oit des cuve en acier inoxydable sur mesure et pr\u00e9sente &#8220;Virtual Innovation&#8221;, un syst\u00e8me de simulation qui anticipe la cr\u00e9ation d&#8217;environnements et de structures. Cet outil de r\u00e9alit\u00e9 virtuelle am\u00e9liore l&#8217;efficacit\u00e9, r\u00e9duit les erreurs et favorise une collaboration entre l&#8217;entreprise, le client et l&#8217;architecte.<\/p>\n<p>[\/vc_column_text][vc_separator type=&#8221;transparent&#8221;]<a  itemprop=\"url\" href=\"https:\/\/www.trecieffe.it\/wp-content\/uploads\/2023\/06\/I-Grandi-Vini-febbraio-2023.pdf\" target=\"_blank\"  class=\"qbutton  large center default\" style=\"text-transform: uppercase; \">LISEZ ENTI\u00c8REMENT L'ARTICLE<\/a>[vc_separator type=&#8221;transparent&#8221;][\/vc_column][\/vc_row][vc_row css_animation=&#8221;&#8221; row_type=&#8221;row&#8221; use_row_as_full_screen_section=&#8221;no&#8221; type=&#8221;full_width&#8221; angled_section=&#8221;no&#8221; text_align=&#8221;center&#8221; background_image_as_pattern=&#8221;without_pattern&#8221; z_index=&#8221;&#8221;][vc_column][vc_separator type=&#8221;normal&#8221; transparency=&#8221;0&#8243;][vc_row_inner row_type=&#8221;row&#8221; type=&#8221;full_width&#8221; text_align=&#8221;center&#8221; css_animation=&#8221;&#8221; anchor=&#8221;i-grandi-vini&#8221;][vc_column_inner][vc_single_image image=&#8221;18814&#8243; img_size=&#8221;full&#8221; qode_css_animation=&#8221;&#8221;][\/vc_column_inner][\/vc_row_inner][\/vc_column][\/vc_row][vc_row css_animation=&#8221;&#8221; row_type=&#8221;row&#8221; use_row_as_full_screen_section=&#8221;no&#8221; type=&#8221;full_width&#8221; angled_section=&#8221;no&#8221; text_align=&#8221;left&#8221; background_image_as_pattern=&#8221;without_pattern&#8221; z_index=&#8221;&#8221; css=&#8221;.vc_custom_1686240510312{margin-bottom: 50px !important;}&#8221; anchor=&#8221;il-corriere-vinicolo&#8221;][vc_column width=&#8221;1\/2&#8243;][vc_separator type=&#8221;transparent&#8221;][vc_column_text]<\/p>\n<h4 style=\"text-align: left;\"><strong>&#8220;NE LES APPELEZ PAS JUSTE DES CUVE&#8221;<\/strong><\/h4>\n<p>[\/vc_column_text][vc_column_text]<\/p>\n<p style=\"text-align: left;\">Trecieffe combine la puissance productive d&#8217;une industrie \u00e0 grande \u00e9chelle avec une approche artisanale, mettant l&#8217;accent sur le souci du d\u00e9tail et l&#8217;attention au client. Gr\u00e2ce \u00e0 une recherche et un d\u00e9veloppement intenses, la soci\u00e9t\u00e9 propose des produits et services innovants, notamment un syst\u00e8me de conception de cave virtuelle hyperr\u00e9aliste et une technologie \u00e0 venir pour la fermentation du mo\u00fbt sans sulfites ajout\u00e9s.<\/p>\n<p>[\/vc_column_text][vc_separator type=&#8221;transparent&#8221;]<a  itemprop=\"url\" href=\"https:\/\/www.trecieffe.it\/wp-content\/uploads\/2023\/06\/corriere-vinicolo-TRECIEFFE-marzo-23-min.pdf\" target=\"_blank\"  class=\"qbutton  large center default\" style=\"text-transform: uppercase; \">LISEZ ENTI\u00c8REMENT L'ARTICLE<\/a>[vc_separator type=&#8221;transparent&#8221;][\/vc_column][vc_column width=&#8221;1\/2&#8243;][vc_separator type=&#8221;transparent&#8221;][vc_column_text]<\/p>\n<h4 style=\"text-align: left;\"><strong>&#8220;LA CONCEPTION VIRTUELLE DES ESPACES EN CAVE&#8221;<\/strong><\/h4>\n<p>[\/vc_column_text][vc_column_text]<\/p>\n<p style=\"text-align: left;\">Trecieffe, active depuis 1984, est sp\u00e9cialis\u00e9e dans la production de r\u00e9servoirs en acier inoxydable sur mesure, suivant les normes ISO 9001. L&#8217;innovation est fondamentale pour l&#8217;entreprise, qui utilise &#8220;l&#8217;innovation virtuelle&#8221; pour simuler des projets pr\u00e9cis et efficaces, garantissant une livraison rapide et de haute qualit\u00e9, des produits techniquement avanc\u00e9s et parfaitement adapt\u00e9s.<\/p>\n<p>[\/vc_column_text][vc_separator type=&#8221;transparent&#8221;]<a  itemprop=\"url\" href=\"https:\/\/www.trecieffe.it\/wp-content\/uploads\/2024\/04\/40-anni-di-successi-Trecieffe.pdf\" target=\"_blank\"  class=\"qbutton  large center default\" style=\"text-transform: uppercase; \">LISEZ ENTI\u00c8REMENT L'ARTICLE<\/a>[vc_separator type=&#8221;transparent&#8221;][\/vc_column][\/vc_row][vc_row css_animation=&#8221;&#8221; row_type=&#8221;row&#8221; use_row_as_full_screen_section=&#8221;no&#8221; type=&#8221;full_width&#8221; angled_section=&#8221;no&#8221; text_align=&#8221;center&#8221; background_image_as_pattern=&#8221;without_pattern&#8221; z_index=&#8221;&#8221;][vc_column][vc_separator type=&#8221;normal&#8221; transparency=&#8221;0&#8243;][vc_row_inner row_type=&#8221;row&#8221; type=&#8221;full_width&#8221; text_align=&#8221;center&#8221; css_animation=&#8221;&#8221; anchor=&#8221;i-grandi-vini&#8221;][vc_column_inner][vc_single_image image=&#8221;18826&#8243; img_size=&#8221;full&#8221; qode_css_animation=&#8221;&#8221;][\/vc_column_inner][\/vc_row_inner][\/vc_column][\/vc_row][vc_row css_animation=&#8221;&#8221; row_type=&#8221;row&#8221; use_row_as_full_screen_section=&#8221;no&#8221; type=&#8221;full_width&#8221; angled_section=&#8221;no&#8221; text_align=&#8221;left&#8221; background_image_as_pattern=&#8221;without_pattern&#8221; z_index=&#8221;&#8221; css=&#8221;.vc_custom_1686240525245{margin-bottom: 50px !important;}&#8221; anchor=&#8221;citta-del-vino-terre-del-vino&#8221;][vc_column width=&#8221;1\/2&#8243;][vc_separator type=&#8221;transparent&#8221;][vc_column_text]<\/p>\n<h4 style=\"text-align: left;\"><strong>&#8220;DYNAMISME \u00c0 HAUTE EFFICACIT\u00c9&#8221;<\/strong><\/h4>\n<p>[\/vc_column_text][vc_column_text]<\/p>\n<p style=\"text-align: left;\">Gr\u00e2ce \u00e0 des collaborations avec des partenaires industriels, Trecieffe d\u00e9tient des brevets innovants qui am\u00e9liorent la fermentation et \u00e9conomisent de l&#8217;\u00e9nergie. &#8220;Aromy&#8221;, d\u00e9velopp\u00e9 avec l&#8217;Universit\u00e9 de Florence, contr\u00f4le la temp\u00e9rature du CO2 pendant la fermentation pour condenser et retenir les ar\u00f4mes dans le mo\u00fbt. &#8220;Nectar&#8221;, un fermenteur isobare brevet\u00e9, exploite le CO2 produit par la fermentation pour \u00e9conomiser de l&#8217;\u00e9nergie et r\u00e9duire l&#8217;impact environnemental, garantissant un produit de meilleure qualit\u00e9.<\/p>\n<p>[\/vc_column_text][vc_separator type=&#8221;transparent&#8221;]<a  itemprop=\"url\" href=\"https:\/\/www.trecieffe.it\/wp-content\/uploads\/2023\/06\/citta-del-vino-brevetti-3cf-min.pdf\" target=\"_blank\"  class=\"qbutton  large center default\" style=\"text-transform: uppercase; \">LISEZ ENTI\u00c8REMENT L'ARTICLE<\/a>[vc_separator type=&#8221;transparent&#8221;][\/vc_column][vc_column width=&#8221;1\/2&#8243;][vc_separator type=&#8221;transparent&#8221;][vc_column_text]<\/p>\n<h4 style=\"text-align: left;\"><strong>&#8220;40 ANS DE SUCC\u00c8S&#8221;<\/strong><\/h4>\n<p>[\/vc_column_text][vc_column_text]<\/p>\n<p style=\"text-align: left;\">Trecieffe snc f\u00eate ses 40 ans, un chemin de r\u00e9silience et d&#8217;innovation entam\u00e9 en 1984 par les artisans fondateurs. Surmontant les d\u00e9fis mondiaux, l&#8217;entreprise a adopt\u00e9 les nouvelles technologies et s&#8217;est d\u00e9velopp\u00e9e \u00e0 l&#8217;international. L&#8217;innovation et une \u00e9quipe solide ont \u00e9t\u00e9 le moteur de son succ\u00e8s, refl\u00e9tant une culture ax\u00e9e sur les personnes et le \u00ab Made in Italy \u00bb.<\/p>\n<p>[\/vc_column_text][vc_separator type=&#8221;transparent&#8221;]<a  itemprop=\"url\" href=\"https:\/\/www.trecieffe.it\/wp-content\/uploads\/2023\/06\/citta-del-vino-brevetti-3cf-min.pdf\" target=\"_blank\"  class=\"qbutton  large center default\" style=\"text-transform: uppercase; \">LISEZ ENTI\u00c8REMENT L'ARTICLE<\/a>[vc_separator type=&#8221;transparent&#8221;][\/vc_column][\/vc_row]<\/p>\n<\/div>","protected":false},"excerpt":{"rendered":"<p>[vc_row css_animation=&#8221;&#8221; row_type=&#8221;row&#8221; use_row_as_full_screen_section=&#8221;no&#8221; type=&#8221;full_width&#8221; angled_section=&#8221;no&#8221; text_align=&#8221;center&#8221; background_image_as_pattern=&#8221;without_pattern&#8221; z_index=&#8221;&#8221;][vc_column][vc_separator type=&#8221;normal&#8221; transparency=&#8221;0&#8243;][vc_row_inner row_type=&#8221;row&#8221; type=&#8221;full_width&#8221; text_align=&#8221;center&#8221; css_animation=&#8221;&#8221; anchor=&#8221;i-grandi-vini&#8221;][vc_column_inner][vc_single_image image=&#8221;18830&#8243; img_size=&#8221;full&#8221; qode_css_animation=&#8221;&#8221;][\/vc_column_inner][\/vc_row_inner][\/vc_column][\/vc_row][vc_row css_animation=&#8221;&#8221; row_type=&#8221;row&#8221; use_row_as_full_screen_section=&#8221;no&#8221; type=&#8221;full_width&#8221; angled_section=&#8221;no&#8221; text_align=&#8221;left&#8221; background_image_as_pattern=&#8221;without_pattern&#8221; z_index=&#8221;&#8221; css=&#8221;.vc_custom_1686221349997{margin-bottom: 50px !important;}&#8221;][vc_column width=&#8221;1\/2&#8243;][vc_separator type=&#8221;normal&#8221; transparency=&#8221;0&#8243;][vc_column_text] &#8220;DES SOLUTIONS DE POINTE POUR LE MONDE DU VIN&#8221; [\/vc_column_text][vc_column_text] Trecieffe, active&#8230;<\/p>\n","protected":false},"author":5,"featured_media":0,"parent":0,"menu_order":0,"comment_status":"closed","ping_status":"closed","template":"","meta":{"_acf_changed":false,"footnotes":""},"class_list":["post-18846","page","type-page","status-publish","hentry"],"acf":[],"yoast_head":"<!-- This site is optimized with the Yoast SEO plugin v26.0 - https:\/\/yoast.com\/wordpress\/plugins\/seo\/ -->\n<title>Ils parlent de nous - Trecieffe<\/title>\n<meta name=\"robots\" content=\"index, follow, max-snippet:-1, max-image-preview:large, max-video-preview:-1\" \/>\n<link rel=\"canonical\" href=\"https:\/\/www.trecieffe.it\/fr\/ils-parlent-de-nous\/\" \/>\n<meta property=\"og:locale\" content=\"fr_FR\" \/>\n<meta property=\"og:type\" content=\"article\" \/>\n<meta property=\"og:title\" content=\"Ils parlent de nous - Trecieffe\" \/>\n<meta property=\"og:description\" content=\"[vc_row css_animation=&#8221;&#8221; row_type=&#8221;row&#8221; use_row_as_full_screen_section=&#8221;no&#8221; type=&#8221;full_width&#8221; angled_section=&#8221;no&#8221; text_align=&#8221;center&#8221; background_image_as_pattern=&#8221;without_pattern&#8221; z_index=&#8221;&#8221;][vc_column][vc_separator type=&#8221;normal&#8221; transparency=&#8221;0&#8243;][vc_row_inner row_type=&#8221;row&#8221; type=&#8221;full_width&#8221; text_align=&#8221;center&#8221; css_animation=&#8221;&#8221; anchor=&#8221;i-grandi-vini&#8221;][vc_column_inner][vc_single_image image=&#8221;18830&#8243; img_size=&#8221;full&#8221; qode_css_animation=&#8221;&#8221;][\/vc_column_inner][\/vc_row_inner][\/vc_column][\/vc_row][vc_row css_animation=&#8221;&#8221; row_type=&#8221;row&#8221; use_row_as_full_screen_section=&#8221;no&#8221; type=&#8221;full_width&#8221; angled_section=&#8221;no&#8221; text_align=&#8221;left&#8221; background_image_as_pattern=&#8221;without_pattern&#8221; z_index=&#8221;&#8221; css=&#8221;.vc_custom_1686221349997{margin-bottom: 50px !important;}&#8221;][vc_column width=&#8221;1\/2&#8243;][vc_separator type=&#8221;normal&#8221; transparency=&#8221;0&#8243;][vc_column_text] &#8220;DES SOLUTIONS DE POINTE POUR LE MONDE DU VIN&#8221; [\/vc_column_text][vc_column_text] Trecieffe, active...\" \/>\n<meta property=\"og:url\" content=\"https:\/\/www.trecieffe.it\/fr\/ils-parlent-de-nous\/\" \/>\n<meta property=\"og:site_name\" content=\"Trecieffe\" \/>\n<meta property=\"article:modified_time\" content=\"2024-04-19T13:30:52+00:00\" \/>\n<meta name=\"twitter:card\" content=\"summary_large_image\" \/>\n<meta name=\"twitter:label1\" content=\"Dur\u00e9e de lecture estim\u00e9e\" \/>\n\t<meta name=\"twitter:data1\" content=\"4 minutes\" \/>\n<script type=\"application\/ld+json\" class=\"yoast-schema-graph\">{\"@context\":\"https:\/\/schema.org\",\"@graph\":[{\"@type\":\"WebPage\",\"@id\":\"https:\/\/www.trecieffe.it\/fr\/ils-parlent-de-nous\/\",\"url\":\"https:\/\/www.trecieffe.it\/fr\/ils-parlent-de-nous\/\",\"name\":\"Ils parlent de nous - Trecieffe\",\"isPartOf\":{\"@id\":\"https:\/\/www.trecieffe.it\/fr\/#website\"},\"datePublished\":\"2023-06-08T12:13:00+00:00\",\"dateModified\":\"2024-04-19T13:30:52+00:00\",\"breadcrumb\":{\"@id\":\"https:\/\/www.trecieffe.it\/fr\/ils-parlent-de-nous\/#breadcrumb\"},\"inLanguage\":\"fr-FR\",\"potentialAction\":[{\"@type\":\"ReadAction\",\"target\":[\"https:\/\/www.trecieffe.it\/fr\/ils-parlent-de-nous\/\"]}]},{\"@type\":\"BreadcrumbList\",\"@id\":\"https:\/\/www.trecieffe.it\/fr\/ils-parlent-de-nous\/#breadcrumb\",\"itemListElement\":[{\"@type\":\"ListItem\",\"position\":1,\"name\":\"Home\",\"item\":\"https:\/\/www.trecieffe.it\/fr\/\"},{\"@type\":\"ListItem\",\"position\":2,\"name\":\"Ils parlent de nous\"}]},{\"@type\":\"WebSite\",\"@id\":\"https:\/\/www.trecieffe.it\/fr\/#website\",\"url\":\"https:\/\/www.trecieffe.it\/fr\/\",\"name\":\"Trecieffe\",\"description\":\"Cuves en acier inoxydable pour tous les secteurs\",\"potentialAction\":[{\"@type\":\"SearchAction\",\"target\":{\"@type\":\"EntryPoint\",\"urlTemplate\":\"https:\/\/www.trecieffe.it\/fr\/?s={search_term_string}\"},\"query-input\":{\"@type\":\"PropertyValueSpecification\",\"valueRequired\":true,\"valueName\":\"search_term_string\"}}],\"inLanguage\":\"fr-FR\"}]}<\/script>\n<!-- \/ Yoast SEO plugin. -->","yoast_head_json":{"title":"Ils parlent de nous - Trecieffe","robots":{"index":"index","follow":"follow","max-snippet":"max-snippet:-1","max-image-preview":"max-image-preview:large","max-video-preview":"max-video-preview:-1"},"canonical":"https:\/\/www.trecieffe.it\/fr\/ils-parlent-de-nous\/","og_locale":"fr_FR","og_type":"article","og_title":"Ils parlent de nous - Trecieffe","og_description":"[vc_row css_animation=&#8221;&#8221; row_type=&#8221;row&#8221; use_row_as_full_screen_section=&#8221;no&#8221; type=&#8221;full_width&#8221; angled_section=&#8221;no&#8221; text_align=&#8221;center&#8221; background_image_as_pattern=&#8221;without_pattern&#8221; z_index=&#8221;&#8221;][vc_column][vc_separator type=&#8221;normal&#8221; transparency=&#8221;0&#8243;][vc_row_inner row_type=&#8221;row&#8221; type=&#8221;full_width&#8221; text_align=&#8221;center&#8221; css_animation=&#8221;&#8221; anchor=&#8221;i-grandi-vini&#8221;][vc_column_inner][vc_single_image image=&#8221;18830&#8243; img_size=&#8221;full&#8221; qode_css_animation=&#8221;&#8221;][\/vc_column_inner][\/vc_row_inner][\/vc_column][\/vc_row][vc_row css_animation=&#8221;&#8221; row_type=&#8221;row&#8221; use_row_as_full_screen_section=&#8221;no&#8221; type=&#8221;full_width&#8221; angled_section=&#8221;no&#8221; text_align=&#8221;left&#8221; background_image_as_pattern=&#8221;without_pattern&#8221; z_index=&#8221;&#8221; css=&#8221;.vc_custom_1686221349997{margin-bottom: 50px !important;}&#8221;][vc_column width=&#8221;1\/2&#8243;][vc_separator type=&#8221;normal&#8221; transparency=&#8221;0&#8243;][vc_column_text] &#8220;DES SOLUTIONS DE POINTE POUR LE MONDE DU VIN&#8221; [\/vc_column_text][vc_column_text] Trecieffe, active...","og_url":"https:\/\/www.trecieffe.it\/fr\/ils-parlent-de-nous\/","og_site_name":"Trecieffe","article_modified_time":"2024-04-19T13:30:52+00:00","twitter_card":"summary_large_image","twitter_misc":{"Dur\u00e9e de lecture estim\u00e9e":"4 minutes"},"schema":{"@context":"https:\/\/schema.org","@graph":[{"@type":"WebPage","@id":"https:\/\/www.trecieffe.it\/fr\/ils-parlent-de-nous\/","url":"https:\/\/www.trecieffe.it\/fr\/ils-parlent-de-nous\/","name":"Ils parlent de nous - Trecieffe","isPartOf":{"@id":"https:\/\/www.trecieffe.it\/fr\/#website"},"datePublished":"2023-06-08T12:13:00+00:00","dateModified":"2024-04-19T13:30:52+00:00","breadcrumb":{"@id":"https:\/\/www.trecieffe.it\/fr\/ils-parlent-de-nous\/#breadcrumb"},"inLanguage":"fr-FR","potentialAction":[{"@type":"ReadAction","target":["https:\/\/www.trecieffe.it\/fr\/ils-parlent-de-nous\/"]}]},{"@type":"BreadcrumbList","@id":"https:\/\/www.trecieffe.it\/fr\/ils-parlent-de-nous\/#breadcrumb","itemListElement":[{"@type":"ListItem","position":1,"name":"Home","item":"https:\/\/www.trecieffe.it\/fr\/"},{"@type":"ListItem","position":2,"name":"Ils parlent de nous"}]},{"@type":"WebSite","@id":"https:\/\/www.trecieffe.it\/fr\/#website","url":"https:\/\/www.trecieffe.it\/fr\/","name":"Trecieffe","description":"Cuves en acier inoxydable pour tous les secteurs","potentialAction":[{"@type":"SearchAction","target":{"@type":"EntryPoint","urlTemplate":"https:\/\/www.trecieffe.it\/fr\/?s={search_term_string}"},"query-input":{"@type":"PropertyValueSpecification","valueRequired":true,"valueName":"search_term_string"}}],"inLanguage":"fr-FR"}]}},"_links":{"self":[{"href":"https:\/\/www.trecieffe.it\/fr\/wp-json\/wp\/v2\/pages\/18846","targetHints":{"allow":["GET"]}}],"collection":[{"href":"https:\/\/www.trecieffe.it\/fr\/wp-json\/wp\/v2\/pages"}],"about":[{"href":"https:\/\/www.trecieffe.it\/fr\/wp-json\/wp\/v2\/types\/page"}],"author":[{"embeddable":true,"href":"https:\/\/www.trecieffe.it\/fr\/wp-json\/wp\/v2\/users\/5"}],"replies":[{"embeddable":true,"href":"https:\/\/www.trecieffe.it\/fr\/wp-json\/wp\/v2\/comments?post=18846"}],"version-history":[{"count":13,"href":"https:\/\/www.trecieffe.it\/fr\/wp-json\/wp\/v2\/pages\/18846\/revisions"}],"predecessor-version":[{"id":18866,"href":"https:\/\/www.trecieffe.it\/fr\/wp-json\/wp\/v2\/pages\/18846\/revisions\/18866"}],"wp:attachment":[{"href":"https:\/\/www.trecieffe.it\/fr\/wp-json\/wp\/v2\/media?parent=18846"}],"curies":[{"name":"wp","href":"https:\/\/api.w.org\/{rel}","templated":true}]}}