{"id":16467,"date":"2019-10-17T12:27:53","date_gmt":"2019-11-13T15:46:10","guid":{"rendered":"https:\/\/www.trecieffe.it\/?post_type=product&#038;p=16467"},"modified":"2021-09-08T11:47:03","modified_gmt":"2021-09-08T09:47:03","slug":"cuve-de-vinification","status":"publish","type":"product","link":"https:\/\/www.trecieffe.it\/fr\/prodotto\/cuve-de-vinification\/","title":{"rendered":"Cuve de vinification"},"content":{"rendered":"<div class=\"wpb-content-wrapper\"><p>[vc_row css_animation=&#8221;&#8221; row_type=&#8221;row&#8221; use_row_as_full_screen_section=&#8221;no&#8221; type=&#8221;full_width&#8221; angled_section=&#8221;no&#8221; text_align=&#8221;left&#8221; background_image_as_pattern=&#8221;without_pattern&#8221; el_class=&#8221;product-details-tab&#8221; z_index=&#8221;&#8221;][vc_column width=&#8221;1\/2&#8243; offset=&#8221;vc_col-xs-12&#8243;][vc_column_text]<\/p>\n<p class=\"p1\"><span class=\"s1\">Elle peut \u00eatre fabriqu\u00e9e pour la vinification en rouge ou, avec l&#8217;ajout de certains accessoires, pour la vinification en blanc. La cuve de vinification peut \u00eatre combin\u00e9e avec diff\u00e9rents syst\u00e8mes de remontage\u00a0: automatique avec pompe embarqu\u00e9e ou uniquement avec canne de remontage, tous deux comportant un asperseur par inertie \u00e0 deux bras, ou motoris\u00e9. Les \u00e9ventuelles ceintures de froid permettent le contr\u00f4le continu de la temp\u00e9rature et de la vinification du produit.<\/span><\/p>\n<p class=\"p1\"><span class=\"s1\">La cuve peut \u00eatre \u00e9quip\u00e9e d&#8217;un syst\u00e8me de d\u00e9cuvage m\u00e9canis\u00e9 (<strong>VSM<\/strong>).<\/span><\/p>\n<p>[\/vc_column_text][vc_empty_space height=&#8221;39px&#8221;][\/vc_column][vc_column width=&#8221;1\/2&#8243; offset=&#8221;vc_hidden-xs&#8221;][\/vc_column][\/vc_row][vc_row css_animation=&#8221;&#8221; row_type=&#8221;row&#8221; use_row_as_full_screen_section=&#8221;no&#8221; type=&#8221;full_width&#8221; angled_section=&#8221;no&#8221; text_align=&#8221;left&#8221; background_image_as_pattern=&#8221;without_pattern&#8221; z_index=&#8221;&#8221; css=&#8221;.vc_custom_1600176766590{background-image: url(https:\/\/www.trecieffe.it\/wp-content\/uploads\/2019\/10\/vinificatori-foto-trecieffe-1.png?id=17239) !important;background-position: center !important;background-repeat: no-repeat !important;background-size: cover !important;}&#8221; el_class=&#8221;custom_full_width&#8221;][vc_column width=&#8221;1\/2&#8243; offset=&#8221;vc_hidden-xs&#8221;][\/vc_column][vc_column width=&#8221;1\/2&#8243; offset=&#8221;vc_col-xs-12&#8243;][vc_column_text]<\/p>\n<h4>Avantages<\/h4>\n<p>[\/vc_column_text][vc_empty_space height=&#8221;50px&#8221;][vc_column_text]<\/p>\n<h5 class=\"p1\"><span class=\"s1\">AUTOMATISATION TOTALE<\/span><\/h5>\n<p>[\/vc_column_text][vc_empty_space height=&#8221;10px&#8221;][vc_column_text]<\/p>\n<p class=\"p1\"><span class=\"s1\">L&#8217;obtention d\u2019une int\u00e9gration homme-machine plus efficace est possible. R\u00e9duisez le nombre d\u2019heures-homme gr\u00e2ce aux cycles automatiques de\u00a0: remontage, arrosage, renversement et d\u00e9cuvage.<\/span><\/p>\n<p>[\/vc_column_text][vc_empty_space height=&#8221;40px&#8221;][vc_column_text]<\/p>\n<h5 class=\"p1\"><span class=\"s1\">SUBLIMATION DU VIN<\/span><\/h5>\n<p>[\/vc_column_text][vc_empty_space height=&#8221;10px&#8221;][vc_column_text]<\/p>\n<p class=\"p1\"><span class=\"s1\">Le syst\u00e8me de renversement du chapeau de marc facilite l&#8217;extraction des substances colorantes et tanniques du vin.<\/span><\/p>\n<p>[\/vc_column_text][vc_empty_space height=&#8221;40px&#8221;][vc_column_text]<\/p>\n<h5 class=\"p1\"><span class=\"s1\">LE CONTR\u00d4LE AU BOUT DE VOS DOIGTS<\/span><\/h5>\n<p>[\/vc_column_text][vc_empty_space height=&#8221;10px&#8221;][vc_column_text]<\/p>\n<p class=\"p1\"><span class=\"s1\">Contr\u00f4le des op\u00e9rations de vinification directement sur votre t\u00e9l\u00e9phone portable, en temps r\u00e9el.<\/span><\/p>\n<p>[\/vc_column_text][\/vc_column][\/vc_row][vc_row css_animation=&#8221;&#8221; row_type=&#8221;row&#8221; use_row_as_full_screen_section=&#8221;no&#8221; type=&#8221;full_width&#8221; angled_section=&#8221;no&#8221; text_align=&#8221;left&#8221; background_image_as_pattern=&#8221;without_pattern&#8221; z_index=&#8221;&#8221;][vc_column width=&#8221;1\/2&#8243; offset=&#8221;vc_col-xs-12&#8243; css=&#8221;.vc_custom_1600182967732{margin-right: 15px !important;}&#8221;][vc_column_text]<\/p>\n<h5 class=\"p1\"><span class=\"s1\">LA PROPRET\u00c9 DONT VOUS AVIEZ BESOIN<\/span><\/h5>\n<p>[\/vc_column_text][vc_empty_space height=&#8221;10px&#8221;][vc_column_text]<\/p>\n<p class=\"p1\"><span class=\"s1\">Tous les accessoires qui peuvent \u00eatre utilis\u00e9s dans la cuve sont faciles \u00e0 d\u00e9monter et de la plus haute qualit\u00e9.<\/span><\/p>\n<p>[\/vc_column_text][vc_empty_space height=&#8221;40px&#8221;][vc_column_text]<\/p>\n<h5 class=\"p1\"><span class=\"s1\">CUVE PARALL\u00c9L\u00c9PIP\u00c9DIQUE<\/span><\/h5>\n<p>[\/vc_column_text][vc_empty_space height=&#8221;10px&#8221;][vc_column_text]<\/p>\n<p class=\"p1\"><span class=\"s1\">Une cuve de vinification ne doit pas n\u00e9cessairement \u00eatre cylindrique. Une forme parall\u00e9l\u00e9pip\u00e9dique vous permet d&#8217;optimiser l&#8217;espace.<\/span><\/p>\n<p>[\/vc_column_text][vc_empty_space height=&#8221;40px&#8221;][vc_column_text]<\/p>\n<h5 class=\"p1\"><span class=\"s1\">LE FOND LE PLUS ADAPT\u00c9 \u00c0 VOS BESOINS<\/span><\/h5>\n<p>[\/vc_column_text][vc_empty_space height=&#8221;10px&#8221;][vc_column_text]<\/p>\n<p class=\"p1\"><span class=\"s1\">Nos cuves de vinification vous apportent diff\u00e9rentes solutions pour optimiser l&#8217;utilisation de votre conteneur\u00a0: fonds plats, coniques, bomb\u00e9s ou diffuseurs.<\/span><\/p>\n<p>[\/vc_column_text][\/vc_column][vc_column width=&#8221;1\/2&#8243; offset=&#8221;vc_col-xs-12&#8243;][vc_single_image image=&#8221;17233&#8243; img_size=&#8221;full&#8221; qode_css_animation=&#8221;&#8221;][\/vc_column][\/vc_row][vc_row css_animation=&#8221;&#8221; row_type=&#8221;row&#8221; use_row_as_full_screen_section=&#8221;no&#8221; type=&#8221;full_width&#8221; angled_section=&#8221;no&#8221; text_align=&#8221;left&#8221; background_image_as_pattern=&#8221;without_pattern&#8221; z_index=&#8221;&#8221; css=&#8221;.vc_custom_1600183413403{padding-top: 40px !important;padding-bottom: 40px !important;}&#8221;][vc_column width=&#8221;1\/2&#8243; offset=&#8221;vc_col-xs-12&#8243;][vc_column_text]<\/p>\n<h5 class=\"p1\"><span class=\"s1\">Caract\u00e9ristique distinctive de la cuve VSM:<\/span><\/h5>\n<p>&nbsp;<\/p>\n<p class=\"p1\"><span class=\"s1\">Le raclage des marcs est r\u00e9alis\u00e9 \u00e0 l&#8217;aide d&#8217;un syst\u00e8me m\u00e9canis\u00e9 qui, gr\u00e2ce \u00e0 une pale rotative install\u00e9e au fond de la cuve en acier inoxydable, dirige le marc vers la trappe au ras du fond pour faciliter le d\u00e9cuvage. Des pales rotatives peuvent \u00e9galement \u00eatre positionn\u00e9es au centre des cuves pour favoriser la rupture et le renversement du chapeau de marc.<\/span><\/p>\n<p>[\/vc_column_text][\/vc_column][vc_column width=&#8221;1\/2&#8243; offset=&#8221;vc_hidden-xs&#8221;][\/vc_column][\/vc_row]<\/p>\n<\/div>","protected":false},"excerpt":{"rendered":"<p>[vc_row css_animation=&#8221;&#8221; row_type=&#8221;row&#8221; use_row_as_full_screen_section=&#8221;no&#8221; type=&#8221;full_width&#8221; angled_section=&#8221;no&#8221; text_align=&#8221;left&#8221; background_image_as_pattern=&#8221;without_pattern&#8221; el_class=&#8221;product-details-tab&#8221; z_index=&#8221;&#8221;][vc_column width=&#8221;1\/2&#8243; offset=&#8221;vc_col-xs-12&#8243;][vc_column_text] Elle peut \u00eatre fabriqu\u00e9e pour la vinification en rouge ou, avec l&#8217;ajout de certains accessoires, pour la vinification en blanc. La cuve de vinification peut \u00eatre combin\u00e9e avec diff\u00e9rents syst\u00e8mes de remontage\u00a0: automatique&#8230;<\/p>\n","protected":false},"featured_media":16742,"comment_status":"closed","ping_status":"closed","template":"","meta":{"_acf_changed":false},"product_brand":[],"product_cat":[15],"product_tag":[],"class_list":{"0":"post-16467","1":"product","2":"type-product","3":"status-publish","4":"has-post-thumbnail","6":"product_cat-senza-categoria","8":"first","9":"instock","10":"product-type-simple"},"acf":[],"yoast_head":"<!-- This site is optimized with the Yoast SEO plugin v26.0 - https:\/\/yoast.com\/wordpress\/plugins\/seo\/ -->\n<title>Cuve de vinification - Trecieffe - Cuves en acier inoxydable pour tous les secteurs<\/title>\n<meta name=\"description\" content=\"Elle peut \u00eatre fabriqu\u00e9e pour la vinification en rouge ou, avec l&#039;ajout de certains accessoires, pour la vinification en blanc.\" \/>\n<meta name=\"robots\" content=\"noindex, follow\" \/>\n<meta property=\"og:locale\" content=\"fr_FR\" \/>\n<meta property=\"og:type\" content=\"article\" \/>\n<meta property=\"og:title\" content=\"Cuve de vinification - Trecieffe - Cuves en acier inoxydable pour tous les secteurs\" \/>\n<meta property=\"og:description\" content=\"Elle peut \u00eatre fabriqu\u00e9e pour la vinification en rouge ou, avec l&#039;ajout de certains accessoires, pour la vinification en blanc.\" \/>\n<meta property=\"og:url\" content=\"https:\/\/www.trecieffe.it\/fr\/prodotto\/cuve-de-vinification\/\" \/>\n<meta property=\"og:site_name\" content=\"Trecieffe\" \/>\n<meta property=\"article:modified_time\" content=\"2021-09-08T09:47:03+00:00\" \/>\n<meta property=\"og:image\" content=\"https:\/\/www.trecieffe.it\/wp-content\/uploads\/2019\/10\/Trecieffe_Vinificatori_01.jpg\" \/>\n\t<meta property=\"og:image:width\" content=\"1200\" \/>\n\t<meta property=\"og:image:height\" content=\"1600\" \/>\n\t<meta property=\"og:image:type\" content=\"image\/jpeg\" \/>\n<meta name=\"twitter:card\" content=\"summary_large_image\" \/>\n<meta name=\"twitter:label1\" content=\"Dur\u00e9e de lecture estim\u00e9e\" \/>\n\t<meta name=\"twitter:data1\" content=\"4 minutes\" \/>\n<script type=\"application\/ld+json\" class=\"yoast-schema-graph\">{\"@context\":\"https:\/\/schema.org\",\"@graph\":[{\"@type\":\"WebPage\",\"@id\":\"https:\/\/www.trecieffe.it\/fr\/prodotto\/cuve-de-vinification\/\",\"url\":\"https:\/\/www.trecieffe.it\/fr\/prodotto\/cuve-de-vinification\/\",\"name\":\"Cuve de vinification - Trecieffe - Cuves en acier inoxydable pour tous les secteurs\",\"isPartOf\":{\"@id\":\"https:\/\/www.trecieffe.it\/fr\/#website\"},\"primaryImageOfPage\":{\"@id\":\"https:\/\/www.trecieffe.it\/fr\/prodotto\/cuve-de-vinification\/#primaryimage\"},\"image\":{\"@id\":\"https:\/\/www.trecieffe.it\/fr\/prodotto\/cuve-de-vinification\/#primaryimage\"},\"thumbnailUrl\":\"https:\/\/www.trecieffe.it\/wp-content\/uploads\/2019\/10\/Trecieffe_Vinificatori_01.jpg\",\"datePublished\":\"2019-11-13T15:46:10+00:00\",\"dateModified\":\"2021-09-08T09:47:03+00:00\",\"description\":\"Elle peut \u00eatre fabriqu\u00e9e pour la vinification en rouge ou, avec l'ajout de certains accessoires, pour la vinification en blanc.\",\"breadcrumb\":{\"@id\":\"https:\/\/www.trecieffe.it\/fr\/prodotto\/cuve-de-vinification\/#breadcrumb\"},\"inLanguage\":\"fr-FR\",\"potentialAction\":[{\"@type\":\"ReadAction\",\"target\":[\"https:\/\/www.trecieffe.it\/fr\/prodotto\/cuve-de-vinification\/\"]}]},{\"@type\":\"ImageObject\",\"inLanguage\":\"fr-FR\",\"@id\":\"https:\/\/www.trecieffe.it\/fr\/prodotto\/cuve-de-vinification\/#primaryimage\",\"url\":\"https:\/\/www.trecieffe.it\/wp-content\/uploads\/2019\/10\/Trecieffe_Vinificatori_01.jpg\",\"contentUrl\":\"https:\/\/www.trecieffe.it\/wp-content\/uploads\/2019\/10\/Trecieffe_Vinificatori_01.jpg\",\"width\":1200,\"height\":1600},{\"@type\":\"BreadcrumbList\",\"@id\":\"https:\/\/www.trecieffe.it\/fr\/prodotto\/cuve-de-vinification\/#breadcrumb\",\"itemListElement\":[{\"@type\":\"ListItem\",\"position\":1,\"name\":\"Home\",\"item\":\"https:\/\/www.trecieffe.it\/fr\/\"},{\"@type\":\"ListItem\",\"position\":2,\"name\":\"Produits\",\"item\":\"https:\/\/www.trecieffe.it\/fr\/shop\/\"},{\"@type\":\"ListItem\",\"position\":3,\"name\":\"Cuve de vinification\"}]},{\"@type\":\"WebSite\",\"@id\":\"https:\/\/www.trecieffe.it\/fr\/#website\",\"url\":\"https:\/\/www.trecieffe.it\/fr\/\",\"name\":\"Trecieffe\",\"description\":\"Cuves en acier inoxydable pour tous les secteurs\",\"potentialAction\":[{\"@type\":\"SearchAction\",\"target\":{\"@type\":\"EntryPoint\",\"urlTemplate\":\"https:\/\/www.trecieffe.it\/fr\/?s={search_term_string}\"},\"query-input\":{\"@type\":\"PropertyValueSpecification\",\"valueRequired\":true,\"valueName\":\"search_term_string\"}}],\"inLanguage\":\"fr-FR\"}]}<\/script>\n<!-- \/ Yoast SEO plugin. -->","yoast_head_json":{"title":"Cuve de vinification - Trecieffe - Cuves en acier inoxydable pour tous les secteurs","description":"Elle peut \u00eatre fabriqu\u00e9e pour la vinification en rouge ou, avec l'ajout de certains accessoires, pour la vinification en blanc.","robots":{"index":"noindex","follow":"follow"},"og_locale":"fr_FR","og_type":"article","og_title":"Cuve de vinification - Trecieffe - Cuves en acier inoxydable pour tous les secteurs","og_description":"Elle peut \u00eatre fabriqu\u00e9e pour la vinification en rouge ou, avec l'ajout de certains accessoires, pour la vinification en blanc.","og_url":"https:\/\/www.trecieffe.it\/fr\/prodotto\/cuve-de-vinification\/","og_site_name":"Trecieffe","article_modified_time":"2021-09-08T09:47:03+00:00","og_image":[{"width":1200,"height":1600,"url":"https:\/\/www.trecieffe.it\/wp-content\/uploads\/2019\/10\/Trecieffe_Vinificatori_01.jpg","type":"image\/jpeg"}],"twitter_card":"summary_large_image","twitter_misc":{"Dur\u00e9e de lecture estim\u00e9e":"4 minutes"},"schema":{"@context":"https:\/\/schema.org","@graph":[{"@type":"WebPage","@id":"https:\/\/www.trecieffe.it\/fr\/prodotto\/cuve-de-vinification\/","url":"https:\/\/www.trecieffe.it\/fr\/prodotto\/cuve-de-vinification\/","name":"Cuve de vinification - Trecieffe - Cuves en acier inoxydable pour tous les secteurs","isPartOf":{"@id":"https:\/\/www.trecieffe.it\/fr\/#website"},"primaryImageOfPage":{"@id":"https:\/\/www.trecieffe.it\/fr\/prodotto\/cuve-de-vinification\/#primaryimage"},"image":{"@id":"https:\/\/www.trecieffe.it\/fr\/prodotto\/cuve-de-vinification\/#primaryimage"},"thumbnailUrl":"https:\/\/www.trecieffe.it\/wp-content\/uploads\/2019\/10\/Trecieffe_Vinificatori_01.jpg","datePublished":"2019-11-13T15:46:10+00:00","dateModified":"2021-09-08T09:47:03+00:00","description":"Elle peut \u00eatre fabriqu\u00e9e pour la vinification en rouge ou, avec l'ajout de certains accessoires, pour la vinification en blanc.","breadcrumb":{"@id":"https:\/\/www.trecieffe.it\/fr\/prodotto\/cuve-de-vinification\/#breadcrumb"},"inLanguage":"fr-FR","potentialAction":[{"@type":"ReadAction","target":["https:\/\/www.trecieffe.it\/fr\/prodotto\/cuve-de-vinification\/"]}]},{"@type":"ImageObject","inLanguage":"fr-FR","@id":"https:\/\/www.trecieffe.it\/fr\/prodotto\/cuve-de-vinification\/#primaryimage","url":"https:\/\/www.trecieffe.it\/wp-content\/uploads\/2019\/10\/Trecieffe_Vinificatori_01.jpg","contentUrl":"https:\/\/www.trecieffe.it\/wp-content\/uploads\/2019\/10\/Trecieffe_Vinificatori_01.jpg","width":1200,"height":1600},{"@type":"BreadcrumbList","@id":"https:\/\/www.trecieffe.it\/fr\/prodotto\/cuve-de-vinification\/#breadcrumb","itemListElement":[{"@type":"ListItem","position":1,"name":"Home","item":"https:\/\/www.trecieffe.it\/fr\/"},{"@type":"ListItem","position":2,"name":"Produits","item":"https:\/\/www.trecieffe.it\/fr\/shop\/"},{"@type":"ListItem","position":3,"name":"Cuve de vinification"}]},{"@type":"WebSite","@id":"https:\/\/www.trecieffe.it\/fr\/#website","url":"https:\/\/www.trecieffe.it\/fr\/","name":"Trecieffe","description":"Cuves en acier inoxydable pour tous les secteurs","potentialAction":[{"@type":"SearchAction","target":{"@type":"EntryPoint","urlTemplate":"https:\/\/www.trecieffe.it\/fr\/?s={search_term_string}"},"query-input":{"@type":"PropertyValueSpecification","valueRequired":true,"valueName":"search_term_string"}}],"inLanguage":"fr-FR"}]}},"_links":{"self":[{"href":"https:\/\/www.trecieffe.it\/fr\/wp-json\/wp\/v2\/product\/16467","targetHints":{"allow":["GET"]}}],"collection":[{"href":"https:\/\/www.trecieffe.it\/fr\/wp-json\/wp\/v2\/product"}],"about":[{"href":"https:\/\/www.trecieffe.it\/fr\/wp-json\/wp\/v2\/types\/product"}],"replies":[{"embeddable":true,"href":"https:\/\/www.trecieffe.it\/fr\/wp-json\/wp\/v2\/comments?post=16467"}],"wp:featuredmedia":[{"embeddable":true,"href":"https:\/\/www.trecieffe.it\/fr\/wp-json\/wp\/v2\/media\/16742"}],"wp:attachment":[{"href":"https:\/\/www.trecieffe.it\/fr\/wp-json\/wp\/v2\/media?parent=16467"}],"wp:term":[{"taxonomy":"product_brand","embeddable":true,"href":"https:\/\/www.trecieffe.it\/fr\/wp-json\/wp\/v2\/product_brand?post=16467"},{"taxonomy":"product_cat","embeddable":true,"href":"https:\/\/www.trecieffe.it\/fr\/wp-json\/wp\/v2\/product_cat?post=16467"},{"taxonomy":"product_tag","embeddable":true,"href":"https:\/\/www.trecieffe.it\/fr\/wp-json\/wp\/v2\/product_tag?post=16467"}],"curies":[{"name":"wp","href":"https:\/\/api.w.org\/{rel}","templated":true}]}}