{"id":16468,"date":"2019-10-17T12:27:53","date_gmt":"2019-11-13T15:49:33","guid":{"rendered":"https:\/\/www.trecieffe.it\/?post_type=product&#038;p=16468"},"modified":"2021-09-07T08:41:44","modified_gmt":"2021-09-07T06:41:44","slug":"cuve-tronconique","status":"publish","type":"product","link":"https:\/\/www.trecieffe.it\/fr\/prodotto\/cuve-tronconique\/","title":{"rendered":"Cuve tronconique"},"content":{"rendered":"<div class=\"wpb-content-wrapper\"><p>[vc_row css_animation=&#8221;&#8221; row_type=&#8221;row&#8221; use_row_as_full_screen_section=&#8221;no&#8221; type=&#8221;full_width&#8221; angled_section=&#8221;no&#8221; text_align=&#8221;left&#8221; background_image_as_pattern=&#8221;without_pattern&#8221; el_class=&#8221;product-details-tab&#8221; z_index=&#8221;&#8221;][vc_column width=&#8221;1\/2&#8243; offset=&#8221;vc_col-xs-12&#8243;][vc_column_text]<\/p>\n<h2><span class=\"section_title_custom\">LEM<\/span><\/h2>\n<p>[\/vc_column_text][vc_empty_space height=&#8221;10px&#8221;][vc_column_text]<span class=\"s1\">Le nom LEM vient directement du projet Apollo. L\u2019atterrisseur utilis\u00e9 lors de ces missions a inspir\u00e9 la conception de cette cuve. Avec sa forme d&#8217;un c\u00f4ne tronqu\u00e9, la cuve LEM repr\u00e9sente la meilleure solution pour ceux qui adoptent le syst\u00e8me de <i>renversement<\/i> et <i>immersion<\/i> du chapeau de marc au cours du processus de foulage. Le fond inclin\u00e9 du LEM facilite les op\u00e9rations de soutirage, tandis que les \u00e9ventuelles ceintures de froid sur les parois et sur le fond permettent de contr\u00f4ler la temp\u00e9rature et la fermentation. Le d\u00f4me peut \u00eatre retir\u00e9 pour faciliter les op\u00e9rations de foulage.<\/span>[\/vc_column_text][\/vc_column][vc_column width=&#8221;1\/2&#8243; offset=&#8221;vc_hidden-xs&#8221;][vc_single_image image=&#8221;18292&#8243; img_size=&#8221;full&#8221; qode_css_animation=&#8221;&#8221;][\/vc_column][\/vc_row][vc_row css_animation=&#8221;&#8221; row_type=&#8221;row&#8221; use_row_as_full_screen_section=&#8221;no&#8221; type=&#8221;full_width&#8221; angled_section=&#8221;no&#8221; text_align=&#8221;left&#8221; background_image_as_pattern=&#8221;without_pattern&#8221; z_index=&#8221;&#8221; css=&#8221;.vc_custom_1600765557279{background-image: url(https:\/\/www.trecieffe.it\/wp-content\/uploads\/2019\/10\/Trecieffe_CelleMultiple_03.jpg?id=15999) !important;background-position: center !important;background-repeat: no-repeat !important;background-size: cover !important;}&#8221; el_class=&#8221;custom_full_width&#8221;][vc_column width=&#8221;1\/2&#8243; offset=&#8221;vc_hidden-xs&#8221;][\/vc_column][vc_column width=&#8221;1\/2&#8243; offset=&#8221;vc_col-xs-12&#8243;][vc_empty_space height=&#8221;100px&#8221;][vc_column_text]<\/p>\n<h5 class=\"p1\"><span class=\"s1\">CONCEPTION SPATIALE<\/span><\/h5>\n<p>[\/vc_column_text][vc_empty_space height=&#8221;10px&#8221;][vc_column_text]L&#8217;esth\u00e9tique de cette cuve, inspir\u00e9e des missions Apollo, la rend non seulement unique, mais am\u00e9liore \u00e9galement les processus de foulage.[\/vc_column_text][vc_empty_space height=&#8221;40px&#8221;][vc_column_text]<\/p>\n<h5 class=\"p1\"><span class=\"s1\">LA CONCENTRATION DU GO\u00dbT<\/span><\/h5>\n<p>[\/vc_column_text][vc_empty_space height=&#8221;10px&#8221;][vc_column_text]<span class=\"s1\">Combin\u00e9 \u00e0 un syst\u00e8me de foulage, la forme caract\u00e9ristique du LEM rend plus efficace l&#8217;immersion et le renversement du chapeau, vous permettant d&#8217;oxyg\u00e9ner le mo\u00fbt et d&#8217;extraire la mati\u00e8re colorante au besoin.<\/span>[\/vc_column_text][vc_empty_space height=&#8221;100px&#8221;][\/vc_column][\/vc_row][vc_row css_animation=&#8221;&#8221; row_type=&#8221;row&#8221; use_row_as_full_screen_section=&#8221;no&#8221; type=&#8221;full_width&#8221; angled_section=&#8221;no&#8221; text_align=&#8221;left&#8221; background_image_as_pattern=&#8221;without_pattern&#8221; z_index=&#8221;&#8221;][vc_column width=&#8221;1\/2&#8243; offset=&#8221;vc_col-xs-12&#8243; css=&#8221;.vc_custom_1600765572415{margin-top: 20px !important;margin-right: 15px !important;}&#8221;][vc_column_text]<\/p>\n<h5 class=\"p1\"><span class=\"s1\">SIMPLIFICATION DES PROCESSUS<\/span><\/h5>\n<p>[\/vc_column_text][vc_empty_space height=&#8221;10px&#8221;][vc_column_text]<span class=\"s1\">La possibilit\u00e9 de retirer facilement le d\u00f4me permet d&#8217;optimiser les processus de foulage, maximisant ainsi l&#8217;efficacit\u00e9 et r\u00e9duisant le temps de traitement durant la fermentation.<\/span>[\/vc_column_text][\/vc_column][vc_column width=&#8221;1\/2&#8243; offset=&#8221;vc_col-xs-12&#8243;][vc_single_image image=&#8221;18320&#8243; img_size=&#8221;full&#8221; qode_css_animation=&#8221;&#8221;][\/vc_column][\/vc_row][vc_row css_animation=&#8221;&#8221; row_type=&#8221;row&#8221; use_row_as_full_screen_section=&#8221;no&#8221; type=&#8221;full_width&#8221; angled_section=&#8221;no&#8221; text_align=&#8221;left&#8221; background_image_as_pattern=&#8221;without_pattern&#8221;][vc_column width=&#8221;1\/2&#8243;][vc_single_image image=&#8221;18295&#8243; img_size=&#8221;full&#8221; qode_css_animation=&#8221;&#8221;][\/vc_column][vc_column width=&#8221;1\/2&#8243;][vc_column_text]<\/p>\n<h2><span class=\"section_title_custom\">MEL<\/span><\/h2>\n<p>[\/vc_column_text][vc_empty_space height=&#8221;10px&#8221;][vc_column_text]<\/p>\n<p class=\"p1\"><span class=\"s1\">Le nom MEL est n\u00e9 du hasard et repr\u00e9sente l&#8217;inversion du mot LEM. Il se rapporte \u00e0 la conception de la cuve qui est exactement \u00e0 l&#8217;oppos\u00e9 du LEM.<\/span><\/p>\n<p class=\"p1\"><span class=\"s1\">La n\u00e9cessit\u00e9 d&#8217;une telle forme d\u00e9coule de la demande de nos clients, qui recherchaient de nouvelles formes capables de conf\u00e9rer un caract\u00e8re et un style unique \u00e0 leurs caves.<\/span><\/p>\n<p>[\/vc_column_text][\/vc_column][\/vc_row][vc_row css_animation=&#8221;&#8221; row_type=&#8221;row&#8221; use_row_as_full_screen_section=&#8221;no&#8221; type=&#8221;full_width&#8221; angled_section=&#8221;no&#8221; text_align=&#8221;left&#8221; background_image_as_pattern=&#8221;without_pattern&#8221; el_class=&#8221;custom_full_width&#8221; css=&#8221;.vc_custom_1630597228212{background-image: url(https:\/\/www.trecieffe.it\/wp-content\/uploads\/2021\/09\/DSC0029_705x650.jpg?id=18321) !important;}&#8221; z_index=&#8221;&#8221;][vc_column width=&#8221;1\/2&#8243;][\/vc_column][vc_column width=&#8221;1\/2&#8243;][vc_empty_space height=&#8221;100px&#8221;][vc_column_text]<\/p>\n<h5 class=\"p1\"><span class=\"s1\">\u00caTRE EN CONTRE TENDANCE<\/span><\/h5>\n<p>[\/vc_column_text][vc_empty_space height=&#8221;10px&#8221;][vc_column_text]<span class=\"s1\">La conception ne se limite pas aux formes classiques. Votre cuverie peut \u00eatre mise en valeur par des produits sp\u00e9ciaux tels que le MEL.<\/span>[\/vc_column_text][vc_empty_space height=&#8221;50px&#8221;][vc_column_text]<\/p>\n<h5 class=\"p1\"><span class=\"s1\">UN CHAPEAU PLUS MINCE<\/span><\/h5>\n<p>[\/vc_column_text][vc_empty_space height=&#8221;10px&#8221;][vc_column_text]<span class=\"s1\">La forme sp\u00e9ciale de la cuve permet de r\u00e9partir le chapeau sur une plus grande surface, ce qui en r\u00e9duit l&#8217;\u00e9paisseur.<\/span>[\/vc_column_text][vc_empty_space height=&#8221;100px&#8221;][\/vc_column][\/vc_row][vc_row css_animation=&#8221;&#8221; row_type=&#8221;row&#8221; use_row_as_full_screen_section=&#8221;no&#8221; type=&#8221;full_width&#8221; angled_section=&#8221;no&#8221; text_align=&#8221;left&#8221; background_image_as_pattern=&#8221;without_pattern&#8221;][vc_column width=&#8221;1\/2&#8243;][vc_column_text]<\/p>\n<h5 class=\"p1\"><span class=\"s1\">L\u2019ARROSAGE N&#8217;A JAMAIS \u00c9T\u00c9 AUSSI EFFICACE<\/span><\/h5>\n<p>[\/vc_column_text][vc_empty_space height=&#8221;10px&#8221;][vc_column_text]<span class=\"s1\">L&#8217;\u00e9paisseur minimale du chapeau rend le processus d\u2019arrosage plus efficace, facilitant l&#8217;extraction des substances qui composent le marc<\/span><span style=\"font-weight: 400;\">.<\/span>[\/vc_column_text][\/vc_column][vc_column width=&#8221;1\/2&#8243;][vc_single_image image=&#8221;18326&#8243; img_size=&#8221;full&#8221; qode_css_animation=&#8221;&#8221;][\/vc_column][\/vc_row][vc_row css_animation=&#8221;&#8221; row_type=&#8221;row&#8221; use_row_as_full_screen_section=&#8221;no&#8221; type=&#8221;full_width&#8221; angled_section=&#8221;no&#8221; text_align=&#8221;left&#8221; background_image_as_pattern=&#8221;without_pattern&#8221;][vc_column][vc_separator type=&#8221;transparent&#8221; up=&#8221;7&#8243; down=&#8221;34&#8243;][vc_column_text]\n<div class=\"swiper-container\">\n\t<div class=\"swiper-wrapper\">\n\t\t \n\t\t\t\t<div class=\"swiper-slide\">\n\t\t\t\t\t<div class=\"single-image-wrapper\" style=\"background-image: url('https:\/\/www.trecieffe.it\/wp-content\/uploads\/2019\/10\/barone_ricasoli_DSC_0896_705x650.jpg');\"><\/div>\n\t\t\t\t<\/div> \n\t\t\t\t \n\t\t\t\t<div class=\"swiper-slide\">\n\t\t\t\t\t<div class=\"single-image-wrapper\" style=\"background-image: url('https:\/\/www.trecieffe.it\/wp-content\/uploads\/2019\/10\/Trecieffe_LEM_03.jpg');\"><\/div>\n\t\t\t\t<\/div> \n\t\t\t\t \n\t\t\t\t<div class=\"swiper-slide\">\n\t\t\t\t\t<div class=\"single-image-wrapper\" style=\"background-image: url('https:\/\/www.trecieffe.it\/wp-content\/uploads\/2019\/10\/Trecieffe_LEM_04.jpg');\"><\/div>\n\t\t\t\t<\/div> \n\t\t\t\t \n\t\t\t\t<div class=\"swiper-slide\">\n\t\t\t\t\t<div class=\"single-image-wrapper\" style=\"background-image: url('https:\/\/www.trecieffe.it\/wp-content\/uploads\/2021\/09\/DSC0029_705x650.jpg');\"><\/div>\n\t\t\t\t<\/div> \n\t\t\t\t \n\t\t\t\t<div class=\"swiper-slide\">\n\t\t\t\t\t<div class=\"single-image-wrapper\" style=\"background-image: url('https:\/\/www.trecieffe.it\/wp-content\/uploads\/2019\/10\/Trecieffe_LEM_05.jpg');\"><\/div>\n\t\t\t\t<\/div> \n\t\t\t\t \n\t\t\t\t<div class=\"swiper-slide\">\n\t\t\t\t\t<div class=\"single-image-wrapper\" style=\"background-image: url('https:\/\/www.trecieffe.it\/wp-content\/uploads\/2019\/10\/Trecieffe_LEM_06.jpg');\"><\/div>\n\t\t\t\t<\/div> \n\t\t\t\t\t<\/div>\n\t<div class=\"swiper-button-next\"><\/div>\n\t<div class=\"swiper-button-prev\"><\/div>\n<\/div>\n\n<!-- Swiper CSS & JS -->\n<link rel=\"stylesheet\" href=\"https:\/\/www.trecieffe.it\/wp-content\/themes\/bridge-child\/css\/swiper-bundle.min.css\">\n<script src=\"https:\/\/www.trecieffe.it\/wp-content\/themes\/bridge-child\/js\/swiper-bundle.min.js\"><\/script>\n<script>\n  var swiper = new Swiper('.swiper-container', {\n\tnavigation: {\n\t  nextEl: '.swiper-button-next',\n\t  prevEl: '.swiper-button-prev',\n\t},\n  });\n<\/script>\n\n[\/vc_column_text][\/vc_column][\/vc_row]<\/p>\n<\/div>","protected":false},"excerpt":{"rendered":"<p>[vc_row css_animation=&#8221;&#8221; row_type=&#8221;row&#8221; use_row_as_full_screen_section=&#8221;no&#8221; type=&#8221;full_width&#8221; angled_section=&#8221;no&#8221; text_align=&#8221;left&#8221; background_image_as_pattern=&#8221;without_pattern&#8221; el_class=&#8221;product-details-tab&#8221; z_index=&#8221;&#8221;][vc_column width=&#8221;1\/2&#8243; offset=&#8221;vc_col-xs-12&#8243;][vc_column_text] LEM [\/vc_column_text][vc_empty_space height=&#8221;10px&#8221;][vc_column_text]Le nom LEM vient directement du projet Apollo. L\u2019atterrisseur utilis\u00e9 lors de ces missions a inspir\u00e9 la conception de cette cuve. Avec sa forme d&#8217;un c\u00f4ne tronqu\u00e9, la cuve LEM repr\u00e9sente&#8230;<\/p>\n","protected":false},"featured_media":16749,"comment_status":"closed","ping_status":"closed","template":"","meta":{"_acf_changed":false},"product_brand":[],"product_cat":[309],"product_tag":[],"class_list":{"0":"post-16468","1":"product","2":"type-product","3":"status-publish","4":"has-post-thumbnail","6":"product_cat-enologique","8":"first","9":"instock","10":"product-type-simple"},"acf":[],"yoast_head":"<!-- This site is optimized with the Yoast SEO plugin v26.0 - https:\/\/yoast.com\/wordpress\/plugins\/seo\/ -->\n<title>Trecieffe - Cuves en acier inoxydable pour tous les secteurs<\/title>\n<meta name=\"description\" content=\"LEM: la meilleure solution pour ceux qui adoptent le syst\u00e8me de renversement et immersion du chapeau. MEL: ne se limite pas aux formes classiques.\" \/>\n<meta name=\"robots\" content=\"noindex, follow\" \/>\n<meta property=\"og:locale\" content=\"fr_FR\" \/>\n<meta property=\"og:type\" content=\"article\" \/>\n<meta property=\"og:title\" content=\"Trecieffe - Cuves en acier inoxydable pour tous les secteurs\" \/>\n<meta property=\"og:description\" content=\"LEM: la meilleure solution pour ceux qui adoptent le syst\u00e8me de renversement et immersion du chapeau. MEL: ne se limite pas aux formes classiques.\" \/>\n<meta property=\"og:url\" content=\"https:\/\/www.trecieffe.it\/fr\/prodotto\/cuve-tronconique\/\" \/>\n<meta property=\"og:site_name\" content=\"Trecieffe\" \/>\n<meta property=\"article:modified_time\" content=\"2021-09-07T06:41:44+00:00\" \/>\n<meta property=\"og:image\" content=\"https:\/\/www.trecieffe.it\/wp-content\/uploads\/2019\/10\/Trecieffe_LEM_01.jpg\" \/>\n\t<meta property=\"og:image:width\" content=\"2560\" \/>\n\t<meta property=\"og:image:height\" content=\"1920\" \/>\n\t<meta property=\"og:image:type\" content=\"image\/jpeg\" \/>\n<meta name=\"twitter:card\" content=\"summary_large_image\" \/>\n<meta name=\"twitter:label1\" content=\"Dur\u00e9e de lecture estim\u00e9e\" \/>\n\t<meta name=\"twitter:data1\" content=\"2 minutes\" \/>\n<script type=\"application\/ld+json\" class=\"yoast-schema-graph\">{\"@context\":\"https:\/\/schema.org\",\"@graph\":[{\"@type\":\"WebPage\",\"@id\":\"https:\/\/www.trecieffe.it\/fr\/prodotto\/cuve-tronconique\/\",\"url\":\"https:\/\/www.trecieffe.it\/fr\/prodotto\/cuve-tronconique\/\",\"name\":\"Trecieffe - Cuves en acier inoxydable pour tous les secteurs\",\"isPartOf\":{\"@id\":\"https:\/\/www.trecieffe.it\/fr\/#website\"},\"primaryImageOfPage\":{\"@id\":\"https:\/\/www.trecieffe.it\/fr\/prodotto\/cuve-tronconique\/#primaryimage\"},\"image\":{\"@id\":\"https:\/\/www.trecieffe.it\/fr\/prodotto\/cuve-tronconique\/#primaryimage\"},\"thumbnailUrl\":\"https:\/\/www.trecieffe.it\/wp-content\/uploads\/2019\/10\/Trecieffe_LEM_01.jpg\",\"datePublished\":\"2019-11-13T15:49:33+00:00\",\"dateModified\":\"2021-09-07T06:41:44+00:00\",\"description\":\"LEM: la meilleure solution pour ceux qui adoptent le syst\u00e8me de renversement et immersion du chapeau. MEL: ne se limite pas aux formes classiques.\",\"breadcrumb\":{\"@id\":\"https:\/\/www.trecieffe.it\/fr\/prodotto\/cuve-tronconique\/#breadcrumb\"},\"inLanguage\":\"fr-FR\",\"potentialAction\":[{\"@type\":\"ReadAction\",\"target\":[\"https:\/\/www.trecieffe.it\/fr\/prodotto\/cuve-tronconique\/\"]}]},{\"@type\":\"ImageObject\",\"inLanguage\":\"fr-FR\",\"@id\":\"https:\/\/www.trecieffe.it\/fr\/prodotto\/cuve-tronconique\/#primaryimage\",\"url\":\"https:\/\/www.trecieffe.it\/wp-content\/uploads\/2019\/10\/Trecieffe_LEM_01.jpg\",\"contentUrl\":\"https:\/\/www.trecieffe.it\/wp-content\/uploads\/2019\/10\/Trecieffe_LEM_01.jpg\",\"width\":2560,\"height\":1920},{\"@type\":\"BreadcrumbList\",\"@id\":\"https:\/\/www.trecieffe.it\/fr\/prodotto\/cuve-tronconique\/#breadcrumb\",\"itemListElement\":[{\"@type\":\"ListItem\",\"position\":1,\"name\":\"Home\",\"item\":\"https:\/\/www.trecieffe.it\/fr\/\"},{\"@type\":\"ListItem\",\"position\":2,\"name\":\"Produits\",\"item\":\"https:\/\/www.trecieffe.it\/fr\/shop\/\"},{\"@type\":\"ListItem\",\"position\":3,\"name\":\"Cuve tronconique\"}]},{\"@type\":\"WebSite\",\"@id\":\"https:\/\/www.trecieffe.it\/fr\/#website\",\"url\":\"https:\/\/www.trecieffe.it\/fr\/\",\"name\":\"Trecieffe\",\"description\":\"Cuves en acier inoxydable pour tous les secteurs\",\"potentialAction\":[{\"@type\":\"SearchAction\",\"target\":{\"@type\":\"EntryPoint\",\"urlTemplate\":\"https:\/\/www.trecieffe.it\/fr\/?s={search_term_string}\"},\"query-input\":{\"@type\":\"PropertyValueSpecification\",\"valueRequired\":true,\"valueName\":\"search_term_string\"}}],\"inLanguage\":\"fr-FR\"}]}<\/script>\n<!-- \/ Yoast SEO plugin. -->","yoast_head_json":{"title":"Trecieffe - Cuves en acier inoxydable pour tous les secteurs","description":"LEM: la meilleure solution pour ceux qui adoptent le syst\u00e8me de renversement et immersion du chapeau. MEL: ne se limite pas aux formes classiques.","robots":{"index":"noindex","follow":"follow"},"og_locale":"fr_FR","og_type":"article","og_title":"Trecieffe - Cuves en acier inoxydable pour tous les secteurs","og_description":"LEM: la meilleure solution pour ceux qui adoptent le syst\u00e8me de renversement et immersion du chapeau. MEL: ne se limite pas aux formes classiques.","og_url":"https:\/\/www.trecieffe.it\/fr\/prodotto\/cuve-tronconique\/","og_site_name":"Trecieffe","article_modified_time":"2021-09-07T06:41:44+00:00","og_image":[{"width":2560,"height":1920,"url":"https:\/\/www.trecieffe.it\/wp-content\/uploads\/2019\/10\/Trecieffe_LEM_01.jpg","type":"image\/jpeg"}],"twitter_card":"summary_large_image","twitter_misc":{"Dur\u00e9e de lecture estim\u00e9e":"2 minutes"},"schema":{"@context":"https:\/\/schema.org","@graph":[{"@type":"WebPage","@id":"https:\/\/www.trecieffe.it\/fr\/prodotto\/cuve-tronconique\/","url":"https:\/\/www.trecieffe.it\/fr\/prodotto\/cuve-tronconique\/","name":"Trecieffe - Cuves en acier inoxydable pour tous les secteurs","isPartOf":{"@id":"https:\/\/www.trecieffe.it\/fr\/#website"},"primaryImageOfPage":{"@id":"https:\/\/www.trecieffe.it\/fr\/prodotto\/cuve-tronconique\/#primaryimage"},"image":{"@id":"https:\/\/www.trecieffe.it\/fr\/prodotto\/cuve-tronconique\/#primaryimage"},"thumbnailUrl":"https:\/\/www.trecieffe.it\/wp-content\/uploads\/2019\/10\/Trecieffe_LEM_01.jpg","datePublished":"2019-11-13T15:49:33+00:00","dateModified":"2021-09-07T06:41:44+00:00","description":"LEM: la meilleure solution pour ceux qui adoptent le syst\u00e8me de renversement et immersion du chapeau. MEL: ne se limite pas aux formes classiques.","breadcrumb":{"@id":"https:\/\/www.trecieffe.it\/fr\/prodotto\/cuve-tronconique\/#breadcrumb"},"inLanguage":"fr-FR","potentialAction":[{"@type":"ReadAction","target":["https:\/\/www.trecieffe.it\/fr\/prodotto\/cuve-tronconique\/"]}]},{"@type":"ImageObject","inLanguage":"fr-FR","@id":"https:\/\/www.trecieffe.it\/fr\/prodotto\/cuve-tronconique\/#primaryimage","url":"https:\/\/www.trecieffe.it\/wp-content\/uploads\/2019\/10\/Trecieffe_LEM_01.jpg","contentUrl":"https:\/\/www.trecieffe.it\/wp-content\/uploads\/2019\/10\/Trecieffe_LEM_01.jpg","width":2560,"height":1920},{"@type":"BreadcrumbList","@id":"https:\/\/www.trecieffe.it\/fr\/prodotto\/cuve-tronconique\/#breadcrumb","itemListElement":[{"@type":"ListItem","position":1,"name":"Home","item":"https:\/\/www.trecieffe.it\/fr\/"},{"@type":"ListItem","position":2,"name":"Produits","item":"https:\/\/www.trecieffe.it\/fr\/shop\/"},{"@type":"ListItem","position":3,"name":"Cuve tronconique"}]},{"@type":"WebSite","@id":"https:\/\/www.trecieffe.it\/fr\/#website","url":"https:\/\/www.trecieffe.it\/fr\/","name":"Trecieffe","description":"Cuves en acier inoxydable pour tous les secteurs","potentialAction":[{"@type":"SearchAction","target":{"@type":"EntryPoint","urlTemplate":"https:\/\/www.trecieffe.it\/fr\/?s={search_term_string}"},"query-input":{"@type":"PropertyValueSpecification","valueRequired":true,"valueName":"search_term_string"}}],"inLanguage":"fr-FR"}]}},"_links":{"self":[{"href":"https:\/\/www.trecieffe.it\/fr\/wp-json\/wp\/v2\/product\/16468","targetHints":{"allow":["GET"]}}],"collection":[{"href":"https:\/\/www.trecieffe.it\/fr\/wp-json\/wp\/v2\/product"}],"about":[{"href":"https:\/\/www.trecieffe.it\/fr\/wp-json\/wp\/v2\/types\/product"}],"replies":[{"embeddable":true,"href":"https:\/\/www.trecieffe.it\/fr\/wp-json\/wp\/v2\/comments?post=16468"}],"wp:featuredmedia":[{"embeddable":true,"href":"https:\/\/www.trecieffe.it\/fr\/wp-json\/wp\/v2\/media\/16749"}],"wp:attachment":[{"href":"https:\/\/www.trecieffe.it\/fr\/wp-json\/wp\/v2\/media?parent=16468"}],"wp:term":[{"taxonomy":"product_brand","embeddable":true,"href":"https:\/\/www.trecieffe.it\/fr\/wp-json\/wp\/v2\/product_brand?post=16468"},{"taxonomy":"product_cat","embeddable":true,"href":"https:\/\/www.trecieffe.it\/fr\/wp-json\/wp\/v2\/product_cat?post=16468"},{"taxonomy":"product_tag","embeddable":true,"href":"https:\/\/www.trecieffe.it\/fr\/wp-json\/wp\/v2\/product_tag?post=16468"}],"curies":[{"name":"wp","href":"https:\/\/api.w.org\/{rel}","templated":true}]}}