{"id":16472,"date":"2019-10-17T12:29:02","date_gmt":"2019-11-13T16:08:50","guid":{"rendered":"https:\/\/www.trecieffe.it\/?post_type=product&#038;p=16472"},"modified":"2021-09-06T11:04:13","modified_gmt":"2021-09-06T09:04:13","slug":"autres-formes","status":"publish","type":"product","link":"https:\/\/www.trecieffe.it\/fr\/prodotto\/autres-formes\/","title":{"rendered":"Autres formes"},"content":{"rendered":"<div class=\"wpb-content-wrapper\"><p>[vc_row css_animation=&#8221;&#8221; row_type=&#8221;row&#8221; use_row_as_full_screen_section=&#8221;no&#8221; type=&#8221;full_width&#8221; angled_section=&#8221;no&#8221; text_align=&#8221;left&#8221; background_image_as_pattern=&#8221;without_pattern&#8221; el_class=&#8221;product-details-tab&#8221; z_index=&#8221;&#8221;][vc_column width=&#8221;1\/2&#8243; offset=&#8221;vc_col-xs-12&#8243;][vc_column_text]<\/p>\n<h2>Gerbable<\/h2>\n<p>[\/vc_column_text][vc_empty_space height=&#8221;10px&#8221;][vc_column_text]<span class=\"s1\">Ces cuves en acier inoxydable et de capacit\u00e9 r\u00e9duite, g\u00e9n\u00e9ralement 3-5-10-15 hl, sont mont\u00e9es sur un ch\u00e2ssis tubulaire qui les rend palettisables et gerbables de fa\u00e7on provisoire ou fixe. Elles ont \u00e9t\u00e9 con\u00e7ues pour contenir les stocks des cuves de plus grande capacit\u00e9 et faciliter leur d\u00e9placement avec des chariots \u00e9l\u00e9vateurs. Il peut s&#8217;agir de simples conteneurs ou m\u00eame de microvinificateurs destin\u00e9s \u00e0 la vinification. Poss\u00e9dant les m\u00eames caract\u00e9ristiques qu&#8217;une cuve de fermentation de plus grande capacit\u00e9 (ceinture de froid pour le contr\u00f4le de la temp\u00e9rature de fermentation, porte au ras du fond, vannes de vidange totale et de tirage au clair, robinet d\u00e9gustateur, piquage azote, etc.), le microvinificateur est la solution id\u00e9ale pour les petites entreprises ou pour r\u00e9aliser des tests de fermentation sur de petites quantit\u00e9s.<\/span>[\/vc_column_text][vc_empty_space height=&#8221;39px&#8221;][\/vc_column][vc_column width=&#8221;1\/2&#8243; offset=&#8221;vc_hidden-xs&#8221;][vc_single_image image=&#8221;18283&#8243; img_size=&#8221;full&#8221; alignment=&#8221;center&#8221; qode_css_animation=&#8221;&#8221;][\/vc_column][\/vc_row][vc_row css_animation=&#8221;&#8221; row_type=&#8221;row&#8221; use_row_as_full_screen_section=&#8221;no&#8221; type=&#8221;full_width&#8221; angled_section=&#8221;no&#8221; text_align=&#8221;left&#8221; background_image_as_pattern=&#8221;without_pattern&#8221; z_index=&#8221;&#8221; css=&#8221;.vc_custom_1600768111542{background-image: url(https:\/\/www.trecieffe.it\/wp-content\/uploads\/2019\/10\/Trecieffe_Palettizzabile_03.jpg?id=15973) !important;background-position: center !important;background-repeat: no-repeat !important;background-size: cover !important;}&#8221; el_class=&#8221;custom_full_width&#8221;][vc_column width=&#8221;1\/2&#8243; offset=&#8221;vc_hidden-xs&#8221;][\/vc_column][vc_column width=&#8221;1\/2&#8243; offset=&#8221;vc_col-xs-12&#8243;][vc_column_text]<\/p>\n<h5 class=\"p1\"><span class=\"s1\">LA PETITE BRIQUE D&#8217;ACIER<\/span><\/h5>\n<p>[\/vc_column_text][vc_empty_space height=&#8221;10px&#8221;][vc_column_text]<span class=\"s1\">Les caract\u00e9ristiques structurelles de cette cuve vous permettent de cr\u00e9er des compositions uniques, color\u00e9es et personnalis\u00e9es. Vous pouvez ainsi r\u00e9aliser des cloisons aux effets esth\u00e9tiques incomparables.<\/span>[\/vc_column_text][vc_empty_space height=&#8221;40px&#8221;][vc_column_text]<\/p>\n<h5 class=\"p1\"><span class=\"s1\">SOUTIRAGES SANS L&#8217;UTILISATION DE PI\u00c8CES M\u00c9CANIQUES<\/span><\/h5>\n<p>[\/vc_column_text][vc_empty_space height=&#8221;10px&#8221;][vc_column_text]<span class=\"s1\">La possibilit\u00e9 de superposer les cuves gerbables permet de transf\u00e9rer le produit entre les diff\u00e9rentes citernes en utilisant la force de gravit\u00e9 et, donc, sans l&#8217;aide de pompes.<\/span>[\/vc_column_text][vc_empty_space height=&#8221;40px&#8221;][vc_column_text]<\/p>\n<h5 class=\"p1\"><span class=\"s1\">MANUTENTION ILLIMIT\u00c9E<\/span><\/h5>\n<p>[\/vc_column_text][vc_empty_space height=&#8221;10px&#8221;][vc_column_text]<span class=\"s1\">Le ch\u00e2ssis robuste simplifie la manutention des cuves et permet de les d\u00e9placer m\u00eame lorsqu&#8217;elles sont pleines.<\/span>[\/vc_column_text][\/vc_column][\/vc_row][vc_row css_animation=&#8221;&#8221; row_type=&#8221;row&#8221; use_row_as_full_screen_section=&#8221;no&#8221; type=&#8221;full_width&#8221; angled_section=&#8221;no&#8221; text_align=&#8221;left&#8221; background_image_as_pattern=&#8221;without_pattern&#8221; z_index=&#8221;&#8221;][vc_column width=&#8221;1\/2&#8243; offset=&#8221;vc_col-xs-12&#8243; css=&#8221;.vc_custom_1600768124637{margin-top: 20px !important;margin-right: 15px !important;}&#8221;][vc_column_text]<\/p>\n<h5 class=\"p1\"><span class=\"s1\">NE VOUS LIMITEZ PAS, FAITES DE GRANDES EXP\u00c9RIMENTATIONS<\/span><\/h5>\n<p>[\/vc_column_text][vc_empty_space height=&#8221;10px&#8221;][vc_column_text]<span class=\"s1\">La petite taille de la cuve vous permet d&#8217;exp\u00e9rimenter de nouvelles techniques de production et d\u2019\u00e9viter les gaspillages<\/span>[\/vc_column_text][vc_empty_space height=&#8221;40px&#8221;][vc_column_text]<\/p>\n<h5 class=\"p1\"><span class=\"s1\">POUR LES SURPLUS DE PRODUCTION<\/span><\/h5>\n<p>[\/vc_column_text][vc_empty_space height=&#8221;10px&#8221;][vc_column_text]<span class=\"s1\">Lors des ann\u00e9es de plus forte production, ces petites cuves peuvent s&#8217;av\u00e9rer vos plus grandes alli\u00e9es, permettant ainsi le stockage ou la vinification des surplus de production.<\/span>[\/vc_column_text][\/vc_column][vc_column width=&#8221;1\/2&#8243; offset=&#8221;vc_col-xs-12&#8243;][vc_single_image image=&#8221;18286&#8243; img_size=&#8221;full&#8221; alignment=&#8221;center&#8221; qode_css_animation=&#8221;&#8221;][\/vc_column][\/vc_row][vc_row css_animation=&#8221;&#8221; row_type=&#8221;row&#8221; use_row_as_full_screen_section=&#8221;no&#8221; type=&#8221;full_width&#8221; angled_section=&#8221;no&#8221; text_align=&#8221;left&#8221; background_image_as_pattern=&#8221;without_pattern&#8221;][vc_column width=&#8221;1\/2&#8243;][vc_single_image image=&#8221;17743&#8243; img_size=&#8221;full&#8221; alignment=&#8221;center&#8221; qode_css_animation=&#8221;&#8221;][\/vc_column][vc_column width=&#8221;1\/2&#8243;][vc_column_text]<\/p>\n<h5 class=\"p1\"><span class=\"s1\">CR\u00c9EZ LE NEC PLUS ULTRA<\/span><\/h5>\n<p>[\/vc_column_text][vc_empty_space height=&#8221;10px&#8221;][vc_column_text]<span class=\"s1\">Si vous souhaitez cr\u00e9er des quantit\u00e9s minimales de produit aux caract\u00e9ristiques distinctives, cette cuve de vinification vous permettra d&#8217;isoler une petite quantit\u00e9 de produit destin\u00e9 \u00e0 se d\u00e9marquer de tous les autres.<\/span>[\/vc_column_text][\/vc_column][\/vc_row][vc_row css_animation=&#8221;&#8221; row_type=&#8221;row&#8221; use_row_as_full_screen_section=&#8221;no&#8221; type=&#8221;full_width&#8221; angled_section=&#8221;no&#8221; text_align=&#8221;left&#8221; background_image_as_pattern=&#8221;without_pattern&#8221;][vc_column width=&#8221;1\/2&#8243;][vc_column_text]<\/p>\n<h2>Transportables<\/h2>\n<p>[\/vc_column_text][vc_empty_space height=&#8221;10px&#8221;][vc_column_text]<\/p>\n<p class=\"p1\"><span class=\"s1\">Ces cuves horizontales en acier inoxydable sont mont\u00e9es sur des structures du m\u00eame mat\u00e9riau pour en faciliter le transport sur camion ou plate-forme. Pr\u00e9 perc\u00e9es, elles peuvent \u00eatre charg\u00e9es \u00e0 vide sur le v\u00e9hicule \u00e0 l\u2019aide d\u2019un chariot \u00e9l\u00e9vateur.<\/span><\/p>\n<p class=\"p1\"><span class=\"s1\">Elles peuvent \u00eatre personnalis\u00e9es avec tous les accessoires dont une cuve classique est dot\u00e9e, tels que les vannes de vidange totale et de tirage au clair, les trappes, les niveaux, etc.<\/span><\/p>\n<p>[\/vc_column_text][\/vc_column][vc_column width=&#8221;1\/2&#8243;][vc_single_image image=&#8221;18274&#8243; img_size=&#8221;full&#8221; alignment=&#8221;center&#8221; qode_css_animation=&#8221;&#8221;][\/vc_column][\/vc_row][vc_row css_animation=&#8221;&#8221; row_type=&#8221;row&#8221; use_row_as_full_screen_section=&#8221;no&#8221; type=&#8221;full_width&#8221; angled_section=&#8221;no&#8221; text_align=&#8221;left&#8221; background_image_as_pattern=&#8221;without_pattern&#8221; el_class=&#8221;custom_full_width&#8221; css=&#8221;.vc_custom_1630589686972{background-image: url(https:\/\/www.trecieffe.it\/wp-content\/uploads\/2019\/10\/Trecieffe_Camionabile_06.jpg?id=16029) !important;}&#8221; z_index=&#8221;&#8221;][vc_column width=&#8221;1\/2&#8243;][\/vc_column][vc_column width=&#8221;1\/2&#8243;][vc_column_text]<\/p>\n<h5 class=\"p1\"><span class=\"s1\">INTERCHANGEABLES SELON VOS BESOINS<\/span><\/h5>\n<p>[\/vc_column_text][vc_empty_space height=&#8221;10px&#8221;][vc_column_text]<span class=\"s1\">La structure des cuves permet de les d\u00e9placer facilement et rapidement d\u2019un v\u00e9hicule \u00e0 l\u2019autre.<\/span>[\/vc_column_text][vc_empty_space height=&#8221;50px&#8221;][vc_column_text]<\/p>\n<h5 class=\"p1\"><span class=\"s1\">R\u00c9SISTANTES AUX INTEMP\u00c9RIES<\/span><\/h5>\n<p>[\/vc_column_text][vc_empty_space height=&#8221;10px&#8221;][vc_column_text]<span class=\"s1\">Gr\u00e2ce \u00e0 ces cuves, vous avez la possibilit\u00e9 de d\u00e9placer votre produit avec vos propres v\u00e9hicules.<\/span>[\/vc_column_text][\/vc_column][\/vc_row][vc_row css_animation=&#8221;&#8221; row_type=&#8221;row&#8221; use_row_as_full_screen_section=&#8221;no&#8221; type=&#8221;full_width&#8221; angled_section=&#8221;no&#8221; text_align=&#8221;left&#8221; background_image_as_pattern=&#8221;without_pattern&#8221;][vc_column width=&#8221;1\/2&#8243;][vc_column_text]<\/p>\n<h5 class=\"p1\"><span class=\"s1\">FAITES BOUGER VOTRE BUSINESS<\/span><\/h5>\n<p>[\/vc_column_text][vc_empty_space height=&#8221;10px&#8221;][vc_column_text]<span class=\"s1\">La structure des cuves permet de les d\u00e9placer facilement et rapidement d\u2019un v\u00e9hicule \u00e0 l\u2019autre.<\/span>[\/vc_column_text][\/vc_column][vc_column width=&#8221;1\/2&#8243;][vc_single_image image=&#8221;16879&#8243; img_size=&#8221;full&#8221; alignment=&#8221;center&#8221; qode_css_animation=&#8221;&#8221;][\/vc_column][\/vc_row][vc_row css_animation=&#8221;&#8221; row_type=&#8221;row&#8221; use_row_as_full_screen_section=&#8221;no&#8221; type=&#8221;full_width&#8221; angled_section=&#8221;no&#8221; text_align=&#8221;left&#8221; background_image_as_pattern=&#8221;without_pattern&#8221; z_index=&#8221;&#8221;][vc_column][vc_separator type=&#8221;transparent&#8221; up=&#8221;7&#8243; down=&#8221;34&#8243;][vc_column_text]\n<div class=\"swiper-container\">\n\t<div class=\"swiper-wrapper\">\n\t\t \n\t\t\t\t<div class=\"swiper-slide\">\n\t\t\t\t\t<div class=\"single-image-wrapper\" style=\"background-image: url('https:\/\/www.trecieffe.it\/wp-content\/uploads\/2019\/10\/Trecieffe_Palettizzabile_08.jpg');\"><\/div>\n\t\t\t\t<\/div> \n\t\t\t\t \n\t\t\t\t<div class=\"swiper-slide\">\n\t\t\t\t\t<div class=\"single-image-wrapper\" style=\"background-image: url('https:\/\/www.trecieffe.it\/wp-content\/uploads\/2019\/10\/Trecieffe_Camionabile_05.jpg');\"><\/div>\n\t\t\t\t<\/div> \n\t\t\t\t \n\t\t\t\t<div class=\"swiper-slide\">\n\t\t\t\t\t<div class=\"single-image-wrapper\" style=\"background-image: url('https:\/\/www.trecieffe.it\/wp-content\/uploads\/2019\/10\/Trecieffe_Palettizzabile_02.jpg');\"><\/div>\n\t\t\t\t<\/div> \n\t\t\t\t \n\t\t\t\t<div class=\"swiper-slide\">\n\t\t\t\t\t<div class=\"single-image-wrapper\" style=\"background-image: url('https:\/\/www.trecieffe.it\/wp-content\/uploads\/2019\/10\/Trecieffe_Camionabile_07.jpg');\"><\/div>\n\t\t\t\t<\/div> \n\t\t\t\t \n\t\t\t\t<div class=\"swiper-slide\">\n\t\t\t\t\t<div class=\"single-image-wrapper\" style=\"background-image: url('https:\/\/www.trecieffe.it\/wp-content\/uploads\/2019\/10\/Trecieffe_Palettizzabile_03.jpg');\"><\/div>\n\t\t\t\t<\/div> \n\t\t\t\t \n\t\t\t\t<div class=\"swiper-slide\">\n\t\t\t\t\t<div class=\"single-image-wrapper\" style=\"background-image: url('https:\/\/www.trecieffe.it\/wp-content\/uploads\/2019\/10\/Trecieffe_Camionabile_01.jpg');\"><\/div>\n\t\t\t\t<\/div> \n\t\t\t\t \n\t\t\t\t<div class=\"swiper-slide\">\n\t\t\t\t\t<div class=\"single-image-wrapper\" style=\"background-image: url('https:\/\/www.trecieffe.it\/wp-content\/uploads\/2019\/10\/Trecieffe_Palettizzabile_04.jpg');\"><\/div>\n\t\t\t\t<\/div> \n\t\t\t\t \n\t\t\t\t<div class=\"swiper-slide\">\n\t\t\t\t\t<div class=\"single-image-wrapper\" style=\"background-image: url('https:\/\/www.trecieffe.it\/wp-content\/uploads\/2019\/10\/Trecieffe_Camionabile_06.jpg');\"><\/div>\n\t\t\t\t<\/div> \n\t\t\t\t \n\t\t\t\t<div class=\"swiper-slide\">\n\t\t\t\t\t<div class=\"single-image-wrapper\" style=\"background-image: url('https:\/\/www.trecieffe.it\/wp-content\/uploads\/2019\/10\/Trecieffe_Palettizzabile_05.jpg');\"><\/div>\n\t\t\t\t<\/div> \n\t\t\t\t \n\t\t\t\t<div class=\"swiper-slide\">\n\t\t\t\t\t<div class=\"single-image-wrapper\" style=\"background-image: url('https:\/\/www.trecieffe.it\/wp-content\/uploads\/2019\/10\/Trecieffe_Palettizzabile_06.jpg');\"><\/div>\n\t\t\t\t<\/div> \n\t\t\t\t \n\t\t\t\t<div class=\"swiper-slide\">\n\t\t\t\t\t<div class=\"single-image-wrapper\" style=\"background-image: url('https:\/\/www.trecieffe.it\/wp-content\/uploads\/2019\/10\/Trecieffe_Palettizzabile_07.jpg');\"><\/div>\n\t\t\t\t<\/div> \n\t\t\t\t \n\t\t\t\t<div class=\"swiper-slide\">\n\t\t\t\t\t<div class=\"single-image-wrapper\" style=\"background-image: url('https:\/\/www.trecieffe.it\/wp-content\/uploads\/2019\/10\/Trecieffe_Camionabile_02.jpg');\"><\/div>\n\t\t\t\t<\/div> \n\t\t\t\t \n\t\t\t\t<div class=\"swiper-slide\">\n\t\t\t\t\t<div class=\"single-image-wrapper\" style=\"background-image: url('https:\/\/www.trecieffe.it\/wp-content\/uploads\/2019\/10\/Trecieffe_Camionabile_03.jpg');\"><\/div>\n\t\t\t\t<\/div> \n\t\t\t\t \n\t\t\t\t<div class=\"swiper-slide\">\n\t\t\t\t\t<div class=\"single-image-wrapper\" style=\"background-image: url('https:\/\/www.trecieffe.it\/wp-content\/uploads\/2019\/10\/Trecieffe_Camionabile_04.jpg');\"><\/div>\n\t\t\t\t<\/div> \n\t\t\t\t\t<\/div>\n\t<div class=\"swiper-button-next\"><\/div>\n\t<div class=\"swiper-button-prev\"><\/div>\n<\/div>\n\n<!-- Swiper CSS & JS -->\n<link rel=\"stylesheet\" href=\"https:\/\/www.trecieffe.it\/wp-content\/themes\/bridge-child\/css\/swiper-bundle.min.css\">\n<script src=\"https:\/\/www.trecieffe.it\/wp-content\/themes\/bridge-child\/js\/swiper-bundle.min.js\"><\/script>\n<script>\n  var swiper = new Swiper('.swiper-container', {\n\tnavigation: {\n\t  nextEl: '.swiper-button-next',\n\t  prevEl: '.swiper-button-prev',\n\t},\n  });\n<\/script>\n\n[\/vc_column_text][\/vc_column][\/vc_row]<\/p>\n<\/div>","protected":false},"excerpt":{"rendered":"<p>[vc_row css_animation=&#8221;&#8221; row_type=&#8221;row&#8221; use_row_as_full_screen_section=&#8221;no&#8221; type=&#8221;full_width&#8221; angled_section=&#8221;no&#8221; text_align=&#8221;left&#8221; background_image_as_pattern=&#8221;without_pattern&#8221; el_class=&#8221;product-details-tab&#8221; z_index=&#8221;&#8221;][vc_column width=&#8221;1\/2&#8243; offset=&#8221;vc_col-xs-12&#8243;][vc_column_text] Gerbable [\/vc_column_text][vc_empty_space height=&#8221;10px&#8221;][vc_column_text]Ces cuves en acier inoxydable et de capacit\u00e9 r\u00e9duite, g\u00e9n\u00e9ralement 3-5-10-15 hl, sont mont\u00e9es sur un ch\u00e2ssis tubulaire qui les rend palettisables et gerbables de fa\u00e7on provisoire ou fixe. Elles ont&#8230;<\/p>\n","protected":false},"featured_media":16905,"comment_status":"closed","ping_status":"closed","template":"","meta":{"_acf_changed":false},"product_brand":[],"product_cat":[306,310,312,309,315],"product_tag":[],"class_list":{"0":"post-16472","1":"product","2":"type-product","3":"status-publish","4":"has-post-thumbnail","6":"product_cat-chimique","7":"product_cat-food-beverage","8":"product_cat-huilerie","9":"product_cat-enologique","10":"product_cat-tabac","12":"first","13":"instock","14":"product-type-simple"},"acf":[],"yoast_head":"<!-- This site is optimized with the Yoast SEO plugin v26.0 - https:\/\/yoast.com\/wordpress\/plugins\/seo\/ -->\n<title>Autres formes - Trecieffe - Cuves en acier inoxydable pour tous les secteurs<\/title>\n<meta name=\"description\" content=\"Cuves en acier inoxydable et de capacit\u00e9 r\u00e9duite, g\u00e9n\u00e9ralement 3-5-10-15 hl, cuves horizontales en acier inoxydable sont mont\u00e9es sur des structures du m\u00eame mat\u00e9riau pour en faciliter le transport sur camion\" \/>\n<meta name=\"robots\" content=\"noindex, follow\" \/>\n<meta property=\"og:locale\" content=\"fr_FR\" \/>\n<meta property=\"og:type\" content=\"article\" \/>\n<meta property=\"og:title\" content=\"Autres formes - Trecieffe - Cuves en acier inoxydable pour tous les secteurs\" \/>\n<meta property=\"og:description\" content=\"Cuves en acier inoxydable et de capacit\u00e9 r\u00e9duite, g\u00e9n\u00e9ralement 3-5-10-15 hl, cuves horizontales en acier inoxydable sont mont\u00e9es sur des structures du m\u00eame mat\u00e9riau pour en faciliter le transport sur camion\" \/>\n<meta property=\"og:url\" content=\"https:\/\/www.trecieffe.it\/fr\/prodotto\/autres-formes\/\" \/>\n<meta property=\"og:site_name\" content=\"Trecieffe\" \/>\n<meta property=\"article:modified_time\" content=\"2021-09-06T09:04:13+00:00\" \/>\n<meta property=\"og:image\" content=\"https:\/\/www.trecieffe.it\/wp-content\/uploads\/2019\/10\/Trecieffe_Palettizzabile_01.jpg\" \/>\n\t<meta property=\"og:image:width\" content=\"1200\" \/>\n\t<meta property=\"og:image:height\" content=\"1600\" \/>\n\t<meta property=\"og:image:type\" content=\"image\/jpeg\" \/>\n<meta name=\"twitter:card\" content=\"summary_large_image\" \/>\n<meta name=\"twitter:label1\" content=\"Dur\u00e9e de lecture estim\u00e9e\" \/>\n\t<meta name=\"twitter:data1\" content=\"6 minutes\" \/>\n<script type=\"application\/ld+json\" class=\"yoast-schema-graph\">{\"@context\":\"https:\/\/schema.org\",\"@graph\":[{\"@type\":\"WebPage\",\"@id\":\"https:\/\/www.trecieffe.it\/fr\/prodotto\/autres-formes\/\",\"url\":\"https:\/\/www.trecieffe.it\/fr\/prodotto\/autres-formes\/\",\"name\":\"Autres formes - Trecieffe - Cuves en acier inoxydable pour tous les secteurs\",\"isPartOf\":{\"@id\":\"https:\/\/www.trecieffe.it\/fr\/#website\"},\"primaryImageOfPage\":{\"@id\":\"https:\/\/www.trecieffe.it\/fr\/prodotto\/autres-formes\/#primaryimage\"},\"image\":{\"@id\":\"https:\/\/www.trecieffe.it\/fr\/prodotto\/autres-formes\/#primaryimage\"},\"thumbnailUrl\":\"https:\/\/www.trecieffe.it\/wp-content\/uploads\/2019\/10\/Trecieffe_Palettizzabile_01.jpg\",\"datePublished\":\"2019-11-13T16:08:50+00:00\",\"dateModified\":\"2021-09-06T09:04:13+00:00\",\"description\":\"Cuves en acier inoxydable et de capacit\u00e9 r\u00e9duite, g\u00e9n\u00e9ralement 3-5-10-15 hl, cuves horizontales en acier inoxydable sont mont\u00e9es sur des structures du m\u00eame mat\u00e9riau pour en faciliter le transport sur camion\",\"breadcrumb\":{\"@id\":\"https:\/\/www.trecieffe.it\/fr\/prodotto\/autres-formes\/#breadcrumb\"},\"inLanguage\":\"fr-FR\",\"potentialAction\":[{\"@type\":\"ReadAction\",\"target\":[\"https:\/\/www.trecieffe.it\/fr\/prodotto\/autres-formes\/\"]}]},{\"@type\":\"ImageObject\",\"inLanguage\":\"fr-FR\",\"@id\":\"https:\/\/www.trecieffe.it\/fr\/prodotto\/autres-formes\/#primaryimage\",\"url\":\"https:\/\/www.trecieffe.it\/wp-content\/uploads\/2019\/10\/Trecieffe_Palettizzabile_01.jpg\",\"contentUrl\":\"https:\/\/www.trecieffe.it\/wp-content\/uploads\/2019\/10\/Trecieffe_Palettizzabile_01.jpg\",\"width\":1200,\"height\":1600},{\"@type\":\"BreadcrumbList\",\"@id\":\"https:\/\/www.trecieffe.it\/fr\/prodotto\/autres-formes\/#breadcrumb\",\"itemListElement\":[{\"@type\":\"ListItem\",\"position\":1,\"name\":\"Home\",\"item\":\"https:\/\/www.trecieffe.it\/fr\/\"},{\"@type\":\"ListItem\",\"position\":2,\"name\":\"Produits\",\"item\":\"https:\/\/www.trecieffe.it\/fr\/shop\/\"},{\"@type\":\"ListItem\",\"position\":3,\"name\":\"Autres formes\"}]},{\"@type\":\"WebSite\",\"@id\":\"https:\/\/www.trecieffe.it\/fr\/#website\",\"url\":\"https:\/\/www.trecieffe.it\/fr\/\",\"name\":\"Trecieffe\",\"description\":\"Cuves en acier inoxydable pour tous les secteurs\",\"potentialAction\":[{\"@type\":\"SearchAction\",\"target\":{\"@type\":\"EntryPoint\",\"urlTemplate\":\"https:\/\/www.trecieffe.it\/fr\/?s={search_term_string}\"},\"query-input\":{\"@type\":\"PropertyValueSpecification\",\"valueRequired\":true,\"valueName\":\"search_term_string\"}}],\"inLanguage\":\"fr-FR\"}]}<\/script>\n<!-- \/ Yoast SEO plugin. -->","yoast_head_json":{"title":"Autres formes - Trecieffe - Cuves en acier inoxydable pour tous les secteurs","description":"Cuves en acier inoxydable et de capacit\u00e9 r\u00e9duite, g\u00e9n\u00e9ralement 3-5-10-15 hl, cuves horizontales en acier inoxydable sont mont\u00e9es sur des structures du m\u00eame mat\u00e9riau pour en faciliter le transport sur camion","robots":{"index":"noindex","follow":"follow"},"og_locale":"fr_FR","og_type":"article","og_title":"Autres formes - Trecieffe - Cuves en acier inoxydable pour tous les secteurs","og_description":"Cuves en acier inoxydable et de capacit\u00e9 r\u00e9duite, g\u00e9n\u00e9ralement 3-5-10-15 hl, cuves horizontales en acier inoxydable sont mont\u00e9es sur des structures du m\u00eame mat\u00e9riau pour en faciliter le transport sur camion","og_url":"https:\/\/www.trecieffe.it\/fr\/prodotto\/autres-formes\/","og_site_name":"Trecieffe","article_modified_time":"2021-09-06T09:04:13+00:00","og_image":[{"width":1200,"height":1600,"url":"https:\/\/www.trecieffe.it\/wp-content\/uploads\/2019\/10\/Trecieffe_Palettizzabile_01.jpg","type":"image\/jpeg"}],"twitter_card":"summary_large_image","twitter_misc":{"Dur\u00e9e de lecture estim\u00e9e":"6 minutes"},"schema":{"@context":"https:\/\/schema.org","@graph":[{"@type":"WebPage","@id":"https:\/\/www.trecieffe.it\/fr\/prodotto\/autres-formes\/","url":"https:\/\/www.trecieffe.it\/fr\/prodotto\/autres-formes\/","name":"Autres formes - Trecieffe - Cuves en acier inoxydable pour tous les secteurs","isPartOf":{"@id":"https:\/\/www.trecieffe.it\/fr\/#website"},"primaryImageOfPage":{"@id":"https:\/\/www.trecieffe.it\/fr\/prodotto\/autres-formes\/#primaryimage"},"image":{"@id":"https:\/\/www.trecieffe.it\/fr\/prodotto\/autres-formes\/#primaryimage"},"thumbnailUrl":"https:\/\/www.trecieffe.it\/wp-content\/uploads\/2019\/10\/Trecieffe_Palettizzabile_01.jpg","datePublished":"2019-11-13T16:08:50+00:00","dateModified":"2021-09-06T09:04:13+00:00","description":"Cuves en acier inoxydable et de capacit\u00e9 r\u00e9duite, g\u00e9n\u00e9ralement 3-5-10-15 hl, cuves horizontales en acier inoxydable sont mont\u00e9es sur des structures du m\u00eame mat\u00e9riau pour en faciliter le transport sur camion","breadcrumb":{"@id":"https:\/\/www.trecieffe.it\/fr\/prodotto\/autres-formes\/#breadcrumb"},"inLanguage":"fr-FR","potentialAction":[{"@type":"ReadAction","target":["https:\/\/www.trecieffe.it\/fr\/prodotto\/autres-formes\/"]}]},{"@type":"ImageObject","inLanguage":"fr-FR","@id":"https:\/\/www.trecieffe.it\/fr\/prodotto\/autres-formes\/#primaryimage","url":"https:\/\/www.trecieffe.it\/wp-content\/uploads\/2019\/10\/Trecieffe_Palettizzabile_01.jpg","contentUrl":"https:\/\/www.trecieffe.it\/wp-content\/uploads\/2019\/10\/Trecieffe_Palettizzabile_01.jpg","width":1200,"height":1600},{"@type":"BreadcrumbList","@id":"https:\/\/www.trecieffe.it\/fr\/prodotto\/autres-formes\/#breadcrumb","itemListElement":[{"@type":"ListItem","position":1,"name":"Home","item":"https:\/\/www.trecieffe.it\/fr\/"},{"@type":"ListItem","position":2,"name":"Produits","item":"https:\/\/www.trecieffe.it\/fr\/shop\/"},{"@type":"ListItem","position":3,"name":"Autres formes"}]},{"@type":"WebSite","@id":"https:\/\/www.trecieffe.it\/fr\/#website","url":"https:\/\/www.trecieffe.it\/fr\/","name":"Trecieffe","description":"Cuves en acier inoxydable pour tous les secteurs","potentialAction":[{"@type":"SearchAction","target":{"@type":"EntryPoint","urlTemplate":"https:\/\/www.trecieffe.it\/fr\/?s={search_term_string}"},"query-input":{"@type":"PropertyValueSpecification","valueRequired":true,"valueName":"search_term_string"}}],"inLanguage":"fr-FR"}]}},"_links":{"self":[{"href":"https:\/\/www.trecieffe.it\/fr\/wp-json\/wp\/v2\/product\/16472","targetHints":{"allow":["GET"]}}],"collection":[{"href":"https:\/\/www.trecieffe.it\/fr\/wp-json\/wp\/v2\/product"}],"about":[{"href":"https:\/\/www.trecieffe.it\/fr\/wp-json\/wp\/v2\/types\/product"}],"replies":[{"embeddable":true,"href":"https:\/\/www.trecieffe.it\/fr\/wp-json\/wp\/v2\/comments?post=16472"}],"wp:featuredmedia":[{"embeddable":true,"href":"https:\/\/www.trecieffe.it\/fr\/wp-json\/wp\/v2\/media\/16905"}],"wp:attachment":[{"href":"https:\/\/www.trecieffe.it\/fr\/wp-json\/wp\/v2\/media?parent=16472"}],"wp:term":[{"taxonomy":"product_brand","embeddable":true,"href":"https:\/\/www.trecieffe.it\/fr\/wp-json\/wp\/v2\/product_brand?post=16472"},{"taxonomy":"product_cat","embeddable":true,"href":"https:\/\/www.trecieffe.it\/fr\/wp-json\/wp\/v2\/product_cat?post=16472"},{"taxonomy":"product_tag","embeddable":true,"href":"https:\/\/www.trecieffe.it\/fr\/wp-json\/wp\/v2\/product_tag?post=16472"}],"curies":[{"name":"wp","href":"https:\/\/api.w.org\/{rel}","templated":true}]}}