{"id":16475,"date":"2019-10-17T12:27:53","date_gmt":"2019-11-14T07:38:00","guid":{"rendered":"https:\/\/www.trecieffe.it\/?post_type=product&#038;p=16475"},"modified":"2020-10-14T11:16:57","modified_gmt":"2020-10-14T09:16:57","slug":"autoclave","status":"publish","type":"product","link":"https:\/\/www.trecieffe.it\/fr\/prodotto\/autoclave\/","title":{"rendered":"Autoclave"},"content":{"rendered":"<div class=\"wpb-content-wrapper\"><p>[vc_row css_animation=&#8221;&#8221; row_type=&#8221;row&#8221; use_row_as_full_screen_section=&#8221;no&#8221; type=&#8221;full_width&#8221; angled_section=&#8221;no&#8221; text_align=&#8221;left&#8221; background_image_as_pattern=&#8221;without_pattern&#8221; el_class=&#8221;product-details-tab&#8221; z_index=&#8221;&#8221;][vc_column width=&#8221;1\/2&#8243; offset=&#8221;vc_col-xs-12&#8243;][vc_column_text]<\/p>\n<p class=\"p1\"><span class=\"s1\">Ces cuves en acier inoxydable sont destin\u00e9es \u00e0 la production de vins mousseux selon la m\u00e9thode Charmat.<\/span><\/p>\n<p class=\"p1\"><span class=\"s1\">Totalement isol\u00e9es, elles se distinguent des autres types de cuves par la plus grande \u00e9paisseur de la virole et des fonds pour le traitement du vin sous pression.<\/span><\/p>\n<p>[\/vc_column_text][vc_empty_space height=&#8221;39px&#8221;][\/vc_column][vc_column width=&#8221;1\/2&#8243; offset=&#8221;vc_hidden-xs&#8221;][\/vc_column][\/vc_row][vc_row css_animation=&#8221;&#8221; row_type=&#8221;row&#8221; use_row_as_full_screen_section=&#8221;no&#8221; type=&#8221;full_width&#8221; angled_section=&#8221;no&#8221; text_align=&#8221;left&#8221; background_image_as_pattern=&#8221;without_pattern&#8221; z_index=&#8221;&#8221; css=&#8221;.vc_custom_1600763669913{background-image: url(https:\/\/www.trecieffe.it\/wp-content\/uploads\/2019\/10\/Trecieffe_Autoclave_02.jpg?id=15985) !important;background-position: center !important;background-repeat: no-repeat !important;background-size: cover !important;}&#8221; el_class=&#8221;custom_full_width&#8221;][vc_column width=&#8221;1\/2&#8243; offset=&#8221;vc_hidden-xs&#8221;][\/vc_column][vc_column width=&#8221;1\/2&#8243; offset=&#8221;vc_col-xs-12&#8243;][vc_column_text]<\/p>\n<h4>Avantages<\/h4>\n<p>[\/vc_column_text][vc_empty_space height=&#8221;50px&#8221;][vc_column_text]<\/p>\n<h5 class=\"p1\"><span class=\"s1\">AUCUNE FRONTI\u00c8RE NE NOUS ARR\u00caTE<\/span><\/h5>\n<p>[\/vc_column_text][vc_empty_space height=&#8221;10px&#8221;][vc_column_text]<\/p>\n<p class=\"p1\"><span class=\"s1\">Nous sommes en mesure de vous fournir des <strong>autoclaves certifi\u00e9s PED pour l&#8217;Europe<\/strong> et <strong>ASME pour l&#8217;Am\u00e9rique du Nord<\/strong>.<\/span><\/p>\n<p>[\/vc_column_text][vc_empty_space height=&#8221;40px&#8221;][vc_column_text]<\/p>\n<h5 class=\"p1\"><span class=\"s1\">EFFICACIT\u00c9 MAXIMALE DE L\u2019\u00c9CHANGE DE CHALEUR<\/span><\/h5>\n<p>[\/vc_column_text][vc_empty_space height=&#8221;10px&#8221;][vc_column_text]<\/p>\n<p class=\"p1\"><span class=\"s1\">Gr\u00e2ce \u00e0 son isolation, l&#8217;autoclave assure un <strong>rendement thermique optimal<\/strong> et <strong>\u00e9vite les d\u00e9perditions d&#8217;\u00e9nergie<\/strong>.<\/span><\/p>\n<p>[\/vc_column_text][\/vc_column][\/vc_row][vc_row css_animation=&#8221;&#8221; row_type=&#8221;row&#8221; use_row_as_full_screen_section=&#8221;no&#8221; type=&#8221;full_width&#8221; angled_section=&#8221;no&#8221; text_align=&#8221;left&#8221; background_image_as_pattern=&#8221;without_pattern&#8221; z_index=&#8221;&#8221;][vc_column width=&#8221;1\/2&#8243; offset=&#8221;vc_col-xs-12&#8243; css=&#8221;.vc_custom_1600763677517{margin-top: 20px !important;margin-right: 15px !important;}&#8221;][vc_column_text]<\/p>\n<h5 class=\"p1\"><span class=\"s1\">POLISSAGE MIROIR<\/span><\/h5>\n<p>[\/vc_column_text][vc_empty_space height=&#8221;10px&#8221;][vc_column_text]<\/p>\n<p class=\"p1\"><span class=\"s1\">Les techniques de soudage innovantes et l&#8217;\u00e9limination int\u00e9grale du cordon permettent de r\u00e9aliser un poli miroir \u00e0 l\u2019int\u00e9rieur de la cuve pour un nettoyage optimal.<\/span><\/p>\n<p>[\/vc_column_text][vc_empty_space height=&#8221;40px&#8221;][vc_column_text]<\/p>\n<h5 class=\"p1\"><span class=\"s1\">MOINS DE D\u00c9TERGENTS, MOINS D&#8217;HEURES DE TRAVAIL, MOINS D&#8217;EAU = PLUS D&#8217;\u00c9CONOMIES, PLUS DE RESPECT POUR L&#8217;ENVIRONNEMENT<\/span><\/h5>\n<p>[\/vc_column_text][vc_empty_space height=&#8221;10px&#8221;][vc_column_text]<\/p>\n<p class=\"p1\"><span class=\"s1\">Les caract\u00e9ristiques structurelles et de construction de la cuve vous permettent d&#8217;utiliser moins de ressources pour son nettoyage et son entretien, ce qui vous fait faire des \u00e9conomies tout en respectant l&#8217;environnement.<\/span><\/p>\n<p>[\/vc_column_text][\/vc_column][vc_column width=&#8221;1\/2&#8243; offset=&#8221;vc_col-xs-12&#8243;][\/vc_column][\/vc_row]<\/p>\n<\/div>","protected":false},"excerpt":{"rendered":"<p>[vc_row css_animation=&#8221;&#8221; row_type=&#8221;row&#8221; use_row_as_full_screen_section=&#8221;no&#8221; type=&#8221;full_width&#8221; angled_section=&#8221;no&#8221; text_align=&#8221;left&#8221; background_image_as_pattern=&#8221;without_pattern&#8221; el_class=&#8221;product-details-tab&#8221; z_index=&#8221;&#8221;][vc_column width=&#8221;1\/2&#8243; offset=&#8221;vc_col-xs-12&#8243;][vc_column_text] Ces cuves en acier inoxydable sont destin\u00e9es \u00e0 la production de vins mousseux selon la m\u00e9thode Charmat. Totalement isol\u00e9es, elles se distinguent des autres types de cuves par la plus grande \u00e9paisseur de&#8230;<\/p>\n","protected":false},"featured_media":16897,"comment_status":"closed","ping_status":"closed","template":"","meta":{"_acf_changed":false},"product_brand":[],"product_cat":[310,309],"product_tag":[],"class_list":{"0":"post-16475","1":"product","2":"type-product","3":"status-publish","4":"has-post-thumbnail","6":"product_cat-food-beverage","7":"product_cat-enologique","9":"first","10":"instock","11":"product-type-simple"},"acf":[],"yoast_head":"<!-- This site is optimized with the Yoast SEO plugin v26.0 - https:\/\/yoast.com\/wordpress\/plugins\/seo\/ -->\n<title>Autoclave - Trecieffe - Cuves en acier inoxydable pour tous les secteurs<\/title>\n<meta name=\"description\" content=\"Ces cuves en acier inoxydable sont destin\u00e9es \u00e0 la production de vins mousseux selon la m\u00e9thode Charmat.\" \/>\n<meta name=\"robots\" content=\"noindex, follow\" \/>\n<meta property=\"og:locale\" content=\"fr_FR\" \/>\n<meta property=\"og:type\" content=\"article\" \/>\n<meta property=\"og:title\" content=\"Autoclave - Trecieffe - Cuves en acier inoxydable pour tous les secteurs\" \/>\n<meta property=\"og:description\" content=\"Ces cuves en acier inoxydable sont destin\u00e9es \u00e0 la production de vins mousseux selon la m\u00e9thode Charmat.\" \/>\n<meta property=\"og:url\" content=\"https:\/\/www.trecieffe.it\/fr\/prodotto\/autoclave\/\" \/>\n<meta property=\"og:site_name\" content=\"Trecieffe\" \/>\n<meta property=\"article:modified_time\" content=\"2020-10-14T09:16:57+00:00\" \/>\n<meta property=\"og:image\" content=\"https:\/\/www.trecieffe.it\/wp-content\/uploads\/2019\/10\/Trecieffe_Autoclave_01.jpg\" \/>\n\t<meta property=\"og:image:width\" content=\"1200\" \/>\n\t<meta property=\"og:image:height\" content=\"1600\" \/>\n\t<meta property=\"og:image:type\" content=\"image\/jpeg\" \/>\n<meta name=\"twitter:card\" content=\"summary_large_image\" \/>\n<meta name=\"twitter:label1\" content=\"Dur\u00e9e de lecture estim\u00e9e\" \/>\n\t<meta name=\"twitter:data1\" content=\"2 minutes\" \/>\n<script type=\"application\/ld+json\" class=\"yoast-schema-graph\">{\"@context\":\"https:\/\/schema.org\",\"@graph\":[{\"@type\":\"WebPage\",\"@id\":\"https:\/\/www.trecieffe.it\/fr\/prodotto\/autoclave\/\",\"url\":\"https:\/\/www.trecieffe.it\/fr\/prodotto\/autoclave\/\",\"name\":\"Autoclave - Trecieffe - Cuves en acier inoxydable pour tous les secteurs\",\"isPartOf\":{\"@id\":\"https:\/\/www.trecieffe.it\/fr\/#website\"},\"primaryImageOfPage\":{\"@id\":\"https:\/\/www.trecieffe.it\/fr\/prodotto\/autoclave\/#primaryimage\"},\"image\":{\"@id\":\"https:\/\/www.trecieffe.it\/fr\/prodotto\/autoclave\/#primaryimage\"},\"thumbnailUrl\":\"https:\/\/www.trecieffe.it\/wp-content\/uploads\/2019\/10\/Trecieffe_Autoclave_01.jpg\",\"datePublished\":\"2019-11-14T07:38:00+00:00\",\"dateModified\":\"2020-10-14T09:16:57+00:00\",\"description\":\"Ces cuves en acier inoxydable sont destin\u00e9es \u00e0 la production de vins mousseux selon la m\u00e9thode Charmat.\",\"breadcrumb\":{\"@id\":\"https:\/\/www.trecieffe.it\/fr\/prodotto\/autoclave\/#breadcrumb\"},\"inLanguage\":\"fr-FR\",\"potentialAction\":[{\"@type\":\"ReadAction\",\"target\":[\"https:\/\/www.trecieffe.it\/fr\/prodotto\/autoclave\/\"]}]},{\"@type\":\"ImageObject\",\"inLanguage\":\"fr-FR\",\"@id\":\"https:\/\/www.trecieffe.it\/fr\/prodotto\/autoclave\/#primaryimage\",\"url\":\"https:\/\/www.trecieffe.it\/wp-content\/uploads\/2019\/10\/Trecieffe_Autoclave_01.jpg\",\"contentUrl\":\"https:\/\/www.trecieffe.it\/wp-content\/uploads\/2019\/10\/Trecieffe_Autoclave_01.jpg\",\"width\":1200,\"height\":1600},{\"@type\":\"BreadcrumbList\",\"@id\":\"https:\/\/www.trecieffe.it\/fr\/prodotto\/autoclave\/#breadcrumb\",\"itemListElement\":[{\"@type\":\"ListItem\",\"position\":1,\"name\":\"Home\",\"item\":\"https:\/\/www.trecieffe.it\/fr\/\"},{\"@type\":\"ListItem\",\"position\":2,\"name\":\"Produits\",\"item\":\"https:\/\/www.trecieffe.it\/fr\/shop\/\"},{\"@type\":\"ListItem\",\"position\":3,\"name\":\"Autoclave\"}]},{\"@type\":\"WebSite\",\"@id\":\"https:\/\/www.trecieffe.it\/fr\/#website\",\"url\":\"https:\/\/www.trecieffe.it\/fr\/\",\"name\":\"Trecieffe\",\"description\":\"Cuves en acier inoxydable pour tous les secteurs\",\"potentialAction\":[{\"@type\":\"SearchAction\",\"target\":{\"@type\":\"EntryPoint\",\"urlTemplate\":\"https:\/\/www.trecieffe.it\/fr\/?s={search_term_string}\"},\"query-input\":{\"@type\":\"PropertyValueSpecification\",\"valueRequired\":true,\"valueName\":\"search_term_string\"}}],\"inLanguage\":\"fr-FR\"}]}<\/script>\n<!-- \/ Yoast SEO plugin. -->","yoast_head_json":{"title":"Autoclave - Trecieffe - Cuves en acier inoxydable pour tous les secteurs","description":"Ces cuves en acier inoxydable sont destin\u00e9es \u00e0 la production de vins mousseux selon la m\u00e9thode Charmat.","robots":{"index":"noindex","follow":"follow"},"og_locale":"fr_FR","og_type":"article","og_title":"Autoclave - Trecieffe - Cuves en acier inoxydable pour tous les secteurs","og_description":"Ces cuves en acier inoxydable sont destin\u00e9es \u00e0 la production de vins mousseux selon la m\u00e9thode Charmat.","og_url":"https:\/\/www.trecieffe.it\/fr\/prodotto\/autoclave\/","og_site_name":"Trecieffe","article_modified_time":"2020-10-14T09:16:57+00:00","og_image":[{"width":1200,"height":1600,"url":"https:\/\/www.trecieffe.it\/wp-content\/uploads\/2019\/10\/Trecieffe_Autoclave_01.jpg","type":"image\/jpeg"}],"twitter_card":"summary_large_image","twitter_misc":{"Dur\u00e9e de lecture estim\u00e9e":"2 minutes"},"schema":{"@context":"https:\/\/schema.org","@graph":[{"@type":"WebPage","@id":"https:\/\/www.trecieffe.it\/fr\/prodotto\/autoclave\/","url":"https:\/\/www.trecieffe.it\/fr\/prodotto\/autoclave\/","name":"Autoclave - Trecieffe - Cuves en acier inoxydable pour tous les secteurs","isPartOf":{"@id":"https:\/\/www.trecieffe.it\/fr\/#website"},"primaryImageOfPage":{"@id":"https:\/\/www.trecieffe.it\/fr\/prodotto\/autoclave\/#primaryimage"},"image":{"@id":"https:\/\/www.trecieffe.it\/fr\/prodotto\/autoclave\/#primaryimage"},"thumbnailUrl":"https:\/\/www.trecieffe.it\/wp-content\/uploads\/2019\/10\/Trecieffe_Autoclave_01.jpg","datePublished":"2019-11-14T07:38:00+00:00","dateModified":"2020-10-14T09:16:57+00:00","description":"Ces cuves en acier inoxydable sont destin\u00e9es \u00e0 la production de vins mousseux selon la m\u00e9thode Charmat.","breadcrumb":{"@id":"https:\/\/www.trecieffe.it\/fr\/prodotto\/autoclave\/#breadcrumb"},"inLanguage":"fr-FR","potentialAction":[{"@type":"ReadAction","target":["https:\/\/www.trecieffe.it\/fr\/prodotto\/autoclave\/"]}]},{"@type":"ImageObject","inLanguage":"fr-FR","@id":"https:\/\/www.trecieffe.it\/fr\/prodotto\/autoclave\/#primaryimage","url":"https:\/\/www.trecieffe.it\/wp-content\/uploads\/2019\/10\/Trecieffe_Autoclave_01.jpg","contentUrl":"https:\/\/www.trecieffe.it\/wp-content\/uploads\/2019\/10\/Trecieffe_Autoclave_01.jpg","width":1200,"height":1600},{"@type":"BreadcrumbList","@id":"https:\/\/www.trecieffe.it\/fr\/prodotto\/autoclave\/#breadcrumb","itemListElement":[{"@type":"ListItem","position":1,"name":"Home","item":"https:\/\/www.trecieffe.it\/fr\/"},{"@type":"ListItem","position":2,"name":"Produits","item":"https:\/\/www.trecieffe.it\/fr\/shop\/"},{"@type":"ListItem","position":3,"name":"Autoclave"}]},{"@type":"WebSite","@id":"https:\/\/www.trecieffe.it\/fr\/#website","url":"https:\/\/www.trecieffe.it\/fr\/","name":"Trecieffe","description":"Cuves en acier inoxydable pour tous les secteurs","potentialAction":[{"@type":"SearchAction","target":{"@type":"EntryPoint","urlTemplate":"https:\/\/www.trecieffe.it\/fr\/?s={search_term_string}"},"query-input":{"@type":"PropertyValueSpecification","valueRequired":true,"valueName":"search_term_string"}}],"inLanguage":"fr-FR"}]}},"_links":{"self":[{"href":"https:\/\/www.trecieffe.it\/fr\/wp-json\/wp\/v2\/product\/16475","targetHints":{"allow":["GET"]}}],"collection":[{"href":"https:\/\/www.trecieffe.it\/fr\/wp-json\/wp\/v2\/product"}],"about":[{"href":"https:\/\/www.trecieffe.it\/fr\/wp-json\/wp\/v2\/types\/product"}],"replies":[{"embeddable":true,"href":"https:\/\/www.trecieffe.it\/fr\/wp-json\/wp\/v2\/comments?post=16475"}],"wp:featuredmedia":[{"embeddable":true,"href":"https:\/\/www.trecieffe.it\/fr\/wp-json\/wp\/v2\/media\/16897"}],"wp:attachment":[{"href":"https:\/\/www.trecieffe.it\/fr\/wp-json\/wp\/v2\/media?parent=16475"}],"wp:term":[{"taxonomy":"product_brand","embeddable":true,"href":"https:\/\/www.trecieffe.it\/fr\/wp-json\/wp\/v2\/product_brand?post=16475"},{"taxonomy":"product_cat","embeddable":true,"href":"https:\/\/www.trecieffe.it\/fr\/wp-json\/wp\/v2\/product_cat?post=16475"},{"taxonomy":"product_tag","embeddable":true,"href":"https:\/\/www.trecieffe.it\/fr\/wp-json\/wp\/v2\/product_tag?post=16475"}],"curies":[{"name":"wp","href":"https:\/\/api.w.org\/{rel}","templated":true}]}}