{"id":16477,"date":"2019-10-17T12:27:53","date_gmt":"2019-11-14T07:48:21","guid":{"rendered":"https:\/\/www.trecieffe.it\/?post_type=product&#038;p=16477"},"modified":"2020-10-14T11:17:00","modified_gmt":"2020-10-14T09:17:00","slug":"compartiments-multiples","status":"publish","type":"product","link":"https:\/\/www.trecieffe.it\/fr\/prodotto\/compartiments-multiples\/","title":{"rendered":"Compartiments multiples"},"content":{"rendered":"<div class=\"wpb-content-wrapper\"><p>[vc_row css_animation=&#8221;&#8221; row_type=&#8221;row&#8221; use_row_as_full_screen_section=&#8221;no&#8221; type=&#8221;full_width&#8221; angled_section=&#8221;no&#8221; text_align=&#8221;left&#8221; background_image_as_pattern=&#8221;without_pattern&#8221; el_class=&#8221;product-details-tab&#8221; z_index=&#8221;&#8221;][vc_column width=&#8221;1\/2&#8243; offset=&#8221;vc_col-xs-12&#8243;][vc_column_text]<\/p>\n<p class=\"p1\"><span class=\"s1\">Les cuves compartiment\u00e9es, de forme cylindrique ou parall\u00e9l\u00e9pip\u00e9dique, ont \u00e9t\u00e9 con\u00e7ues pour r\u00e9soudre les probl\u00e8mes d&#8217;espace. \u00c9tant totalement ind\u00e9pendantes les unes des autres, elles sont donc largement utilis\u00e9es par ceux qui souhaitent d\u00e9velopper la cave en hauteur et donner une touche d&#8217;originalit\u00e9 aux locaux.<\/span><\/p>\n<p>[\/vc_column_text][vc_empty_space height=&#8221;39px&#8221;][\/vc_column][vc_column width=&#8221;1\/2&#8243; offset=&#8221;vc_hidden-xs&#8221;][\/vc_column][\/vc_row][vc_row css_animation=&#8221;&#8221; row_type=&#8221;row&#8221; use_row_as_full_screen_section=&#8221;no&#8221; type=&#8221;full_width&#8221; angled_section=&#8221;no&#8221; text_align=&#8221;left&#8221; background_image_as_pattern=&#8221;without_pattern&#8221; z_index=&#8221;&#8221; css=&#8221;.vc_custom_1600758387081{background-image: url(https:\/\/www.trecieffe.it\/wp-content\/uploads\/2019\/10\/Trecieffe_CelleMultiple_02.jpg?id=15997) !important;background-position: center !important;background-repeat: no-repeat !important;background-size: cover !important;}&#8221; el_class=&#8221;custom_full_width&#8221;][vc_column width=&#8221;1\/2&#8243; offset=&#8221;vc_hidden-xs&#8221;][\/vc_column][vc_column width=&#8221;1\/2&#8243; offset=&#8221;vc_col-xs-12&#8243;][vc_column_text]<\/p>\n<h4>Avantages<\/h4>\n<p>[\/vc_column_text][vc_empty_space height=&#8221;50px&#8221;][vc_column_text]<\/p>\n<h5 class=\"p1\"><span class=\"s1\">PRENEZ-EN UNE AVEC LA FORCE DE DEUX<\/span><\/h5>\n<p>[\/vc_column_text][vc_empty_space height=&#8221;10px&#8221;][vc_column_text]<\/p>\n<p class=\"p1\"><span class=\"s1\">Le fait d&#8217;avoir deux cuves superpos\u00e9es ne restreint pas leur utilisation. Chaque compartiment peut \u00eatre utilis\u00e9 pour diff\u00e9rents produits et \u00e9quip\u00e9 de diff\u00e9rents accessoires et pi\u00e8ces m\u00e9caniques.<\/span><\/p>\n<p>[\/vc_column_text][vc_empty_space height=&#8221;40px&#8221;][vc_column_text]<\/p>\n<h5 class=\"p1\"><span class=\"s1\">OPTIMISATION DE LA HAUTEUR<\/span><\/h5>\n<p>[\/vc_column_text][vc_empty_space height=&#8221;10px&#8221;][vc_column_text]<\/p>\n<p class=\"p1\"><span class=\"s1\">Bien souvent, les espaces des sites de production ne permettent pas de cr\u00e9er de nombreuses batteries de cuves. La solution consiste \u00e0 exploiter la hauteur.<\/span><\/p>\n<p>[\/vc_column_text][\/vc_column][\/vc_row][vc_row css_animation=&#8221;&#8221; row_type=&#8221;row&#8221; use_row_as_full_screen_section=&#8221;no&#8221; type=&#8221;full_width&#8221; angled_section=&#8221;no&#8221; text_align=&#8221;left&#8221; background_image_as_pattern=&#8221;without_pattern&#8221; z_index=&#8221;&#8221;][vc_column width=&#8221;1\/2&#8243; offset=&#8221;vc_col-xs-12&#8243; css=&#8221;.vc_custom_1600758541319{margin-top: 20px !important;margin-right: 15px !important;}&#8221;][vc_column_text]<\/p>\n<h5 class=\"p1\"><span class=\"s1\">D\u00d4MES ET FONDS SANS CONTACT<\/span><\/h5>\n<p>[\/vc_column_text][vc_empty_space height=&#8221;10px&#8221;][vc_column_text]<\/p>\n<p class=\"p1\"><span class=\"s1\">Le fond du compartiment sup\u00e9rieur et le d\u00f4me du compartiment inf\u00e9rieur sont deux \u00e9l\u00e9ments distincts. Le but d&#8217;une telle structure est de cr\u00e9er une s\u00e9paration des compartiments au moyen d\u2019un double fond afin de les rendre enti\u00e8rement ind\u00e9pendants.<\/span><\/p>\n<p>[\/vc_column_text][vc_empty_space height=&#8221;40px&#8221;][vc_column_text]<\/p>\n<h5 class=\"p1\"><span class=\"s1\">LA GRAVIT\u00c9 SIMPLIFIE VOTRE TRAVAIL<\/span><\/h5>\n<p>[\/vc_column_text][vc_empty_space height=&#8221;10px&#8221;][vc_column_text]<\/p>\n<p class=\"p1\"><span class=\"s1\">Deux compartiments superpos\u00e9s qui travaillent de fa\u00e7on compl\u00e9mentaire sur le m\u00eame produit peuvent tirer parti du traitement par gravit\u00e9, \u00e9vitant ainsi l&#8217;utilisation d&#8217;\u00e9quipements m\u00e9caniques suppl\u00e9mentaires.<\/span><\/p>\n<p>[\/vc_column_text][\/vc_column][vc_column width=&#8221;1\/2&#8243; offset=&#8221;vc_col-xs-12&#8243;][\/vc_column][\/vc_row]<\/p>\n<\/div>","protected":false},"excerpt":{"rendered":"<p>[vc_row css_animation=&#8221;&#8221; row_type=&#8221;row&#8221; use_row_as_full_screen_section=&#8221;no&#8221; type=&#8221;full_width&#8221; angled_section=&#8221;no&#8221; text_align=&#8221;left&#8221; background_image_as_pattern=&#8221;without_pattern&#8221; el_class=&#8221;product-details-tab&#8221; z_index=&#8221;&#8221;][vc_column width=&#8221;1\/2&#8243; offset=&#8221;vc_col-xs-12&#8243;][vc_column_text] Les cuves compartiment\u00e9es, de forme cylindrique ou parall\u00e9l\u00e9pip\u00e9dique, ont \u00e9t\u00e9 con\u00e7ues pour r\u00e9soudre les probl\u00e8mes d&#8217;espace. \u00c9tant totalement ind\u00e9pendantes les unes des autres, elles sont donc largement utilis\u00e9es par ceux qui souhaitent d\u00e9velopper&#8230;<\/p>\n","protected":false},"featured_media":16893,"comment_status":"closed","ping_status":"closed","template":"","meta":{"_acf_changed":false},"product_brand":[],"product_cat":[15],"product_tag":[],"class_list":{"0":"post-16477","1":"product","2":"type-product","3":"status-publish","4":"has-post-thumbnail","6":"product_cat-senza-categoria","8":"first","9":"instock","10":"product-type-simple"},"acf":[],"yoast_head":"<!-- This site is optimized with the Yoast SEO plugin v26.0 - https:\/\/yoast.com\/wordpress\/plugins\/seo\/ -->\n<title>Compartiments multiples - Trecieffe - Cuves en acier inoxydable pour tous les secteurs<\/title>\n<meta name=\"description\" content=\"Les cuves compartiment\u00e9es, de forme cylindrique ou parall\u00e9l\u00e9pip\u00e9dique, ont \u00e9t\u00e9 con\u00e7ues pour r\u00e9soudre les probl\u00e8mes d&#039;espace\" \/>\n<meta name=\"robots\" content=\"noindex, follow\" \/>\n<meta property=\"og:locale\" content=\"fr_FR\" \/>\n<meta property=\"og:type\" content=\"article\" \/>\n<meta property=\"og:title\" content=\"Compartiments multiples - Trecieffe - Cuves en acier inoxydable pour tous les secteurs\" \/>\n<meta property=\"og:description\" content=\"Les cuves compartiment\u00e9es, de forme cylindrique ou parall\u00e9l\u00e9pip\u00e9dique, ont \u00e9t\u00e9 con\u00e7ues pour r\u00e9soudre les probl\u00e8mes d&#039;espace\" \/>\n<meta property=\"og:url\" content=\"https:\/\/www.trecieffe.it\/fr\/prodotto\/compartiments-multiples\/\" \/>\n<meta property=\"og:site_name\" content=\"Trecieffe\" \/>\n<meta property=\"article:modified_time\" content=\"2020-10-14T09:17:00+00:00\" \/>\n<meta property=\"og:image\" content=\"https:\/\/www.trecieffe.it\/wp-content\/uploads\/2019\/10\/Trecieffe_CelleMultiple_01.jpg\" \/>\n\t<meta property=\"og:image:width\" content=\"960\" \/>\n\t<meta property=\"og:image:height\" content=\"1280\" \/>\n\t<meta property=\"og:image:type\" content=\"image\/jpeg\" \/>\n<meta name=\"twitter:card\" content=\"summary_large_image\" \/>\n<meta name=\"twitter:label1\" content=\"Dur\u00e9e de lecture estim\u00e9e\" \/>\n\t<meta name=\"twitter:data1\" content=\"3 minutes\" \/>\n<script type=\"application\/ld+json\" class=\"yoast-schema-graph\">{\"@context\":\"https:\/\/schema.org\",\"@graph\":[{\"@type\":\"WebPage\",\"@id\":\"https:\/\/www.trecieffe.it\/fr\/prodotto\/compartiments-multiples\/\",\"url\":\"https:\/\/www.trecieffe.it\/fr\/prodotto\/compartiments-multiples\/\",\"name\":\"Compartiments multiples - Trecieffe - Cuves en acier inoxydable pour tous les secteurs\",\"isPartOf\":{\"@id\":\"https:\/\/www.trecieffe.it\/fr\/#website\"},\"primaryImageOfPage\":{\"@id\":\"https:\/\/www.trecieffe.it\/fr\/prodotto\/compartiments-multiples\/#primaryimage\"},\"image\":{\"@id\":\"https:\/\/www.trecieffe.it\/fr\/prodotto\/compartiments-multiples\/#primaryimage\"},\"thumbnailUrl\":\"https:\/\/www.trecieffe.it\/wp-content\/uploads\/2019\/10\/Trecieffe_CelleMultiple_01.jpg\",\"datePublished\":\"2019-11-14T07:48:21+00:00\",\"dateModified\":\"2020-10-14T09:17:00+00:00\",\"description\":\"Les cuves compartiment\u00e9es, de forme cylindrique ou parall\u00e9l\u00e9pip\u00e9dique, ont \u00e9t\u00e9 con\u00e7ues pour r\u00e9soudre les probl\u00e8mes d'espace\",\"breadcrumb\":{\"@id\":\"https:\/\/www.trecieffe.it\/fr\/prodotto\/compartiments-multiples\/#breadcrumb\"},\"inLanguage\":\"fr-FR\",\"potentialAction\":[{\"@type\":\"ReadAction\",\"target\":[\"https:\/\/www.trecieffe.it\/fr\/prodotto\/compartiments-multiples\/\"]}]},{\"@type\":\"ImageObject\",\"inLanguage\":\"fr-FR\",\"@id\":\"https:\/\/www.trecieffe.it\/fr\/prodotto\/compartiments-multiples\/#primaryimage\",\"url\":\"https:\/\/www.trecieffe.it\/wp-content\/uploads\/2019\/10\/Trecieffe_CelleMultiple_01.jpg\",\"contentUrl\":\"https:\/\/www.trecieffe.it\/wp-content\/uploads\/2019\/10\/Trecieffe_CelleMultiple_01.jpg\",\"width\":960,\"height\":1280},{\"@type\":\"BreadcrumbList\",\"@id\":\"https:\/\/www.trecieffe.it\/fr\/prodotto\/compartiments-multiples\/#breadcrumb\",\"itemListElement\":[{\"@type\":\"ListItem\",\"position\":1,\"name\":\"Home\",\"item\":\"https:\/\/www.trecieffe.it\/fr\/\"},{\"@type\":\"ListItem\",\"position\":2,\"name\":\"Produits\",\"item\":\"https:\/\/www.trecieffe.it\/fr\/shop\/\"},{\"@type\":\"ListItem\",\"position\":3,\"name\":\"Compartiments multiples\"}]},{\"@type\":\"WebSite\",\"@id\":\"https:\/\/www.trecieffe.it\/fr\/#website\",\"url\":\"https:\/\/www.trecieffe.it\/fr\/\",\"name\":\"Trecieffe\",\"description\":\"Cuves en acier inoxydable pour tous les secteurs\",\"potentialAction\":[{\"@type\":\"SearchAction\",\"target\":{\"@type\":\"EntryPoint\",\"urlTemplate\":\"https:\/\/www.trecieffe.it\/fr\/?s={search_term_string}\"},\"query-input\":{\"@type\":\"PropertyValueSpecification\",\"valueRequired\":true,\"valueName\":\"search_term_string\"}}],\"inLanguage\":\"fr-FR\"}]}<\/script>\n<!-- \/ Yoast SEO plugin. -->","yoast_head_json":{"title":"Compartiments multiples - Trecieffe - Cuves en acier inoxydable pour tous les secteurs","description":"Les cuves compartiment\u00e9es, de forme cylindrique ou parall\u00e9l\u00e9pip\u00e9dique, ont \u00e9t\u00e9 con\u00e7ues pour r\u00e9soudre les probl\u00e8mes d'espace","robots":{"index":"noindex","follow":"follow"},"og_locale":"fr_FR","og_type":"article","og_title":"Compartiments multiples - Trecieffe - Cuves en acier inoxydable pour tous les secteurs","og_description":"Les cuves compartiment\u00e9es, de forme cylindrique ou parall\u00e9l\u00e9pip\u00e9dique, ont \u00e9t\u00e9 con\u00e7ues pour r\u00e9soudre les probl\u00e8mes d'espace","og_url":"https:\/\/www.trecieffe.it\/fr\/prodotto\/compartiments-multiples\/","og_site_name":"Trecieffe","article_modified_time":"2020-10-14T09:17:00+00:00","og_image":[{"width":960,"height":1280,"url":"https:\/\/www.trecieffe.it\/wp-content\/uploads\/2019\/10\/Trecieffe_CelleMultiple_01.jpg","type":"image\/jpeg"}],"twitter_card":"summary_large_image","twitter_misc":{"Dur\u00e9e de lecture estim\u00e9e":"3 minutes"},"schema":{"@context":"https:\/\/schema.org","@graph":[{"@type":"WebPage","@id":"https:\/\/www.trecieffe.it\/fr\/prodotto\/compartiments-multiples\/","url":"https:\/\/www.trecieffe.it\/fr\/prodotto\/compartiments-multiples\/","name":"Compartiments multiples - Trecieffe - Cuves en acier inoxydable pour tous les secteurs","isPartOf":{"@id":"https:\/\/www.trecieffe.it\/fr\/#website"},"primaryImageOfPage":{"@id":"https:\/\/www.trecieffe.it\/fr\/prodotto\/compartiments-multiples\/#primaryimage"},"image":{"@id":"https:\/\/www.trecieffe.it\/fr\/prodotto\/compartiments-multiples\/#primaryimage"},"thumbnailUrl":"https:\/\/www.trecieffe.it\/wp-content\/uploads\/2019\/10\/Trecieffe_CelleMultiple_01.jpg","datePublished":"2019-11-14T07:48:21+00:00","dateModified":"2020-10-14T09:17:00+00:00","description":"Les cuves compartiment\u00e9es, de forme cylindrique ou parall\u00e9l\u00e9pip\u00e9dique, ont \u00e9t\u00e9 con\u00e7ues pour r\u00e9soudre les probl\u00e8mes d'espace","breadcrumb":{"@id":"https:\/\/www.trecieffe.it\/fr\/prodotto\/compartiments-multiples\/#breadcrumb"},"inLanguage":"fr-FR","potentialAction":[{"@type":"ReadAction","target":["https:\/\/www.trecieffe.it\/fr\/prodotto\/compartiments-multiples\/"]}]},{"@type":"ImageObject","inLanguage":"fr-FR","@id":"https:\/\/www.trecieffe.it\/fr\/prodotto\/compartiments-multiples\/#primaryimage","url":"https:\/\/www.trecieffe.it\/wp-content\/uploads\/2019\/10\/Trecieffe_CelleMultiple_01.jpg","contentUrl":"https:\/\/www.trecieffe.it\/wp-content\/uploads\/2019\/10\/Trecieffe_CelleMultiple_01.jpg","width":960,"height":1280},{"@type":"BreadcrumbList","@id":"https:\/\/www.trecieffe.it\/fr\/prodotto\/compartiments-multiples\/#breadcrumb","itemListElement":[{"@type":"ListItem","position":1,"name":"Home","item":"https:\/\/www.trecieffe.it\/fr\/"},{"@type":"ListItem","position":2,"name":"Produits","item":"https:\/\/www.trecieffe.it\/fr\/shop\/"},{"@type":"ListItem","position":3,"name":"Compartiments multiples"}]},{"@type":"WebSite","@id":"https:\/\/www.trecieffe.it\/fr\/#website","url":"https:\/\/www.trecieffe.it\/fr\/","name":"Trecieffe","description":"Cuves en acier inoxydable pour tous les secteurs","potentialAction":[{"@type":"SearchAction","target":{"@type":"EntryPoint","urlTemplate":"https:\/\/www.trecieffe.it\/fr\/?s={search_term_string}"},"query-input":{"@type":"PropertyValueSpecification","valueRequired":true,"valueName":"search_term_string"}}],"inLanguage":"fr-FR"}]}},"_links":{"self":[{"href":"https:\/\/www.trecieffe.it\/fr\/wp-json\/wp\/v2\/product\/16477","targetHints":{"allow":["GET"]}}],"collection":[{"href":"https:\/\/www.trecieffe.it\/fr\/wp-json\/wp\/v2\/product"}],"about":[{"href":"https:\/\/www.trecieffe.it\/fr\/wp-json\/wp\/v2\/types\/product"}],"replies":[{"embeddable":true,"href":"https:\/\/www.trecieffe.it\/fr\/wp-json\/wp\/v2\/comments?post=16477"}],"wp:featuredmedia":[{"embeddable":true,"href":"https:\/\/www.trecieffe.it\/fr\/wp-json\/wp\/v2\/media\/16893"}],"wp:attachment":[{"href":"https:\/\/www.trecieffe.it\/fr\/wp-json\/wp\/v2\/media?parent=16477"}],"wp:term":[{"taxonomy":"product_brand","embeddable":true,"href":"https:\/\/www.trecieffe.it\/fr\/wp-json\/wp\/v2\/product_brand?post=16477"},{"taxonomy":"product_cat","embeddable":true,"href":"https:\/\/www.trecieffe.it\/fr\/wp-json\/wp\/v2\/product_cat?post=16477"},{"taxonomy":"product_tag","embeddable":true,"href":"https:\/\/www.trecieffe.it\/fr\/wp-json\/wp\/v2\/product_tag?post=16477"}],"curies":[{"name":"wp","href":"https:\/\/api.w.org\/{rel}","templated":true}]}}