{"id":15267,"date":"2019-10-15T15:44:12","date_gmt":"2019-10-15T13:44:12","guid":{"rendered":"https:\/\/www.trecieffe.it\/?page_id=15267"},"modified":"2019-10-25T14:52:50","modified_gmt":"2019-10-25T12:52:50","slug":"storia","status":"publish","type":"page","link":"https:\/\/www.trecieffe.it\/it\/storia\/","title":{"rendered":"Storia"},"content":{"rendered":"<div class=\"wpb-content-wrapper\"><p>[vc_row css_animation=&#8221;&#8221; row_type=&#8221;row&#8221; use_row_as_full_screen_section=&#8221;no&#8221; type=&#8221;full_width&#8221; angled_section=&#8221;no&#8221; text_align=&#8221;left&#8221; background_image_as_pattern=&#8221;without_pattern&#8221; css=&#8221;.vc_custom_1571145876585{padding-top: 40px !important;padding-bottom: 40px !important;}&#8221; z_index=&#8221;&#8221;][vc_column][vc_row_inner row_type=&#8221;row&#8221; type=&#8221;full_width&#8221; text_align=&#8221;left&#8221; css_animation=&#8221;&#8221;][vc_column_inner width=&#8221;2\/3&#8243;][vc_column_text]La storia della societ\u00e0 Trecieffe comincia\u00a0<strong>nell\u2019ormai lontano 1984<\/strong>\u00a0dalla volont\u00e0 dei soci fondatori, Crosato Antonio, Crosato Ivo, Crosato Zeno e Frau Vincenzo di costituire un\u2019attivit\u00e0 propria,\u00a0<strong>capace di creare oggetti unici e curati nei minimi dettagli<\/strong>, in grado soprattutto di soddisfare le necessit\u00e0 pi\u00f9 difficili del cliente.<\/p>\n<p>&nbsp;<\/p>\n<p>Trecieffe rappresenta, infatti, il progetto comune di quattro cugini che hanno deciso di condividere le esperienze e le competenze maturate in anni di lavoro nelle campagne venete prima, a diretto contatto con la terra e suoi prodotti, e nel settore industriale dell\u2019acciaio poi.<\/p>\n<p>&nbsp;<\/p>\n<p>Quella che all\u2019inizio era partita come una piccola attivit\u00e0 artigiana nel magazzino di casa si \u00e8 sviluppata nel tempo riuscendo a imporsi come\u00a0<strong>una delle pi\u00f9 rinomate imprese produttrici di serbatoi in acciaio inox in Italia e all\u2019estero<\/strong>.<\/p>\n<p>&nbsp;<\/p>\n<p>L\u2019azienda, seppur nuova nel mercato, attir\u00f2 sin dall\u2019inizio l\u2019attenzione della clientela riuscendo sempre pi\u00f9 a maturare e a espandersi, acquistando nuovi macchinari e iniziando a strutturarsi con l\u2019assunzione dei primi dipendenti. Lo spazio a Silea, prima sede dell\u2019azienda, inizi\u00f2 ad essere stretto e, con un notevole investimento, i soci decisero di spostare l\u2019attivit\u00e0 a San Biagio di Callalta in un nuovo capannone, pi\u00f9 moderno e pi\u00f9 grande, dove poter svolgere i processi produttivi in maniera pi\u00f9 tecnologica senza per\u00f2 perdere mai quella tradizione, quell\u2019artigianalit\u00e0 che rappresenta tuttora l\u2019anima di Trecieffe.<\/p>\n<p>&nbsp;<\/p>\n<p>Oggi l\u2019attivit\u00e0 conta circa 30 persone, non semplici operai e impiegati ma\u00a0<strong>collaboratori coinvolti nella vita aziendale<\/strong>\u00a0tanto da sentirsi parte della societ\u00e0 stessa e che per bravura artigianale e abilit\u00e0 nella lavorazione dell\u2019acciaio possono essere definiti come\u00a0<strong>dei veri e propri maestri<\/strong>.<\/p>\n<p>&nbsp;<\/p>\n<p>Sono passati ormai pi\u00f9 di 30 anni dal giorno in cui la societ\u00e0 \u00e8 stata fondata e oggi come allora Trecieffe garantisce una\u00a0<strong>qualit\u00e0 senza pari<\/strong>, distinguendosi dai propri concorrenti per le\u00a0<strong>competenze<\/strong>\u00a0e la\u00a0<strong>disponibilit\u00e0 del personale<\/strong>, che permettono di\u00a0<strong>soddisfare le necessit\u00e0 dei clienti pi\u00f9 esigenti<\/strong>, e per un\u2019<strong>attenzione particolare all\u2019aspetto estetico<\/strong>\u00a0delle proprie realizzazioni rifinite fino nei minimi particolari.[\/vc_column_text][\/vc_column_inner][vc_column_inner width=&#8221;1\/3&#8243;][\/vc_column_inner][\/vc_row_inner][\/vc_column][\/vc_row]<\/p>\n<\/div>","protected":false},"excerpt":{"rendered":"<p>[vc_row css_animation=&#8221;&#8221; row_type=&#8221;row&#8221; use_row_as_full_screen_section=&#8221;no&#8221; type=&#8221;full_width&#8221; angled_section=&#8221;no&#8221; text_align=&#8221;left&#8221; background_image_as_pattern=&#8221;without_pattern&#8221; css=&#8221;.vc_custom_1571145876585{padding-top: 40px !important;padding-bottom: 40px !important;}&#8221; z_index=&#8221;&#8221;][vc_column][vc_row_inner row_type=&#8221;row&#8221; type=&#8221;full_width&#8221; text_align=&#8221;left&#8221; css_animation=&#8221;&#8221;][vc_column_inner width=&#8221;2\/3&#8243;][vc_column_text]La storia della societ\u00e0 Trecieffe comincia\u00a0nell\u2019ormai lontano 1984\u00a0dalla volont\u00e0 dei soci fondatori, Crosato Antonio, Crosato Ivo, Crosato Zeno e Frau Vincenzo di costituire un\u2019attivit\u00e0 propria,\u00a0capace di creare&#8230;<\/p>\n","protected":false},"author":1,"featured_media":0,"parent":0,"menu_order":0,"comment_status":"closed","ping_status":"closed","template":"","meta":{"_acf_changed":false,"footnotes":""},"class_list":["post-15267","page","type-page","status-publish","hentry"],"acf":[],"yoast_head":"<!-- This site is optimized with the Yoast SEO plugin v26.0 - https:\/\/yoast.com\/wordpress\/plugins\/seo\/ -->\n<title>Storia - Trecieffe - Serbatoi in acciaio inox per ogni settore<\/title>\n<meta name=\"description\" content=\"Da pi\u00f9 di 30 anni, progettiamo, produciamo e installiamo serbatoiin acciaio inox su misura epersonalizzati per il settore enologico,oleario e alimentare.\" \/>\n<meta name=\"robots\" content=\"index, follow, max-snippet:-1, max-image-preview:large, max-video-preview:-1\" \/>\n<link rel=\"canonical\" href=\"https:\/\/www.trecieffe.it\/it\/storia\/\" \/>\n<meta property=\"og:locale\" content=\"it_IT\" \/>\n<meta property=\"og:type\" content=\"article\" \/>\n<meta property=\"og:title\" content=\"Storia - Trecieffe - Serbatoi in acciaio inox per ogni settore\" \/>\n<meta property=\"og:description\" content=\"Da pi\u00f9 di 30 anni, progettiamo, produciamo e installiamo serbatoiin acciaio inox su misura epersonalizzati per il settore enologico,oleario e alimentare.\" \/>\n<meta property=\"og:url\" content=\"https:\/\/www.trecieffe.it\/it\/storia\/\" \/>\n<meta property=\"og:site_name\" content=\"Trecieffe\" \/>\n<meta property=\"article:modified_time\" content=\"2019-10-25T12:52:50+00:00\" \/>\n<meta name=\"twitter:card\" content=\"summary_large_image\" \/>\n<meta name=\"twitter:label1\" content=\"Tempo di lettura stimato\" \/>\n\t<meta name=\"twitter:data1\" content=\"2 minuti\" \/>\n<script type=\"application\/ld+json\" class=\"yoast-schema-graph\">{\"@context\":\"https:\/\/schema.org\",\"@graph\":[{\"@type\":\"WebPage\",\"@id\":\"https:\/\/www.trecieffe.it\/it\/storia\/\",\"url\":\"https:\/\/www.trecieffe.it\/it\/storia\/\",\"name\":\"Storia - Trecieffe - Serbatoi in acciaio inox per ogni settore\",\"isPartOf\":{\"@id\":\"https:\/\/www.trecieffe.it\/it\/#website\"},\"datePublished\":\"2019-10-15T13:44:12+00:00\",\"dateModified\":\"2019-10-25T12:52:50+00:00\",\"description\":\"Da pi\u00f9 di 30 anni, progettiamo, produciamo e installiamo serbatoiin acciaio inox su misura epersonalizzati per il settore enologico,oleario e alimentare.\",\"breadcrumb\":{\"@id\":\"https:\/\/www.trecieffe.it\/it\/storia\/#breadcrumb\"},\"inLanguage\":\"it-IT\",\"potentialAction\":[{\"@type\":\"ReadAction\",\"target\":[\"https:\/\/www.trecieffe.it\/it\/storia\/\"]}]},{\"@type\":\"BreadcrumbList\",\"@id\":\"https:\/\/www.trecieffe.it\/it\/storia\/#breadcrumb\",\"itemListElement\":[{\"@type\":\"ListItem\",\"position\":1,\"name\":\"Home\",\"item\":\"https:\/\/www.trecieffe.it\/it\/\"},{\"@type\":\"ListItem\",\"position\":2,\"name\":\"Storia\"}]},{\"@type\":\"WebSite\",\"@id\":\"https:\/\/www.trecieffe.it\/it\/#website\",\"url\":\"https:\/\/www.trecieffe.it\/it\/\",\"name\":\"Trecieffe\",\"description\":\"Serbatoi in acciaio inox per ogni settore\",\"potentialAction\":[{\"@type\":\"SearchAction\",\"target\":{\"@type\":\"EntryPoint\",\"urlTemplate\":\"https:\/\/www.trecieffe.it\/it\/?s={search_term_string}\"},\"query-input\":{\"@type\":\"PropertyValueSpecification\",\"valueRequired\":true,\"valueName\":\"search_term_string\"}}],\"inLanguage\":\"it-IT\"}]}<\/script>\n<!-- \/ Yoast SEO plugin. -->","yoast_head_json":{"title":"Storia - Trecieffe - Serbatoi in acciaio inox per ogni settore","description":"Da pi\u00f9 di 30 anni, progettiamo, produciamo e installiamo serbatoiin acciaio inox su misura epersonalizzati per il settore enologico,oleario e alimentare.","robots":{"index":"index","follow":"follow","max-snippet":"max-snippet:-1","max-image-preview":"max-image-preview:large","max-video-preview":"max-video-preview:-1"},"canonical":"https:\/\/www.trecieffe.it\/it\/storia\/","og_locale":"it_IT","og_type":"article","og_title":"Storia - Trecieffe - Serbatoi in acciaio inox per ogni settore","og_description":"Da pi\u00f9 di 30 anni, progettiamo, produciamo e installiamo serbatoiin acciaio inox su misura epersonalizzati per il settore enologico,oleario e alimentare.","og_url":"https:\/\/www.trecieffe.it\/it\/storia\/","og_site_name":"Trecieffe","article_modified_time":"2019-10-25T12:52:50+00:00","twitter_card":"summary_large_image","twitter_misc":{"Tempo di lettura stimato":"2 minuti"},"schema":{"@context":"https:\/\/schema.org","@graph":[{"@type":"WebPage","@id":"https:\/\/www.trecieffe.it\/it\/storia\/","url":"https:\/\/www.trecieffe.it\/it\/storia\/","name":"Storia - Trecieffe - Serbatoi in acciaio inox per ogni settore","isPartOf":{"@id":"https:\/\/www.trecieffe.it\/it\/#website"},"datePublished":"2019-10-15T13:44:12+00:00","dateModified":"2019-10-25T12:52:50+00:00","description":"Da pi\u00f9 di 30 anni, progettiamo, produciamo e installiamo serbatoiin acciaio inox su misura epersonalizzati per il settore enologico,oleario e alimentare.","breadcrumb":{"@id":"https:\/\/www.trecieffe.it\/it\/storia\/#breadcrumb"},"inLanguage":"it-IT","potentialAction":[{"@type":"ReadAction","target":["https:\/\/www.trecieffe.it\/it\/storia\/"]}]},{"@type":"BreadcrumbList","@id":"https:\/\/www.trecieffe.it\/it\/storia\/#breadcrumb","itemListElement":[{"@type":"ListItem","position":1,"name":"Home","item":"https:\/\/www.trecieffe.it\/it\/"},{"@type":"ListItem","position":2,"name":"Storia"}]},{"@type":"WebSite","@id":"https:\/\/www.trecieffe.it\/it\/#website","url":"https:\/\/www.trecieffe.it\/it\/","name":"Trecieffe","description":"Serbatoi in acciaio inox per ogni settore","potentialAction":[{"@type":"SearchAction","target":{"@type":"EntryPoint","urlTemplate":"https:\/\/www.trecieffe.it\/it\/?s={search_term_string}"},"query-input":{"@type":"PropertyValueSpecification","valueRequired":true,"valueName":"search_term_string"}}],"inLanguage":"it-IT"}]}},"_links":{"self":[{"href":"https:\/\/www.trecieffe.it\/it\/wp-json\/wp\/v2\/pages\/15267","targetHints":{"allow":["GET"]}}],"collection":[{"href":"https:\/\/www.trecieffe.it\/it\/wp-json\/wp\/v2\/pages"}],"about":[{"href":"https:\/\/www.trecieffe.it\/it\/wp-json\/wp\/v2\/types\/page"}],"author":[{"embeddable":true,"href":"https:\/\/www.trecieffe.it\/it\/wp-json\/wp\/v2\/users\/1"}],"replies":[{"embeddable":true,"href":"https:\/\/www.trecieffe.it\/it\/wp-json\/wp\/v2\/comments?post=15267"}],"version-history":[{"count":0,"href":"https:\/\/www.trecieffe.it\/it\/wp-json\/wp\/v2\/pages\/15267\/revisions"}],"wp:attachment":[{"href":"https:\/\/www.trecieffe.it\/it\/wp-json\/wp\/v2\/media?parent=15267"}],"curies":[{"name":"wp","href":"https:\/\/api.w.org\/{rel}","templated":true}]}}