{"id":15563,"date":"2019-10-17T12:27:53","date_gmt":"2019-10-17T10:27:53","guid":{"rendered":"https:\/\/www.trecieffe.it\/it\/prodotto\/parallelepipede\/"},"modified":"2021-09-07T11:56:59","modified_gmt":"2021-09-07T09:56:59","slug":"serbatoi-parallelepipedi","status":"publish","type":"product","link":"https:\/\/www.trecieffe.it\/it\/prodotto\/serbatoi-parallelepipedi\/","title":{"rendered":"Serbatoi parallelepipedi"},"content":{"rendered":"<div class=\"wpb-content-wrapper\"><p>[vc_row css_animation=&#8221;&#8221; row_type=&#8221;row&#8221; use_row_as_full_screen_section=&#8221;no&#8221; type=&#8221;full_width&#8221; angled_section=&#8221;no&#8221; text_align=&#8221;left&#8221; background_image_as_pattern=&#8221;without_pattern&#8221; el_class=&#8221;product-details-tab&#8221; z_index=&#8221;&#8221;][vc_column width=&#8221;1\/2&#8243; offset=&#8221;vc_col-xs-12&#8243;][vc_column_text]<\/p>\n<h5>L&#8217;ARTE DELL&#8217;ESPERIENZA<\/h5>\n<p>[\/vc_column_text][vc_empty_space height=&#8221;10px&#8221;][vc_column_text]<span style=\"font-weight: 400;\">L\u2019alta esperienza maturata nel settore dei serbatoi in acciaio inox di forma parallelepipeda rappresenta un importante vantaggio per ottimizzare gli spazi adibiti a stoccaggio e vinificazione dei prodotti, soprattutto nella versione multicella.<\/span>[\/vc_column_text][vc_empty_space height=&#8221;39px&#8221;][\/vc_column][vc_column width=&#8221;1\/2&#8243; offset=&#8221;vc_hidden-xs&#8221;][vc_single_image image=&#8221;18302&#8243; img_size=&#8221;full&#8221; alignment=&#8221;center&#8221; qode_css_animation=&#8221;&#8221;][\/vc_column][\/vc_row][vc_row css_animation=&#8221;&#8221; row_type=&#8221;row&#8221; use_row_as_full_screen_section=&#8221;no&#8221; type=&#8221;full_width&#8221; angled_section=&#8221;no&#8221; text_align=&#8221;left&#8221; background_image_as_pattern=&#8221;without_pattern&#8221; z_index=&#8221;&#8221; css=&#8221;.vc_custom_1630664126937{background-image: url(https:\/\/www.trecieffe.it\/wp-content\/uploads\/2019\/10\/barone_ricasoli_DSC_0876_1680x610.jpg?id=18329) !important;background-position: center !important;background-repeat: no-repeat !important;background-size: cover !important;}&#8221; el_class=&#8221;custom_full_width&#8221;][vc_column width=&#8221;1\/2&#8243; offset=&#8221;vc_hidden-xs&#8221;][\/vc_column][vc_column width=&#8221;1\/2&#8243; offset=&#8221;vc_col-xs-12&#8243;][vc_empty_space height=&#8221;100px&#8221;][vc_column_text]<\/p>\n<h5>SPAZIO ALLA CREATIVIT\u00c1<\/h5>\n<p>[\/vc_column_text][vc_empty_space height=&#8221;10px&#8221;][vc_column_text]<span style=\"font-weight: 400;\">La forma parallelepipeda garantisce una flessibilit\u00e0 maggiore, permettendoti di sfruttare anche gli spazi pi\u00f9 angusti della struttura produttiva. Angoli, tetti e terrazzi interni non limiteranno pi\u00f9 la tua immaginazione.\u00a0<\/span>[\/vc_column_text][vc_empty_space height=&#8221;100px&#8221;][\/vc_column][\/vc_row][vc_row css_animation=&#8221;&#8221; row_type=&#8221;row&#8221; use_row_as_full_screen_section=&#8221;no&#8221; type=&#8221;full_width&#8221; angled_section=&#8221;no&#8221; text_align=&#8221;left&#8221; background_image_as_pattern=&#8221;without_pattern&#8221;][vc_column width=&#8221;1\/2&#8243;][vc_column_text]<\/p>\n<h5>SFRUTTA OGNI MILLIMETRO<\/h5>\n<p>[\/vc_column_text][vc_empty_space height=&#8221;10px&#8221;][vc_column_text]<span style=\"font-weight: 400;\">Il serbatoio parallelepipedo permette l\u2019utilizzo estremo di ogni spazio presente nell\u2019edificio favorendo in tal modo l\u2019ottimizzazione della capacit\u00e0 produttiva di esso. A parit\u00e0 di volume contenuto in ciascuna cisterna le vasche parallelepipede occupano meno spazio in larghezza e questo permette di sfruttare meglio gli spazi dei tuoi locali, rispetto alle classiche forme cilindriche.<\/span>[\/vc_column_text][\/vc_column][vc_column width=&#8221;1\/2&#8243;][vc_single_image image=&#8221;18232&#8243; img_size=&#8221;full&#8221; qode_css_animation=&#8221;&#8221;][\/vc_column][\/vc_row][vc_row css_animation=&#8221;&#8221; row_type=&#8221;row&#8221; use_row_as_full_screen_section=&#8221;no&#8221; type=&#8221;full_width&#8221; angled_section=&#8221;no&#8221; text_align=&#8221;left&#8221; background_image_as_pattern=&#8221;without_pattern&#8221; el_class=&#8221;product-details-tab&#8221; z_index=&#8221;&#8221;][vc_column width=&#8221;1\/2&#8243; offset=&#8221;vc_col-xs-12&#8243;][vc_single_image image=&#8221;18338&#8243; img_size=&#8221;full&#8221; qode_css_animation=&#8221;&#8221;][\/vc_column][vc_column width=&#8221;1\/2&#8243; offset=&#8221;vc_hidden-xs&#8221;][vc_column_text]<\/p>\n<h5>PERFORMANCE<\/h5>\n<p>[\/vc_column_text][vc_empty_space height=&#8221;10px&#8221;][vc_column_text]<span style=\"font-weight: 400;\">Un ulteriore punto di forza fornito da questa tipologia di vasche, sta nei risultati pi\u00f9 performanti delle fasce di scambio termico (se applicate alla virola) che garantiscono una distribuzione uniforme della temperatura.<\/span>[\/vc_column_text][\/vc_column][\/vc_row][vc_row css_animation=&#8221;&#8221; row_type=&#8221;row&#8221; use_row_as_full_screen_section=&#8221;no&#8221; type=&#8221;full_width&#8221; angled_section=&#8221;no&#8221; text_align=&#8221;left&#8221; background_image_as_pattern=&#8221;without_pattern&#8221; z_index=&#8221;&#8221;][vc_column width=&#8221;1\/2&#8243; offset=&#8221;vc_col-xs-12&#8243; css=&#8221;.vc_custom_1600764147742{margin-top: 20px !important;margin-right: 15px !important;}&#8221;][vc_column_text]<\/p>\n<h5>IL NUCLEO SOTTO CONTROLLO<\/h5>\n<p>[\/vc_column_text][vc_empty_space height=&#8221;10px&#8221;][vc_column_text]<span style=\"font-weight: 400;\">La struttura fisica del serbatoio parallelepipedo evita, a differenza delle classiche forme cilindriche, la formazione di un \u201ccuore\u201d all\u2019interno, con una temperatura pi\u00f9 elevata rispetto a quella ricercata.<\/span>[\/vc_column_text][vc_empty_space height=&#8221;40px&#8221;][vc_column_text]<\/p>\n<h5><strong>OLTRE OGNI LIMITE<\/strong><\/h5>\n<p>[\/vc_column_text][vc_empty_space height=&#8221;10px&#8221;][vc_column_text]<span style=\"font-weight: 400;\">Per noi, i serbatoi parallelepipedi non hanno limiti costruttivi, ne \u00e8 un esempio il \u201cmillepiedi\u201d: una cisterna rettangolare da oltre 1.200 HL.<\/span>[\/vc_column_text][\/vc_column][vc_column width=&#8221;1\/2&#8243; offset=&#8221;vc_col-xs-12&#8243;][vc_single_image image=&#8221;18076&#8243; img_size=&#8221;full&#8221; qode_css_animation=&#8221;&#8221;][\/vc_column][\/vc_row][vc_row css_animation=&#8221;&#8221; row_type=&#8221;row&#8221; use_row_as_full_screen_section=&#8221;no&#8221; type=&#8221;full_width&#8221; angled_section=&#8221;no&#8221; text_align=&#8221;left&#8221; background_image_as_pattern=&#8221;without_pattern&#8221;][vc_column][vc_separator type=&#8221;transparent&#8221; up=&#8221;7&#8243; down=&#8221;34&#8243;][vc_column_text]\n<div class=\"swiper-container\">\n\t<div class=\"swiper-wrapper\">\n\t\t \n\t\t\t\t<div class=\"swiper-slide\">\n\t\t\t\t\t<div class=\"single-image-wrapper\" style=\"background-image: url('https:\/\/www.trecieffe.it\/wp-content\/uploads\/2019\/10\/casenuove_DSC_0960_1680X610.jpg');\"><\/div>\n\t\t\t\t<\/div> \n\t\t\t\t \n\t\t\t\t<div class=\"swiper-slide\">\n\t\t\t\t\t<div class=\"single-image-wrapper\" style=\"background-image: url('https:\/\/www.trecieffe.it\/wp-content\/uploads\/2019\/10\/Trecieffe_Palettizabili_02.jpg');\"><\/div>\n\t\t\t\t<\/div> \n\t\t\t\t \n\t\t\t\t<div class=\"swiper-slide\">\n\t\t\t\t\t<div class=\"single-image-wrapper\" style=\"background-image: url('https:\/\/www.trecieffe.it\/wp-content\/uploads\/2019\/10\/barone_ricasoli_DSC_0914_1680x610.jpg');\"><\/div>\n\t\t\t\t<\/div> \n\t\t\t\t \n\t\t\t\t<div class=\"swiper-slide\">\n\t\t\t\t\t<div class=\"single-image-wrapper\" style=\"background-image: url('https:\/\/www.trecieffe.it\/wp-content\/uploads\/2019\/10\/barone_ricasoli_DSC_0876_1680x610.jpg');\"><\/div>\n\t\t\t\t<\/div> \n\t\t\t\t \n\t\t\t\t<div class=\"swiper-slide\">\n\t\t\t\t\t<div class=\"single-image-wrapper\" style=\"background-image: url('https:\/\/www.trecieffe.it\/wp-content\/uploads\/2019\/10\/Trecieffe_Palettizabili_04.jpg');\"><\/div>\n\t\t\t\t<\/div> \n\t\t\t\t \n\t\t\t\t<div class=\"swiper-slide\">\n\t\t\t\t\t<div class=\"single-image-wrapper\" style=\"background-image: url('https:\/\/www.trecieffe.it\/wp-content\/uploads\/2019\/10\/Trecieffe_Palettizabili_05.jpg');\"><\/div>\n\t\t\t\t<\/div> \n\t\t\t\t \n\t\t\t\t<div class=\"swiper-slide\">\n\t\t\t\t\t<div class=\"single-image-wrapper\" style=\"background-image: url('https:\/\/www.trecieffe.it\/wp-content\/uploads\/2019\/10\/Trecieffe_Palettizabili_06.jpg');\"><\/div>\n\t\t\t\t<\/div> \n\t\t\t\t\t<\/div>\n\t<div class=\"swiper-button-next\"><\/div>\n\t<div class=\"swiper-button-prev\"><\/div>\n<\/div>\n\n<!-- Swiper CSS & JS -->\n<link rel=\"stylesheet\" href=\"https:\/\/www.trecieffe.it\/wp-content\/themes\/bridge-child\/css\/swiper-bundle.min.css\">\n<script src=\"https:\/\/www.trecieffe.it\/wp-content\/themes\/bridge-child\/js\/swiper-bundle.min.js\"><\/script>\n<script>\n  var swiper = new Swiper('.swiper-container', {\n\tnavigation: {\n\t  nextEl: '.swiper-button-next',\n\t  prevEl: '.swiper-button-prev',\n\t},\n  });\n<\/script>\n\n[\/vc_column_text][\/vc_column][\/vc_row][vc_row css_animation=&#8221;&#8221; row_type=&#8221;row&#8221; use_row_as_full_screen_section=&#8221;no&#8221; type=&#8221;full_width&#8221; angled_section=&#8221;no&#8221; text_align=&#8221;left&#8221; background_image_as_pattern=&#8221;without_pattern&#8221;][vc_column][vc_separator type=&#8221;transparent&#8221; up=&#8221;60&#8243; down=&#8221;60&#8243;][\/vc_column][\/vc_row][vc_row css_animation=&#8221;&#8221; row_type=&#8221;row&#8221; use_row_as_full_screen_section=&#8221;no&#8221; type=&#8221;full_width&#8221; angled_section=&#8221;no&#8221; text_align=&#8221;left&#8221; background_image_as_pattern=&#8221;without_pattern&#8221; el_class=&#8221;crosato_wrap&#8221; css=&#8221;.vc_custom_1630313504145{background-image: url(https:\/\/www.trecieffe.it\/wp-content\/uploads\/2019\/10\/BG.png?id=15054) !important;background-position: center !important;background-repeat: no-repeat !important;background-size: cover !important;}&#8221; z_index=&#8221;&#8221;][vc_column][vc_row_inner row_type=&#8221;row&#8221; type=&#8221;grid&#8221; text_align=&#8221;left&#8221; css_animation=&#8221;&#8221; el_class=&#8221;crosato_inner_wrap&#8221;][vc_column_inner el_class=&#8221;crosato_img_wrap&#8221; width=&#8221;1\/2&#8243;]<div class=\"qode-advanced-image-gallery rotate-image-wrap crosato_img_cls qode-aig-grid-type qode-no-space   \">\n\t<div class=\"qode-aig-inner qode-outer-space qode-aig-grid qode-aig-two-columns\">\n\t\t\t\t\t<div class=\"qode-aig-image qode-item-space\">\n\t\t\t\t<div class=\"qode-aig-image-inner\">\n\t\t\t\t\t\t\t\t\t\t\t<img loading=\"lazy\" decoding=\"async\" width=\"404\" height=\"520\" src=\"https:\/\/www.trecieffe.it\/wp-content\/uploads\/2019\/10\/Commerciale_dedicato_Giovanni.png\" class=\"attachment-full size-full\" alt=\"Giovanni Dassie\" srcset=\"https:\/\/www.trecieffe.it\/wp-content\/uploads\/2019\/10\/Commerciale_dedicato_Giovanni.png 404w, https:\/\/www.trecieffe.it\/wp-content\/uploads\/2019\/10\/Commerciale_dedicato_Giovanni-233x300.png 233w\" sizes=\"auto, (max-width: 404px) 100vw, 404px\" \/>\t\t\t\t\t\t<span class=\"aig-gallery-hover\">\n\t\t\t\t\t\t\t\t\t\t\t\t\t<\/span>\n\t\t\t\t\t\t\t\t\t<\/div>\n\t\t\t<\/div>\n\t\t\t\t\t<div class=\"qode-aig-image qode-item-space\">\n\t\t\t\t<div class=\"qode-aig-image-inner\">\n\t\t\t\t\t\t\t\t\t\t\t<img loading=\"lazy\" decoding=\"async\" width=\"404\" height=\"520\" src=\"https:\/\/www.trecieffe.it\/wp-content\/uploads\/2019\/10\/MARCO.png\" class=\"attachment-full size-full\" alt=\"Marco Crosato\" srcset=\"https:\/\/www.trecieffe.it\/wp-content\/uploads\/2019\/10\/MARCO.png 404w, https:\/\/www.trecieffe.it\/wp-content\/uploads\/2019\/10\/MARCO-233x300.png 233w\" sizes=\"auto, (max-width: 404px) 100vw, 404px\" \/>\t\t\t\t\t\t<span class=\"aig-gallery-hover\">\n\t\t\t\t\t\t\t\t\t\t\t\t\t<\/span>\n\t\t\t\t\t\t\t\t\t<\/div>\n\t\t\t<\/div>\n\t\t\t\t\t<div class=\"qode-aig-image qode-item-space\">\n\t\t\t\t<div class=\"qode-aig-image-inner\">\n\t\t\t\t\t\t\t\t\t\t\t<img loading=\"lazy\" decoding=\"async\" width=\"404\" height=\"520\" src=\"https:\/\/www.trecieffe.it\/wp-content\/uploads\/2019\/10\/Commerciale_dedicato_Ivo.png\" class=\"attachment-full size-full\" alt=\"Ivo Crosato\" srcset=\"https:\/\/www.trecieffe.it\/wp-content\/uploads\/2019\/10\/Commerciale_dedicato_Ivo.png 404w, https:\/\/www.trecieffe.it\/wp-content\/uploads\/2019\/10\/Commerciale_dedicato_Ivo-233x300.png 233w\" sizes=\"auto, (max-width: 404px) 100vw, 404px\" \/>\t\t\t\t\t\t<span class=\"aig-gallery-hover\">\n\t\t\t\t\t\t\t\t\t\t\t\t\t<\/span>\n\t\t\t\t\t\t\t\t\t<\/div>\n\t\t\t<\/div>\n\t\t\t<\/div>\n<\/div>[\/vc_column_inner][vc_column_inner width=&#8221;1\/2&#8243;][vc_column_text el_class=&#8221;crosato_head_wrap rotate-image-alt&#8221;]<\/p>\n<h2>Sono<br \/>\n<span class=\"section_title_custom\">Giovanni Dassie<\/span><\/h2>\n<p>[\/vc_column_text][vc_separator type=&#8221;transparent&#8221; up=&#8221;35&#8243; down=&#8221;0&#8243;][vc_column_text]Il tuo commerciale dedicato Trecieffe.<br \/>\n[vc_separator type=&#8221;transparent&#8221; position=&#8221;center&#8221; up=&#8221;7&#8243; down=&#8221;7&#8243;]<b>Contattami<\/b> per analizzare le tue esigenze ed inviduare la soluzione migliore per te.[\/vc_column_text][vc_separator type=&#8221;transparent&#8221; up=&#8221;40&#8243; down=&#8221;0&#8243;]<a  itemprop=\"url\" href=\"\/il-tuo-preventivo\" target=\"_self\"  class=\"qbutton  big_large default crosato_btn_wrap trecieffe-btn-wrap\" style=\"color: #ffffff; background-color: #23ccf0;\">scrivimi subito<\/a>[\/vc_column_inner][\/vc_row_inner][\/vc_column][\/vc_row]<\/p>\n<\/div>","protected":false},"excerpt":{"rendered":"<p>[vc_row css_animation=&#8221;&#8221; row_type=&#8221;row&#8221; use_row_as_full_screen_section=&#8221;no&#8221; type=&#8221;full_width&#8221; angled_section=&#8221;no&#8221; text_align=&#8221;left&#8221; background_image_as_pattern=&#8221;without_pattern&#8221; el_class=&#8221;product-details-tab&#8221; z_index=&#8221;&#8221;][vc_column width=&#8221;1\/2&#8243; offset=&#8221;vc_col-xs-12&#8243;][vc_column_text] L&#8217;ARTE DELL&#8217;ESPERIENZA [\/vc_column_text][vc_empty_space height=&#8221;10px&#8221;][vc_column_text]L\u2019alta esperienza maturata nel settore dei serbatoi in acciaio inox di forma parallelepipeda rappresenta un importante vantaggio per ottimizzare gli spazi adibiti a stoccaggio e vinificazione dei prodotti, soprattutto nella&#8230;<\/p>\n","protected":false},"featured_media":16051,"comment_status":"closed","ping_status":"closed","template":"","meta":{"_acf_changed":false},"product_brand":[],"product_cat":[302,278,301,300,303],"product_tag":[],"class_list":{"0":"post-15563","1":"product","2":"type-product","3":"status-publish","4":"has-post-thumbnail","6":"product_cat-chimico","7":"product_cat-enologico","8":"product_cat-food-e-beverage","9":"product_cat-oleario","10":"product_cat-tabacco","12":"first","13":"instock","14":"product-type-simple"},"acf":[],"yoast_head":"<!-- This site is optimized with the Yoast SEO plugin v26.0 - https:\/\/yoast.com\/wordpress\/plugins\/seo\/ -->\n<title>Trecieffe Serbatoi in acciaio inox per ogni settore<\/title>\n<meta name=\"description\" content=\"I serbatoi in acciaio inox di forma parallelepipeda rappresentano un importante vantaggio per ottimizzare gli spazi adibiti a stoccaggio e vinificazione.\" \/>\n<meta name=\"robots\" content=\"noindex, follow\" \/>\n<meta property=\"og:locale\" content=\"it_IT\" \/>\n<meta property=\"og:type\" content=\"article\" \/>\n<meta property=\"og:title\" content=\"Trecieffe Serbatoi in acciaio inox per ogni settore\" \/>\n<meta property=\"og:description\" content=\"I serbatoi in acciaio inox di forma parallelepipeda rappresentano un importante vantaggio per ottimizzare gli spazi adibiti a stoccaggio e vinificazione.\" \/>\n<meta property=\"og:url\" content=\"https:\/\/www.trecieffe.it\/it\/prodotto\/serbatoi-parallelepipedi\/\" \/>\n<meta property=\"og:site_name\" content=\"Trecieffe\" \/>\n<meta property=\"article:modified_time\" content=\"2021-09-07T09:56:59+00:00\" \/>\n<meta property=\"og:image\" content=\"https:\/\/www.trecieffe.it\/wp-content\/uploads\/2019\/10\/Trecieffe_Palettizabili_01.jpeg\" \/>\n\t<meta property=\"og:image:width\" content=\"1200\" \/>\n\t<meta property=\"og:image:height\" content=\"1599\" \/>\n\t<meta property=\"og:image:type\" content=\"image\/jpeg\" \/>\n<meta name=\"twitter:card\" content=\"summary_large_image\" \/>\n<meta name=\"twitter:label1\" content=\"Tempo di lettura stimato\" \/>\n\t<meta name=\"twitter:data1\" content=\"2 minuti\" \/>\n<script type=\"application\/ld+json\" class=\"yoast-schema-graph\">{\"@context\":\"https:\/\/schema.org\",\"@graph\":[{\"@type\":\"WebPage\",\"@id\":\"https:\/\/www.trecieffe.it\/it\/prodotto\/serbatoi-parallelepipedi\/\",\"url\":\"https:\/\/www.trecieffe.it\/it\/prodotto\/serbatoi-parallelepipedi\/\",\"name\":\"Trecieffe Serbatoi in acciaio inox per ogni settore\",\"isPartOf\":{\"@id\":\"https:\/\/www.trecieffe.it\/it\/#website\"},\"primaryImageOfPage\":{\"@id\":\"https:\/\/www.trecieffe.it\/it\/prodotto\/serbatoi-parallelepipedi\/#primaryimage\"},\"image\":{\"@id\":\"https:\/\/www.trecieffe.it\/it\/prodotto\/serbatoi-parallelepipedi\/#primaryimage\"},\"thumbnailUrl\":\"https:\/\/www.trecieffe.it\/wp-content\/uploads\/2019\/10\/Trecieffe_Palettizabili_01.jpeg\",\"datePublished\":\"2019-10-17T10:27:53+00:00\",\"dateModified\":\"2021-09-07T09:56:59+00:00\",\"description\":\"I serbatoi in acciaio inox di forma parallelepipeda rappresentano un importante vantaggio per ottimizzare gli spazi adibiti a stoccaggio e vinificazione.\",\"breadcrumb\":{\"@id\":\"https:\/\/www.trecieffe.it\/it\/prodotto\/serbatoi-parallelepipedi\/#breadcrumb\"},\"inLanguage\":\"it-IT\",\"potentialAction\":[{\"@type\":\"ReadAction\",\"target\":[\"https:\/\/www.trecieffe.it\/it\/prodotto\/serbatoi-parallelepipedi\/\"]}]},{\"@type\":\"ImageObject\",\"inLanguage\":\"it-IT\",\"@id\":\"https:\/\/www.trecieffe.it\/it\/prodotto\/serbatoi-parallelepipedi\/#primaryimage\",\"url\":\"https:\/\/www.trecieffe.it\/wp-content\/uploads\/2019\/10\/Trecieffe_Palettizabili_01.jpeg\",\"contentUrl\":\"https:\/\/www.trecieffe.it\/wp-content\/uploads\/2019\/10\/Trecieffe_Palettizabili_01.jpeg\",\"width\":1200,\"height\":1599},{\"@type\":\"BreadcrumbList\",\"@id\":\"https:\/\/www.trecieffe.it\/it\/prodotto\/serbatoi-parallelepipedi\/#breadcrumb\",\"itemListElement\":[{\"@type\":\"ListItem\",\"position\":1,\"name\":\"Home\",\"item\":\"https:\/\/www.trecieffe.it\/it\/\"},{\"@type\":\"ListItem\",\"position\":2,\"name\":\"Prodotti\",\"item\":\"https:\/\/www.trecieffe.it\/it\/shop\/\"},{\"@type\":\"ListItem\",\"position\":3,\"name\":\"Serbatoi parallelepipedi\"}]},{\"@type\":\"WebSite\",\"@id\":\"https:\/\/www.trecieffe.it\/it\/#website\",\"url\":\"https:\/\/www.trecieffe.it\/it\/\",\"name\":\"Trecieffe\",\"description\":\"Serbatoi in acciaio inox per ogni settore\",\"potentialAction\":[{\"@type\":\"SearchAction\",\"target\":{\"@type\":\"EntryPoint\",\"urlTemplate\":\"https:\/\/www.trecieffe.it\/it\/?s={search_term_string}\"},\"query-input\":{\"@type\":\"PropertyValueSpecification\",\"valueRequired\":true,\"valueName\":\"search_term_string\"}}],\"inLanguage\":\"it-IT\"}]}<\/script>\n<!-- \/ Yoast SEO plugin. -->","yoast_head_json":{"title":"Trecieffe Serbatoi in acciaio inox per ogni settore","description":"I serbatoi in acciaio inox di forma parallelepipeda rappresentano un importante vantaggio per ottimizzare gli spazi adibiti a stoccaggio e vinificazione.","robots":{"index":"noindex","follow":"follow"},"og_locale":"it_IT","og_type":"article","og_title":"Trecieffe Serbatoi in acciaio inox per ogni settore","og_description":"I serbatoi in acciaio inox di forma parallelepipeda rappresentano un importante vantaggio per ottimizzare gli spazi adibiti a stoccaggio e vinificazione.","og_url":"https:\/\/www.trecieffe.it\/it\/prodotto\/serbatoi-parallelepipedi\/","og_site_name":"Trecieffe","article_modified_time":"2021-09-07T09:56:59+00:00","og_image":[{"width":1200,"height":1599,"url":"https:\/\/www.trecieffe.it\/wp-content\/uploads\/2019\/10\/Trecieffe_Palettizabili_01.jpeg","type":"image\/jpeg"}],"twitter_card":"summary_large_image","twitter_misc":{"Tempo di lettura stimato":"2 minuti"},"schema":{"@context":"https:\/\/schema.org","@graph":[{"@type":"WebPage","@id":"https:\/\/www.trecieffe.it\/it\/prodotto\/serbatoi-parallelepipedi\/","url":"https:\/\/www.trecieffe.it\/it\/prodotto\/serbatoi-parallelepipedi\/","name":"Trecieffe Serbatoi in acciaio inox per ogni settore","isPartOf":{"@id":"https:\/\/www.trecieffe.it\/it\/#website"},"primaryImageOfPage":{"@id":"https:\/\/www.trecieffe.it\/it\/prodotto\/serbatoi-parallelepipedi\/#primaryimage"},"image":{"@id":"https:\/\/www.trecieffe.it\/it\/prodotto\/serbatoi-parallelepipedi\/#primaryimage"},"thumbnailUrl":"https:\/\/www.trecieffe.it\/wp-content\/uploads\/2019\/10\/Trecieffe_Palettizabili_01.jpeg","datePublished":"2019-10-17T10:27:53+00:00","dateModified":"2021-09-07T09:56:59+00:00","description":"I serbatoi in acciaio inox di forma parallelepipeda rappresentano un importante vantaggio per ottimizzare gli spazi adibiti a stoccaggio e vinificazione.","breadcrumb":{"@id":"https:\/\/www.trecieffe.it\/it\/prodotto\/serbatoi-parallelepipedi\/#breadcrumb"},"inLanguage":"it-IT","potentialAction":[{"@type":"ReadAction","target":["https:\/\/www.trecieffe.it\/it\/prodotto\/serbatoi-parallelepipedi\/"]}]},{"@type":"ImageObject","inLanguage":"it-IT","@id":"https:\/\/www.trecieffe.it\/it\/prodotto\/serbatoi-parallelepipedi\/#primaryimage","url":"https:\/\/www.trecieffe.it\/wp-content\/uploads\/2019\/10\/Trecieffe_Palettizabili_01.jpeg","contentUrl":"https:\/\/www.trecieffe.it\/wp-content\/uploads\/2019\/10\/Trecieffe_Palettizabili_01.jpeg","width":1200,"height":1599},{"@type":"BreadcrumbList","@id":"https:\/\/www.trecieffe.it\/it\/prodotto\/serbatoi-parallelepipedi\/#breadcrumb","itemListElement":[{"@type":"ListItem","position":1,"name":"Home","item":"https:\/\/www.trecieffe.it\/it\/"},{"@type":"ListItem","position":2,"name":"Prodotti","item":"https:\/\/www.trecieffe.it\/it\/shop\/"},{"@type":"ListItem","position":3,"name":"Serbatoi parallelepipedi"}]},{"@type":"WebSite","@id":"https:\/\/www.trecieffe.it\/it\/#website","url":"https:\/\/www.trecieffe.it\/it\/","name":"Trecieffe","description":"Serbatoi in acciaio inox per ogni settore","potentialAction":[{"@type":"SearchAction","target":{"@type":"EntryPoint","urlTemplate":"https:\/\/www.trecieffe.it\/it\/?s={search_term_string}"},"query-input":{"@type":"PropertyValueSpecification","valueRequired":true,"valueName":"search_term_string"}}],"inLanguage":"it-IT"}]}},"_links":{"self":[{"href":"https:\/\/www.trecieffe.it\/it\/wp-json\/wp\/v2\/product\/15563","targetHints":{"allow":["GET"]}}],"collection":[{"href":"https:\/\/www.trecieffe.it\/it\/wp-json\/wp\/v2\/product"}],"about":[{"href":"https:\/\/www.trecieffe.it\/it\/wp-json\/wp\/v2\/types\/product"}],"replies":[{"embeddable":true,"href":"https:\/\/www.trecieffe.it\/it\/wp-json\/wp\/v2\/comments?post=15563"}],"wp:featuredmedia":[{"embeddable":true,"href":"https:\/\/www.trecieffe.it\/it\/wp-json\/wp\/v2\/media\/16051"}],"wp:attachment":[{"href":"https:\/\/www.trecieffe.it\/it\/wp-json\/wp\/v2\/media?parent=15563"}],"wp:term":[{"taxonomy":"product_brand","embeddable":true,"href":"https:\/\/www.trecieffe.it\/it\/wp-json\/wp\/v2\/product_brand?post=15563"},{"taxonomy":"product_cat","embeddable":true,"href":"https:\/\/www.trecieffe.it\/it\/wp-json\/wp\/v2\/product_cat?post=15563"},{"taxonomy":"product_tag","embeddable":true,"href":"https:\/\/www.trecieffe.it\/it\/wp-json\/wp\/v2\/product_tag?post=15563"}],"curies":[{"name":"wp","href":"https:\/\/api.w.org\/{rel}","templated":true}]}}