{"id":15565,"date":"2019-10-17T12:27:53","date_gmt":"2019-10-17T10:27:53","guid":{"rendered":"https:\/\/www.trecieffe.it\/it\/prodotto\/semprepieno\/"},"modified":"2021-09-08T11:37:44","modified_gmt":"2021-09-08T09:37:44","slug":"semprepieno","status":"publish","type":"product","link":"https:\/\/www.trecieffe.it\/it\/prodotto\/semprepieno\/","title":{"rendered":"Semprepieno"},"content":{"rendered":"<div class=\"wpb-content-wrapper\"><p>[vc_row css_animation=&#8221;&#8221; row_type=&#8221;row&#8221; use_row_as_full_screen_section=&#8221;no&#8221; type=&#8221;full_width&#8221; angled_section=&#8221;no&#8221; text_align=&#8221;left&#8221; background_image_as_pattern=&#8221;without_pattern&#8221; el_class=&#8221;product-details-tab&#8221; z_index=&#8221;&#8221;][vc_column width=&#8221;1\/2&#8243; offset=&#8221;vc_col-xs-12&#8243;][vc_column_text]<span style=\"font-weight: 400;\">Sono i serbatoi pi\u00f9 diffusi soprattutto nelle piccole realt\u00e0 e sono particolarmente utili per chi non ha la possibilit\u00e0 di installare un impianto per la saturazione con azoto.<\/span><span style=\"font-weight: 400;\"><br \/>\n<\/span><span style=\"font-weight: 400;\">Ideali per lo stoccaggio delle rimanenze in caso di lavorazione di volumi importanti, in quanto \u00e8 possibile variare la capacit\u00e0 del serbatoio in funzione dei volumi da stoccare regolando l\u2019altezza del tetto. In questo modo si previene il rischio di ossidazione del contenuto.<\/span>[\/vc_column_text][vc_empty_space height=&#8221;39px&#8221;][\/vc_column][vc_column width=&#8221;1\/2&#8243; offset=&#8221;vc_hidden-xs&#8221;][\/vc_column][\/vc_row][vc_row css_animation=&#8221;&#8221; row_type=&#8221;row&#8221; use_row_as_full_screen_section=&#8221;no&#8221; type=&#8221;full_width&#8221; angled_section=&#8221;no&#8221; text_align=&#8221;left&#8221; background_image_as_pattern=&#8221;without_pattern&#8221; z_index=&#8221;&#8221; css=&#8221;.vc_custom_1600762761675{background-image: url(https:\/\/www.trecieffe.it\/wp-content\/uploads\/2019\/10\/Trecieffe_Semprepieno_IMG_0754.jpg?id=15965) !important;background-position: center !important;background-repeat: no-repeat !important;background-size: cover !important;}&#8221; el_class=&#8221;custom_full_width&#8221;][vc_column width=&#8221;1\/2&#8243; offset=&#8221;vc_hidden-xs&#8221;][\/vc_column][vc_column width=&#8221;1\/2&#8243; offset=&#8221;vc_col-xs-12&#8243;][vc_column_text]<\/p>\n<h4>Vantaggi<\/h4>\n<p>[\/vc_column_text][vc_empty_space height=&#8221;50px&#8221;][vc_column_text]<\/p>\n<h5>EVITA LE SPESE SECONDARIE<\/h5>\n<p>[\/vc_column_text][vc_empty_space height=&#8221;10px&#8221;][vc_column_text]<span style=\"font-weight: 400;\">Il posizionamento in struttura di tali serbatoi ti permette di evitare l\u2019installazione di impianti di saturazione con gas inerte.<\/span>[\/vc_column_text][vc_empty_space height=&#8221;40px&#8221;][vc_column_text]<\/p>\n<h5>LE BRACCIA MUSCOLOSE DI CUI AVEVI BISOGNO<\/h5>\n<p>[\/vc_column_text][vc_empty_space height=&#8221;10px&#8221;][vc_column_text]<span style=\"font-weight: 400;\">La robusta struttura dei braccetti rende la movimentazione dei tetti su tali cisterne facile e pratica.<\/span>[\/vc_column_text][\/vc_column][\/vc_row][vc_row css_animation=&#8221;&#8221; row_type=&#8221;row&#8221; use_row_as_full_screen_section=&#8221;no&#8221; type=&#8221;full_width&#8221; angled_section=&#8221;no&#8221; text_align=&#8221;left&#8221; background_image_as_pattern=&#8221;without_pattern&#8221; z_index=&#8221;&#8221;][vc_column width=&#8221;1\/2&#8243; offset=&#8221;vc_col-xs-12&#8243; css=&#8221;.vc_custom_1600762346948{margin-top: 20px !important;margin-right: 15px !important;}&#8221;][vc_column_text]<\/p>\n<h5>SOLO I PROFUMI NATI DAL PRODOTTO<\/h5>\n<p>[\/vc_column_text][vc_empty_space height=&#8221;10px&#8221;][vc_column_text]<span style=\"font-weight: 400;\">L\u2019altezza variabile del tetto permette, a seconda del livello del prodotto contenuto nel serbatoio, di evitare l\u2019inserimento di gas esterni per la saturazione. <\/span>[\/vc_column_text][\/vc_column][vc_column width=&#8221;1\/2&#8243; offset=&#8221;vc_col-xs-12&#8243;][\/vc_column][\/vc_row]<\/p>\n<\/div>","protected":false},"excerpt":{"rendered":"<p>[vc_row css_animation=&#8221;&#8221; row_type=&#8221;row&#8221; use_row_as_full_screen_section=&#8221;no&#8221; type=&#8221;full_width&#8221; angled_section=&#8221;no&#8221; text_align=&#8221;left&#8221; background_image_as_pattern=&#8221;without_pattern&#8221; el_class=&#8221;product-details-tab&#8221; z_index=&#8221;&#8221;][vc_column width=&#8221;1\/2&#8243; offset=&#8221;vc_col-xs-12&#8243;][vc_column_text]Sono i serbatoi pi\u00f9 diffusi soprattutto nelle piccole realt\u00e0 e sono particolarmente utili per chi non ha la possibilit\u00e0 di installare un impianto per la saturazione con azoto. Ideali per lo stoccaggio delle rimanenze&#8230;<\/p>\n","protected":false},"featured_media":15959,"comment_status":"closed","ping_status":"closed","template":"","meta":{"_acf_changed":false},"product_brand":[],"product_cat":[15],"product_tag":[],"class_list":{"0":"post-15565","1":"product","2":"type-product","3":"status-publish","4":"has-post-thumbnail","6":"product_cat-senza-categoria","8":"first","9":"instock","10":"product-type-simple"},"acf":[],"yoast_head":"<!-- This site is optimized with the Yoast SEO plugin v26.0 - https:\/\/yoast.com\/wordpress\/plugins\/seo\/ -->\n<title>Trecieffe - Serbatoi in acciaio inox per ogni settore<\/title>\n<meta name=\"description\" content=\"Il Semprepieno \u00e8 il serbatoio pi\u00f9 diffuso, soprattutto nelle piccole realt\u00e0. \u00c8 utile per chi non ha la possibilit\u00e0 di installare un impianto per la saturazione con azoto.\" \/>\n<meta name=\"robots\" content=\"noindex, follow\" \/>\n<meta property=\"og:locale\" content=\"it_IT\" \/>\n<meta property=\"og:type\" content=\"article\" \/>\n<meta property=\"og:title\" content=\"Trecieffe - Serbatoi in acciaio inox per ogni settore\" \/>\n<meta property=\"og:description\" content=\"Il Semprepieno \u00e8 il serbatoio pi\u00f9 diffuso, soprattutto nelle piccole realt\u00e0. \u00c8 utile per chi non ha la possibilit\u00e0 di installare un impianto per la saturazione con azoto.\" \/>\n<meta property=\"og:url\" content=\"https:\/\/www.trecieffe.it\/it\/prodotto\/semprepieno\/\" \/>\n<meta property=\"og:site_name\" content=\"Trecieffe\" \/>\n<meta property=\"article:modified_time\" content=\"2021-09-08T09:37:44+00:00\" \/>\n<meta property=\"og:image\" content=\"https:\/\/www.trecieffe.it\/wp-content\/uploads\/2019\/10\/Trecieffe_Semprepieno_01.jpg\" \/>\n\t<meta property=\"og:image:width\" content=\"1200\" \/>\n\t<meta property=\"og:image:height\" content=\"1600\" \/>\n\t<meta property=\"og:image:type\" content=\"image\/jpeg\" \/>\n<meta name=\"twitter:card\" content=\"summary_large_image\" \/>\n<meta name=\"twitter:label1\" content=\"Tempo di lettura stimato\" \/>\n\t<meta name=\"twitter:data1\" content=\"2 minuti\" \/>\n<script type=\"application\/ld+json\" class=\"yoast-schema-graph\">{\"@context\":\"https:\/\/schema.org\",\"@graph\":[{\"@type\":\"WebPage\",\"@id\":\"https:\/\/www.trecieffe.it\/it\/prodotto\/semprepieno\/\",\"url\":\"https:\/\/www.trecieffe.it\/it\/prodotto\/semprepieno\/\",\"name\":\"Trecieffe - Serbatoi in acciaio inox per ogni settore\",\"isPartOf\":{\"@id\":\"https:\/\/www.trecieffe.it\/it\/#website\"},\"primaryImageOfPage\":{\"@id\":\"https:\/\/www.trecieffe.it\/it\/prodotto\/semprepieno\/#primaryimage\"},\"image\":{\"@id\":\"https:\/\/www.trecieffe.it\/it\/prodotto\/semprepieno\/#primaryimage\"},\"thumbnailUrl\":\"https:\/\/www.trecieffe.it\/wp-content\/uploads\/2019\/10\/Trecieffe_Semprepieno_01.jpg\",\"datePublished\":\"2019-10-17T10:27:53+00:00\",\"dateModified\":\"2021-09-08T09:37:44+00:00\",\"description\":\"Il Semprepieno \u00e8 il serbatoio pi\u00f9 diffuso, soprattutto nelle piccole realt\u00e0. \u00c8 utile per chi non ha la possibilit\u00e0 di installare un impianto per la saturazione con azoto.\",\"breadcrumb\":{\"@id\":\"https:\/\/www.trecieffe.it\/it\/prodotto\/semprepieno\/#breadcrumb\"},\"inLanguage\":\"it-IT\",\"potentialAction\":[{\"@type\":\"ReadAction\",\"target\":[\"https:\/\/www.trecieffe.it\/it\/prodotto\/semprepieno\/\"]}]},{\"@type\":\"ImageObject\",\"inLanguage\":\"it-IT\",\"@id\":\"https:\/\/www.trecieffe.it\/it\/prodotto\/semprepieno\/#primaryimage\",\"url\":\"https:\/\/www.trecieffe.it\/wp-content\/uploads\/2019\/10\/Trecieffe_Semprepieno_01.jpg\",\"contentUrl\":\"https:\/\/www.trecieffe.it\/wp-content\/uploads\/2019\/10\/Trecieffe_Semprepieno_01.jpg\",\"width\":1200,\"height\":1600},{\"@type\":\"BreadcrumbList\",\"@id\":\"https:\/\/www.trecieffe.it\/it\/prodotto\/semprepieno\/#breadcrumb\",\"itemListElement\":[{\"@type\":\"ListItem\",\"position\":1,\"name\":\"Home\",\"item\":\"https:\/\/www.trecieffe.it\/it\/\"},{\"@type\":\"ListItem\",\"position\":2,\"name\":\"Prodotti\",\"item\":\"https:\/\/www.trecieffe.it\/it\/shop\/\"},{\"@type\":\"ListItem\",\"position\":3,\"name\":\"Semprepieno\"}]},{\"@type\":\"WebSite\",\"@id\":\"https:\/\/www.trecieffe.it\/it\/#website\",\"url\":\"https:\/\/www.trecieffe.it\/it\/\",\"name\":\"Trecieffe\",\"description\":\"Serbatoi in acciaio inox per ogni settore\",\"potentialAction\":[{\"@type\":\"SearchAction\",\"target\":{\"@type\":\"EntryPoint\",\"urlTemplate\":\"https:\/\/www.trecieffe.it\/it\/?s={search_term_string}\"},\"query-input\":{\"@type\":\"PropertyValueSpecification\",\"valueRequired\":true,\"valueName\":\"search_term_string\"}}],\"inLanguage\":\"it-IT\"}]}<\/script>\n<!-- \/ Yoast SEO plugin. -->","yoast_head_json":{"title":"Trecieffe - Serbatoi in acciaio inox per ogni settore","description":"Il Semprepieno \u00e8 il serbatoio pi\u00f9 diffuso, soprattutto nelle piccole realt\u00e0. \u00c8 utile per chi non ha la possibilit\u00e0 di installare un impianto per la saturazione con azoto.","robots":{"index":"noindex","follow":"follow"},"og_locale":"it_IT","og_type":"article","og_title":"Trecieffe - Serbatoi in acciaio inox per ogni settore","og_description":"Il Semprepieno \u00e8 il serbatoio pi\u00f9 diffuso, soprattutto nelle piccole realt\u00e0. \u00c8 utile per chi non ha la possibilit\u00e0 di installare un impianto per la saturazione con azoto.","og_url":"https:\/\/www.trecieffe.it\/it\/prodotto\/semprepieno\/","og_site_name":"Trecieffe","article_modified_time":"2021-09-08T09:37:44+00:00","og_image":[{"width":1200,"height":1600,"url":"https:\/\/www.trecieffe.it\/wp-content\/uploads\/2019\/10\/Trecieffe_Semprepieno_01.jpg","type":"image\/jpeg"}],"twitter_card":"summary_large_image","twitter_misc":{"Tempo di lettura stimato":"2 minuti"},"schema":{"@context":"https:\/\/schema.org","@graph":[{"@type":"WebPage","@id":"https:\/\/www.trecieffe.it\/it\/prodotto\/semprepieno\/","url":"https:\/\/www.trecieffe.it\/it\/prodotto\/semprepieno\/","name":"Trecieffe - Serbatoi in acciaio inox per ogni settore","isPartOf":{"@id":"https:\/\/www.trecieffe.it\/it\/#website"},"primaryImageOfPage":{"@id":"https:\/\/www.trecieffe.it\/it\/prodotto\/semprepieno\/#primaryimage"},"image":{"@id":"https:\/\/www.trecieffe.it\/it\/prodotto\/semprepieno\/#primaryimage"},"thumbnailUrl":"https:\/\/www.trecieffe.it\/wp-content\/uploads\/2019\/10\/Trecieffe_Semprepieno_01.jpg","datePublished":"2019-10-17T10:27:53+00:00","dateModified":"2021-09-08T09:37:44+00:00","description":"Il Semprepieno \u00e8 il serbatoio pi\u00f9 diffuso, soprattutto nelle piccole realt\u00e0. \u00c8 utile per chi non ha la possibilit\u00e0 di installare un impianto per la saturazione con azoto.","breadcrumb":{"@id":"https:\/\/www.trecieffe.it\/it\/prodotto\/semprepieno\/#breadcrumb"},"inLanguage":"it-IT","potentialAction":[{"@type":"ReadAction","target":["https:\/\/www.trecieffe.it\/it\/prodotto\/semprepieno\/"]}]},{"@type":"ImageObject","inLanguage":"it-IT","@id":"https:\/\/www.trecieffe.it\/it\/prodotto\/semprepieno\/#primaryimage","url":"https:\/\/www.trecieffe.it\/wp-content\/uploads\/2019\/10\/Trecieffe_Semprepieno_01.jpg","contentUrl":"https:\/\/www.trecieffe.it\/wp-content\/uploads\/2019\/10\/Trecieffe_Semprepieno_01.jpg","width":1200,"height":1600},{"@type":"BreadcrumbList","@id":"https:\/\/www.trecieffe.it\/it\/prodotto\/semprepieno\/#breadcrumb","itemListElement":[{"@type":"ListItem","position":1,"name":"Home","item":"https:\/\/www.trecieffe.it\/it\/"},{"@type":"ListItem","position":2,"name":"Prodotti","item":"https:\/\/www.trecieffe.it\/it\/shop\/"},{"@type":"ListItem","position":3,"name":"Semprepieno"}]},{"@type":"WebSite","@id":"https:\/\/www.trecieffe.it\/it\/#website","url":"https:\/\/www.trecieffe.it\/it\/","name":"Trecieffe","description":"Serbatoi in acciaio inox per ogni settore","potentialAction":[{"@type":"SearchAction","target":{"@type":"EntryPoint","urlTemplate":"https:\/\/www.trecieffe.it\/it\/?s={search_term_string}"},"query-input":{"@type":"PropertyValueSpecification","valueRequired":true,"valueName":"search_term_string"}}],"inLanguage":"it-IT"}]}},"_links":{"self":[{"href":"https:\/\/www.trecieffe.it\/it\/wp-json\/wp\/v2\/product\/15565","targetHints":{"allow":["GET"]}}],"collection":[{"href":"https:\/\/www.trecieffe.it\/it\/wp-json\/wp\/v2\/product"}],"about":[{"href":"https:\/\/www.trecieffe.it\/it\/wp-json\/wp\/v2\/types\/product"}],"replies":[{"embeddable":true,"href":"https:\/\/www.trecieffe.it\/it\/wp-json\/wp\/v2\/comments?post=15565"}],"wp:featuredmedia":[{"embeddable":true,"href":"https:\/\/www.trecieffe.it\/it\/wp-json\/wp\/v2\/media\/15959"}],"wp:attachment":[{"href":"https:\/\/www.trecieffe.it\/it\/wp-json\/wp\/v2\/media?parent=15565"}],"wp:term":[{"taxonomy":"product_brand","embeddable":true,"href":"https:\/\/www.trecieffe.it\/it\/wp-json\/wp\/v2\/product_brand?post=15565"},{"taxonomy":"product_cat","embeddable":true,"href":"https:\/\/www.trecieffe.it\/it\/wp-json\/wp\/v2\/product_cat?post=15565"},{"taxonomy":"product_tag","embeddable":true,"href":"https:\/\/www.trecieffe.it\/it\/wp-json\/wp\/v2\/product_tag?post=15565"}],"curies":[{"name":"wp","href":"https:\/\/api.w.org\/{rel}","templated":true}]}}