{"id":15567,"date":"2019-10-17T12:29:02","date_gmt":"2019-10-17T10:29:02","guid":{"rendered":"https:\/\/www.trecieffe.it\/it\/prodotto\/micromaceratore\/"},"modified":"2021-09-08T11:36:43","modified_gmt":"2021-09-08T09:36:43","slug":"altre-forme","status":"publish","type":"product","link":"https:\/\/www.trecieffe.it\/it\/prodotto\/altre-forme\/","title":{"rendered":"Altre forme"},"content":{"rendered":"<div class=\"wpb-content-wrapper\"><p>[vc_row css_animation=&#8221;&#8221; row_type=&#8221;row&#8221; use_row_as_full_screen_section=&#8221;no&#8221; type=&#8221;full_width&#8221; angled_section=&#8221;no&#8221; text_align=&#8221;left&#8221; background_image_as_pattern=&#8221;without_pattern&#8221; el_class=&#8221;product-details-tab&#8221; z_index=&#8221;&#8221;][vc_column width=&#8221;1\/2&#8243; offset=&#8221;vc_col-xs-12&#8243;][vc_column_text]<\/p>\n<h2><span class=\"section_title_custom\">Palettizabile<\/span><\/h2>\n<p>[\/vc_column_text][vc_empty_space height=&#8221;10px&#8221;][vc_column_text]Sono serbatoi in acciaio inox con capienze ridotte, generalmente di 3-5-10-15 hl, montati su un telaio in tubo che li rende pallettizzabili e impilabili in modo provvisorio o stabile. Sono stati ideati per contenere le giacenze dei serbatoi con capacit\u00e0 pi\u00f9 voluminose e facilitarne lo spostamento con carrelli elevatori. Questi possono essere semplici container o anche micro-maceratori ovvero atti alla vinificazione. Con le stesse caratteristiche di un fermentino di capacit\u00e0 pi\u00f9 alte (fascia di scambio termico per il controllo della temperatura di fermentazione, portina filo fondo, valvole di scarico totale e parziale, preleva campioni, raccordo per eventuale saturazione con azoto, ecc) il micro-maceratore \u00e8 ideale per le piccole aziende o per fare delle prove di fermentazione su piccole quantit\u00e0.[\/vc_column_text][vc_empty_space height=&#8221;39px&#8221;][\/vc_column][vc_column width=&#8221;1\/2&#8243; offset=&#8221;vc_hidden-xs&#8221;][vc_single_image image=&#8221;18281&#8243; img_size=&#8221;full&#8221; alignment=&#8221;center&#8221; qode_css_animation=&#8221;&#8221;][\/vc_column][\/vc_row][vc_row css_animation=&#8221;&#8221; row_type=&#8221;row&#8221; use_row_as_full_screen_section=&#8221;no&#8221; type=&#8221;full_width&#8221; angled_section=&#8221;no&#8221; text_align=&#8221;left&#8221; background_image_as_pattern=&#8221;without_pattern&#8221; z_index=&#8221;&#8221; css=&#8221;.vc_custom_1600768111542{background-image: url(https:\/\/www.trecieffe.it\/wp-content\/uploads\/2019\/10\/Trecieffe_Palettizzabile_03.jpg?id=15973) !important;background-position: center !important;background-repeat: no-repeat !important;background-size: cover !important;}&#8221; el_class=&#8221;custom_full_width&#8221;][vc_column width=&#8221;1\/2&#8243; offset=&#8221;vc_hidden-xs&#8221;][\/vc_column][vc_column width=&#8221;1\/2&#8243; offset=&#8221;vc_col-xs-12&#8243;][vc_column_text]<\/p>\n<h5>IL MATTONCINO IN ACCIAIO<\/h5>\n<p>[\/vc_column_text][vc_empty_space height=&#8221;10px&#8221;][vc_column_text]Le caratteristiche strutturali di tale serbatoio ti permettono di creare composizioni uniche, colorate e personalizzate. Grazie a ci\u00f2 potrai realizzare pareti con effetti estetici impareggiabili[\/vc_column_text][vc_empty_space height=&#8221;40px&#8221;][vc_column_text]<\/p>\n<h5>TRAVASI SENZA L\u2019USO DI ORGANI MECCANICI<\/h5>\n<p>[\/vc_column_text][vc_empty_space height=&#8221;10px&#8221;][vc_column_text]La capacit\u00e0 di predisporre in maniera sovrapposta i serbatoi pallettizzabili ti permette di effettuare il trasferimento del prodotto, tra le diverse cisterne, sfruttando la forza di gravit\u00e0 senza l\u2019ausilio di pompe.[\/vc_column_text][vc_empty_space height=&#8221;40px&#8221;][vc_column_text]<\/p>\n<h5>LA MANOVRABILIT\u00c1 NON HA LIMITI<\/h5>\n<p>[\/vc_column_text][vc_empty_space height=&#8221;10px&#8221;][vc_column_text]Il resistente telaio semplifica del tutto gli spostamenti dei serbatoi rendendo possibile la loro movimentazione anche quando colmi.[\/vc_column_text][\/vc_column][\/vc_row][vc_row css_animation=&#8221;&#8221; row_type=&#8221;row&#8221; use_row_as_full_screen_section=&#8221;no&#8221; type=&#8221;full_width&#8221; angled_section=&#8221;no&#8221; text_align=&#8221;left&#8221; background_image_as_pattern=&#8221;without_pattern&#8221; z_index=&#8221;&#8221;][vc_column width=&#8221;1\/2&#8243; offset=&#8221;vc_col-xs-12&#8243; css=&#8221;.vc_custom_1600768124637{margin-top: 20px !important;margin-right: 15px !important;}&#8221;][vc_column_text]<\/p>\n<h5>NON TI LIMITARE, EFFETTUA GRANDI ESPERIMENTI<\/h5>\n<p>[\/vc_column_text][vc_empty_space height=&#8221;10px&#8221;][vc_column_text]Le piccole dimensioni del serbatoio ti permettono di sperimentare nuove tecniche produttive evitando tutti gli sprechi.[\/vc_column_text][vc_empty_space height=&#8221;40px&#8221;][vc_column_text]<\/p>\n<h5>PER LE PRODUZIONI ECCESSIVE<\/h5>\n<p>[\/vc_column_text][vc_empty_space height=&#8221;10px&#8221;][vc_column_text]Negli anni di maggiore produzione questi piccoli serbatoi possono rivelarsi come i tuoi pi\u00f9 grandi alleati, consentendo lo stoccaggio o la vinificazione del surplus produttivo.[\/vc_column_text][\/vc_column][vc_column width=&#8221;1\/2&#8243; offset=&#8221;vc_col-xs-12&#8243;][vc_single_image image=&#8221;18284&#8243; img_size=&#8221;full&#8221; alignment=&#8221;center&#8221; qode_css_animation=&#8221;&#8221;][\/vc_column][\/vc_row][vc_row css_animation=&#8221;&#8221; row_type=&#8221;row&#8221; use_row_as_full_screen_section=&#8221;no&#8221; type=&#8221;full_width&#8221; angled_section=&#8221;no&#8221; text_align=&#8221;left&#8221; background_image_as_pattern=&#8221;without_pattern&#8221;][vc_column width=&#8221;1\/2&#8243;][vc_single_image image=&#8221;17741&#8243; img_size=&#8221;full&#8221; alignment=&#8221;center&#8221; qode_css_animation=&#8221;&#8221;][\/vc_column][vc_column width=&#8221;1\/2&#8243;][vc_column_text]<\/p>\n<h5>REALIZZA IL NON PLUS ULTRA<\/h5>\n<p>[\/vc_column_text][vc_empty_space height=&#8221;10px&#8221;][vc_column_text]Qualora volessi creare delle quantit\u00e0 minime di prodotto con caratteristiche distintive, questo vinificatore ti permetter\u00e0 di isolare una piccola quantit\u00e0 di prodotto destinato a distinguersi da tutti gli altri.[\/vc_column_text][\/vc_column][\/vc_row][vc_row css_animation=&#8221;&#8221; row_type=&#8221;row&#8221; use_row_as_full_screen_section=&#8221;no&#8221; type=&#8221;full_width&#8221; angled_section=&#8221;no&#8221; text_align=&#8221;left&#8221; background_image_as_pattern=&#8221;without_pattern&#8221;][vc_column width=&#8221;1\/2&#8243;][vc_column_text]<\/p>\n<h2><span class=\"section_title_custom\">Camionabile<\/span><\/h2>\n<p>[\/vc_column_text][vc_empty_space height=&#8221;10px&#8221;][vc_column_text]Sono serbatoi in acciaio inox orizzontali posizionati sopra a delle selle inox per facilitarne il trasporto su carri e pianali, costruite tendenzialmente con dei fori per la sistemazione a vuoto sopra il mezzo di trasporto tramite carrelli elevatori.<br \/>\nPossono essere personalizzati con tutti gli accessori in dotazione ad un comune serbatoio quali scarichi totali e parziali, boccaporti, livelli, ecc.[\/vc_column_text][\/vc_column][vc_column width=&#8221;1\/2&#8243;][vc_single_image image=&#8221;18272&#8243; img_size=&#8221;full&#8221; alignment=&#8221;center&#8221; qode_css_animation=&#8221;&#8221;][\/vc_column][\/vc_row][vc_row css_animation=&#8221;&#8221; row_type=&#8221;row&#8221; use_row_as_full_screen_section=&#8221;no&#8221; type=&#8221;full_width&#8221; angled_section=&#8221;no&#8221; text_align=&#8221;left&#8221; background_image_as_pattern=&#8221;without_pattern&#8221; el_class=&#8221;custom_full_width&#8221; css=&#8221;.vc_custom_1630589686972{background-image: url(https:\/\/www.trecieffe.it\/wp-content\/uploads\/2019\/10\/Trecieffe_Camionabile_06.jpg?id=16029) !important;}&#8221; z_index=&#8221;&#8221;][vc_column width=&#8221;1\/2&#8243;][\/vc_column][vc_column width=&#8221;1\/2&#8243;][vc_column_text]<\/p>\n<h5>INTERCAMBIABILI A SECONDA DELLE TUE ESIGENZE<\/h5>\n<p>[\/vc_column_text][vc_empty_space height=&#8221;10px&#8221;][vc_column_text]La struttura dei serbatoi permette lo spostamento tra i mezzi in maniera pratica e veloce.[\/vc_column_text][vc_empty_space height=&#8221;50px&#8221;][vc_column_text]<\/p>\n<h5>RESISTENTI CONTRO GLI AGENTI ESTERNI<\/h5>\n<p>[\/vc_column_text][vc_empty_space height=&#8221;10px&#8221;][vc_column_text]Posizionare le nostre cisterne sopra un mezzo in movimento non mette a rischio la qualit\u00e0 e la resistenza delle stesse o del prodotto contenuto in esse.[\/vc_column_text][\/vc_column][\/vc_row][vc_row css_animation=&#8221;&#8221; row_type=&#8221;row&#8221; use_row_as_full_screen_section=&#8221;no&#8221; type=&#8221;full_width&#8221; angled_section=&#8221;no&#8221; text_align=&#8221;left&#8221; background_image_as_pattern=&#8221;without_pattern&#8221;][vc_column width=&#8221;1\/2&#8243;][vc_column_text]<\/p>\n<h5>MUOVI IL TUO BUSINESS<\/h5>\n<p>[\/vc_column_text][vc_empty_space height=&#8221;10px&#8221;][vc_column_text]La struttura dei serbatoi permette lo spostamento tra i mezzi in maniera pratica e veloce.[\/vc_column_text][\/vc_column][vc_column width=&#8221;1\/2&#8243;][vc_single_image image=&#8221;16019&#8243; img_size=&#8221;full&#8221; alignment=&#8221;center&#8221; qode_css_animation=&#8221;&#8221;][\/vc_column][\/vc_row][vc_row css_animation=&#8221;&#8221; row_type=&#8221;row&#8221; use_row_as_full_screen_section=&#8221;no&#8221; type=&#8221;full_width&#8221; angled_section=&#8221;no&#8221; text_align=&#8221;left&#8221; background_image_as_pattern=&#8221;without_pattern&#8221; z_index=&#8221;&#8221;][vc_column][vc_separator type=&#8221;transparent&#8221; up=&#8221;7&#8243; down=&#8221;34&#8243;][vc_column_text]\n<div class=\"swiper-container\">\n\t<div class=\"swiper-wrapper\">\n\t\t \n\t\t\t\t<div class=\"swiper-slide\">\n\t\t\t\t\t<div class=\"single-image-wrapper\" style=\"background-image: url('https:\/\/www.trecieffe.it\/wp-content\/uploads\/2019\/10\/Trecieffe_Palettizzabile_08.jpg');\"><\/div>\n\t\t\t\t<\/div> \n\t\t\t\t \n\t\t\t\t<div class=\"swiper-slide\">\n\t\t\t\t\t<div class=\"single-image-wrapper\" style=\"background-image: url('https:\/\/www.trecieffe.it\/wp-content\/uploads\/2019\/10\/Trecieffe_Camionabile_05.jpg');\"><\/div>\n\t\t\t\t<\/div> \n\t\t\t\t \n\t\t\t\t<div class=\"swiper-slide\">\n\t\t\t\t\t<div class=\"single-image-wrapper\" style=\"background-image: url('https:\/\/www.trecieffe.it\/wp-content\/uploads\/2019\/10\/Trecieffe_Palettizzabile_02.jpg');\"><\/div>\n\t\t\t\t<\/div> \n\t\t\t\t \n\t\t\t\t<div class=\"swiper-slide\">\n\t\t\t\t\t<div class=\"single-image-wrapper\" style=\"background-image: url('https:\/\/www.trecieffe.it\/wp-content\/uploads\/2019\/10\/Trecieffe_Camionabile_07.jpg');\"><\/div>\n\t\t\t\t<\/div> \n\t\t\t\t \n\t\t\t\t<div class=\"swiper-slide\">\n\t\t\t\t\t<div class=\"single-image-wrapper\" style=\"background-image: url('https:\/\/www.trecieffe.it\/wp-content\/uploads\/2019\/10\/Trecieffe_Palettizzabile_03.jpg');\"><\/div>\n\t\t\t\t<\/div> \n\t\t\t\t \n\t\t\t\t<div class=\"swiper-slide\">\n\t\t\t\t\t<div class=\"single-image-wrapper\" style=\"background-image: url('https:\/\/www.trecieffe.it\/wp-content\/uploads\/2019\/10\/Trecieffe_Camionabile_01.jpg');\"><\/div>\n\t\t\t\t<\/div> \n\t\t\t\t \n\t\t\t\t<div class=\"swiper-slide\">\n\t\t\t\t\t<div class=\"single-image-wrapper\" style=\"background-image: url('https:\/\/www.trecieffe.it\/wp-content\/uploads\/2019\/10\/Trecieffe_Palettizzabile_04.jpg');\"><\/div>\n\t\t\t\t<\/div> \n\t\t\t\t \n\t\t\t\t<div class=\"swiper-slide\">\n\t\t\t\t\t<div class=\"single-image-wrapper\" style=\"background-image: url('https:\/\/www.trecieffe.it\/wp-content\/uploads\/2019\/10\/Trecieffe_Camionabile_06.jpg');\"><\/div>\n\t\t\t\t<\/div> \n\t\t\t\t \n\t\t\t\t<div class=\"swiper-slide\">\n\t\t\t\t\t<div class=\"single-image-wrapper\" style=\"background-image: url('https:\/\/www.trecieffe.it\/wp-content\/uploads\/2019\/10\/Trecieffe_Palettizzabile_05.jpg');\"><\/div>\n\t\t\t\t<\/div> \n\t\t\t\t \n\t\t\t\t<div class=\"swiper-slide\">\n\t\t\t\t\t<div class=\"single-image-wrapper\" style=\"background-image: url('https:\/\/www.trecieffe.it\/wp-content\/uploads\/2019\/10\/Trecieffe_Palettizzabile_06.jpg');\"><\/div>\n\t\t\t\t<\/div> \n\t\t\t\t \n\t\t\t\t<div class=\"swiper-slide\">\n\t\t\t\t\t<div class=\"single-image-wrapper\" style=\"background-image: url('https:\/\/www.trecieffe.it\/wp-content\/uploads\/2019\/10\/Trecieffe_Palettizzabile_07.jpg');\"><\/div>\n\t\t\t\t<\/div> \n\t\t\t\t \n\t\t\t\t<div class=\"swiper-slide\">\n\t\t\t\t\t<div class=\"single-image-wrapper\" style=\"background-image: url('https:\/\/www.trecieffe.it\/wp-content\/uploads\/2019\/10\/Trecieffe_Camionabile_02.jpg');\"><\/div>\n\t\t\t\t<\/div> \n\t\t\t\t \n\t\t\t\t<div class=\"swiper-slide\">\n\t\t\t\t\t<div class=\"single-image-wrapper\" style=\"background-image: url('https:\/\/www.trecieffe.it\/wp-content\/uploads\/2019\/10\/Trecieffe_Camionabile_03.jpg');\"><\/div>\n\t\t\t\t<\/div> \n\t\t\t\t \n\t\t\t\t<div class=\"swiper-slide\">\n\t\t\t\t\t<div class=\"single-image-wrapper\" style=\"background-image: url('https:\/\/www.trecieffe.it\/wp-content\/uploads\/2019\/10\/Trecieffe_Camionabile_04.jpg');\"><\/div>\n\t\t\t\t<\/div> \n\t\t\t\t\t<\/div>\n\t<div class=\"swiper-button-next\"><\/div>\n\t<div class=\"swiper-button-prev\"><\/div>\n<\/div>\n\n<!-- Swiper CSS & JS -->\n<link rel=\"stylesheet\" href=\"https:\/\/www.trecieffe.it\/wp-content\/themes\/bridge-child\/css\/swiper-bundle.min.css\">\n<script src=\"https:\/\/www.trecieffe.it\/wp-content\/themes\/bridge-child\/js\/swiper-bundle.min.js\"><\/script>\n<script>\n  var swiper = new Swiper('.swiper-container', {\n\tnavigation: {\n\t  nextEl: '.swiper-button-next',\n\t  prevEl: '.swiper-button-prev',\n\t},\n  });\n<\/script>\n\n[\/vc_column_text][\/vc_column][\/vc_row]<\/p>\n<\/div>","protected":false},"excerpt":{"rendered":"<p>[vc_row css_animation=&#8221;&#8221; row_type=&#8221;row&#8221; use_row_as_full_screen_section=&#8221;no&#8221; type=&#8221;full_width&#8221; angled_section=&#8221;no&#8221; text_align=&#8221;left&#8221; background_image_as_pattern=&#8221;without_pattern&#8221; el_class=&#8221;product-details-tab&#8221; z_index=&#8221;&#8221;][vc_column width=&#8221;1\/2&#8243; offset=&#8221;vc_col-xs-12&#8243;][vc_column_text] Palettizabile [\/vc_column_text][vc_empty_space height=&#8221;10px&#8221;][vc_column_text]Sono serbatoi in acciaio inox con capienze ridotte, generalmente di 3-5-10-15 hl, montati su un telaio in tubo che li rende pallettizzabili e impilabili in modo provvisorio o stabile. Sono stati&#8230;<\/p>\n","protected":false},"featured_media":15967,"comment_status":"closed","ping_status":"closed","template":"","meta":{"_acf_changed":false},"product_brand":[],"product_cat":[302,278,301,300,303],"product_tag":[],"class_list":{"0":"post-15567","1":"product","2":"type-product","3":"status-publish","4":"has-post-thumbnail","6":"product_cat-chimico","7":"product_cat-enologico","8":"product_cat-food-e-beverage","9":"product_cat-oleario","10":"product_cat-tabacco","12":"first","13":"instock","14":"product-type-simple"},"acf":[],"yoast_head":"<!-- This site is optimized with the Yoast SEO plugin v26.0 - https:\/\/yoast.com\/wordpress\/plugins\/seo\/ -->\n<title>Altre forme - Trecieffe - Serbatoi in acciaio inox per ogni settore<\/title>\n<meta name=\"description\" content=\"Questi serbatoi sono stati ideati per contenere le giacenze dei serbatoi con capacit\u00e0 pi\u00f9 voluminose e facilitarne lo spostamento con carrelli elevatori.\" \/>\n<meta name=\"robots\" content=\"noindex, follow\" \/>\n<meta property=\"og:locale\" content=\"it_IT\" \/>\n<meta property=\"og:type\" content=\"article\" \/>\n<meta property=\"og:title\" content=\"Altre forme - Trecieffe - Serbatoi in acciaio inox per ogni settore\" \/>\n<meta property=\"og:description\" content=\"Questi serbatoi sono stati ideati per contenere le giacenze dei serbatoi con capacit\u00e0 pi\u00f9 voluminose e facilitarne lo spostamento con carrelli elevatori.\" \/>\n<meta property=\"og:url\" content=\"https:\/\/www.trecieffe.it\/it\/prodotto\/altre-forme\/\" \/>\n<meta property=\"og:site_name\" content=\"Trecieffe\" \/>\n<meta property=\"article:modified_time\" content=\"2021-09-08T09:36:43+00:00\" \/>\n<meta property=\"og:image\" content=\"https:\/\/www.trecieffe.it\/wp-content\/uploads\/2019\/10\/Trecieffe_Palettizzabile_01.jpg\" \/>\n\t<meta property=\"og:image:width\" content=\"1200\" \/>\n\t<meta property=\"og:image:height\" content=\"1600\" \/>\n\t<meta property=\"og:image:type\" content=\"image\/jpeg\" \/>\n<meta name=\"twitter:card\" content=\"summary_large_image\" \/>\n<meta name=\"twitter:label1\" content=\"Tempo di lettura stimato\" \/>\n\t<meta name=\"twitter:data1\" content=\"3 minuti\" \/>\n<script type=\"application\/ld+json\" class=\"yoast-schema-graph\">{\"@context\":\"https:\/\/schema.org\",\"@graph\":[{\"@type\":\"WebPage\",\"@id\":\"https:\/\/www.trecieffe.it\/it\/prodotto\/altre-forme\/\",\"url\":\"https:\/\/www.trecieffe.it\/it\/prodotto\/altre-forme\/\",\"name\":\"Altre forme - Trecieffe - Serbatoi in acciaio inox per ogni settore\",\"isPartOf\":{\"@id\":\"https:\/\/www.trecieffe.it\/it\/#website\"},\"primaryImageOfPage\":{\"@id\":\"https:\/\/www.trecieffe.it\/it\/prodotto\/altre-forme\/#primaryimage\"},\"image\":{\"@id\":\"https:\/\/www.trecieffe.it\/it\/prodotto\/altre-forme\/#primaryimage\"},\"thumbnailUrl\":\"https:\/\/www.trecieffe.it\/wp-content\/uploads\/2019\/10\/Trecieffe_Palettizzabile_01.jpg\",\"datePublished\":\"2019-10-17T10:29:02+00:00\",\"dateModified\":\"2021-09-08T09:36:43+00:00\",\"description\":\"Questi serbatoi sono stati ideati per contenere le giacenze dei serbatoi con capacit\u00e0 pi\u00f9 voluminose e facilitarne lo spostamento con carrelli elevatori.\",\"breadcrumb\":{\"@id\":\"https:\/\/www.trecieffe.it\/it\/prodotto\/altre-forme\/#breadcrumb\"},\"inLanguage\":\"it-IT\",\"potentialAction\":[{\"@type\":\"ReadAction\",\"target\":[\"https:\/\/www.trecieffe.it\/it\/prodotto\/altre-forme\/\"]}]},{\"@type\":\"ImageObject\",\"inLanguage\":\"it-IT\",\"@id\":\"https:\/\/www.trecieffe.it\/it\/prodotto\/altre-forme\/#primaryimage\",\"url\":\"https:\/\/www.trecieffe.it\/wp-content\/uploads\/2019\/10\/Trecieffe_Palettizzabile_01.jpg\",\"contentUrl\":\"https:\/\/www.trecieffe.it\/wp-content\/uploads\/2019\/10\/Trecieffe_Palettizzabile_01.jpg\",\"width\":1200,\"height\":1600},{\"@type\":\"BreadcrumbList\",\"@id\":\"https:\/\/www.trecieffe.it\/it\/prodotto\/altre-forme\/#breadcrumb\",\"itemListElement\":[{\"@type\":\"ListItem\",\"position\":1,\"name\":\"Home\",\"item\":\"https:\/\/www.trecieffe.it\/it\/\"},{\"@type\":\"ListItem\",\"position\":2,\"name\":\"Prodotti\",\"item\":\"https:\/\/www.trecieffe.it\/it\/shop\/\"},{\"@type\":\"ListItem\",\"position\":3,\"name\":\"Altre forme\"}]},{\"@type\":\"WebSite\",\"@id\":\"https:\/\/www.trecieffe.it\/it\/#website\",\"url\":\"https:\/\/www.trecieffe.it\/it\/\",\"name\":\"Trecieffe\",\"description\":\"Serbatoi in acciaio inox per ogni settore\",\"potentialAction\":[{\"@type\":\"SearchAction\",\"target\":{\"@type\":\"EntryPoint\",\"urlTemplate\":\"https:\/\/www.trecieffe.it\/it\/?s={search_term_string}\"},\"query-input\":{\"@type\":\"PropertyValueSpecification\",\"valueRequired\":true,\"valueName\":\"search_term_string\"}}],\"inLanguage\":\"it-IT\"}]}<\/script>\n<!-- \/ Yoast SEO plugin. -->","yoast_head_json":{"title":"Altre forme - Trecieffe - Serbatoi in acciaio inox per ogni settore","description":"Questi serbatoi sono stati ideati per contenere le giacenze dei serbatoi con capacit\u00e0 pi\u00f9 voluminose e facilitarne lo spostamento con carrelli elevatori.","robots":{"index":"noindex","follow":"follow"},"og_locale":"it_IT","og_type":"article","og_title":"Altre forme - Trecieffe - Serbatoi in acciaio inox per ogni settore","og_description":"Questi serbatoi sono stati ideati per contenere le giacenze dei serbatoi con capacit\u00e0 pi\u00f9 voluminose e facilitarne lo spostamento con carrelli elevatori.","og_url":"https:\/\/www.trecieffe.it\/it\/prodotto\/altre-forme\/","og_site_name":"Trecieffe","article_modified_time":"2021-09-08T09:36:43+00:00","og_image":[{"width":1200,"height":1600,"url":"https:\/\/www.trecieffe.it\/wp-content\/uploads\/2019\/10\/Trecieffe_Palettizzabile_01.jpg","type":"image\/jpeg"}],"twitter_card":"summary_large_image","twitter_misc":{"Tempo di lettura stimato":"3 minuti"},"schema":{"@context":"https:\/\/schema.org","@graph":[{"@type":"WebPage","@id":"https:\/\/www.trecieffe.it\/it\/prodotto\/altre-forme\/","url":"https:\/\/www.trecieffe.it\/it\/prodotto\/altre-forme\/","name":"Altre forme - Trecieffe - Serbatoi in acciaio inox per ogni settore","isPartOf":{"@id":"https:\/\/www.trecieffe.it\/it\/#website"},"primaryImageOfPage":{"@id":"https:\/\/www.trecieffe.it\/it\/prodotto\/altre-forme\/#primaryimage"},"image":{"@id":"https:\/\/www.trecieffe.it\/it\/prodotto\/altre-forme\/#primaryimage"},"thumbnailUrl":"https:\/\/www.trecieffe.it\/wp-content\/uploads\/2019\/10\/Trecieffe_Palettizzabile_01.jpg","datePublished":"2019-10-17T10:29:02+00:00","dateModified":"2021-09-08T09:36:43+00:00","description":"Questi serbatoi sono stati ideati per contenere le giacenze dei serbatoi con capacit\u00e0 pi\u00f9 voluminose e facilitarne lo spostamento con carrelli elevatori.","breadcrumb":{"@id":"https:\/\/www.trecieffe.it\/it\/prodotto\/altre-forme\/#breadcrumb"},"inLanguage":"it-IT","potentialAction":[{"@type":"ReadAction","target":["https:\/\/www.trecieffe.it\/it\/prodotto\/altre-forme\/"]}]},{"@type":"ImageObject","inLanguage":"it-IT","@id":"https:\/\/www.trecieffe.it\/it\/prodotto\/altre-forme\/#primaryimage","url":"https:\/\/www.trecieffe.it\/wp-content\/uploads\/2019\/10\/Trecieffe_Palettizzabile_01.jpg","contentUrl":"https:\/\/www.trecieffe.it\/wp-content\/uploads\/2019\/10\/Trecieffe_Palettizzabile_01.jpg","width":1200,"height":1600},{"@type":"BreadcrumbList","@id":"https:\/\/www.trecieffe.it\/it\/prodotto\/altre-forme\/#breadcrumb","itemListElement":[{"@type":"ListItem","position":1,"name":"Home","item":"https:\/\/www.trecieffe.it\/it\/"},{"@type":"ListItem","position":2,"name":"Prodotti","item":"https:\/\/www.trecieffe.it\/it\/shop\/"},{"@type":"ListItem","position":3,"name":"Altre forme"}]},{"@type":"WebSite","@id":"https:\/\/www.trecieffe.it\/it\/#website","url":"https:\/\/www.trecieffe.it\/it\/","name":"Trecieffe","description":"Serbatoi in acciaio inox per ogni settore","potentialAction":[{"@type":"SearchAction","target":{"@type":"EntryPoint","urlTemplate":"https:\/\/www.trecieffe.it\/it\/?s={search_term_string}"},"query-input":{"@type":"PropertyValueSpecification","valueRequired":true,"valueName":"search_term_string"}}],"inLanguage":"it-IT"}]}},"_links":{"self":[{"href":"https:\/\/www.trecieffe.it\/it\/wp-json\/wp\/v2\/product\/15567","targetHints":{"allow":["GET"]}}],"collection":[{"href":"https:\/\/www.trecieffe.it\/it\/wp-json\/wp\/v2\/product"}],"about":[{"href":"https:\/\/www.trecieffe.it\/it\/wp-json\/wp\/v2\/types\/product"}],"replies":[{"embeddable":true,"href":"https:\/\/www.trecieffe.it\/it\/wp-json\/wp\/v2\/comments?post=15567"}],"wp:featuredmedia":[{"embeddable":true,"href":"https:\/\/www.trecieffe.it\/it\/wp-json\/wp\/v2\/media\/15967"}],"wp:attachment":[{"href":"https:\/\/www.trecieffe.it\/it\/wp-json\/wp\/v2\/media?parent=15567"}],"wp:term":[{"taxonomy":"product_brand","embeddable":true,"href":"https:\/\/www.trecieffe.it\/it\/wp-json\/wp\/v2\/product_brand?post=15567"},{"taxonomy":"product_cat","embeddable":true,"href":"https:\/\/www.trecieffe.it\/it\/wp-json\/wp\/v2\/product_cat?post=15567"},{"taxonomy":"product_tag","embeddable":true,"href":"https:\/\/www.trecieffe.it\/it\/wp-json\/wp\/v2\/product_tag?post=15567"}],"curies":[{"name":"wp","href":"https:\/\/api.w.org\/{rel}","templated":true}]}}